{"id":628,"date":"2021-02-07T01:47:07","date_gmt":"2021-02-07T01:47:07","guid":{"rendered":"https:\/\/mamopetsports.com\/?page_id=628"},"modified":"2024-03-26T16:30:26","modified_gmt":"2024-03-26T15:30:26","slug":"erfahrungen","status":"publish","type":"page","link":"https:\/\/mamopetsports.com\/de\/erfahrungen\/","title":{"rendered":"Erfahrungen"},"content":{"rendered":"\t\t<div data-elementor-type=\"wp-page\" data-elementor-id=\"628\" class=\"elementor elementor-628\" data-elementor-settings=\"[]\">\n\t\t\t\t\t\t<div class=\"elementor-inner\">\n\t\t\t\t\t\t\t<div class=\"elementor-section-wrap\">\n\t\t\t\t\t\t\t<section class=\"elementor-section elementor-top-section elementor-element elementor-element-35f4777 elementor-section-boxed elementor-section-height-default elementor-section-height-default\" data-id=\"35f4777\" data-element_type=\"section\">\n\t\t\t\t\t\t<div class=\"elementor-container elementor-column-gap-default\">\n\t\t\t\t\t\t\t<div class=\"elementor-row\">\n\t\t\t\t\t<div class=\"elementor-column elementor-col-100 elementor-top-column elementor-element elementor-element-3127671\" data-id=\"3127671\" data-element_type=\"column\">\n\t\t\t<div class=\"elementor-column-wrap elementor-element-populated\">\n\t\t\t\t\t\t\t<div class=\"elementor-widget-wrap\">\n\t\t\t\t\t\t<div class=\"elementor-element elementor-element-393e55c elementor-widget elementor-widget-heading\" data-id=\"393e55c\" data-element_type=\"widget\" data-widget_type=\"heading.default\">\n\t\t\t\t<div class=\"elementor-widget-container\">\n\t\t\t<h1 class=\"elementor-heading-title elementor-size-default\">ERFAHRUNGEN VON ELKE ROCK<\/h1>\t\t<\/div>\n\t\t\t\t<\/div>\n\t\t\t\t<div class=\"elementor-element elementor-element-8b4f3b4 elementor-widget elementor-widget-heading\" data-id=\"8b4f3b4\" data-element_type=\"widget\" data-widget_type=\"heading.default\">\n\t\t\t\t<div class=\"elementor-widget-container\">\n\t\t\t<h2 class=\"elementor-heading-title elementor-size-default\">UNSERE ERSTE TESTERIN DER mamo pet sports HUNDE H\u00dcFTGURTE<\/h2>\t\t<\/div>\n\t\t\t\t<\/div>\n\t\t\t\t<div class=\"elementor-element elementor-element-bade248 elementor-widget elementor-widget-text-editor\" data-id=\"bade248\" data-element_type=\"widget\" data-widget_type=\"text-editor.default\">\n\t\t\t\t<div class=\"elementor-widget-container\">\n\t\t\t\t\t\t\t\t<div class=\"elementor-text-editor elementor-clearfix\">\n\t\t\t\t<div class=\"wpb_text_column wpb_content_element \"><div class=\"wpb_wrapper\"><p>Wie ist es eigentlich, mit zwei Hunden an der Leine entspannt und ohne Leinen-Wirrwarr spazieren zu gehen? Moderatorin Elke Rock und ihre Erfahrungen mit dem mamo pet sports H\u00fcftgurt-System f\u00fcr Hundebesitzer.<\/p><\/div><\/div>\t\t\t\t\t<\/div>\n\t\t\t\t\t\t<\/div>\n\t\t\t\t<\/div>\n\t\t\t\t\t\t<\/div>\n\t\t\t\t\t<\/div>\n\t\t<\/div>\n\t\t\t\t\t\t\t\t<\/div>\n\t\t\t\t\t<\/div>\n\t\t<\/section>\n\t\t\t\t<section class=\"elementor-section elementor-top-section elementor-element elementor-element-a0c19fd elementor-section-boxed elementor-section-height-default elementor-section-height-default\" data-id=\"a0c19fd\" data-element_type=\"section\">\n\t\t\t\t\t\t<div class=\"elementor-container elementor-column-gap-default\">\n\t\t\t\t\t\t\t<div class=\"elementor-row\">\n\t\t\t\t\t<div class=\"elementor-column elementor-col-100 elementor-top-column elementor-element elementor-element-d83a901\" data-id=\"d83a901\" data-element_type=\"column\">\n\t\t\t<div class=\"elementor-column-wrap elementor-element-populated\">\n\t\t\t\t\t\t\t<div class=\"elementor-widget-wrap\">\n\t\t\t\t\t\t<div class=\"elementor-element elementor-element-4c95bb4 elementor-aspect-ratio-169 elementor-widget elementor-widget-video\" data-id=\"4c95bb4\" data-element_type=\"widget\" data-settings=\"{&quot;youtube_url&quot;:&quot;https:\\\/\\\/youtu.be\\\/5T0Nq8Rmxlo&quot;,&quot;autoplay&quot;:&quot;yes&quot;,&quot;play_on_mobile&quot;:&quot;yes&quot;,&quot;loop&quot;:&quot;yes&quot;,&quot;modestbranding&quot;:&quot;yes&quot;,&quot;video_type&quot;:&quot;youtube&quot;,&quot;controls&quot;:&quot;yes&quot;,&quot;aspect_ratio&quot;:&quot;169&quot;}\" data-widget_type=\"video.default\">\n\t\t\t\t<div class=\"elementor-widget-container\">\n\t\t\t\t\t<div class=\"elementor-wrapper elementor-fit-aspect-ratio elementor-open-inline\">\n\t\t\t<div class=\"elementor-video\"><\/div>\t\t<\/div>\n\t\t\t\t<\/div>\n\t\t\t\t<\/div>\n\t\t\t\t\t\t<\/div>\n\t\t\t\t\t<\/div>\n\t\t<\/div>\n\t\t\t\t\t\t\t\t<\/div>\n\t\t\t\t\t<\/div>\n\t\t<\/section>\n\t\t\t\t<section class=\"elementor-section elementor-top-section elementor-element elementor-element-15b0674 elementor-section-boxed elementor-section-height-default elementor-section-height-default\" data-id=\"15b0674\" data-element_type=\"section\">\n\t\t\t\t\t\t<div class=\"elementor-container elementor-column-gap-default\">\n\t\t\t\t\t\t\t<div class=\"elementor-row\">\n\t\t\t\t\t<div class=\"elementor-column elementor-col-100 elementor-top-column elementor-element elementor-element-fea4e95\" data-id=\"fea4e95\" data-element_type=\"column\">\n\t\t\t<div class=\"elementor-column-wrap elementor-element-populated\">\n\t\t\t\t\t\t\t<div class=\"elementor-widget-wrap\">\n\t\t\t\t\t\t<div class=\"elementor-element elementor-element-4c2428f elementor-widget elementor-widget-heading\" data-id=\"4c2428f\" data-element_type=\"widget\" data-widget_type=\"heading.default\">\n\t\t\t\t<div class=\"elementor-widget-container\">\n\t\t\t<h2 class=\"elementor-heading-title elementor-size-default\"><b>DogForYou<\/b> Hundeschule<\/h2>\t\t<\/div>\n\t\t\t\t<\/div>\n\t\t\t\t\t\t<\/div>\n\t\t\t\t\t<\/div>\n\t\t<\/div>\n\t\t\t\t\t\t\t\t<\/div>\n\t\t\t\t\t<\/div>\n\t\t<\/section>\n\t\t\t\t<section class=\"elementor-section elementor-top-section elementor-element elementor-element-01efe92 elementor-section-boxed elementor-section-height-default elementor-section-height-default\" data-id=\"01efe92\" data-element_type=\"section\">\n\t\t\t\t\t\t<div class=\"elementor-container elementor-column-gap-default\">\n\t\t\t\t\t\t\t<div class=\"elementor-row\">\n\t\t\t\t\t<div class=\"elementor-column elementor-col-50 elementor-top-column elementor-element elementor-element-6fd94bc\" data-id=\"6fd94bc\" data-element_type=\"column\">\n\t\t\t<div class=\"elementor-column-wrap elementor-element-populated\">\n\t\t\t\t\t\t\t<div class=\"elementor-widget-wrap\">\n\t\t\t\t\t\t<div class=\"elementor-element elementor-element-70f4246 elementor-widget elementor-widget-image\" data-id=\"70f4246\" data-element_type=\"widget\" data-widget_type=\"image.default\">\n\t\t\t\t<div class=\"elementor-widget-container\">\n\t\t\t\t\t\t\t\t<div class=\"elementor-image\">\n\t\t\t\t\t\t\t\t\t\t\t\t<img width=\"1024\" height=\"1024\" src=\"https:\/\/mamopetsports.com\/wp-content\/uploads\/2021\/02\/legat-1024x1024.jpg\" class=\"attachment-large size-large\" alt=\"erfahrungen-mamo-pet-sports-legat-mit-zwei-hunden\" loading=\"lazy\" srcset=\"https:\/\/mamopetsports.com\/wp-content\/uploads\/2021\/02\/legat-1024x1024.jpg 1024w, https:\/\/mamopetsports.com\/wp-content\/uploads\/2021\/02\/legat-600x600.jpg 600w, https:\/\/mamopetsports.com\/wp-content\/uploads\/2021\/02\/legat-100x100.jpg 100w, https:\/\/mamopetsports.com\/wp-content\/uploads\/2021\/02\/legat-300x300.jpg 300w, https:\/\/mamopetsports.com\/wp-content\/uploads\/2021\/02\/legat-150x150.jpg 150w, https:\/\/mamopetsports.com\/wp-content\/uploads\/2021\/02\/legat-768x768.jpg 768w\" sizes=\"(max-width: 1024px) 100vw, 1024px\" \/>\t\t\t\t\t\t\t\t\t\t\t\t\t\t<\/div>\n\t\t\t\t\t\t<\/div>\n\t\t\t\t<\/div>\n\t\t\t\t\t\t<\/div>\n\t\t\t\t\t<\/div>\n\t\t<\/div>\n\t\t\t\t<div class=\"elementor-column elementor-col-50 elementor-top-column elementor-element elementor-element-9f86660\" data-id=\"9f86660\" data-element_type=\"column\">\n\t\t\t<div class=\"elementor-column-wrap elementor-element-populated\">\n\t\t\t\t\t\t\t<div class=\"elementor-widget-wrap\">\n\t\t\t\t\t\t<div class=\"elementor-element elementor-element-5906c0d elementor-blockquote--skin-quotation elementor-blockquote--button-color-official elementor-widget elementor-widget-blockquote\" data-id=\"5906c0d\" data-element_type=\"widget\" data-widget_type=\"blockquote.default\">\n\t\t\t\t<div class=\"elementor-widget-container\">\n\t\t\t\t\t<blockquote class=\"elementor-blockquote\">\n\t\t\t<p class=\"elementor-blockquote__content\">\n\t\t\t\tDas H\u00fcftgurtsystem von mamo pet sports ist f\u00fcr mich das ideale Equipment f\u00fcr viele Outdooraktivit\u00e4ten mit Hund. Ich bin \u00fcberzeugt vom Produkt und empfehle es meinen Kunden sehr gerne weiter.\t\t\t<\/p>\n\t\t\t\t\t<\/blockquote>\n\t\t\t\t<\/div>\n\t\t\t\t<\/div>\n\t\t\t\t<div class=\"elementor-element elementor-element-8faf06a elementor-widget elementor-widget-text-editor\" data-id=\"8faf06a\" data-element_type=\"widget\" data-widget_type=\"text-editor.default\">\n\t\t\t\t<div class=\"elementor-widget-container\">\n\t\t\t\t\t\t\t\t<div class=\"elementor-text-editor elementor-clearfix\">\n\t\t\t\t<p><em><strong>Manuela Legat<\/strong><\/em><\/p><p>Dipl. Hundetrainerin<\/p>\t\t\t\t\t<\/div>\n\t\t\t\t\t\t<\/div>\n\t\t\t\t<\/div>\n\t\t\t\t\t\t<\/div>\n\t\t\t\t\t<\/div>\n\t\t<\/div>\n\t\t\t\t\t\t\t\t<\/div>\n\t\t\t\t\t<\/div>\n\t\t<\/section>\n\t\t\t\t<section class=\"elementor-section elementor-top-section elementor-element elementor-element-d3a2434 elementor-section-boxed elementor-section-height-default elementor-section-height-default\" data-id=\"d3a2434\" data-element_type=\"section\">\n\t\t\t\t\t\t<div class=\"elementor-container elementor-column-gap-default\">\n\t\t\t\t\t\t\t<div class=\"elementor-row\">\n\t\t\t\t\t<div class=\"elementor-column elementor-col-100 elementor-top-column elementor-element elementor-element-fd56b01\" data-id=\"fd56b01\" data-element_type=\"column\">\n\t\t\t<div class=\"elementor-column-wrap elementor-element-populated\">\n\t\t\t\t\t\t\t<div class=\"elementor-widget-wrap\">\n\t\t\t\t\t\t<div class=\"elementor-element elementor-element-829b842 elementor-widget elementor-widget-heading\" data-id=\"829b842\" data-element_type=\"widget\" data-widget_type=\"heading.default\">\n\t\t\t\t<div class=\"elementor-widget-container\">\n\t\t\t<h2 class=\"elementor-heading-title elementor-size-default\"><b>Martin R\u00fctter DOGS<\/b> Salzburg<\/h2>\t\t<\/div>\n\t\t\t\t<\/div>\n\t\t\t\t\t\t<\/div>\n\t\t\t\t\t<\/div>\n\t\t<\/div>\n\t\t\t\t\t\t\t\t<\/div>\n\t\t\t\t\t<\/div>\n\t\t<\/section>\n\t\t\t\t<section class=\"elementor-section elementor-top-section elementor-element elementor-element-b8064f4 elementor-section-boxed elementor-section-height-default elementor-section-height-default\" data-id=\"b8064f4\" data-element_type=\"section\">\n\t\t\t\t\t\t<div class=\"elementor-container elementor-column-gap-default\">\n\t\t\t\t\t\t\t<div class=\"elementor-row\">\n\t\t\t\t\t<div class=\"elementor-column elementor-col-50 elementor-top-column elementor-element elementor-element-ff3b3bc\" data-id=\"ff3b3bc\" data-element_type=\"column\">\n\t\t\t<div class=\"elementor-column-wrap elementor-element-populated\">\n\t\t\t\t\t\t\t<div class=\"elementor-widget-wrap\">\n\t\t\t\t\t\t<div class=\"elementor-element elementor-element-a0153b7 elementor-blockquote--skin-quotation elementor-blockquote--button-color-official elementor-widget elementor-widget-blockquote\" data-id=\"a0153b7\" data-element_type=\"widget\" data-widget_type=\"blockquote.default\">\n\t\t\t\t<div class=\"elementor-widget-container\">\n\t\t\t\t\t<blockquote class=\"elementor-blockquote\">\n\t\t\t<p class=\"elementor-blockquote__content\">\n\t\t\t\tDas praktische 360\u00b0 H\u00fcftgurtsystem von mamo AUTside Dogs und die Leinen mit viel Flexibilit\u00e4t, Reflektoren und durchdachten Karabinern machen so richtig Spa\u00df!\n\nSie erleichtern vieles: Auf unseren Hundewanderungen, Schneeschuhwanderungen oder einfach zum Leinenf\u00fchrigkeitstraining mit ein\u00fcben des Seitenwechsels des Hundes.\n\nDas alltagstaugliche Gurtsystem wird teilweise von mir verliehen und hat schon bei vielen Kunden so richtig Gusto erweckt!\t\t\t<\/p>\n\t\t\t\t\t<\/blockquote>\n\t\t\t\t<\/div>\n\t\t\t\t<\/div>\n\t\t\t\t<div class=\"elementor-element elementor-element-b5fc0a3 elementor-widget elementor-widget-text-editor\" data-id=\"b5fc0a3\" data-element_type=\"widget\" data-widget_type=\"text-editor.default\">\n\t\t\t\t<div class=\"elementor-widget-container\">\n\t\t\t\t\t\t\t\t<div class=\"elementor-text-editor elementor-clearfix\">\n\t\t\t\t<p><em><strong>Mag. Kathrin Schmitt<\/strong><\/em><\/p><p>Leiterin<\/p>\t\t\t\t\t<\/div>\n\t\t\t\t\t\t<\/div>\n\t\t\t\t<\/div>\n\t\t\t\t\t\t<\/div>\n\t\t\t\t\t<\/div>\n\t\t<\/div>\n\t\t\t\t<div class=\"elementor-column elementor-col-50 elementor-top-column elementor-element elementor-element-d944c3e\" data-id=\"d944c3e\" data-element_type=\"column\">\n\t\t\t<div class=\"elementor-column-wrap elementor-element-populated\">\n\t\t\t\t\t\t\t<div class=\"elementor-widget-wrap\">\n\t\t\t\t\t\t<div class=\"elementor-element elementor-element-c9f318d elementor-widget elementor-widget-image\" data-id=\"c9f318d\" data-element_type=\"widget\" data-widget_type=\"image.default\">\n\t\t\t\t<div class=\"elementor-widget-container\">\n\t\t\t\t\t\t\t\t<div class=\"elementor-image\">\n\t\t\t\t\t\t\t\t\t\t\t\t<img width=\"1024\" height=\"1024\" src=\"https:\/\/mamopetsports.com\/wp-content\/uploads\/2021\/02\/schmitt-1024x1024.jpg\" class=\"attachment-large size-large\" alt=\"erfahrungen-mamo-pet-sports-schmitt-mit-zwei-hunden\" loading=\"lazy\" srcset=\"https:\/\/mamopetsports.com\/wp-content\/uploads\/2021\/02\/schmitt-1024x1024.jpg 1024w, https:\/\/mamopetsports.com\/wp-content\/uploads\/2021\/02\/schmitt-300x300.jpg 300w, https:\/\/mamopetsports.com\/wp-content\/uploads\/2021\/02\/schmitt-150x150.jpg 150w, https:\/\/mamopetsports.com\/wp-content\/uploads\/2021\/02\/schmitt-768x768.jpg 768w, https:\/\/mamopetsports.com\/wp-content\/uploads\/2021\/02\/schmitt-600x600.jpg 600w, https:\/\/mamopetsports.com\/wp-content\/uploads\/2021\/02\/schmitt-100x100.jpg 100w\" sizes=\"(max-width: 1024px) 100vw, 1024px\" \/>\t\t\t\t\t\t\t\t\t\t\t\t\t\t<\/div>\n\t\t\t\t\t\t<\/div>\n\t\t\t\t<\/div>\n\t\t\t\t\t\t<\/div>\n\t\t\t\t\t<\/div>\n\t\t<\/div>\n\t\t\t\t\t\t\t\t<\/div>\n\t\t\t\t\t<\/div>\n\t\t<\/section>\n\t\t\t\t<section class=\"elementor-section elementor-top-section elementor-element elementor-element-243183c elementor-section-boxed elementor-section-height-default elementor-section-height-default\" data-id=\"243183c\" data-element_type=\"section\">\n\t\t\t\t\t\t<div class=\"elementor-container elementor-column-gap-default\">\n\t\t\t\t\t\t\t<div class=\"elementor-row\">\n\t\t\t\t\t<div class=\"elementor-column elementor-col-100 elementor-top-column elementor-element elementor-element-9dae503\" data-id=\"9dae503\" data-element_type=\"column\">\n\t\t\t<div class=\"elementor-column-wrap elementor-element-populated\">\n\t\t\t\t\t\t\t<div class=\"elementor-widget-wrap\">\n\t\t\t\t\t\t<div class=\"elementor-element elementor-element-02f4719 elementor-widget elementor-widget-heading\" data-id=\"02f4719\" data-element_type=\"widget\" data-widget_type=\"heading.default\">\n\t\t\t\t<div class=\"elementor-widget-container\">\n\t\t\t<h2 class=\"elementor-heading-title elementor-size-default\"><b>Step by Step for DOGS <\/b> Hundeschule<\/h2>\t\t<\/div>\n\t\t\t\t<\/div>\n\t\t\t\t\t\t<\/div>\n\t\t\t\t\t<\/div>\n\t\t<\/div>\n\t\t\t\t\t\t\t\t<\/div>\n\t\t\t\t\t<\/div>\n\t\t<\/section>\n\t\t\t\t<section class=\"elementor-section elementor-top-section elementor-element elementor-element-1085d27 elementor-section-boxed elementor-section-height-default elementor-section-height-default\" data-id=\"1085d27\" data-element_type=\"section\">\n\t\t\t\t\t\t<div class=\"elementor-container elementor-column-gap-default\">\n\t\t\t\t\t\t\t<div class=\"elementor-row\">\n\t\t\t\t\t<div class=\"elementor-column elementor-col-50 elementor-top-column elementor-element elementor-element-914730d\" data-id=\"914730d\" data-element_type=\"column\">\n\t\t\t<div class=\"elementor-column-wrap elementor-element-populated\">\n\t\t\t\t\t\t\t<div class=\"elementor-widget-wrap\">\n\t\t\t\t\t\t<div class=\"elementor-element elementor-element-d3d2af4 elementor-widget elementor-widget-image\" data-id=\"d3d2af4\" data-element_type=\"widget\" data-widget_type=\"image.default\">\n\t\t\t\t<div class=\"elementor-widget-container\">\n\t\t\t\t\t\t\t\t<div class=\"elementor-image\">\n\t\t\t\t\t\t\t\t\t\t\t\t<img width=\"1009\" height=\"935\" src=\"https:\/\/mamopetsports.com\/wp-content\/uploads\/2021\/04\/sbsfd.jpeg\" class=\"attachment-large size-large\" alt=\"\" loading=\"lazy\" srcset=\"https:\/\/mamopetsports.com\/wp-content\/uploads\/2021\/04\/sbsfd.jpeg 1009w, https:\/\/mamopetsports.com\/wp-content\/uploads\/2021\/04\/sbsfd-600x556.jpeg 600w\" sizes=\"(max-width: 1009px) 100vw, 1009px\" \/>\t\t\t\t\t\t\t\t\t\t\t\t\t\t<\/div>\n\t\t\t\t\t\t<\/div>\n\t\t\t\t<\/div>\n\t\t\t\t\t\t<\/div>\n\t\t\t\t\t<\/div>\n\t\t<\/div>\n\t\t\t\t<div class=\"elementor-column elementor-col-50 elementor-top-column elementor-element elementor-element-7e4461f\" data-id=\"7e4461f\" data-element_type=\"column\">\n\t\t\t<div class=\"elementor-column-wrap elementor-element-populated\">\n\t\t\t\t\t\t\t<div class=\"elementor-widget-wrap\">\n\t\t\t\t\t\t<div class=\"elementor-element elementor-element-36bf979 elementor-blockquote--skin-quotation elementor-blockquote--button-color-official elementor-widget elementor-widget-blockquote\" data-id=\"36bf979\" data-element_type=\"widget\" data-widget_type=\"blockquote.default\">\n\t\t\t\t<div class=\"elementor-widget-container\">\n\t\t\t\t\t<blockquote class=\"elementor-blockquote\">\n\t\t\t<p class=\"elementor-blockquote__content\">\n\t\t\t\tWir haben sowohl die 360\u00b0 Gurte als auch die dazugeh\u00f6rigen Leinen f\u00fcr Hunde jeder Gr\u00f6\u00dfe getestet. Vom belgischen Sch\u00e4fer bis zum kleinen Terrier. Da wir viel mit den Hunden unterwegs sind, eignen sich die Gurte perfekt. Sowohl beim Wandern als auch beim Sport geben sie Hund und Hundef\u00fchrer mehr Freiheit und ersparen unn\u00f6tiges hantieren mit der Leine.\n\nEinen weiteren Vorteil f\u00fcr uns als Verein bietet der Gurt, um unvertr\u00e4gliche oder unsichere Hunde doppelt sichern zu k\u00f6nnen.\t\t\t<\/p>\n\t\t\t\t\t<\/blockquote>\n\t\t\t\t<\/div>\n\t\t\t\t<\/div>\n\t\t\t\t\t\t<\/div>\n\t\t\t\t\t<\/div>\n\t\t<\/div>\n\t\t\t\t\t\t\t\t<\/div>\n\t\t\t\t\t<\/div>\n\t\t<\/section>\n\t\t\t\t\t\t<\/div>\n\t\t\t\t\t\t<\/div>\n\t\t\t\t\t<\/div>\n\t\t","protected":false},"excerpt":{"rendered":"<p>ERFAHRUNGEN VON ELKE ROCK UNSERE ERSTE TESTERIN DER mamo pet sports HUNDE H\u00dcFTGURTE Wie ist es eigentlich, mit zwei Hunden an der Leine entspannt und ohne Leinen-Wirrwarr spazieren zu gehen? Moderatorin Elke Rock und ihre Erfahrungen mit dem mamo pet sports H\u00fcftgurt-System f\u00fcr Hundebesitzer. https:\/\/youtu.be\/5T0Nq8Rmxlo DogForYou Hundeschule Das H\u00fcftgurtsystem von mamo pet sports ist f\u00fcr [&hellip;]<\/p>\n","protected":false},"author":1,"featured_media":0,"parent":0,"menu_order":0,"comment_status":"closed","ping_status":"closed","template":"","meta":[],"yoast_head":"<!-- This site is optimized with the Yoast SEO plugin v18.3 - https:\/\/yoast.com\/wordpress\/plugins\/seo\/ -->\n<title>Erfahrungen von Outdoorbegeisterten | mamo AUTside Dogs<\/title>\n<meta name=\"description\" content=\"Seit unserem Produktlaunch haben uns zahlreiche Erfahrungen unserer Kunden und Kundinnen erreicht. \u00dcberzeugen Sie sich selbst.\" \/>\n<meta name=\"robots\" content=\"index, follow, max-snippet:-1, max-image-preview:large, max-video-preview:-1\" \/>\n<link rel=\"canonical\" href=\"https:\/\/mamopetsports.com\/de\/erfahrungen\/\" \/>\n<meta property=\"og:locale\" content=\"de_DE\" \/>\n<meta property=\"og:type\" content=\"article\" \/>\n<meta property=\"og:title\" content=\"Erfahrungen von Outdoorbegeisterten | mamo AUTside Dogs\" \/>\n<meta property=\"og:description\" content=\"Seit unserem Produktlaunch haben uns zahlreiche Erfahrungen unserer Kunden und Kundinnen erreicht. \u00dcberzeugen Sie sich selbst.\" \/>\n<meta property=\"og:url\" content=\"https:\/\/mamopetsports.com\/de\/erfahrungen\/\" \/>\n<meta property=\"og:site_name\" content=\"mamo AUTside Dogs\" \/>\n<meta property=\"article:modified_time\" content=\"2024-03-26T15:30:26+00:00\" \/>\n<meta property=\"og:image\" content=\"https:\/\/mamopetsports.com\/wp-content\/uploads\/2021\/02\/legat-1024x1024.jpg\" \/>\n<meta name=\"twitter:card\" content=\"summary_large_image\" \/>\n<meta name=\"twitter:label1\" content=\"Gesch\u00e4tzte Lesezeit\" \/>\n\t<meta name=\"twitter:data1\" content=\"2 Minuten\" \/>\n<script type=\"application\/ld+json\" class=\"yoast-schema-graph\">{\"@context\":\"https:\/\/schema.org\",\"@graph\":[{\"@type\":\"WebSite\",\"@id\":\"https:\/\/mamopetsports.com\/de\/#website\",\"url\":\"https:\/\/mamopetsports.com\/de\/\",\"name\":\"mamo AUTside Dogs\",\"description\":\"Innovative Produkte f\u00fcr die Vierbeiner-Outdoorszene\",\"potentialAction\":[{\"@type\":\"SearchAction\",\"target\":{\"@type\":\"EntryPoint\",\"urlTemplate\":\"https:\/\/mamopetsports.com\/de\/?s={search_term_string}\"},\"query-input\":\"required name=search_term_string\"}],\"inLanguage\":\"de-DE\"},{\"@type\":\"ImageObject\",\"@id\":\"https:\/\/mamopetsports.com\/de\/erfahrungen\/#primaryimage\",\"inLanguage\":\"de-DE\",\"url\":\"https:\/\/mamopetsports.com\/wp-content\/uploads\/2021\/02\/legat.jpg\",\"contentUrl\":\"https:\/\/mamopetsports.com\/wp-content\/uploads\/2021\/02\/legat.jpg\",\"width\":2163,\"height\":2140,\"caption\":\"erfahrungen-mamo-pet-sports-legat-mit-zwei-hunden\"},{\"@type\":\"WebPage\",\"@id\":\"https:\/\/mamopetsports.com\/de\/erfahrungen\/#webpage\",\"url\":\"https:\/\/mamopetsports.com\/de\/erfahrungen\/\",\"name\":\"Erfahrungen von Outdoorbegeisterten | mamo AUTside Dogs\",\"isPartOf\":{\"@id\":\"https:\/\/mamopetsports.com\/de\/#website\"},\"primaryImageOfPage\":{\"@id\":\"https:\/\/mamopetsports.com\/de\/erfahrungen\/#primaryimage\"},\"datePublished\":\"2021-02-07T01:47:07+00:00\",\"dateModified\":\"2024-03-26T15:30:26+00:00\",\"description\":\"Seit unserem Produktlaunch haben uns zahlreiche Erfahrungen unserer Kunden und Kundinnen erreicht. \u00dcberzeugen Sie sich selbst.\",\"breadcrumb\":{\"@id\":\"https:\/\/mamopetsports.com\/de\/erfahrungen\/#breadcrumb\"},\"inLanguage\":\"de-DE\",\"potentialAction\":[{\"@type\":\"ReadAction\",\"target\":[\"https:\/\/mamopetsports.com\/de\/erfahrungen\/\"]}]},{\"@type\":\"BreadcrumbList\",\"@id\":\"https:\/\/mamopetsports.com\/de\/erfahrungen\/#breadcrumb\",\"itemListElement\":[{\"@type\":\"ListItem\",\"position\":1,\"name\":\"Home\",\"item\":\"https:\/\/mamopetsports.com\/de\/\"},{\"@type\":\"ListItem\",\"position\":2,\"name\":\"Erfahrungen\"}]}]}<\/script>\n<!-- \/ Yoast SEO plugin. -->","yoast_head_json":{"title":"Erfahrungen von Outdoorbegeisterten | mamo AUTside Dogs","description":"Seit unserem Produktlaunch haben uns zahlreiche Erfahrungen unserer Kunden und Kundinnen erreicht. \u00dcberzeugen Sie sich selbst.","robots":{"index":"index","follow":"follow","max-snippet":"max-snippet:-1","max-image-preview":"max-image-preview:large","max-video-preview":"max-video-preview:-1"},"canonical":"https:\/\/mamopetsports.com\/de\/erfahrungen\/","og_locale":"de_DE","og_type":"article","og_title":"Erfahrungen von Outdoorbegeisterten | mamo AUTside Dogs","og_description":"Seit unserem Produktlaunch haben uns zahlreiche Erfahrungen unserer Kunden und Kundinnen erreicht. \u00dcberzeugen Sie sich selbst.","og_url":"https:\/\/mamopetsports.com\/de\/erfahrungen\/","og_site_name":"mamo AUTside Dogs","article_modified_time":"2024-03-26T15:30:26+00:00","og_image":[{"url":"https:\/\/mamopetsports.com\/wp-content\/uploads\/2021\/02\/legat-1024x1024.jpg"}],"twitter_card":"summary_large_image","twitter_misc":{"Gesch\u00e4tzte Lesezeit":"2 Minuten"},"schema":{"@context":"https:\/\/schema.org","@graph":[{"@type":"WebSite","@id":"https:\/\/mamopetsports.com\/de\/#website","url":"https:\/\/mamopetsports.com\/de\/","name":"mamo AUTside Dogs","description":"Innovative Produkte f\u00fcr die Vierbeiner-Outdoorszene","potentialAction":[{"@type":"SearchAction","target":{"@type":"EntryPoint","urlTemplate":"https:\/\/mamopetsports.com\/de\/?s={search_term_string}"},"query-input":"required name=search_term_string"}],"inLanguage":"de-DE"},{"@type":"ImageObject","@id":"https:\/\/mamopetsports.com\/de\/erfahrungen\/#primaryimage","inLanguage":"de-DE","url":"https:\/\/mamopetsports.com\/wp-content\/uploads\/2021\/02\/legat.jpg","contentUrl":"https:\/\/mamopetsports.com\/wp-content\/uploads\/2021\/02\/legat.jpg","width":2163,"height":2140,"caption":"erfahrungen-mamo-pet-sports-legat-mit-zwei-hunden"},{"@type":"WebPage","@id":"https:\/\/mamopetsports.com\/de\/erfahrungen\/#webpage","url":"https:\/\/mamopetsports.com\/de\/erfahrungen\/","name":"Erfahrungen von Outdoorbegeisterten | mamo AUTside Dogs","isPartOf":{"@id":"https:\/\/mamopetsports.com\/de\/#website"},"primaryImageOfPage":{"@id":"https:\/\/mamopetsports.com\/de\/erfahrungen\/#primaryimage"},"datePublished":"2021-02-07T01:47:07+00:00","dateModified":"2024-03-26T15:30:26+00:00","description":"Seit unserem Produktlaunch haben uns zahlreiche Erfahrungen unserer Kunden und Kundinnen erreicht. \u00dcberzeugen Sie sich selbst.","breadcrumb":{"@id":"https:\/\/mamopetsports.com\/de\/erfahrungen\/#breadcrumb"},"inLanguage":"de-DE","potentialAction":[{"@type":"ReadAction","target":["https:\/\/mamopetsports.com\/de\/erfahrungen\/"]}]},{"@type":"BreadcrumbList","@id":"https:\/\/mamopetsports.com\/de\/erfahrungen\/#breadcrumb","itemListElement":[{"@type":"ListItem","position":1,"name":"Home","item":"https:\/\/mamopetsports.com\/de\/"},{"@type":"ListItem","position":2,"name":"Erfahrungen"}]}]}},"_links":{"self":[{"href":"https:\/\/mamopetsports.com\/de\/wp-json\/wp\/v2\/pages\/628"}],"collection":[{"href":"https:\/\/mamopetsports.com\/de\/wp-json\/wp\/v2\/pages"}],"about":[{"href":"https:\/\/mamopetsports.com\/de\/wp-json\/wp\/v2\/types\/page"}],"author":[{"embeddable":true,"href":"https:\/\/mamopetsports.com\/de\/wp-json\/wp\/v2\/users\/1"}],"replies":[{"embeddable":true,"href":"https:\/\/mamopetsports.com\/de\/wp-json\/wp\/v2\/comments?post=628"}],"version-history":[{"count":41,"href":"https:\/\/mamopetsports.com\/de\/wp-json\/wp\/v2\/pages\/628\/revisions"}],"predecessor-version":[{"id":10956,"href":"https:\/\/mamopetsports.com\/de\/wp-json\/wp\/v2\/pages\/628\/revisions\/10956"}],"wp:attachment":[{"href":"https:\/\/mamopetsports.com\/de\/wp-json\/wp\/v2\/media?parent=628"}],"curies":[{"name":"wp","href":"https:\/\/api.w.org\/{rel}","templated":true}]}}