{"id":654,"date":"2021-02-07T03:18:18","date_gmt":"2021-02-07T03:18:18","guid":{"rendered":"https:\/\/mamopetsports.com\/?page_id=654"},"modified":"2022-04-27T13:48:18","modified_gmt":"2022-04-27T12:48:18","slug":"produkt-vorteile","status":"publish","type":"page","link":"https:\/\/mamopetsports.com\/de\/produkt-vorteile\/","title":{"rendered":"mamo 360\u00b0 Hunde Gurtsystem"},"content":{"rendered":"\t\t<div data-elementor-type=\"wp-page\" data-elementor-id=\"654\" class=\"elementor elementor-654\" data-elementor-settings=\"[]\">\n\t\t\t\t\t\t<div class=\"elementor-inner\">\n\t\t\t\t\t\t\t<div class=\"elementor-section-wrap\">\n\t\t\t\t\t\t\t<section class=\"elementor-section elementor-top-section elementor-element elementor-element-35f4777 elementor-section-boxed elementor-section-height-default elementor-section-height-default\" data-id=\"35f4777\" data-element_type=\"section\">\n\t\t\t\t\t\t<div class=\"elementor-container elementor-column-gap-default\">\n\t\t\t\t\t\t\t<div class=\"elementor-row\">\n\t\t\t\t\t<div class=\"elementor-column elementor-col-100 elementor-top-column elementor-element elementor-element-3127671\" data-id=\"3127671\" data-element_type=\"column\">\n\t\t\t<div class=\"elementor-column-wrap elementor-element-populated\">\n\t\t\t\t\t\t\t<div class=\"elementor-widget-wrap\">\n\t\t\t\t\t\t<div class=\"elementor-element elementor-element-bade248 elementor-widget elementor-widget-text-editor\" data-id=\"bade248\" data-element_type=\"widget\" data-widget_type=\"text-editor.default\">\n\t\t\t\t<div class=\"elementor-widget-container\">\n\t\t\t\t\t\t\t\t<div class=\"elementor-text-editor elementor-clearfix\">\n\t\t\t\t<div class=\"vc_row wpb_row vc_row-fluid\">\n<div class=\"wpb_column vc_column_container vc_col-sm-12\">\n<div class=\"vc_column-inner\">\n<div class=\"wpb_wrapper\">\n<div class=\"wpb_text_column wpb_content_element \">\n<div class=\"wpb_wrapper\">\n<h1>IHRE mamo pet sports PRODUKT VORTEILE<\/h1>\n<\/div>\n<\/div>\n<\/div>\n<\/div>\n<\/div>\n<\/div>\n<div class=\"vc_row wpb_row vc_row-fluid\">\n<div class=\"wpb_column vc_column_container vc_col-sm-12\">\n<div class=\"vc_column-inner\">\n<div class=\"wpb_wrapper\">\n<div class=\"vc_empty_space\">&nbsp;<\/div>\n<div class=\"wpb_text_column wpb_content_element \">\n<div class=\"wpb_wrapper\">\n<p>Mit dem in \u00d6sterreich entwickelten H\u00fcftgurt-System von mamo pet sports war Leinenchaos gestern. Das bedeutet: Mehr Bewegungsfreiheit und mehr Sicherheit bei Outdoor-Aktivit\u00e4ten mit deinem Hund. Das sind nur zwei der zahlreichen Produkt Vorteile des 360\u00b0 H\u00fcftgurt-Systems.<br><\/p>\n<\/div>\n<\/div>\n<\/div>\n<\/div>\n<\/div>\n<\/div>\t\t\t\t\t<\/div>\n\t\t\t\t\t\t<\/div>\n\t\t\t\t<\/div>\n\t\t\t\t\t\t<\/div>\n\t\t\t\t\t<\/div>\n\t\t<\/div>\n\t\t\t\t\t\t\t\t<\/div>\n\t\t\t\t\t<\/div>\n\t\t<\/section>\n\t\t\t\t<section class=\"elementor-section elementor-top-section elementor-element elementor-element-261ffa3 elementor-section-boxed elementor-section-height-default elementor-section-height-default\" data-id=\"261ffa3\" data-element_type=\"section\">\n\t\t\t\t\t\t<div class=\"elementor-container elementor-column-gap-default\">\n\t\t\t\t\t\t\t<div class=\"elementor-row\">\n\t\t\t\t\t<div class=\"elementor-column elementor-col-50 elementor-top-column elementor-element elementor-element-ce2ae85\" data-id=\"ce2ae85\" data-element_type=\"column\">\n\t\t\t<div class=\"elementor-column-wrap elementor-element-populated\">\n\t\t\t\t\t\t\t<div class=\"elementor-widget-wrap\">\n\t\t\t\t\t\t<div class=\"elementor-element elementor-element-ae2f30e elementor-widget elementor-widget-text-editor\" data-id=\"ae2f30e\" data-element_type=\"widget\" data-widget_type=\"text-editor.default\">\n\t\t\t\t<div class=\"elementor-widget-container\">\n\t\t\t\t\t\t\t\t<div class=\"elementor-text-editor elementor-clearfix\">\n\t\t\t\t<div class=\"vc_row wpb_row vc_row-fluid\"><div class=\"wpb_column vc_column_container vc_col-sm-4\"><div class=\"vc_column-inner\"><div class=\"wpb_wrapper\"><div class=\"wpb_text_column wpb_content_element \"><div class=\"wpb_wrapper\"><ul><li>360\u00b0 Rotation<\/li><li>Notfall\u00f6ffnung<\/li><li>Erh\u00f6hung im Lendenwirbelbereich<\/li><li>Geringes Gewicht<\/li><li>Entwickelt in \u00d6sterreich<\/li><li>Auch f\u00fcr 2 Hunde geeignet<\/li><li>Leine auch separat als handgef\u00fchrte Leine verwendbar<\/li><\/ul><\/div><\/div><\/div><\/div><\/div><\/div>\t\t\t\t\t<\/div>\n\t\t\t\t\t\t<\/div>\n\t\t\t\t<\/div>\n\t\t\t\t\t\t<\/div>\n\t\t\t\t\t<\/div>\n\t\t<\/div>\n\t\t\t\t<div class=\"elementor-column elementor-col-50 elementor-top-column elementor-element elementor-element-0a419e9\" data-id=\"0a419e9\" data-element_type=\"column\">\n\t\t\t<div class=\"elementor-column-wrap elementor-element-populated\">\n\t\t\t\t\t\t\t<div class=\"elementor-widget-wrap\">\n\t\t\t\t\t\t<div class=\"elementor-element elementor-element-0babf64 elementor-widget elementor-widget-text-editor\" data-id=\"0babf64\" data-element_type=\"widget\" data-widget_type=\"text-editor.default\">\n\t\t\t\t<div class=\"elementor-widget-container\">\n\t\t\t\t\t\t\t\t<div class=\"elementor-text-editor elementor-clearfix\">\n\t\t\t\t<div class=\"wpb_column vc_column_container vc_col-sm-4\"><div class=\"vc_column-inner\"><div class=\"wpb_wrapper\"><div class=\"wpb_text_column wpb_content_element \"><div class=\"wpb_wrapper\"><ul><li>Hohe Qualit\u00e4t<\/li><li>Modisches Design<\/li><li>Abnehmbare Beinschlaufen<\/li><li>Tasche im R\u00fcckenbereich wasserabweisend<\/li><li>Reflektierende N\u00e4hte f\u00fcr hohe Sichtbarkeit<\/li><li>Atmungsaktiver H\u00fcftg\u00fcrt<\/li><li>Hoher Tragekomfort<\/li><li>Optimale Zugverteilung<\/li><\/ul><\/div><\/div><\/div><\/div><\/div>\t\t\t\t\t<\/div>\n\t\t\t\t\t\t<\/div>\n\t\t\t\t<\/div>\n\t\t\t\t\t\t<\/div>\n\t\t\t\t\t<\/div>\n\t\t<\/div>\n\t\t\t\t\t\t\t\t<\/div>\n\t\t\t\t\t<\/div>\n\t\t<\/section>\n\t\t\t\t<section class=\"elementor-section elementor-top-section elementor-element elementor-element-02435bd elementor-section-boxed elementor-section-height-default elementor-section-height-default\" data-id=\"02435bd\" data-element_type=\"section\">\n\t\t\t\t\t\t<div class=\"elementor-container elementor-column-gap-default\">\n\t\t\t\t\t\t\t<div class=\"elementor-row\">\n\t\t\t\t\t<div class=\"elementor-column elementor-col-100 elementor-top-column elementor-element elementor-element-68af8d4\" data-id=\"68af8d4\" data-element_type=\"column\">\n\t\t\t<div class=\"elementor-column-wrap elementor-element-populated\">\n\t\t\t\t\t\t\t<div class=\"elementor-widget-wrap\">\n\t\t\t\t\t\t<div class=\"elementor-element elementor-element-cbf3b47 elementor-aspect-ratio-169 elementor-widget elementor-widget-video\" data-id=\"cbf3b47\" data-element_type=\"widget\" data-settings=\"{&quot;youtube_url&quot;:&quot;https:\\\/\\\/www.youtube.com\\\/watch?v=dhRiKaMX5KA&quot;,&quot;autoplay&quot;:&quot;yes&quot;,&quot;play_on_mobile&quot;:&quot;yes&quot;,&quot;loop&quot;:&quot;yes&quot;,&quot;modestbranding&quot;:&quot;yes&quot;,&quot;video_type&quot;:&quot;youtube&quot;,&quot;controls&quot;:&quot;yes&quot;,&quot;aspect_ratio&quot;:&quot;169&quot;}\" data-widget_type=\"video.default\">\n\t\t\t\t<div class=\"elementor-widget-container\">\n\t\t\t\t\t<div class=\"elementor-wrapper elementor-fit-aspect-ratio elementor-open-inline\">\n\t\t\t<div class=\"elementor-video\"><\/div>\t\t<\/div>\n\t\t\t\t<\/div>\n\t\t\t\t<\/div>\n\t\t\t\t\t\t<\/div>\n\t\t\t\t\t<\/div>\n\t\t<\/div>\n\t\t\t\t\t\t\t\t<\/div>\n\t\t\t\t\t<\/div>\n\t\t<\/section>\n\t\t\t\t<section class=\"elementor-section elementor-top-section elementor-element elementor-element-47c474f elementor-hidden-desktop elementor-hidden-tablet elementor-hidden-phone elementor-section-boxed elementor-section-height-default elementor-section-height-default\" data-id=\"47c474f\" data-element_type=\"section\">\n\t\t\t\t\t\t<div class=\"elementor-container elementor-column-gap-default\">\n\t\t\t\t\t\t\t<div class=\"elementor-row\">\n\t\t\t\t\t<div class=\"elementor-column elementor-col-50 elementor-top-column elementor-element elementor-element-0d83e42\" data-id=\"0d83e42\" data-element_type=\"column\">\n\t\t\t<div class=\"elementor-column-wrap elementor-element-populated\">\n\t\t\t\t\t\t\t<div class=\"elementor-widget-wrap\">\n\t\t\t\t\t\t<div class=\"elementor-element elementor-element-47fe44e elementor-widget elementor-widget-heading\" data-id=\"47fe44e\" data-element_type=\"widget\" data-widget_type=\"heading.default\">\n\t\t\t\t<div class=\"elementor-widget-container\">\n\t\t\t<span class=\"elementor-heading-title elementor-size-default\">Seit dem Produktlaunch haben uns zahlreiche R\u00fcckmeldung erreicht. \u00dcberzeugen Sie sich selbst.<\/span>\t\t<\/div>\n\t\t\t\t<\/div>\n\t\t\t\t\t\t<\/div>\n\t\t\t\t\t<\/div>\n\t\t<\/div>\n\t\t\t\t<div class=\"elementor-column elementor-col-50 elementor-top-column elementor-element elementor-element-31b14b2 elementor-hidden-desktop elementor-hidden-tablet elementor-hidden-phone\" data-id=\"31b14b2\" data-element_type=\"column\">\n\t\t\t<div class=\"elementor-column-wrap elementor-element-populated\">\n\t\t\t\t\t\t\t<div class=\"elementor-widget-wrap\">\n\t\t\t\t\t\t<div class=\"elementor-element elementor-element-1a8daf1 elementor-widget elementor-widget-button\" data-id=\"1a8daf1\" data-element_type=\"widget\" data-widget_type=\"button.default\">\n\t\t\t\t<div class=\"elementor-widget-container\">\n\t\t\t\t\t<div class=\"elementor-button-wrapper\">\n\t\t\t<a href=\"http:\/\/.\/erfahrungen\/\" class=\"elementor-button-link elementor-button elementor-size-sm\" role=\"button\">\n\t\t\t\t\t\t<span class=\"elementor-button-content-wrapper\">\n\t\t\t\t\t\t<span class=\"elementor-button-text\">Zu den Erfahrungsberichten<\/span>\n\t\t<\/span>\n\t\t\t\t\t<\/a>\n\t\t<\/div>\n\t\t\t\t<\/div>\n\t\t\t\t<\/div>\n\t\t\t\t\t\t<\/div>\n\t\t\t\t\t<\/div>\n\t\t<\/div>\n\t\t\t\t\t\t\t\t<\/div>\n\t\t\t\t\t<\/div>\n\t\t<\/section>\n\t\t\t\t<section class=\"elementor-section elementor-top-section elementor-element elementor-element-5e686d6 elementor-section-boxed elementor-section-height-default elementor-section-height-default\" data-id=\"5e686d6\" data-element_type=\"section\">\n\t\t\t\t\t\t<div class=\"elementor-container elementor-column-gap-default\">\n\t\t\t\t\t\t\t<div class=\"elementor-row\">\n\t\t\t\t\t<div class=\"elementor-column elementor-col-100 elementor-top-column elementor-element elementor-element-ba99f14\" data-id=\"ba99f14\" data-element_type=\"column\">\n\t\t\t<div class=\"elementor-column-wrap\">\n\t\t\t\t\t\t\t<div class=\"elementor-widget-wrap\">\n\t\t\t\t\t\t\t\t<\/div>\n\t\t\t\t\t<\/div>\n\t\t<\/div>\n\t\t\t\t\t\t\t\t<\/div>\n\t\t\t\t\t<\/div>\n\t\t<\/section>\n\t\t\t\t\t\t<\/div>\n\t\t\t\t\t\t<\/div>\n\t\t\t\t\t<\/div>\n\t\t","protected":false},"excerpt":{"rendered":"<p>IHRE mamo pet sports PRODUKT VORTEILE &nbsp; Mit dem in \u00d6sterreich entwickelten H\u00fcftgurt-System von mamo pet sports war Leinenchaos gestern. Das bedeutet: Mehr Bewegungsfreiheit und mehr Sicherheit bei Outdoor-Aktivit\u00e4ten mit deinem Hund. Das sind nur zwei der zahlreichen Produkt Vorteile des 360\u00b0 H\u00fcftgurt-Systems. 360\u00b0 Rotation Notfall\u00f6ffnung Erh\u00f6hung im Lendenwirbelbereich Geringes Gewicht Entwickelt in \u00d6sterreich Auch [&hellip;]<\/p>\n","protected":false},"author":1,"featured_media":0,"parent":0,"menu_order":0,"comment_status":"closed","ping_status":"closed","template":"","meta":[],"yoast_head":"<!-- This site is optimized with the Yoast SEO plugin v18.3 - https:\/\/yoast.com\/wordpress\/plugins\/seo\/ -->\n<title>Produkt Vorteile der 360\u00b0 Hunde Gurtsysteme | - mamo AUTside Dogs<\/title>\n<meta name=\"description\" content=\"Mit dem Hunde-H\u00fcftgurt von mamo pet sports war Leinenchaos gestern. Mehr Bewegungsfreiheit ist nur einer Ihrer zahlreichen Produkt Vorteile.\" \/>\n<meta name=\"robots\" content=\"index, follow, max-snippet:-1, max-image-preview:large, max-video-preview:-1\" \/>\n<link rel=\"canonical\" href=\"https:\/\/mamopetsports.com\/de\/produkt-vorteile\/\" \/>\n<meta property=\"og:locale\" content=\"de_DE\" \/>\n<meta property=\"og:type\" content=\"article\" \/>\n<meta property=\"og:title\" content=\"Produkt Vorteile der 360\u00b0 Hunde Gurtsysteme | - mamo AUTside Dogs\" \/>\n<meta property=\"og:description\" content=\"Mit dem Hunde-H\u00fcftgurt von mamo pet sports war Leinenchaos gestern. Mehr Bewegungsfreiheit ist nur einer Ihrer zahlreichen Produkt Vorteile.\" \/>\n<meta property=\"og:url\" content=\"https:\/\/mamopetsports.com\/de\/produkt-vorteile\/\" \/>\n<meta property=\"og:site_name\" content=\"mamo AUTside Dogs\" \/>\n<meta property=\"article:modified_time\" content=\"2022-04-27T12:48:18+00:00\" \/>\n<meta name=\"twitter:card\" content=\"summary_large_image\" \/>\n<meta name=\"twitter:label1\" content=\"Gesch\u00e4tzte Lesezeit\" \/>\n\t<meta name=\"twitter:data1\" content=\"1 Minute\" \/>\n<script type=\"application\/ld+json\" class=\"yoast-schema-graph\">{\"@context\":\"https:\/\/schema.org\",\"@graph\":[{\"@type\":\"WebSite\",\"@id\":\"https:\/\/mamopetsports.com\/de\/#website\",\"url\":\"https:\/\/mamopetsports.com\/de\/\",\"name\":\"mamo AUTside Dogs\",\"description\":\"Innovative Produkte f\u00fcr die Vierbeiner-Outdoorszene\",\"potentialAction\":[{\"@type\":\"SearchAction\",\"target\":{\"@type\":\"EntryPoint\",\"urlTemplate\":\"https:\/\/mamopetsports.com\/de\/?s={search_term_string}\"},\"query-input\":\"required name=search_term_string\"}],\"inLanguage\":\"de-DE\"},{\"@type\":\"WebPage\",\"@id\":\"https:\/\/mamopetsports.com\/de\/produkt-vorteile\/#webpage\",\"url\":\"https:\/\/mamopetsports.com\/de\/produkt-vorteile\/\",\"name\":\"Produkt Vorteile der 360\u00b0 Hunde Gurtsysteme | - mamo AUTside Dogs\",\"isPartOf\":{\"@id\":\"https:\/\/mamopetsports.com\/de\/#website\"},\"datePublished\":\"2021-02-07T03:18:18+00:00\",\"dateModified\":\"2022-04-27T12:48:18+00:00\",\"description\":\"Mit dem Hunde-H\u00fcftgurt von mamo pet sports war Leinenchaos gestern. Mehr Bewegungsfreiheit ist nur einer Ihrer zahlreichen Produkt Vorteile.\",\"breadcrumb\":{\"@id\":\"https:\/\/mamopetsports.com\/de\/produkt-vorteile\/#breadcrumb\"},\"inLanguage\":\"de-DE\",\"potentialAction\":[{\"@type\":\"ReadAction\",\"target\":[\"https:\/\/mamopetsports.com\/de\/produkt-vorteile\/\"]}]},{\"@type\":\"BreadcrumbList\",\"@id\":\"https:\/\/mamopetsports.com\/de\/produkt-vorteile\/#breadcrumb\",\"itemListElement\":[{\"@type\":\"ListItem\",\"position\":1,\"name\":\"Home\",\"item\":\"https:\/\/mamopetsports.com\/de\/\"},{\"@type\":\"ListItem\",\"position\":2,\"name\":\"mamo 360\u00b0 Hunde Gurtsystem\"}]}]}<\/script>\n<!-- \/ Yoast SEO plugin. -->","yoast_head_json":{"title":"Produkt Vorteile der 360\u00b0 Hunde Gurtsysteme | - mamo AUTside Dogs","description":"Mit dem Hunde-H\u00fcftgurt von mamo pet sports war Leinenchaos gestern. Mehr Bewegungsfreiheit ist nur einer Ihrer zahlreichen Produkt Vorteile.","robots":{"index":"index","follow":"follow","max-snippet":"max-snippet:-1","max-image-preview":"max-image-preview:large","max-video-preview":"max-video-preview:-1"},"canonical":"https:\/\/mamopetsports.com\/de\/produkt-vorteile\/","og_locale":"de_DE","og_type":"article","og_title":"Produkt Vorteile der 360\u00b0 Hunde Gurtsysteme | - mamo AUTside Dogs","og_description":"Mit dem Hunde-H\u00fcftgurt von mamo pet sports war Leinenchaos gestern. Mehr Bewegungsfreiheit ist nur einer Ihrer zahlreichen Produkt Vorteile.","og_url":"https:\/\/mamopetsports.com\/de\/produkt-vorteile\/","og_site_name":"mamo AUTside Dogs","article_modified_time":"2022-04-27T12:48:18+00:00","twitter_card":"summary_large_image","twitter_misc":{"Gesch\u00e4tzte Lesezeit":"1 Minute"},"schema":{"@context":"https:\/\/schema.org","@graph":[{"@type":"WebSite","@id":"https:\/\/mamopetsports.com\/de\/#website","url":"https:\/\/mamopetsports.com\/de\/","name":"mamo AUTside Dogs","description":"Innovative Produkte f\u00fcr die Vierbeiner-Outdoorszene","potentialAction":[{"@type":"SearchAction","target":{"@type":"EntryPoint","urlTemplate":"https:\/\/mamopetsports.com\/de\/?s={search_term_string}"},"query-input":"required name=search_term_string"}],"inLanguage":"de-DE"},{"@type":"WebPage","@id":"https:\/\/mamopetsports.com\/de\/produkt-vorteile\/#webpage","url":"https:\/\/mamopetsports.com\/de\/produkt-vorteile\/","name":"Produkt Vorteile der 360\u00b0 Hunde Gurtsysteme | - mamo AUTside Dogs","isPartOf":{"@id":"https:\/\/mamopetsports.com\/de\/#website"},"datePublished":"2021-02-07T03:18:18+00:00","dateModified":"2022-04-27T12:48:18+00:00","description":"Mit dem Hunde-H\u00fcftgurt von mamo pet sports war Leinenchaos gestern. Mehr Bewegungsfreiheit ist nur einer Ihrer zahlreichen Produkt Vorteile.","breadcrumb":{"@id":"https:\/\/mamopetsports.com\/de\/produkt-vorteile\/#breadcrumb"},"inLanguage":"de-DE","potentialAction":[{"@type":"ReadAction","target":["https:\/\/mamopetsports.com\/de\/produkt-vorteile\/"]}]},{"@type":"BreadcrumbList","@id":"https:\/\/mamopetsports.com\/de\/produkt-vorteile\/#breadcrumb","itemListElement":[{"@type":"ListItem","position":1,"name":"Home","item":"https:\/\/mamopetsports.com\/de\/"},{"@type":"ListItem","position":2,"name":"mamo 360\u00b0 Hunde Gurtsystem"}]}]}},"_links":{"self":[{"href":"https:\/\/mamopetsports.com\/de\/wp-json\/wp\/v2\/pages\/654"}],"collection":[{"href":"https:\/\/mamopetsports.com\/de\/wp-json\/wp\/v2\/pages"}],"about":[{"href":"https:\/\/mamopetsports.com\/de\/wp-json\/wp\/v2\/types\/page"}],"author":[{"embeddable":true,"href":"https:\/\/mamopetsports.com\/de\/wp-json\/wp\/v2\/users\/1"}],"replies":[{"embeddable":true,"href":"https:\/\/mamopetsports.com\/de\/wp-json\/wp\/v2\/comments?post=654"}],"version-history":[{"count":46,"href":"https:\/\/mamopetsports.com\/de\/wp-json\/wp\/v2\/pages\/654\/revisions"}],"predecessor-version":[{"id":7422,"href":"https:\/\/mamopetsports.com\/de\/wp-json\/wp\/v2\/pages\/654\/revisions\/7422"}],"wp:attachment":[{"href":"https:\/\/mamopetsports.com\/de\/wp-json\/wp\/v2\/media?parent=654"}],"curies":[{"name":"wp","href":"https:\/\/api.w.org\/{rel}","templated":true}]}}