{"id":687,"date":"2021-02-07T05:42:57","date_gmt":"2021-02-07T05:42:57","guid":{"rendered":"https:\/\/mamopetsports.com\/?page_id=687"},"modified":"2021-03-22T11:33:10","modified_gmt":"2021-03-22T10:33:10","slug":"agb","status":"publish","type":"page","link":"https:\/\/mamopetsports.com\/de\/agb\/","title":{"rendered":"AGB"},"content":{"rendered":"\t\t<div data-elementor-type=\"wp-page\" data-elementor-id=\"687\" class=\"elementor elementor-687\" data-elementor-settings=\"[]\">\n\t\t\t\t\t\t<div class=\"elementor-inner\">\n\t\t\t\t\t\t\t<div class=\"elementor-section-wrap\">\n\t\t\t\t\t\t\t<section class=\"elementor-section elementor-top-section elementor-element elementor-element-35f4777 elementor-section-boxed elementor-section-height-default elementor-section-height-default\" data-id=\"35f4777\" data-element_type=\"section\">\n\t\t\t\t\t\t<div class=\"elementor-container elementor-column-gap-default\">\n\t\t\t\t\t\t\t<div class=\"elementor-row\">\n\t\t\t\t\t<div class=\"elementor-column elementor-col-100 elementor-top-column elementor-element elementor-element-3127671\" data-id=\"3127671\" data-element_type=\"column\">\n\t\t\t<div class=\"elementor-column-wrap elementor-element-populated\">\n\t\t\t\t\t\t\t<div class=\"elementor-widget-wrap\">\n\t\t\t\t\t\t<div class=\"elementor-element elementor-element-bade248 elementor-widget elementor-widget-text-editor\" data-id=\"bade248\" data-element_type=\"widget\" data-widget_type=\"text-editor.default\">\n\t\t\t\t<div class=\"elementor-widget-container\">\n\t\t\t\t\t\t\t\t<div class=\"elementor-text-editor elementor-clearfix\">\n\t\t\t\t<h1>Allgemeine Gesch\u00e4ftsbedingungen<\/h1>\n<h2>mit Kundeninformationen (AGB)<\/h2>\n<p><strong>1. Geltungsbereich<\/strong><br>1.1 Diese Allgemeinen Gesch\u00e4ftsbedingungen (nachfolgend \u201eAGB\u201c) von Daniel Thonhofer, handelnd unter \u201emamo pet sports\u201c (nachfolgend \u201eVerk\u00e4ufer\u201c), gelten f\u00fcr alle Vertr\u00e4ge \u00fcber die Lieferung von Waren, die ein Verbraucher oder Unternehmer (nachfolgend \u201eKunde\u201c) mit dem Verk\u00e4ufer hinsichtlich der vom Verk\u00e4ufer in seinem Online-Shop dargestellten Waren abschlie\u00dft. Hiermit wird der Einbeziehung von eigenen Bedingungen des Kunden widersprochen, es sei denn, es ist etwas anderes vereinbart.<br>1.2 F\u00fcr Vertr\u00e4ge \u00fcber die Lieferung von Gutscheinen gelten diese AGB entsprechend, sofern insoweit nicht ausdr\u00fccklich etwas Abweichendes geregelt ist.<br>1.3 Verbraucher im Sinne dieser AGB ist jede nat\u00fcrliche Person, die ein Rechtsgesch\u00e4ft zu Zwecken abschlie\u00dft, die \u00fcberwiegend weder ihrer gewerblichen noch ihrer selbst\u00e4ndigen beruflichen T\u00e4tigkeit zugerechnet werden k\u00f6nnen. Unternehmer im Sinne dieser AGB ist eine nat\u00fcrliche oder juristische Person oder eine rechtsf\u00e4hige Personengesellschaft, die bei Abschluss eines Rechtsgesch\u00e4fts in Aus\u00fcbung ihrer gewerblichen oder selbst\u00e4ndigen beruflichen T\u00e4tigkeit handelt.<\/p>\n<p><strong>2. Vertragsschluss<\/strong><br>2.1 Die im Online-Shop des Verk\u00e4ufers enthaltenen Produktbeschreibungen stellen keine verbindlichen Angebote seitens des Verk\u00e4ufers dar, sondern dienen zur Abgabe eines verbindlichen Angebots durch den Kunden.<br>2.2. Der Kunde kann das Angebot \u00fcber das in den Online-Shop des Verk\u00e4ufers integrierte Online-Bestellformular abgeben. Dabei gibt der Kunde, nachdem er die ausgew\u00e4hlten Waren in den virtuellen Warenkorb gelegt und den elektronischen Bestellprozess durchlaufen hat, durch Klicken des den Bestellvorgang abschlie\u00dfenden Buttons ein rechtlich verbindliches Vertragsangebot in Bezug auf die im Warenkorb enthaltenen Waren ab. Ferner kann der Kunde das Angebot telefonisch, per E-Mail, postalisch oder per Online-Kontaktformular gegen\u00fcber dem Verk\u00e4ufer abgeben.<br>2.3 Der Verk\u00e4ufer kann das Angebot des Kunden innerhalb von f\u00fcnf Tagen annehmen,<br>\u2013 indem er dem Kunden eine schriftliche Auftragsbest\u00e4tigung oder eine Auftragsbest\u00e4tigung in Textform (Bestellbest\u00e4tigung per E-Mail) \u00fcbermittelt, wobei insoweit der Zugang der Auftragsbest\u00e4tigung beim Kunden ma\u00dfgeblich ist, oder<br>\u2013 indem er dem Kunden die bestellte Ware liefert, wobei insoweit der Zugang zur Ware beim Kunden ma\u00dfgeblich ist, oder<br>\u2013 indem er den Kunden nach Abgabe von dessen Bestellung zur Zahlung auffordert.<br>Liegen mehrere der vorgenannten Alternativen vor, kommt der Vertrag in dem Zeitpunkt zustande, in dem eine der vorgenannten Alternativen zuerst eintritt. Die Frist zur Annahme des Angebots beginnt am Tag nach der Absendung des Angebots durch den Kunden zu laufen und endet mit dem Ablauf des f\u00fcnften Tages, welcher auf die Absendung des Angebots folgt. Nimmt der Verk\u00e4ufer das Angebot des Kunden innerhalb vorgenannter Frist nicht an, so gilt dies als Ablehnung des Angebots mit der Folge, dass der Kunde nicht mehr an seine Willenserkl\u00e4rung gebunden ist.<br>2.4 Bei der Abgabe eines Angebots \u00fcber das Online-Bestellformular des Verk\u00e4ufers wird der Vertragstext vom Verk\u00e4ufer gespeichert und dem Kunden nach Absendung seiner Bestellung nebst den vorliegenden AGB in Textform (z.B. E-Mail oder Brief) zugeschickt. Zus\u00e4tzlich wird der Vertragstext auf der Internetseite des Verk\u00e4ufers archiviert und kann vom Kunden \u00fcber sein passwortgesch\u00fctztes Kundenkonto unter Angabe der entsprechenden Login-Daten kostenlos abgerufen werden, sofern der Kunde vor Absendung seiner Bestellung ein Kundenkonto im Online-Shop des Verk\u00e4ufers angelegt hat.<br>2.5 Vor verbindlicher Abgabe der Bestellung \u00fcber das Online-Bestellformular des Verk\u00e4ufers kann der Kunde m\u00f6gliche Eingabefehler durch aufmerksames Lesen der auf dem Bildschirm dargestellten Informationen erkennen. Ein wirksames technisches Mittel zur besseren Erkennung von Eingabefehlern kann dabei die Vergr\u00f6\u00dferungsfunktion des Browsers sein, mit deren Hilfe die Darstellung auf dem Bildschirm vergr\u00f6\u00dfert wird. Seine Eingaben kann der Kunde im Rahmen des elektronischen Bestellprozesses so lange \u00fcber die \u00fcblichen Tastatur- und Mausfunktionen korrigieren, bis er den den Bestellvorgang abschlie\u00dfenden Button anklickt.<br>2.6 F\u00fcr den Bestellvorgang steht die deutsche Sprache zur Verf\u00fcgung.<br>2.7 Die Bestellabwicklung und Kontaktaufnahme finden in der Regel per E-Mail und automatisierter Bestellabwicklung statt. Der Kunde hat sicherzustellen, dass die von ihm zur Bestellabwicklung angegebene E-Mail-Adresse zutreffend ist, so dass unter dieser Adresse die vom Verk\u00e4ufer versandten E-Mails empfangen werden k\u00f6nnen. Insbesondere hat der Kunde bei dem Einsatz von SPAM-Filtern sicherzustellen, dass alle vom Verk\u00e4ufer oder von diesem mit der Bestellabwicklung beauftragten Dritten versandten E-Mails zugestellt werden k\u00f6nnen.<\/p>\n<p><strong>3. Widerrufsrecht<\/strong><br>3.1 Verbrauchern steht grunds\u00e4tzlich ein Widerrufsrecht zu.<br>3.2 N\u00e4here Informationen zum Widerrufsrecht ergeben sich aus der Widerrufsbelehrung des Verk\u00e4ufers.<br>3.3 Das Widerrufsrecht gilt nicht f\u00fcr Verbraucher, die zum Zeitpunkt des Vertragsschlusses keinem Mitgliedstaat der Europ\u00e4ischen Union angeh\u00f6ren und deren alleiniger Wohnsitz und Lieferadresse zum Zeitpunkt des Vertragsschlusses au\u00dferhalb der Europ\u00e4ischen Union liegen.<\/p>\n<p><strong>4. Preise und Zahlungsbedingungen<\/strong><br>4.1 Sofern sich aus der Produktbeschreibung des Verk\u00e4ufers nichts anderes ergibt, handelt es sich bei den angegebenen Preisen um Gesamtpreise, die die gesetzliche Umsatzsteuer enthalten. Gegebenenfalls zus\u00e4tzlich anfallende Liefer- und Versandkosten werden in der jeweiligen Produktbeschreibung gesondert angegeben oder sind w\u00e4hrend des Bestellvorgangs aufgelistet.<br>4.2 Bei Lieferungen in L\u00e4ndern der Europ\u00e4ischen Union k\u00f6nnen im Einzelfall weitere Kosten anfallen, die der Verk\u00e4ufer nicht zu vertreten hat und die vom Kunden zu tragen sind. Hierzu z\u00e4hlen beispielsweise Kosten f\u00fcr die Geld\u00fcbermittlung durch Kreditinstitute (zB. \u00dcberweisungsgeb\u00fchren, Wechselkursgeb\u00fchren) oder einfuhrrechtliche Abgaben bzw. Steuern (z.B. Z\u00f6lle). Solche Kosten k\u00f6nnen in Bezug auf die Geld\u00fcbermittlung auch dann anfallen, wenn die Lieferung nicht in ein Land au\u00dferhalb der Europ\u00e4ischen Union erfolgt, der Kunde die Zahlung aber von einem Land au\u00dferhalb der Europ\u00e4ischen Union aus vornimmt.<br>4.3 Die Zahlungsm\u00f6glichkeit\/en wird\/werden dem Kunden im Online-Shop des Verk\u00e4ufers mitgeteilt.<br>4.4 Ist Vorkasse per Bank\u00fcberweisung vereinbart, ist die Zahlung sofort nach Vertragsabschluss f\u00e4llig, sofern die Parteien keinen sp\u00e4teres F\u00e4lligkeitstermin vereinbart haben.<br>4.5 Bei Zahlung mittels einer von PayPal angebotenen Zahlungsart erfolgt die Zahlungsabwicklung \u00fcber den Zahlungsdienstleister PayPal (Europe) S.\u00e0 r.l. et Cie, S.C.A., 22-24 Boulevard Royal, L-2449 Luxembourg (im folgenden \u201ePayPal\u201c) unter Geltung der PayPal-Nutzungsbedingungen, einsehbar unter<br>http:\/\/www.paypal.com\/de\/webapps\/mpp\/ua\/useragreement-full oder \u2013 falls der Kunde nicht \u00fcber ein PayPal-Konto verf\u00fcgt \u2013 unter Geltung der Bedingungen f\u00fcr Zahlungen ohne PayPal-Konto, einsehbar unter<br>http:\/\/www.paypal.com\/de\/webapps\/mpp\/ua\/privacywax-full.<br>4.6 Bei Auswahl der Zahlungsart \u201ePayPal Express\u201c erfolgt die Zahlungsabwicklung \u00fcber den Zahlungsdienstleister PayPal (Europe) S.\u00e0 r.l. et Cie, S.C.A., 22-24 Boulevard Royal, L-2449 Luxembourg (im folgenden \u201ePayPal\u201c) unter Geltung der PayPal-Nutzungsbedingungen, einsehbar unter<br>http:\/\/www.paypal.com\/de\/webapps\/mpp\/ua\/useragreement-full oder \u2013 falls der Kunde nicht \u00fcber ein PayPal-Konto verf\u00fcgt \u2013 unter Geltung der Bedingungen f\u00fcr Zahlungen ohne PayPal-Konto, einsehbar unter<br>http:\/\/www.paypal.com\/de\/webapps\/mpp\/ua\/privacywax-full. W\u00e4hlt der Kunde im Rahmen des Online-Bestellvorgangs \u201ePayPal Express\u201c als Zahlungsart aus, erteilt er durch Klicken des den Bestellvorgang abschlie\u00dfenden Buttons zugleich auch einen Zahlungsauftrag an PayPal. F\u00fcr diesen Fall erkl\u00e4rt der Verk\u00e4ufer schon jetzt die Annahme des Angebots des Kunden in dem Zeitpunkt, in dem der Kunde durch Klicken des den Bestellvorgang abschlie\u00dfenden Buttons den Zahlungsvorgang ausl\u00f6st.<br>4.7 Bei Auswahl der Zahlungsart EPS-Lastschrift ist der Rechnungsbetrag nach Erteilung eines EPS-Lastschriftmandats, nicht jedoch vor Ablauf der Frist f\u00fcr die Vorabinformation zur Zahlung f\u00e4llig. Der Einzug der Lastschrift erfolgt, wenn die bestellte Ware das Lager des Verk\u00e4ufers verl\u00e4sst, nicht jedoch vor Ablauf der Frist f\u00fcr die Vorabinformation. Vorabinformationen (\u201ePre-Notification\u201c) ist jede Mitteilung (z.B. Auftragsbest\u00e4tigung, Rechnung, Police, Vertrag) des Verk\u00e4ufers an den Kunden, die eine Belastung mittels EPS-Lastschrift ank\u00fcndigt. Wird die Lastschrift mangels ausreichender Kontodeckung oder aufgrund der Angabe einer falschen Bankverbindung nicht eingel\u00f6st oder widerspricht der Kunde der Abbuchung, obwohl er hierzu nicht berechtigt ist, hat der Kunde die durch die R\u00fcckbuchung des jeweiligen Kreditinstituts entstehenden Geb\u00fchren zu tragen, wenn er dies zu vertreten hat. Der Verk\u00e4ufer beh\u00e4lt sich vor, bei Auswahl der Zahlungsart EPS-Lastschrift eine Bonit\u00e4tspr\u00fcfung durchzuf\u00fchren und diese Zahlungsart bei negativer Bonit\u00e4tspr\u00fcfung abzulehnen.<br>4.8 Bei Auswahl der Zahlungsart EPS-Lastschrift ist der Rechnungsbetrag nach Erteilung eines EPS-Lastschriftmandats, nicht jedoch vor Ablauf der Frist f\u00fcr die Vorabinformation zur Zahlung f\u00e4llig. Der Einzug der Lastschrift erfolgt, wenn die bestellte Ware das Lager des Verk\u00e4ufers verl\u00e4sst, nicht jedoch vor Ablauf der Frist f\u00fcr die Vorabinformation. Vorabinformationen (\u201ePre-Notification\u201c) ist jede Mitteilung (z.B. Auftragsbest\u00e4tigung, Rechnung, Police, Vertrag) des Verk\u00e4ufers an den Kunden, die eine Belastung mittels EPS-Lastschrift ank\u00fcndigt. Wird die Lastschrift mangels ausreichender Kontodeckung oder aufgrund der Angabe einer falschen Bankverbindung nicht eingel\u00f6st oder widerspricht der Kunde der Abbuchung, obwohl er hierzu nicht berechtigt ist, hat der Kunde die durch die R\u00fcckbuchung des jeweiligen Kreditinstituts entstehenden Geb\u00fchren zu tragen, wenn er dies zu vertreten hat. Der Verk\u00e4ufer beh\u00e4lt sich vor, bei Auswahl der Zahlungsart EPS-Lastschrift eine Bonit\u00e4tspr\u00fcfung durchzuf\u00fchren und diese Zahlungsart bei negativer Bonit\u00e4tspr\u00fcfung abzulehnen.<br>4.9 Bei Auswahl der Zahlungsart Kreditkarte ist der Rechnungsbetrag mit Vertragsabschluss sofort f\u00e4llig. Die Abwicklung der Zahlungsart Kreditkartenzahlung erfolgt in Zusammenarbeit mit Stripe.com (510 Townsend Street, San Francisco, CA 94103, USA) an die der Anbieter seine Zahlungsforderung abtritt. Stripe.com zieht den Rechnungsbetrag vom angegebenen Kreditkartenkonto des Kunden ein. Im Falle der Abtretung kann nur an Stripe.com mit schuldbefreiender Wirkung geleistet werden. Die Belastung der Kreditkarte erfolgt umgehend nach Absendung der Kundenbestellung im Online-Shop. Der Anbieter bleibt auch bei Auswahl der Zahlungsart Kreditkartenzahlung \u00fcber Stripe.com zust\u00e4ndig f\u00fcr allgemeine Kundenanfragen wie z.B. zur Ware, Lieferzeit, Versendung, Retouren, Reklamationen, Widerrufserkl\u00e4rungen und \u2013Zusendungen oder Gutschriften.<\/p>\n<p><strong>5. Liefer- und Versandbedingungen<\/strong><br>5.1 Die Lieferung von Waren erfolgt auf dem Versandweg an die vom Kunden angegebene Lieferanschrift, sofern nichts anderes vereinbart ist. Bei der Abwicklung der Transaktion ist die in der Bestellabwicklung des Verk\u00e4ufers angegebene Lieferanschrift ma\u00dfgeblich.<br>5.2 Bei Waren, die per Spedition geliefert werden, erfolgt die Lieferung \u201efrei Bordsteinkante\u201c, also bis zu der der Lieferadresse n\u00e4chst gelegenen \u00f6ffentlichen Bordsteinkante, sofern sich aus den Versandinformationen im Online-Shop des Verk\u00e4ufers nichts anderes ergibt und sofern nichts anderes vereinbart ist.<br>5.3 Sendet das Transportunternehmen die versandte Ware an den Verk\u00e4ufer zur\u00fcck, da eine Zustellung beim Kunden nicht m\u00f6glich war, tr\u00e4gt der Kunde die Kosten f\u00fcr den erfolglosen Versand. Dies gilt nicht, wenn der Kunde sein Widerrufsrecht wirksam aus\u00fcbt, wenn er den Umstand, der zur Unm\u00f6glichkeit der Zustellung gef\u00fchrt hat, nicht zu vertreten hat oder wenn er vor\u00fcbergehend an der Annahme der angebotenen Leistung verhindert war, es sei denn, dass der Verk\u00e4ufer ihm die Leistung eine angemessene Zeit vorher angek\u00fcndigt hatte.<br>5.4 Selbstabholung ist aus logistischen Gr\u00fcnden nicht m\u00f6glich.<\/p>\n<p><strong>6. Eigentumsvorbehalt<\/strong><br>Tritt der Verk\u00e4ufer in Vorleistung, beh\u00e4lt er sich bis zur vollst\u00e4ndigen Bezahlung des geschuldeten Kaufpreises das Eigentum an der gelieferten Ware vor.<\/p>\n<p><strong>7. M\u00e4ngelhaftung<\/strong><br>7.1 Ist die Kaufsache mangelhaft, gelten die Vorschriften der gesetzlichen M\u00e4ngelhaftung.<br>7.2 Der Kunde wird gebeten, angelieferte Waren mit offensichtlichen Transportsch\u00e4den bei dem Zusteller zu reklamieren oder die Annahme nur unter Beif\u00fcgung des Satzes \u201eAnnahme unter Vorbehalt\u201c durchzuf\u00fchren und den Verk\u00e4ufer hiervon in Kenntnis zu setzen. Kommt der Kunde dem nicht nach, hat dies keinerlei Auswirkungen auf seine gesetzlichen oder vertraglichen M\u00e4ngelanspr\u00fcche.<\/p>\n<p><strong>8. Einl\u00f6sung von Aktionsgutscheinen<\/strong><br>8.1 Gutscheine, die vom Verk\u00e4ufer im Rahmen von Werbeaktionen mit einer bestimmten G\u00fcltigkeitsdauer unentgeltlich ausgegeben werden und die vom Kunden nicht k\u00e4uflich erworben werden k\u00f6nnen (nachfolgend \u201eAktionsgutscheine\u201c), k\u00f6nnen nur im Online-Shop des Verk\u00e4ufers und nur im angegebenen Zeitraum eingel\u00f6st werden.<br>8.2 Einzelne Produkte k\u00f6nnen von der Gutscheinaktion ausgeschlossen sein, sofern sich eine entsprechende Einschr\u00e4nkung aus dem Inhalt des Aktionsgutscheins ergibt.<br>8.3 Aktionsgutscheine k\u00f6nnen nur vor Abschluss des Bestellvorgangs eingel\u00f6st werden. Eine nachtr\u00e4gliche Verrechnung ist nicht m\u00f6glich.<br>8.4 Pro Bestellung kann immer nur ein Aktionsgutschein eingel\u00f6st werden.<br>8.5 Der Warenwert muss mindestens dem Betrag des Aktionsgutscheins entsprechen. Etwaiges Restguthaben wird vom Verk\u00e4ufer nicht erstattet.<br>8.6 Reicht der Wert des Aktionsgutscheins zur Deckung des Bestellung nicht aus, kann zur Begleichung des Differenzbetrages eine der \u00fcbrigen vom Verk\u00e4ufer angebotenen Zahlungsarten gew\u00e4hlt werden.<br>8.7 Das Guthaben eines Aktionsgutscheins wird weder in Bargeld ausgezahlt noch verzinst.<br>8.8 Der Aktionsgutschein wird nicht erstattet, wenn der Kunde die mit dem Aktionsgutschein ganz oder teilweise bezahlte Ware im Rahmen seines gesetzlichen Widerrufsrechts zur\u00fcckgibt.<br>8.9 Der Aktionsgutschein ist \u00fcbertragbar. Der Verk\u00e4ufer kann mit befreiender Wirkung an den jeweiligen Inhaber, der den Aktionsgutschein im Online-Shop des Verk\u00e4ufers einl\u00f6st, leisten. Dies gilt nicht, wenn der Verk\u00e4ufer Kenntnis oder grob fahrl\u00e4ssige Unkenntnis von der Nichtberechtigung, der Gesch\u00e4ftsunf\u00e4higkeit oder der fehlenden Vertretungsberechtigung des jeweiligen Inhabers hat.<\/p>\n<p><strong>9. Anwendbares Recht<\/strong><br>F\u00fcr s\u00e4mtliche Rechtsbeziehungen der Parteien gilt das Recht der Republik \u00d6sterreich unter Ausschluss der Gesetze \u00fcber den internationalen Kauf beweglicher Waren. Bei Verbrauchern gilt diese Rechtswahl nur insoweit, als nicht der gew\u00e4hrte Schutz durch zwingende Bestimmungen des Rechts des Staates, in dem der Verbraucher seinen gew\u00f6hnlichen Aufenthalt hat, entzogen wird. Gerichtsstand ist Leoben.<\/p>\n<p><strong>10. Alternative Streitbeilegung<\/strong><br>10.1 Die EU-Kommission stellt im Internet unter folgendem Link eine Plattform zur Online-Streitbeilegung bereit: http:\/\/www.ec.europa.eu\/consumers\/odr<br>Diese Plattform dient als Anlaufstelle zur au\u00dfergerichtlichen Beilegung von Streitigkeiten aus Online-Kauf- oder Dienstvertr\u00e4gen, an denen ein Verbraucher beteiligt ist.<br>10.2 Der Verk\u00e4ufer ist zur Teilnahme an einem Streitbeilegungsverfahren vor einer Verbraucherschlichtungsstelle weder verpflichtet noch bereit.<\/p>\t\t\t\t\t<\/div>\n\t\t\t\t\t\t<\/div>\n\t\t\t\t<\/div>\n\t\t\t\t\t\t<\/div>\n\t\t\t\t\t<\/div>\n\t\t<\/div>\n\t\t\t\t\t\t\t\t<\/div>\n\t\t\t\t\t<\/div>\n\t\t<\/section>\n\t\t\t\t\t\t<\/div>\n\t\t\t\t\t\t<\/div>\n\t\t\t\t\t<\/div>\n\t\t","protected":false},"excerpt":{"rendered":"<p>Allgemeine Gesch\u00e4ftsbedingungen mit Kundeninformationen (AGB) 1. Geltungsbereich1.1 Diese Allgemeinen Gesch\u00e4ftsbedingungen (nachfolgend \u201eAGB\u201c) von Daniel Thonhofer, handelnd unter \u201emamo pet sports\u201c (nachfolgend \u201eVerk\u00e4ufer\u201c), gelten f\u00fcr alle Vertr\u00e4ge \u00fcber die Lieferung von Waren, die ein Verbraucher oder Unternehmer (nachfolgend \u201eKunde\u201c) mit dem Verk\u00e4ufer hinsichtlich der vom Verk\u00e4ufer in seinem Online-Shop dargestellten Waren abschlie\u00dft. Hiermit wird der Einbeziehung [&hellip;]<\/p>\n","protected":false},"author":1,"featured_media":0,"parent":0,"menu_order":0,"comment_status":"closed","ping_status":"closed","template":"","meta":[],"yoast_head":"<!-- This site is optimized with the Yoast SEO plugin v18.3 - https:\/\/yoast.com\/wordpress\/plugins\/seo\/ -->\n<title>Allgmeine Gesch\u00e4ftsbedingungen (AGB) | mamo AUTside Dogs<\/title>\n<meta name=\"description\" content=\"In unseren mamo pet sports allgemeinen Gesch\u00e4ftsbedingungen finden Sie alle Informationen, die f\u00fcr Sie relevant sein k\u00f6nnten an einem Ort.\" \/>\n<meta name=\"robots\" content=\"index, follow, max-snippet:-1, max-image-preview:large, max-video-preview:-1\" \/>\n<link rel=\"canonical\" href=\"https:\/\/mamopetsports.com\/de\/agb\/\" \/>\n<meta property=\"og:locale\" content=\"de_DE\" \/>\n<meta property=\"og:type\" content=\"article\" \/>\n<meta property=\"og:title\" content=\"Allgmeine Gesch\u00e4ftsbedingungen (AGB) | mamo AUTside Dogs\" \/>\n<meta property=\"og:description\" content=\"In unseren mamo pet sports allgemeinen Gesch\u00e4ftsbedingungen finden Sie alle Informationen, die f\u00fcr Sie relevant sein k\u00f6nnten an einem Ort.\" \/>\n<meta property=\"og:url\" content=\"https:\/\/mamopetsports.com\/de\/agb\/\" \/>\n<meta property=\"og:site_name\" content=\"mamo AUTside Dogs\" \/>\n<meta property=\"article:modified_time\" content=\"2021-03-22T10:33:10+00:00\" \/>\n<meta name=\"twitter:card\" content=\"summary_large_image\" \/>\n<meta name=\"twitter:label1\" content=\"Gesch\u00e4tzte Lesezeit\" \/>\n\t<meta name=\"twitter:data1\" content=\"9 Minuten\" \/>\n<script type=\"application\/ld+json\" class=\"yoast-schema-graph\">{\"@context\":\"https:\/\/schema.org\",\"@graph\":[{\"@type\":\"WebSite\",\"@id\":\"https:\/\/mamopetsports.com\/de\/#website\",\"url\":\"https:\/\/mamopetsports.com\/de\/\",\"name\":\"mamo AUTside Dogs\",\"description\":\"Innovative Produkte f\u00fcr die Vierbeiner-Outdoorszene\",\"potentialAction\":[{\"@type\":\"SearchAction\",\"target\":{\"@type\":\"EntryPoint\",\"urlTemplate\":\"https:\/\/mamopetsports.com\/de\/?s={search_term_string}\"},\"query-input\":\"required name=search_term_string\"}],\"inLanguage\":\"de-DE\"},{\"@type\":\"WebPage\",\"@id\":\"https:\/\/mamopetsports.com\/de\/agb\/#webpage\",\"url\":\"https:\/\/mamopetsports.com\/de\/agb\/\",\"name\":\"Allgmeine Gesch\u00e4ftsbedingungen (AGB) | mamo AUTside Dogs\",\"isPartOf\":{\"@id\":\"https:\/\/mamopetsports.com\/de\/#website\"},\"datePublished\":\"2021-02-07T05:42:57+00:00\",\"dateModified\":\"2021-03-22T10:33:10+00:00\",\"description\":\"In unseren mamo pet sports allgemeinen Gesch\u00e4ftsbedingungen finden Sie alle Informationen, die f\u00fcr Sie relevant sein k\u00f6nnten an einem Ort.\",\"breadcrumb\":{\"@id\":\"https:\/\/mamopetsports.com\/de\/agb\/#breadcrumb\"},\"inLanguage\":\"de-DE\",\"potentialAction\":[{\"@type\":\"ReadAction\",\"target\":[\"https:\/\/mamopetsports.com\/de\/agb\/\"]}]},{\"@type\":\"BreadcrumbList\",\"@id\":\"https:\/\/mamopetsports.com\/de\/agb\/#breadcrumb\",\"itemListElement\":[{\"@type\":\"ListItem\",\"position\":1,\"name\":\"Home\",\"item\":\"https:\/\/mamopetsports.com\/de\/\"},{\"@type\":\"ListItem\",\"position\":2,\"name\":\"AGB\"}]}]}<\/script>\n<!-- \/ Yoast SEO plugin. -->","yoast_head_json":{"title":"Allgmeine Gesch\u00e4ftsbedingungen (AGB) | mamo AUTside Dogs","description":"In unseren mamo pet sports allgemeinen Gesch\u00e4ftsbedingungen finden Sie alle Informationen, die f\u00fcr Sie relevant sein k\u00f6nnten an einem Ort.","robots":{"index":"index","follow":"follow","max-snippet":"max-snippet:-1","max-image-preview":"max-image-preview:large","max-video-preview":"max-video-preview:-1"},"canonical":"https:\/\/mamopetsports.com\/de\/agb\/","og_locale":"de_DE","og_type":"article","og_title":"Allgmeine Gesch\u00e4ftsbedingungen (AGB) | mamo AUTside Dogs","og_description":"In unseren mamo pet sports allgemeinen Gesch\u00e4ftsbedingungen finden Sie alle Informationen, die f\u00fcr Sie relevant sein k\u00f6nnten an einem Ort.","og_url":"https:\/\/mamopetsports.com\/de\/agb\/","og_site_name":"mamo AUTside Dogs","article_modified_time":"2021-03-22T10:33:10+00:00","twitter_card":"summary_large_image","twitter_misc":{"Gesch\u00e4tzte Lesezeit":"9 Minuten"},"schema":{"@context":"https:\/\/schema.org","@graph":[{"@type":"WebSite","@id":"https:\/\/mamopetsports.com\/de\/#website","url":"https:\/\/mamopetsports.com\/de\/","name":"mamo AUTside Dogs","description":"Innovative Produkte f\u00fcr die Vierbeiner-Outdoorszene","potentialAction":[{"@type":"SearchAction","target":{"@type":"EntryPoint","urlTemplate":"https:\/\/mamopetsports.com\/de\/?s={search_term_string}"},"query-input":"required name=search_term_string"}],"inLanguage":"de-DE"},{"@type":"WebPage","@id":"https:\/\/mamopetsports.com\/de\/agb\/#webpage","url":"https:\/\/mamopetsports.com\/de\/agb\/","name":"Allgmeine Gesch\u00e4ftsbedingungen (AGB) | mamo AUTside Dogs","isPartOf":{"@id":"https:\/\/mamopetsports.com\/de\/#website"},"datePublished":"2021-02-07T05:42:57+00:00","dateModified":"2021-03-22T10:33:10+00:00","description":"In unseren mamo pet sports allgemeinen Gesch\u00e4ftsbedingungen finden Sie alle Informationen, die f\u00fcr Sie relevant sein k\u00f6nnten an einem Ort.","breadcrumb":{"@id":"https:\/\/mamopetsports.com\/de\/agb\/#breadcrumb"},"inLanguage":"de-DE","potentialAction":[{"@type":"ReadAction","target":["https:\/\/mamopetsports.com\/de\/agb\/"]}]},{"@type":"BreadcrumbList","@id":"https:\/\/mamopetsports.com\/de\/agb\/#breadcrumb","itemListElement":[{"@type":"ListItem","position":1,"name":"Home","item":"https:\/\/mamopetsports.com\/de\/"},{"@type":"ListItem","position":2,"name":"AGB"}]}]}},"_links":{"self":[{"href":"https:\/\/mamopetsports.com\/de\/wp-json\/wp\/v2\/pages\/687"}],"collection":[{"href":"https:\/\/mamopetsports.com\/de\/wp-json\/wp\/v2\/pages"}],"about":[{"href":"https:\/\/mamopetsports.com\/de\/wp-json\/wp\/v2\/types\/page"}],"author":[{"embeddable":true,"href":"https:\/\/mamopetsports.com\/de\/wp-json\/wp\/v2\/users\/1"}],"replies":[{"embeddable":true,"href":"https:\/\/mamopetsports.com\/de\/wp-json\/wp\/v2\/comments?post=687"}],"version-history":[{"count":4,"href":"https:\/\/mamopetsports.com\/de\/wp-json\/wp\/v2\/pages\/687\/revisions"}],"predecessor-version":[{"id":3044,"href":"https:\/\/mamopetsports.com\/de\/wp-json\/wp\/v2\/pages\/687\/revisions\/3044"}],"wp:attachment":[{"href":"https:\/\/mamopetsports.com\/de\/wp-json\/wp\/v2\/media?parent=687"}],"curies":[{"name":"wp","href":"https:\/\/api.w.org\/{rel}","templated":true}]}}