{"id":698,"date":"2021-02-07T05:58:43","date_gmt":"2021-02-07T05:58:43","guid":{"rendered":"https:\/\/mamopetsports.com\/?page_id=698"},"modified":"2022-07-20T12:42:25","modified_gmt":"2022-07-20T11:42:25","slug":"mamo-pet-sports-duo","status":"publish","type":"page","link":"https:\/\/mamopetsports.com\/de\/mamo-pet-sports-duo\/","title":{"rendered":"Das Team"},"content":{"rendered":"\t\t<div data-elementor-type=\"wp-page\" data-elementor-id=\"698\" class=\"elementor elementor-698\" data-elementor-settings=\"[]\">\n\t\t\t\t\t\t<div class=\"elementor-inner\">\n\t\t\t\t\t\t\t<div class=\"elementor-section-wrap\">\n\t\t\t\t\t\t\t<section class=\"elementor-section elementor-top-section elementor-element elementor-element-35f4777 elementor-section-boxed elementor-section-height-default elementor-section-height-default\" data-id=\"35f4777\" data-element_type=\"section\">\n\t\t\t\t\t\t<div class=\"elementor-container elementor-column-gap-default\">\n\t\t\t\t\t\t\t<div class=\"elementor-row\">\n\t\t\t\t\t<div class=\"elementor-column elementor-col-100 elementor-top-column elementor-element elementor-element-3127671\" data-id=\"3127671\" data-element_type=\"column\">\n\t\t\t<div class=\"elementor-column-wrap elementor-element-populated\">\n\t\t\t\t\t\t\t<div class=\"elementor-widget-wrap\">\n\t\t\t\t\t\t<div class=\"elementor-element elementor-element-bade248 elementor-widget elementor-widget-text-editor\" data-id=\"bade248\" data-element_type=\"widget\" data-widget_type=\"text-editor.default\">\n\t\t\t\t<div class=\"elementor-widget-container\">\n\t\t\t\t\t\t\t\t<div class=\"elementor-text-editor elementor-clearfix\">\n\t\t\t\t<div class=\"vc_row wpb_row vc_row-fluid\"><div class=\"wpb_column vc_column_container vc_col-sm-12\"><div class=\"vc_column-inner\"><div class=\"wpb_wrapper\"><div class=\"wpb_text_column wpb_content_element \"><div class=\"wpb_wrapper\"><h1><strong>DAS mamo pet sports TEAM <br \/><\/strong><\/h1><\/div><div class=\"wpb_wrapper\"><h2><strong>Gr\u00fcnder Duo<br \/><\/strong><\/h2><p>Das Ziel der Reise stand fest: <em>more agility \u2013 more options<\/em> bei Outdoor-Aktivit\u00e4ten mit Hunden, daraus leitet sich auch der Name <em>mamo pet sports<\/em> ab. 2017 startete ich\u00a0 (Daniel) mit der Entwicklung unserer ersten innovativen Produktidee f\u00fcr die Vierbeiner-Outdoorszene \u2013 von Tag eins an immer an meiner Seite: Meine Cocker Spaniel H\u00fcndin Lilly. Sie &amp; ihr Cocker-Bruder Ferdinand sind auch unsere Produkttester Nummer 1 im Haus.<\/p><\/div><\/div><\/div><\/div><\/div><\/div>\t\t\t\t\t<\/div>\n\t\t\t\t\t\t<\/div>\n\t\t\t\t<\/div>\n\t\t\t\t\t\t<\/div>\n\t\t\t\t\t<\/div>\n\t\t<\/div>\n\t\t\t\t\t\t\t\t<\/div>\n\t\t\t\t\t<\/div>\n\t\t<\/section>\n\t\t\t\t<section class=\"elementor-section elementor-top-section elementor-element elementor-element-576b9fc elementor-section-boxed elementor-section-height-default elementor-section-height-default\" data-id=\"576b9fc\" data-element_type=\"section\">\n\t\t\t\t\t\t<div class=\"elementor-container elementor-column-gap-default\">\n\t\t\t\t\t\t\t<div class=\"elementor-row\">\n\t\t\t\t\t<div class=\"elementor-column elementor-col-100 elementor-top-column elementor-element elementor-element-4c56dd1\" data-id=\"4c56dd1\" data-element_type=\"column\">\n\t\t\t<div class=\"elementor-column-wrap elementor-element-populated\">\n\t\t\t\t\t\t\t<div class=\"elementor-widget-wrap\">\n\t\t\t\t\t\t<div class=\"elementor-element elementor-element-336366d elementor-widget elementor-widget-gallery\" data-id=\"336366d\" data-element_type=\"widget\" data-settings=\"{&quot;gallery_layout&quot;:&quot;justified&quot;,&quot;lazyload&quot;:&quot;yes&quot;,&quot;ideal_row_height&quot;:{&quot;unit&quot;:&quot;px&quot;,&quot;size&quot;:200,&quot;sizes&quot;:[]},&quot;ideal_row_height_tablet&quot;:{&quot;unit&quot;:&quot;px&quot;,&quot;size&quot;:150,&quot;sizes&quot;:[]},&quot;ideal_row_height_mobile&quot;:{&quot;unit&quot;:&quot;px&quot;,&quot;size&quot;:150,&quot;sizes&quot;:[]},&quot;gap&quot;:{&quot;unit&quot;:&quot;px&quot;,&quot;size&quot;:10,&quot;sizes&quot;:[]},&quot;gap_tablet&quot;:{&quot;unit&quot;:&quot;px&quot;,&quot;size&quot;:10,&quot;sizes&quot;:[]},&quot;gap_mobile&quot;:{&quot;unit&quot;:&quot;px&quot;,&quot;size&quot;:10,&quot;sizes&quot;:[]},&quot;link_to&quot;:&quot;file&quot;,&quot;overlay_background&quot;:&quot;yes&quot;,&quot;content_hover_animation&quot;:&quot;fade-in&quot;}\" data-widget_type=\"gallery.default\">\n\t\t\t\t<div class=\"elementor-widget-container\">\n\t\t\t\t\t<div class=\"elementor-gallery__container\">\n\t\t\t\t\t\t\t<a class=\"e-gallery-item elementor-gallery-item elementor-animated-content\" href=\"https:\/\/mamopetsports.com\/wp-content\/uploads\/2021\/02\/Foto-11.01.20-10-24-59_neu-scaled1.jpg\" data-elementor-open-lightbox=\"yes\" data-elementor-lightbox-slideshow=\"all-336366d\" data-elementor-lightbox-title=\"Das unschlagbare mamo pet sports am Gipfel\">\n\t\t\t\t\t<div class=\"e-gallery-image elementor-gallery-item__image\" data-thumbnail=\"https:\/\/mamopetsports.com\/wp-content\/uploads\/2021\/02\/Foto-11.01.20-10-24-59_neu-scaled1-300x300.jpg\" data-width=\"300\" data-height=\"300\" alt=\"das-unschlagbare-duo-mamo-pet-sports-duo-am-gipfel\" ><\/div>\n\t\t\t\t\t\t\t\t\t\t\t<div class=\"elementor-gallery-item__overlay\"><\/div>\n\t\t\t\t\t\t\t\t\t\t\t\t\t\t<\/a>\n\t\t\t\t\t\t\t<a class=\"e-gallery-item elementor-gallery-item elementor-animated-content\" href=\"https:\/\/mamopetsports.com\/wp-content\/uploads\/2021\/02\/IMG_4647-scaled1.jpg\" data-elementor-open-lightbox=\"yes\" data-elementor-lightbox-slideshow=\"all-336366d\" data-elementor-lightbox-title=\"Das unschlagbare mamo pet sports im Schnee\">\n\t\t\t\t\t<div class=\"e-gallery-image elementor-gallery-item__image\" data-thumbnail=\"https:\/\/mamopetsports.com\/wp-content\/uploads\/2021\/02\/IMG_4647-scaled1-300x300.jpg\" data-width=\"300\" data-height=\"300\" alt=\"das-unschlagbare-duo-mamo-pet-sports-im-schnee\" ><\/div>\n\t\t\t\t\t\t\t\t\t\t\t<div class=\"elementor-gallery-item__overlay\"><\/div>\n\t\t\t\t\t\t\t\t\t\t\t\t\t\t<\/a>\n\t\t\t\t\t\t\t<a class=\"e-gallery-item elementor-gallery-item elementor-animated-content\" href=\"https:\/\/mamopetsports.com\/wp-content\/uploads\/2021\/02\/Foto-12.01.20-11-11-191.jpg\" data-elementor-open-lightbox=\"yes\" data-elementor-lightbox-slideshow=\"all-336366d\" data-elementor-lightbox-title=\"Das unschlagbare mamo pet-sports beim Schneeschuh wandern\">\n\t\t\t\t\t<div class=\"e-gallery-image elementor-gallery-item__image\" data-thumbnail=\"https:\/\/mamopetsports.com\/wp-content\/uploads\/2021\/02\/Foto-12.01.20-11-11-191-300x300.jpg\" data-width=\"300\" data-height=\"300\" alt=\"das-unschlagbare-duo-mamo-pet-sports-beim-schneeschuh-wandern\" ><\/div>\n\t\t\t\t\t\t\t\t\t\t\t<div class=\"elementor-gallery-item__overlay\"><\/div>\n\t\t\t\t\t\t\t\t\t\t\t\t\t\t<\/a>\n\t\t\t\t\t\t\t<a class=\"e-gallery-item elementor-gallery-item elementor-animated-content\" href=\"https:\/\/mamopetsports.com\/wp-content\/uploads\/2021\/02\/IMG_5853-min-scaled1.jpg\" data-elementor-open-lightbox=\"yes\" data-elementor-lightbox-slideshow=\"all-336366d\" data-elementor-lightbox-title=\"Das unschlagbare mamo pet sports am Gipfel\">\n\t\t\t\t\t<div class=\"e-gallery-image elementor-gallery-item__image\" data-thumbnail=\"https:\/\/mamopetsports.com\/wp-content\/uploads\/2021\/02\/IMG_5853-min-scaled1-300x300.jpg\" data-width=\"300\" data-height=\"300\" alt=\"das-unschlagbare-duo-mamo-pet-sports-im-schnee-2\" ><\/div>\n\t\t\t\t\t\t\t\t\t\t\t<div class=\"elementor-gallery-item__overlay\"><\/div>\n\t\t\t\t\t\t\t\t\t\t\t\t\t\t<\/a>\n\t\t\t\t\t\t\t<a class=\"e-gallery-item elementor-gallery-item elementor-animated-content\" href=\"https:\/\/mamopetsports.com\/wp-content\/uploads\/2021\/02\/Foto-13.10.19-08-42-091.jpg\" data-elementor-open-lightbox=\"yes\" data-elementor-lightbox-slideshow=\"all-336366d\" data-elementor-lightbox-title=\"Das unschlagbare mamo pet sports mit bester Aussicht\">\n\t\t\t\t\t<div class=\"e-gallery-image elementor-gallery-item__image\" data-thumbnail=\"https:\/\/mamopetsports.com\/wp-content\/uploads\/2021\/02\/Foto-13.10.19-08-42-091-300x300.jpg\" data-width=\"300\" data-height=\"300\" alt=\"das-unschlagbare-duo-mamo-pet-sports-mit-bester-aussicht\" ><\/div>\n\t\t\t\t\t\t\t\t\t\t\t<div class=\"elementor-gallery-item__overlay\"><\/div>\n\t\t\t\t\t\t\t\t\t\t\t\t\t\t<\/a>\n\t\t\t\t\t\t\t<a class=\"e-gallery-item elementor-gallery-item elementor-animated-content\" href=\"https:\/\/mamopetsports.com\/wp-content\/uploads\/2021\/02\/Bild-fuer-Homepage1.jpg\" data-elementor-open-lightbox=\"yes\" data-elementor-lightbox-slideshow=\"all-336366d\" data-elementor-lightbox-title=\"Das unschlagbare mamo pet sports Team \u00fcber den Wolken\">\n\t\t\t\t\t<div class=\"e-gallery-image elementor-gallery-item__image\" data-thumbnail=\"https:\/\/mamopetsports.com\/wp-content\/uploads\/2021\/02\/Bild-fuer-Homepage1-300x300.jpg\" data-width=\"300\" data-height=\"300\" alt=\"das-unschlagbare-duo-mamo-pet-sports-duo-\u00fcber-den-wolken\" ><\/div>\n\t\t\t\t\t\t\t\t\t\t\t<div class=\"elementor-gallery-item__overlay\"><\/div>\n\t\t\t\t\t\t\t\t\t\t\t\t\t\t<\/a>\n\t\t\t\t\t<\/div>\n\t\t\t<\/div>\n\t\t\t\t<\/div>\n\t\t\t\t\t\t<\/div>\n\t\t\t\t\t<\/div>\n\t\t<\/div>\n\t\t\t\t\t\t\t\t<\/div>\n\t\t\t\t\t<\/div>\n\t\t<\/section>\n\t\t\t\t<section class=\"elementor-section elementor-top-section elementor-element elementor-element-30cfca3 elementor-section-boxed elementor-section-height-default elementor-section-height-default\" data-id=\"30cfca3\" data-element_type=\"section\">\n\t\t\t\t\t\t<div class=\"elementor-container elementor-column-gap-default\">\n\t\t\t\t\t\t\t<div class=\"elementor-row\">\n\t\t\t\t\t<div class=\"elementor-column elementor-col-100 elementor-top-column elementor-element elementor-element-a1f0770\" data-id=\"a1f0770\" data-element_type=\"column\">\n\t\t\t<div class=\"elementor-column-wrap elementor-element-populated\">\n\t\t\t\t\t\t\t<div class=\"elementor-widget-wrap\">\n\t\t\t\t\t\t<div class=\"elementor-element elementor-element-d30f776 elementor-widget elementor-widget-text-editor\" data-id=\"d30f776\" data-element_type=\"widget\" data-widget_type=\"text-editor.default\">\n\t\t\t\t<div class=\"elementor-widget-container\">\n\t\t\t\t\t\t\t\t<div class=\"elementor-text-editor elementor-clearfix\">\n\t\t\t\t<div class=\"wpb_wrapper\"><h2><strong>Kreativen K\u00f6pfe hinter der N\u00e4hmaschine<br \/><\/strong><\/h2><p>Seit Mitte 2022 sind nun auch langj\u00e4hrige Partner und Unterst\u00fctzer (Fa. Zwirnstar) ein fixer Bestandteil von mamo pet sports geworden. Mario und sein Cocker Ferdinand sind bei uns f\u00fcr die Produktentwicklung vom Prototypen bis zur Serienreife zust\u00e4ndig. Kennengelernt haben sich Daniel &amp; Mario durch ihre beiden Vierbeiner &#8211; sie haben n\u00e4mlich beide eine Spaniel vom selben Wurf \ud83d\ude42<\/p><\/div>\t\t\t\t\t<\/div>\n\t\t\t\t\t\t<\/div>\n\t\t\t\t<\/div>\n\t\t\t\t\t\t<\/div>\n\t\t\t\t\t<\/div>\n\t\t<\/div>\n\t\t\t\t\t\t\t\t<\/div>\n\t\t\t\t\t<\/div>\n\t\t<\/section>\n\t\t\t\t<section class=\"elementor-section elementor-top-section elementor-element elementor-element-d7812e9 elementor-section-boxed elementor-section-height-default elementor-section-height-default\" data-id=\"d7812e9\" data-element_type=\"section\">\n\t\t\t\t\t\t<div class=\"elementor-container elementor-column-gap-default\">\n\t\t\t\t\t\t\t<div class=\"elementor-row\">\n\t\t\t\t\t<div class=\"elementor-column elementor-col-100 elementor-top-column elementor-element elementor-element-e39df3e\" data-id=\"e39df3e\" data-element_type=\"column\">\n\t\t\t<div class=\"elementor-column-wrap elementor-element-populated\">\n\t\t\t\t\t\t\t<div class=\"elementor-widget-wrap\">\n\t\t\t\t\t\t<div class=\"elementor-element elementor-element-36b2f3f elementor-widget elementor-widget-gallery\" data-id=\"36b2f3f\" data-element_type=\"widget\" data-settings=\"{&quot;gallery_layout&quot;:&quot;justified&quot;,&quot;lazyload&quot;:&quot;yes&quot;,&quot;ideal_row_height&quot;:{&quot;unit&quot;:&quot;px&quot;,&quot;size&quot;:200,&quot;sizes&quot;:[]},&quot;ideal_row_height_tablet&quot;:{&quot;unit&quot;:&quot;px&quot;,&quot;size&quot;:150,&quot;sizes&quot;:[]},&quot;ideal_row_height_mobile&quot;:{&quot;unit&quot;:&quot;px&quot;,&quot;size&quot;:150,&quot;sizes&quot;:[]},&quot;gap&quot;:{&quot;unit&quot;:&quot;px&quot;,&quot;size&quot;:10,&quot;sizes&quot;:[]},&quot;gap_tablet&quot;:{&quot;unit&quot;:&quot;px&quot;,&quot;size&quot;:10,&quot;sizes&quot;:[]},&quot;gap_mobile&quot;:{&quot;unit&quot;:&quot;px&quot;,&quot;size&quot;:10,&quot;sizes&quot;:[]},&quot;link_to&quot;:&quot;file&quot;,&quot;overlay_background&quot;:&quot;yes&quot;,&quot;content_hover_animation&quot;:&quot;fade-in&quot;}\" data-widget_type=\"gallery.default\">\n\t\t\t\t<div class=\"elementor-widget-container\">\n\t\t\t\t\t<div class=\"elementor-gallery__container\">\n\t\t\t\t\t\t\t<a class=\"e-gallery-item elementor-gallery-item elementor-animated-content\" href=\"https:\/\/mamopetsports.com\/wp-content\/uploads\/2022\/07\/Ferdi-1.jpg\" data-elementor-open-lightbox=\"yes\" data-elementor-lightbox-slideshow=\"all-36b2f3f\" data-elementor-lightbox-title=\"Ferdi 1\">\n\t\t\t\t\t<div class=\"e-gallery-image elementor-gallery-item__image\" data-thumbnail=\"https:\/\/mamopetsports.com\/wp-content\/uploads\/2022\/07\/Ferdi-1-300x300.jpg\" data-width=\"300\" data-height=\"300\" alt=\"\" ><\/div>\n\t\t\t\t\t\t\t\t\t\t\t<div class=\"elementor-gallery-item__overlay\"><\/div>\n\t\t\t\t\t\t\t\t\t\t\t\t\t\t<\/a>\n\t\t\t\t\t\t\t<a class=\"e-gallery-item elementor-gallery-item elementor-animated-content\" href=\"https:\/\/mamopetsports.com\/wp-content\/uploads\/2022\/07\/Ferdi-2.jpg\" data-elementor-open-lightbox=\"yes\" data-elementor-lightbox-slideshow=\"all-36b2f3f\" data-elementor-lightbox-title=\"Ferdi 2\">\n\t\t\t\t\t<div class=\"e-gallery-image elementor-gallery-item__image\" data-thumbnail=\"https:\/\/mamopetsports.com\/wp-content\/uploads\/2022\/07\/Ferdi-2-300x300.jpg\" data-width=\"300\" data-height=\"300\" alt=\"\" ><\/div>\n\t\t\t\t\t\t\t\t\t\t\t<div class=\"elementor-gallery-item__overlay\"><\/div>\n\t\t\t\t\t\t\t\t\t\t\t\t\t\t<\/a>\n\t\t\t\t\t\t\t<a class=\"e-gallery-item elementor-gallery-item elementor-animated-content\" href=\"https:\/\/mamopetsports.com\/wp-content\/uploads\/2022\/07\/Ferdi-5.jpg\" data-elementor-open-lightbox=\"yes\" data-elementor-lightbox-slideshow=\"all-36b2f3f\" data-elementor-lightbox-title=\"Ferdi 5\">\n\t\t\t\t\t<div class=\"e-gallery-image elementor-gallery-item__image\" data-thumbnail=\"https:\/\/mamopetsports.com\/wp-content\/uploads\/2022\/07\/Ferdi-5-300x300.jpg\" data-width=\"300\" data-height=\"300\" alt=\"\" ><\/div>\n\t\t\t\t\t\t\t\t\t\t\t<div class=\"elementor-gallery-item__overlay\"><\/div>\n\t\t\t\t\t\t\t\t\t\t\t\t\t\t<\/a>\n\t\t\t\t\t\t\t<a class=\"e-gallery-item elementor-gallery-item elementor-animated-content\" href=\"https:\/\/mamopetsports.com\/wp-content\/uploads\/2022\/07\/Ferdi-6.jpg\" data-elementor-open-lightbox=\"yes\" data-elementor-lightbox-slideshow=\"all-36b2f3f\" data-elementor-lightbox-title=\"Ferdi 6\">\n\t\t\t\t\t<div class=\"e-gallery-image elementor-gallery-item__image\" data-thumbnail=\"https:\/\/mamopetsports.com\/wp-content\/uploads\/2022\/07\/Ferdi-6-300x300.jpg\" data-width=\"300\" data-height=\"300\" alt=\"\" ><\/div>\n\t\t\t\t\t\t\t\t\t\t\t<div class=\"elementor-gallery-item__overlay\"><\/div>\n\t\t\t\t\t\t\t\t\t\t\t\t\t\t<\/a>\n\t\t\t\t\t\t\t<a class=\"e-gallery-item elementor-gallery-item elementor-animated-content\" href=\"https:\/\/mamopetsports.com\/wp-content\/uploads\/2022\/07\/Ferdi-4.jpg\" data-elementor-open-lightbox=\"yes\" data-elementor-lightbox-slideshow=\"all-36b2f3f\" data-elementor-lightbox-title=\"Ferdi 4\">\n\t\t\t\t\t<div class=\"e-gallery-image elementor-gallery-item__image\" data-thumbnail=\"https:\/\/mamopetsports.com\/wp-content\/uploads\/2022\/07\/Ferdi-4-300x300.jpg\" data-width=\"300\" data-height=\"300\" alt=\"\" ><\/div>\n\t\t\t\t\t\t\t\t\t\t\t<div class=\"elementor-gallery-item__overlay\"><\/div>\n\t\t\t\t\t\t\t\t\t\t\t\t\t\t<\/a>\n\t\t\t\t\t\t\t<a class=\"e-gallery-item elementor-gallery-item elementor-animated-content\" href=\"https:\/\/mamopetsports.com\/wp-content\/uploads\/2022\/07\/Ferdi-3.jpg\" data-elementor-open-lightbox=\"yes\" data-elementor-lightbox-slideshow=\"all-36b2f3f\" data-elementor-lightbox-title=\"Ferdi 3\">\n\t\t\t\t\t<div class=\"e-gallery-image elementor-gallery-item__image\" data-thumbnail=\"https:\/\/mamopetsports.com\/wp-content\/uploads\/2022\/07\/Ferdi-3-300x300.jpg\" data-width=\"300\" data-height=\"300\" alt=\"\" ><\/div>\n\t\t\t\t\t\t\t\t\t\t\t<div class=\"elementor-gallery-item__overlay\"><\/div>\n\t\t\t\t\t\t\t\t\t\t\t\t\t\t<\/a>\n\t\t\t\t\t<\/div>\n\t\t\t<\/div>\n\t\t\t\t<\/div>\n\t\t\t\t\t\t<\/div>\n\t\t\t\t\t<\/div>\n\t\t<\/div>\n\t\t\t\t\t\t\t\t<\/div>\n\t\t\t\t\t<\/div>\n\t\t<\/section>\n\t\t\t\t\t\t<\/div>\n\t\t\t\t\t\t<\/div>\n\t\t\t\t\t<\/div>\n\t\t","protected":false},"excerpt":{"rendered":"<p>DAS mamo pet sports TEAM Gr\u00fcnder Duo Das Ziel der Reise stand fest: more agility \u2013 more options bei Outdoor-Aktivit\u00e4ten mit Hunden, daraus leitet sich auch der Name mamo pet sports ab. 2017 startete ich\u00a0 (Daniel) mit der Entwicklung unserer ersten innovativen Produktidee f\u00fcr die Vierbeiner-Outdoorszene \u2013 von Tag eins an immer an meiner Seite: [&hellip;]<\/p>\n","protected":false},"author":1,"featured_media":0,"parent":0,"menu_order":0,"comment_status":"closed","ping_status":"closed","template":"","meta":[],"yoast_head":"<!-- This site is optimized with the Yoast SEO plugin v18.3 - https:\/\/yoast.com\/wordpress\/plugins\/seo\/ -->\n<title>Als Duo zur einzigartigen Produktidee | mamo AUTside Dogs<\/title>\n<meta name=\"description\" content=\"Cocker Spaniel H\u00fcndin Lilly &amp; Daniel leben ihre Leidenschaft. Seit 2017 t\u00fcffelt das Duo an Produkten f\u00fcr die Vierbeiner-Outdoorszene.\" \/>\n<meta name=\"robots\" content=\"index, follow, max-snippet:-1, max-image-preview:large, max-video-preview:-1\" \/>\n<link rel=\"canonical\" href=\"https:\/\/mamopetsports.com\/de\/mamo-pet-sports-duo\/\" \/>\n<meta property=\"og:locale\" content=\"de_DE\" \/>\n<meta property=\"og:type\" content=\"article\" \/>\n<meta property=\"og:title\" content=\"Als Duo zur einzigartigen Produktidee | mamo AUTside Dogs\" \/>\n<meta property=\"og:description\" content=\"Cocker Spaniel H\u00fcndin Lilly &amp; Daniel leben ihre Leidenschaft. Seit 2017 t\u00fcffelt das Duo an Produkten f\u00fcr die Vierbeiner-Outdoorszene.\" \/>\n<meta property=\"og:url\" content=\"https:\/\/mamopetsports.com\/de\/mamo-pet-sports-duo\/\" \/>\n<meta property=\"og:site_name\" content=\"mamo AUTside Dogs\" \/>\n<meta property=\"article:modified_time\" content=\"2022-07-20T11:42:25+00:00\" \/>\n<meta name=\"twitter:card\" content=\"summary_large_image\" \/>\n<meta name=\"twitter:label1\" content=\"Gesch\u00e4tzte Lesezeit\" \/>\n\t<meta name=\"twitter:data1\" content=\"1 Minute\" \/>\n<script type=\"application\/ld+json\" class=\"yoast-schema-graph\">{\"@context\":\"https:\/\/schema.org\",\"@graph\":[{\"@type\":\"WebSite\",\"@id\":\"https:\/\/mamopetsports.com\/de\/#website\",\"url\":\"https:\/\/mamopetsports.com\/de\/\",\"name\":\"mamo AUTside Dogs\",\"description\":\"Innovative Produkte f\u00fcr die Vierbeiner-Outdoorszene\",\"potentialAction\":[{\"@type\":\"SearchAction\",\"target\":{\"@type\":\"EntryPoint\",\"urlTemplate\":\"https:\/\/mamopetsports.com\/de\/?s={search_term_string}\"},\"query-input\":\"required name=search_term_string\"}],\"inLanguage\":\"de-DE\"},{\"@type\":\"WebPage\",\"@id\":\"https:\/\/mamopetsports.com\/de\/mamo-pet-sports-duo\/#webpage\",\"url\":\"https:\/\/mamopetsports.com\/de\/mamo-pet-sports-duo\/\",\"name\":\"Als Duo zur einzigartigen Produktidee | mamo AUTside Dogs\",\"isPartOf\":{\"@id\":\"https:\/\/mamopetsports.com\/de\/#website\"},\"datePublished\":\"2021-02-07T05:58:43+00:00\",\"dateModified\":\"2022-07-20T11:42:25+00:00\",\"description\":\"Cocker Spaniel H\u00fcndin Lilly & Daniel leben ihre Leidenschaft. Seit 2017 t\u00fcffelt das Duo an Produkten f\u00fcr die Vierbeiner-Outdoorszene.\",\"breadcrumb\":{\"@id\":\"https:\/\/mamopetsports.com\/de\/mamo-pet-sports-duo\/#breadcrumb\"},\"inLanguage\":\"de-DE\",\"potentialAction\":[{\"@type\":\"ReadAction\",\"target\":[\"https:\/\/mamopetsports.com\/de\/mamo-pet-sports-duo\/\"]}]},{\"@type\":\"BreadcrumbList\",\"@id\":\"https:\/\/mamopetsports.com\/de\/mamo-pet-sports-duo\/#breadcrumb\",\"itemListElement\":[{\"@type\":\"ListItem\",\"position\":1,\"name\":\"Home\",\"item\":\"https:\/\/mamopetsports.com\/de\/\"},{\"@type\":\"ListItem\",\"position\":2,\"name\":\"Das Team\"}]}]}<\/script>\n<!-- \/ Yoast SEO plugin. -->","yoast_head_json":{"title":"Als Duo zur einzigartigen Produktidee | mamo AUTside Dogs","description":"Cocker Spaniel H\u00fcndin Lilly & Daniel leben ihre Leidenschaft. Seit 2017 t\u00fcffelt das Duo an Produkten f\u00fcr die Vierbeiner-Outdoorszene.","robots":{"index":"index","follow":"follow","max-snippet":"max-snippet:-1","max-image-preview":"max-image-preview:large","max-video-preview":"max-video-preview:-1"},"canonical":"https:\/\/mamopetsports.com\/de\/mamo-pet-sports-duo\/","og_locale":"de_DE","og_type":"article","og_title":"Als Duo zur einzigartigen Produktidee | mamo AUTside Dogs","og_description":"Cocker Spaniel H\u00fcndin Lilly & Daniel leben ihre Leidenschaft. Seit 2017 t\u00fcffelt das Duo an Produkten f\u00fcr die Vierbeiner-Outdoorszene.","og_url":"https:\/\/mamopetsports.com\/de\/mamo-pet-sports-duo\/","og_site_name":"mamo AUTside Dogs","article_modified_time":"2022-07-20T11:42:25+00:00","twitter_card":"summary_large_image","twitter_misc":{"Gesch\u00e4tzte Lesezeit":"1 Minute"},"schema":{"@context":"https:\/\/schema.org","@graph":[{"@type":"WebSite","@id":"https:\/\/mamopetsports.com\/de\/#website","url":"https:\/\/mamopetsports.com\/de\/","name":"mamo AUTside Dogs","description":"Innovative Produkte f\u00fcr die Vierbeiner-Outdoorszene","potentialAction":[{"@type":"SearchAction","target":{"@type":"EntryPoint","urlTemplate":"https:\/\/mamopetsports.com\/de\/?s={search_term_string}"},"query-input":"required name=search_term_string"}],"inLanguage":"de-DE"},{"@type":"WebPage","@id":"https:\/\/mamopetsports.com\/de\/mamo-pet-sports-duo\/#webpage","url":"https:\/\/mamopetsports.com\/de\/mamo-pet-sports-duo\/","name":"Als Duo zur einzigartigen Produktidee | mamo AUTside Dogs","isPartOf":{"@id":"https:\/\/mamopetsports.com\/de\/#website"},"datePublished":"2021-02-07T05:58:43+00:00","dateModified":"2022-07-20T11:42:25+00:00","description":"Cocker Spaniel H\u00fcndin Lilly & Daniel leben ihre Leidenschaft. Seit 2017 t\u00fcffelt das Duo an Produkten f\u00fcr die Vierbeiner-Outdoorszene.","breadcrumb":{"@id":"https:\/\/mamopetsports.com\/de\/mamo-pet-sports-duo\/#breadcrumb"},"inLanguage":"de-DE","potentialAction":[{"@type":"ReadAction","target":["https:\/\/mamopetsports.com\/de\/mamo-pet-sports-duo\/"]}]},{"@type":"BreadcrumbList","@id":"https:\/\/mamopetsports.com\/de\/mamo-pet-sports-duo\/#breadcrumb","itemListElement":[{"@type":"ListItem","position":1,"name":"Home","item":"https:\/\/mamopetsports.com\/de\/"},{"@type":"ListItem","position":2,"name":"Das Team"}]}]}},"_links":{"self":[{"href":"https:\/\/mamopetsports.com\/de\/wp-json\/wp\/v2\/pages\/698"}],"collection":[{"href":"https:\/\/mamopetsports.com\/de\/wp-json\/wp\/v2\/pages"}],"about":[{"href":"https:\/\/mamopetsports.com\/de\/wp-json\/wp\/v2\/types\/page"}],"author":[{"embeddable":true,"href":"https:\/\/mamopetsports.com\/de\/wp-json\/wp\/v2\/users\/1"}],"replies":[{"embeddable":true,"href":"https:\/\/mamopetsports.com\/de\/wp-json\/wp\/v2\/comments?post=698"}],"version-history":[{"count":32,"href":"https:\/\/mamopetsports.com\/de\/wp-json\/wp\/v2\/pages\/698\/revisions"}],"predecessor-version":[{"id":8157,"href":"https:\/\/mamopetsports.com\/de\/wp-json\/wp\/v2\/pages\/698\/revisions\/8157"}],"wp:attachment":[{"href":"https:\/\/mamopetsports.com\/de\/wp-json\/wp\/v2\/media?parent=698"}],"curies":[{"name":"wp","href":"https:\/\/api.w.org\/{rel}","templated":true}]}}