{"id":713,"date":"2021-02-07T06:14:43","date_gmt":"2021-02-07T06:14:43","guid":{"rendered":"https:\/\/mamopetsports.com\/?page_id=713"},"modified":"2022-07-25T10:15:59","modified_gmt":"2022-07-25T09:15:59","slug":"widerrufsbelehrung","status":"publish","type":"page","link":"https:\/\/mamopetsports.com\/de\/widerrufsbelehrung\/","title":{"rendered":"Widerrufsbelehrung"},"content":{"rendered":"\t\t<div data-elementor-type=\"wp-page\" data-elementor-id=\"713\" class=\"elementor elementor-713\" data-elementor-settings=\"[]\">\n\t\t\t\t\t\t<div class=\"elementor-inner\">\n\t\t\t\t\t\t\t<div class=\"elementor-section-wrap\">\n\t\t\t\t\t\t\t<section class=\"elementor-section elementor-top-section elementor-element elementor-element-8f9404e elementor-section-boxed elementor-section-height-default elementor-section-height-default\" data-id=\"8f9404e\" data-element_type=\"section\">\n\t\t\t\t\t\t<div class=\"elementor-container elementor-column-gap-default\">\n\t\t\t\t\t\t\t<div class=\"elementor-row\">\n\t\t\t\t\t<div class=\"elementor-column elementor-col-100 elementor-top-column elementor-element elementor-element-d714b34\" data-id=\"d714b34\" data-element_type=\"column\">\n\t\t\t<div class=\"elementor-column-wrap elementor-element-populated\">\n\t\t\t\t\t\t\t<div class=\"elementor-widget-wrap\">\n\t\t\t\t\t\t<div class=\"elementor-element elementor-element-c8d5a05 elementor-widget elementor-widget-text-editor\" data-id=\"c8d5a05\" data-element_type=\"widget\" data-widget_type=\"text-editor.default\">\n\t\t\t\t<div class=\"elementor-widget-container\">\n\t\t\t\t\t\t\t\t<div class=\"elementor-text-editor elementor-clearfix\">\n\t\t\t\t<div class=\"wpb_text_column wpb_content_element \"><div class=\"wpb_wrapper\"><div class=\"vc_row wpb_row vc_row-fluid\"><div class=\"wpb_column vc_column_container vc_col-sm-12\"><div class=\"vc_column-inner\"><div class=\"wpb_wrapper\"><div class=\"wpb_text_column wpb_content_element \"><div class=\"wpb_wrapper\"><h3><strong>Widerrufsrecht<\/strong><\/h3><p>Du hast das Recht, binnen vierzehn Tagen ohne Angabe von Gr\u00fcnden diesen Vertrag zu widerrufen.<br \/>Die Widerrufsfrist betr\u00e4gt vierzehn Tage ab dem Tag, an dem Du oder ein von Dir benannter Dritter, der nicht der Bef\u00f6rderer ist, die Waren in Besitz genommen hat.<\/p><p>Um Ihr Widerrufsrecht auszu\u00fcben, musst Du uns:<br \/>mamo pet sports<br \/>Aussenlager Kapfenberg<br \/>Werk VI Strasse 38<br \/>A-8605 Kapfenberg<br \/>\u00d6sterreich<br \/>E-Mail: office@mamo.at<br \/>mittels einer eindeutigen Erkl\u00e4rung (z.B. ein mit der Post versandter Brief, Telefax oder E-Mail) \u00fcber Deinen Entschluss, diesen Vertrag zu widerrufen, informieren. Du kannst daf\u00fcr das beigef\u00fcgte Muster-Widerrufsformular verwenden, das jedoch nicht vorgeschrieben ist.<br \/>Zur Wahrung der Widerrufsfrist reicht es aus, dass Du die Mitteilung \u00fcber die Aus\u00fcbung des Widerrufsrechts vor Ablauf der Widerrufsfrist absendest.<\/p><p><strong>Folgen des Widerrufs<\/strong><br \/>Wenn Du diesen Vertrag widerrufst, haben wir Dir alle Zahlungen, die wir von Dir erhalten haben, einschlie\u00dflich der Lieferkosten (mit Ausnahme der zus\u00e4tzlichen Kosten, die sich daraus ergeben, dass Du eine andere Art der Lieferung als die von uns angebotene, g\u00fcnstigste Standardlieferung gew\u00e4hlt hast), unverz\u00fcglich und sp\u00e4testens binnen vierzehn Tagen ab dem Tag zur\u00fcckzuzahlen, an dem die Mitteilung \u00fcber Deinen Widerruf dieses Vertrags bei uns eingegangen ist. F\u00fcr diese R\u00fcckzahlung verwenden wir dasselbe Zahlungsmittel, das Du bei der urspr\u00fcnglichen Transaktion eingesetzt hast, es sei denn, mit Dir wurde ausdr\u00fccklich etwas anderes vereinbart; in keinem Fall werden Dir wegen dieser R\u00fcckzahlung Entgelte berechnet.<\/p><p>Wir k\u00f6nnen die R\u00fcckzahlung verweigern, bis wir die Waren wieder zur\u00fcckerhalten haben oder bis Du den Nachweis erbracht hast, dass Du die Waren zur\u00fcckgesandt hast, je nachdem, welches der fr\u00fchere Zeitpunkt ist.<\/p><p>Du hast die Waren unverz\u00fcglich und in jedem Fall sp\u00e4testens binnen vierzehn Tagen ab dem Tag, an dem Du uns \u00fcber den Widerruf dieses Vertrags unterrichtest, an uns<br \/>mamo pet sports<br \/>Aussenlager Kapfenberg<br \/>Werk VI Strasse 38<br \/>A-8605 Kapfenberg<br \/>\u00d6sterreich<\/p><p>E-Mail: office@mamo.at<\/p><p>zur\u00fcckzusenden oder zu \u00fcbergeben.<\/p><p>Die Frist ist gewahrt, wenn Du die Waren vor Ablauf der Frist von vierzehn Tagen absendest.<\/p><p>Du tr\u00e4gst die unmittelbaren Kosten der R\u00fccksendung der Waren.<\/p><p>Du musst f\u00fcr einen etwaigen Wertverlust der Waren nur aufkommen, wenn dieser Wertverlust auf einen zur Pr\u00fcfung der Beschaffenheit, Eigenschaften und Funktionsweise der Waren nicht notwendigen Umgang zur\u00fcckzuf\u00fchren ist.<\/p><\/div><\/div><\/div><\/div><\/div><\/div><div class=\"vc_row wpb_row vc_row-fluid\"><div class=\"wpb_column vc_column_container vc_col-sm-12\"><div class=\"vc_column-inner\"><div class=\"wpb_wrapper\"><div class=\"wpb_text_column wpb_content_element \"><div class=\"wpb_wrapper\"><h3><strong>WIDERRUFSFORMULAR<\/strong><\/h3><p><a href=\"https:\/\/mamopetsports.com\/wp-content\/uploads\/2022\/07\/WIDERRUFSFORMULAR_2022_DE.pdf\"><strong><span style=\"text-decoration: underline;\">Widerrufsformular als PDF downloaden<\/span><\/strong><\/a><\/p><p>Wenn du den Vertrag widerrufen willst, dann f\u00fclle bitte das Widerrufsformular aus und sende es an uns zur\u00fcck.<\/p><p>An<br \/>mamo pet sports<br \/>Aussenlager Kapfenberg<br \/>Werk VI Strasse 38<br \/>A-8605 Kapfenberg<br \/>\u00d6sterreich<br \/>E-Mail: office@mamo.at<\/p><p>Hiermit widerrufe(n) ich\/wir (*) den von mir\/uns (*) abgeschlossenen Vertrag \u00fcber den Kauf der folgenden Waren (*)\/ die Erbringung der folgenden Dienstleistung (*)<\/p><p>Bestellt am (*) _______ \/ Bestellnummer (*) ___________ _<\/p><p>Name des\/der Verbraucher(s)<\/p><p>Anschrift des\/der Verbraucher(s)<\/p><p>Unterschrift des\/der Verbraucher(s) (nur bei Mitteilung auf Papier)<br \/>Datum<br \/>(*) Unzutreffendes streichen<\/p><p><strong>Allgemeine Hinweise:<\/strong><\/p><ol><li>Bitte vermeide Besch\u00e4digungen und Verunreinigungen der Ware. Sende die Ware bitte m\u00f6glichst in Originalverpackung mit s\u00e4mtlichem Zubeh\u00f6r und mit allen Verpackungsbestandteilen an uns zur\u00fcck. Verwende ggf. eine sch\u00fctzende Umverpackung. Wenn du die Originalverpackung nicht mehr besitzt, sorge bitte mit einer geeigneten Verpackung f\u00fcr einen ausreichenden Schutz vor Transportsch\u00e4den.<\/li><li>Bitte beachte, dass die vorgenannte Ziffern 1 nicht Voraussetzung f\u00fcr die wirksame Aus\u00fcbung des Widerrufsrechts sind.<\/li><\/ol><\/div><\/div><\/div><\/div><\/div><\/div><\/div><\/div>\t\t\t\t\t<\/div>\n\t\t\t\t\t\t<\/div>\n\t\t\t\t<\/div>\n\t\t\t\t\t\t<\/div>\n\t\t\t\t\t<\/div>\n\t\t<\/div>\n\t\t\t\t\t\t\t\t<\/div>\n\t\t\t\t\t<\/div>\n\t\t<\/section>\n\t\t\t\t\t\t<\/div>\n\t\t\t\t\t\t<\/div>\n\t\t\t\t\t<\/div>\n\t\t","protected":false},"excerpt":{"rendered":"<p>Widerrufsrecht Du hast das Recht, binnen vierzehn Tagen ohne Angabe von Gr\u00fcnden diesen Vertrag zu widerrufen.Die Widerrufsfrist betr\u00e4gt vierzehn Tage ab dem Tag, an dem Du oder ein von Dir benannter Dritter, der nicht der Bef\u00f6rderer ist, die Waren in Besitz genommen hat. Um Ihr Widerrufsrecht auszu\u00fcben, musst Du uns:mamo pet sportsAussenlager KapfenbergWerk VI Strasse [&hellip;]<\/p>\n","protected":false},"author":1,"featured_media":0,"parent":0,"menu_order":0,"comment_status":"closed","ping_status":"closed","template":"","meta":[],"yoast_head":"<!-- This site is optimized with the Yoast SEO plugin v18.3 - https:\/\/yoast.com\/wordpress\/plugins\/seo\/ -->\n<title>Als Duo zur einzigartigen Produktidee | mamo AUTside Dogs<\/title>\n<meta name=\"description\" content=\"Cocker Spaniel H\u00fcndin Lilly &amp; Daniel leben ihre Leidenschaft. Seit 2017 t\u00fcffelt das Duo an Produkten f\u00fcr die Vierbeiner-Outdoorszene.\" \/>\n<meta name=\"robots\" content=\"index, follow, max-snippet:-1, max-image-preview:large, max-video-preview:-1\" \/>\n<link rel=\"canonical\" href=\"https:\/\/mamopetsports.com\/de\/widerrufsbelehrung\/\" \/>\n<meta property=\"og:locale\" content=\"de_DE\" \/>\n<meta property=\"og:type\" content=\"article\" \/>\n<meta property=\"og:title\" content=\"Als Duo zur einzigartigen Produktidee | mamo AUTside Dogs\" \/>\n<meta property=\"og:description\" content=\"Cocker Spaniel H\u00fcndin Lilly &amp; Daniel leben ihre Leidenschaft. Seit 2017 t\u00fcffelt das Duo an Produkten f\u00fcr die Vierbeiner-Outdoorszene.\" \/>\n<meta property=\"og:url\" content=\"https:\/\/mamopetsports.com\/de\/widerrufsbelehrung\/\" \/>\n<meta property=\"og:site_name\" content=\"mamo AUTside Dogs\" \/>\n<meta property=\"article:modified_time\" content=\"2022-07-25T09:15:59+00:00\" \/>\n<meta name=\"twitter:card\" content=\"summary_large_image\" \/>\n<meta name=\"twitter:label1\" content=\"Gesch\u00e4tzte Lesezeit\" \/>\n\t<meta name=\"twitter:data1\" content=\"3 Minuten\" \/>\n<script type=\"application\/ld+json\" class=\"yoast-schema-graph\">{\"@context\":\"https:\/\/schema.org\",\"@graph\":[{\"@type\":\"WebSite\",\"@id\":\"https:\/\/mamopetsports.com\/de\/#website\",\"url\":\"https:\/\/mamopetsports.com\/de\/\",\"name\":\"mamo AUTside Dogs\",\"description\":\"Innovative Produkte f\u00fcr die Vierbeiner-Outdoorszene\",\"potentialAction\":[{\"@type\":\"SearchAction\",\"target\":{\"@type\":\"EntryPoint\",\"urlTemplate\":\"https:\/\/mamopetsports.com\/de\/?s={search_term_string}\"},\"query-input\":\"required name=search_term_string\"}],\"inLanguage\":\"de-DE\"},{\"@type\":\"WebPage\",\"@id\":\"https:\/\/mamopetsports.com\/de\/widerrufsbelehrung\/#webpage\",\"url\":\"https:\/\/mamopetsports.com\/de\/widerrufsbelehrung\/\",\"name\":\"Als Duo zur einzigartigen Produktidee | mamo AUTside Dogs\",\"isPartOf\":{\"@id\":\"https:\/\/mamopetsports.com\/de\/#website\"},\"datePublished\":\"2021-02-07T06:14:43+00:00\",\"dateModified\":\"2022-07-25T09:15:59+00:00\",\"description\":\"Cocker Spaniel H\u00fcndin Lilly & Daniel leben ihre Leidenschaft. Seit 2017 t\u00fcffelt das Duo an Produkten f\u00fcr die Vierbeiner-Outdoorszene.\",\"breadcrumb\":{\"@id\":\"https:\/\/mamopetsports.com\/de\/widerrufsbelehrung\/#breadcrumb\"},\"inLanguage\":\"de-DE\",\"potentialAction\":[{\"@type\":\"ReadAction\",\"target\":[\"https:\/\/mamopetsports.com\/de\/widerrufsbelehrung\/\"]}]},{\"@type\":\"BreadcrumbList\",\"@id\":\"https:\/\/mamopetsports.com\/de\/widerrufsbelehrung\/#breadcrumb\",\"itemListElement\":[{\"@type\":\"ListItem\",\"position\":1,\"name\":\"Home\",\"item\":\"https:\/\/mamopetsports.com\/de\/\"},{\"@type\":\"ListItem\",\"position\":2,\"name\":\"Widerrufsbelehrung\"}]}]}<\/script>\n<!-- \/ Yoast SEO plugin. -->","yoast_head_json":{"title":"Als Duo zur einzigartigen Produktidee | mamo AUTside Dogs","description":"Cocker Spaniel H\u00fcndin Lilly & Daniel leben ihre Leidenschaft. Seit 2017 t\u00fcffelt das Duo an Produkten f\u00fcr die Vierbeiner-Outdoorszene.","robots":{"index":"index","follow":"follow","max-snippet":"max-snippet:-1","max-image-preview":"max-image-preview:large","max-video-preview":"max-video-preview:-1"},"canonical":"https:\/\/mamopetsports.com\/de\/widerrufsbelehrung\/","og_locale":"de_DE","og_type":"article","og_title":"Als Duo zur einzigartigen Produktidee | mamo AUTside Dogs","og_description":"Cocker Spaniel H\u00fcndin Lilly & Daniel leben ihre Leidenschaft. Seit 2017 t\u00fcffelt das Duo an Produkten f\u00fcr die Vierbeiner-Outdoorszene.","og_url":"https:\/\/mamopetsports.com\/de\/widerrufsbelehrung\/","og_site_name":"mamo AUTside Dogs","article_modified_time":"2022-07-25T09:15:59+00:00","twitter_card":"summary_large_image","twitter_misc":{"Gesch\u00e4tzte Lesezeit":"3 Minuten"},"schema":{"@context":"https:\/\/schema.org","@graph":[{"@type":"WebSite","@id":"https:\/\/mamopetsports.com\/de\/#website","url":"https:\/\/mamopetsports.com\/de\/","name":"mamo AUTside Dogs","description":"Innovative Produkte f\u00fcr die Vierbeiner-Outdoorszene","potentialAction":[{"@type":"SearchAction","target":{"@type":"EntryPoint","urlTemplate":"https:\/\/mamopetsports.com\/de\/?s={search_term_string}"},"query-input":"required name=search_term_string"}],"inLanguage":"de-DE"},{"@type":"WebPage","@id":"https:\/\/mamopetsports.com\/de\/widerrufsbelehrung\/#webpage","url":"https:\/\/mamopetsports.com\/de\/widerrufsbelehrung\/","name":"Als Duo zur einzigartigen Produktidee | mamo AUTside Dogs","isPartOf":{"@id":"https:\/\/mamopetsports.com\/de\/#website"},"datePublished":"2021-02-07T06:14:43+00:00","dateModified":"2022-07-25T09:15:59+00:00","description":"Cocker Spaniel H\u00fcndin Lilly & Daniel leben ihre Leidenschaft. Seit 2017 t\u00fcffelt das Duo an Produkten f\u00fcr die Vierbeiner-Outdoorszene.","breadcrumb":{"@id":"https:\/\/mamopetsports.com\/de\/widerrufsbelehrung\/#breadcrumb"},"inLanguage":"de-DE","potentialAction":[{"@type":"ReadAction","target":["https:\/\/mamopetsports.com\/de\/widerrufsbelehrung\/"]}]},{"@type":"BreadcrumbList","@id":"https:\/\/mamopetsports.com\/de\/widerrufsbelehrung\/#breadcrumb","itemListElement":[{"@type":"ListItem","position":1,"name":"Home","item":"https:\/\/mamopetsports.com\/de\/"},{"@type":"ListItem","position":2,"name":"Widerrufsbelehrung"}]}]}},"_links":{"self":[{"href":"https:\/\/mamopetsports.com\/de\/wp-json\/wp\/v2\/pages\/713"}],"collection":[{"href":"https:\/\/mamopetsports.com\/de\/wp-json\/wp\/v2\/pages"}],"about":[{"href":"https:\/\/mamopetsports.com\/de\/wp-json\/wp\/v2\/types\/page"}],"author":[{"embeddable":true,"href":"https:\/\/mamopetsports.com\/de\/wp-json\/wp\/v2\/users\/1"}],"replies":[{"embeddable":true,"href":"https:\/\/mamopetsports.com\/de\/wp-json\/wp\/v2\/comments?post=713"}],"version-history":[{"count":19,"href":"https:\/\/mamopetsports.com\/de\/wp-json\/wp\/v2\/pages\/713\/revisions"}],"predecessor-version":[{"id":8202,"href":"https:\/\/mamopetsports.com\/de\/wp-json\/wp\/v2\/pages\/713\/revisions\/8202"}],"wp:attachment":[{"href":"https:\/\/mamopetsports.com\/de\/wp-json\/wp\/v2\/media?parent=713"}],"curies":[{"name":"wp","href":"https:\/\/api.w.org\/{rel}","templated":true}]}}