{"id":7882,"date":"2022-06-16T19:32:06","date_gmt":"2022-06-16T18:32:06","guid":{"rendered":"https:\/\/mamopetsports.com\/?page_id=7882"},"modified":"2022-06-16T22:02:36","modified_gmt":"2022-06-16T21:02:36","slug":"projekte","status":"publish","type":"page","link":"https:\/\/mamopetsports.com\/de\/projekte\/","title":{"rendered":"Projekte"},"content":{"rendered":"\t\t<div data-elementor-type=\"wp-page\" data-elementor-id=\"7882\" class=\"elementor elementor-7882\" data-elementor-settings=\"[]\">\n\t\t\t\t\t\t<div class=\"elementor-inner\">\n\t\t\t\t\t\t\t<div class=\"elementor-section-wrap\">\n\t\t\t\t\t\t\t<section class=\"elementor-section elementor-top-section elementor-element elementor-element-35f4777 elementor-section-boxed elementor-section-height-default elementor-section-height-default\" data-id=\"35f4777\" data-element_type=\"section\">\n\t\t\t\t\t\t<div class=\"elementor-container elementor-column-gap-default\">\n\t\t\t\t\t\t\t<div class=\"elementor-row\">\n\t\t\t\t\t<div class=\"elementor-column elementor-col-100 elementor-top-column elementor-element elementor-element-3127671\" data-id=\"3127671\" data-element_type=\"column\">\n\t\t\t<div class=\"elementor-column-wrap elementor-element-populated\">\n\t\t\t\t\t\t\t<div class=\"elementor-widget-wrap\">\n\t\t\t\t\t\t<div class=\"elementor-element elementor-element-bade248 elementor-widget elementor-widget-text-editor\" data-id=\"bade248\" data-element_type=\"widget\" data-widget_type=\"text-editor.default\">\n\t\t\t\t<div class=\"elementor-widget-container\">\n\t\t\t\t\t\t\t\t<div class=\"elementor-text-editor elementor-clearfix\">\n\t\t\t\t<div class=\"vc_row wpb_row vc_row-fluid\"><div class=\"wpb_column vc_column_container vc_col-sm-12\"><div class=\"vc_column-inner\"><div class=\"wpb_wrapper\"><div class=\"wpb_text_column wpb_content_element \"><div class=\"wpb_wrapper\"><h1><strong>Tolle Projekte die wir unterst\u00fctzen d\u00fcrfen!<br \/><\/strong><\/h1><h2>Der Maluhof<\/h2><h3>Sport- &amp; Hundeparcours mit Dogpipes<\/h3><p>Der wahrscheinlich gr\u00f6\u00dfte Hundeparcour \u00d6sterreichs wurde im Fr\u00fchling 2022 im sch\u00f6nen Bad Waltersdorf er\u00f6ffnet. Hier enstand auf einer Freifl\u00e4che von rund 2ha ein toller Hundeparcour mit \u00fcber 30 Hindernissen.<\/p><p>Unter dem Motto \u201eEin Ausblick zum Dableiben\u201c ist der neue Maluhof ein Ort zum Abschalten und Genie\u00dfen f\u00fcr die gesamte Familie.<\/p><p>Der Geschicklichkeitsparcour f\u00fcr Hunde mit herausfordernden Aufgaben und Spa\u00df f\u00fcr die Vierbeiner ist auch Teil des genialen Areals: Die sogennanten \u201cDogPipes\u201d sind ein Projekt der innovativen Hundeausstatter <strong>mamo pet sports<\/strong> und <a href=\"https:\/\/zwirnstar.at\/\">Zwirnstar<\/a> und wurden am gesamten Gel\u00e4nde integriert.<\/p><p>Hier gehts direkt zum Maluhof: <a href=\"http:\/\/www.maluhof.at\">www.maluhof.at<\/a><\/p><\/div><\/div><div class=\"wpb_text_column wpb_content_element \"><div class=\"wpb_wrapper\"><h2>mamo Dogpipes &#8211; Innovative Geschicklichkeitsparcours<\/h2><h3>Recycling neu gedacht<\/h3><p>Unsere DogPipes werden gr\u00f6\u00dftenteils aus recycelten Altmetall gefertigt und wiederspiegelt somit unser Motto der Nachhaltigkeit. Unsere handgefertigten Stationen werden bei uns in der sch\u00f6nen Steiermark hergestellt. Aktuell arbeiten wir gerade an der ersten Erweiterung und werden unsere DogPipes in Zukunft auch bei Orientierungsl\u00e4ufen zum Einsatz kommen.<\/p><p>Federf\u00fchrend ist hier Mario Rath mit seinem Cocker Ferdinand am t\u00fcfteln. Mit Mario hat sich in den letzten Jahren ein tolle Kooperation in vielen Bereichen ergeben, er unterst\u00fctzt uns einerseits im Prototypenbau und ist nat\u00fcrlich auch mit seiner kreativen Ader ein toller Bestandteil der <strong>mamo pet sports<\/strong> Familie geworden.<\/p><p>Hier gehts direkt zu den DogPipes: <a href=\"https:\/\/dogpipes.at\/\">www.dogpipes.at<\/a><\/p><\/div><\/div><\/div><\/div><\/div><\/div>\t\t\t\t\t<\/div>\n\t\t\t\t\t\t<\/div>\n\t\t\t\t<\/div>\n\t\t\t\t\t\t<\/div>\n\t\t\t\t\t<\/div>\n\t\t<\/div>\n\t\t\t\t\t\t\t\t<\/div>\n\t\t\t\t\t<\/div>\n\t\t<\/section>\n\t\t\t\t<section class=\"elementor-section elementor-top-section elementor-element elementor-element-576b9fc elementor-section-boxed elementor-section-height-default elementor-section-height-default\" data-id=\"576b9fc\" data-element_type=\"section\">\n\t\t\t\t\t\t<div class=\"elementor-container elementor-column-gap-default\">\n\t\t\t\t\t\t\t<div class=\"elementor-row\">\n\t\t\t\t\t<div class=\"elementor-column elementor-col-100 elementor-top-column elementor-element elementor-element-4c56dd1\" data-id=\"4c56dd1\" data-element_type=\"column\">\n\t\t\t<div class=\"elementor-column-wrap elementor-element-populated\">\n\t\t\t\t\t\t\t<div class=\"elementor-widget-wrap\">\n\t\t\t\t\t\t<div class=\"elementor-element elementor-element-336366d elementor-widget elementor-widget-gallery\" data-id=\"336366d\" data-element_type=\"widget\" data-settings=\"{&quot;gallery_layout&quot;:&quot;justified&quot;,&quot;lazyload&quot;:&quot;yes&quot;,&quot;ideal_row_height&quot;:{&quot;unit&quot;:&quot;px&quot;,&quot;size&quot;:200,&quot;sizes&quot;:[]},&quot;ideal_row_height_tablet&quot;:{&quot;unit&quot;:&quot;px&quot;,&quot;size&quot;:150,&quot;sizes&quot;:[]},&quot;ideal_row_height_mobile&quot;:{&quot;unit&quot;:&quot;px&quot;,&quot;size&quot;:150,&quot;sizes&quot;:[]},&quot;gap&quot;:{&quot;unit&quot;:&quot;px&quot;,&quot;size&quot;:10,&quot;sizes&quot;:[]},&quot;gap_tablet&quot;:{&quot;unit&quot;:&quot;px&quot;,&quot;size&quot;:10,&quot;sizes&quot;:[]},&quot;gap_mobile&quot;:{&quot;unit&quot;:&quot;px&quot;,&quot;size&quot;:10,&quot;sizes&quot;:[]},&quot;link_to&quot;:&quot;file&quot;,&quot;overlay_background&quot;:&quot;yes&quot;,&quot;content_hover_animation&quot;:&quot;fade-in&quot;}\" data-widget_type=\"gallery.default\">\n\t\t\t\t<div class=\"elementor-widget-container\">\n\t\t\t\t\t<div class=\"elementor-gallery__container\">\n\t\t\t\t\t\t\t<a class=\"e-gallery-item elementor-gallery-item elementor-animated-content\" href=\"https:\/\/mamopetsports.com\/wp-content\/uploads\/2022\/06\/Maluhof-7.jpg\" data-elementor-open-lightbox=\"yes\" data-elementor-lightbox-slideshow=\"all-336366d\" data-elementor-lightbox-title=\"Maluhof 7\">\n\t\t\t\t\t<div class=\"e-gallery-image elementor-gallery-item__image\" data-thumbnail=\"https:\/\/mamopetsports.com\/wp-content\/uploads\/2022\/06\/Maluhof-7-300x300.jpg\" data-width=\"300\" data-height=\"300\" alt=\"\" ><\/div>\n\t\t\t\t\t\t\t\t\t\t\t<div class=\"elementor-gallery-item__overlay\"><\/div>\n\t\t\t\t\t\t\t\t\t\t\t\t\t\t<\/a>\n\t\t\t\t\t\t\t<a class=\"e-gallery-item elementor-gallery-item elementor-animated-content\" href=\"https:\/\/mamopetsports.com\/wp-content\/uploads\/2022\/06\/Maluhof-6.jpg\" data-elementor-open-lightbox=\"yes\" data-elementor-lightbox-slideshow=\"all-336366d\" data-elementor-lightbox-title=\"Maluhof 6\">\n\t\t\t\t\t<div class=\"e-gallery-image elementor-gallery-item__image\" data-thumbnail=\"https:\/\/mamopetsports.com\/wp-content\/uploads\/2022\/06\/Maluhof-6-300x300.jpg\" data-width=\"300\" data-height=\"300\" alt=\"\" ><\/div>\n\t\t\t\t\t\t\t\t\t\t\t<div class=\"elementor-gallery-item__overlay\"><\/div>\n\t\t\t\t\t\t\t\t\t\t\t\t\t\t<\/a>\n\t\t\t\t\t\t\t<a class=\"e-gallery-item elementor-gallery-item elementor-animated-content\" href=\"https:\/\/mamopetsports.com\/wp-content\/uploads\/2022\/06\/Maluhof-5.jpg\" data-elementor-open-lightbox=\"yes\" data-elementor-lightbox-slideshow=\"all-336366d\" data-elementor-lightbox-title=\"Maluhof 5\">\n\t\t\t\t\t<div class=\"e-gallery-image elementor-gallery-item__image\" data-thumbnail=\"https:\/\/mamopetsports.com\/wp-content\/uploads\/2022\/06\/Maluhof-5-300x300.jpg\" data-width=\"300\" data-height=\"300\" alt=\"\" ><\/div>\n\t\t\t\t\t\t\t\t\t\t\t<div class=\"elementor-gallery-item__overlay\"><\/div>\n\t\t\t\t\t\t\t\t\t\t\t\t\t\t<\/a>\n\t\t\t\t\t\t\t<a class=\"e-gallery-item elementor-gallery-item elementor-animated-content\" href=\"https:\/\/mamopetsports.com\/wp-content\/uploads\/2022\/06\/Maluhof-3.jpg\" data-elementor-open-lightbox=\"yes\" data-elementor-lightbox-slideshow=\"all-336366d\" data-elementor-lightbox-title=\"Maluhof 3\">\n\t\t\t\t\t<div class=\"e-gallery-image elementor-gallery-item__image\" data-thumbnail=\"https:\/\/mamopetsports.com\/wp-content\/uploads\/2022\/06\/Maluhof-3-300x300.jpg\" data-width=\"300\" data-height=\"300\" alt=\"\" ><\/div>\n\t\t\t\t\t\t\t\t\t\t\t<div class=\"elementor-gallery-item__overlay\"><\/div>\n\t\t\t\t\t\t\t\t\t\t\t\t\t\t<\/a>\n\t\t\t\t\t\t\t<a class=\"e-gallery-item elementor-gallery-item elementor-animated-content\" href=\"https:\/\/mamopetsports.com\/wp-content\/uploads\/2022\/06\/Maluhof-2.jpg\" data-elementor-open-lightbox=\"yes\" data-elementor-lightbox-slideshow=\"all-336366d\" data-elementor-lightbox-title=\"Maluhof 2\">\n\t\t\t\t\t<div class=\"e-gallery-image elementor-gallery-item__image\" data-thumbnail=\"https:\/\/mamopetsports.com\/wp-content\/uploads\/2022\/06\/Maluhof-2-300x300.jpg\" data-width=\"300\" data-height=\"300\" alt=\"\" ><\/div>\n\t\t\t\t\t\t\t\t\t\t\t<div class=\"elementor-gallery-item__overlay\"><\/div>\n\t\t\t\t\t\t\t\t\t\t\t\t\t\t<\/a>\n\t\t\t\t\t<\/div>\n\t\t\t<\/div>\n\t\t\t\t<\/div>\n\t\t\t\t\t\t<\/div>\n\t\t\t\t\t<\/div>\n\t\t<\/div>\n\t\t\t\t\t\t\t\t<\/div>\n\t\t\t\t\t<\/div>\n\t\t<\/section>\n\t\t\t\t\t\t<\/div>\n\t\t\t\t\t\t<\/div>\n\t\t\t\t\t<\/div>\n\t\t","protected":false},"excerpt":{"rendered":"<p>Tolle Projekte die wir unterst\u00fctzen d\u00fcrfen! Der Maluhof Sport- &amp; Hundeparcours mit Dogpipes Der wahrscheinlich gr\u00f6\u00dfte Hundeparcour \u00d6sterreichs wurde im Fr\u00fchling 2022 im sch\u00f6nen Bad Waltersdorf er\u00f6ffnet. Hier enstand auf einer Freifl\u00e4che von rund 2ha ein toller Hundeparcour mit \u00fcber 30 Hindernissen. Unter dem Motto \u201eEin Ausblick zum Dableiben\u201c ist der neue Maluhof ein Ort [&hellip;]<\/p>\n","protected":false},"author":1,"featured_media":0,"parent":0,"menu_order":0,"comment_status":"closed","ping_status":"closed","template":"","meta":[],"yoast_head":"<!-- This site is optimized with the Yoast SEO plugin v18.3 - https:\/\/yoast.com\/wordpress\/plugins\/seo\/ -->\n<title>Als Duo zur einzigartigen Produktidee | mamo AUTside Dogs<\/title>\n<meta name=\"description\" content=\"Cocker Spaniel H\u00fcndin Lilly &amp; Daniel leben ihre Leidenschaft. Seit 2017 t\u00fcffelt das Duo an Produkten f\u00fcr die Vierbeiner-Outdoorszene.\" \/>\n<meta name=\"robots\" content=\"index, follow, max-snippet:-1, max-image-preview:large, max-video-preview:-1\" \/>\n<link rel=\"canonical\" href=\"https:\/\/mamopetsports.com\/de\/projekte\/\" \/>\n<meta property=\"og:locale\" content=\"de_DE\" \/>\n<meta property=\"og:type\" content=\"article\" \/>\n<meta property=\"og:title\" content=\"Als Duo zur einzigartigen Produktidee | mamo AUTside Dogs\" \/>\n<meta property=\"og:description\" content=\"Cocker Spaniel H\u00fcndin Lilly &amp; Daniel leben ihre Leidenschaft. Seit 2017 t\u00fcffelt das Duo an Produkten f\u00fcr die Vierbeiner-Outdoorszene.\" \/>\n<meta property=\"og:url\" content=\"https:\/\/mamopetsports.com\/de\/projekte\/\" \/>\n<meta property=\"og:site_name\" content=\"mamo AUTside Dogs\" \/>\n<meta property=\"article:modified_time\" content=\"2022-06-16T21:02:36+00:00\" \/>\n<meta name=\"twitter:card\" content=\"summary_large_image\" \/>\n<meta name=\"twitter:label1\" content=\"Gesch\u00e4tzte Lesezeit\" \/>\n\t<meta name=\"twitter:data1\" content=\"2 Minuten\" \/>\n<script type=\"application\/ld+json\" class=\"yoast-schema-graph\">{\"@context\":\"https:\/\/schema.org\",\"@graph\":[{\"@type\":\"WebSite\",\"@id\":\"https:\/\/mamopetsports.com\/de\/#website\",\"url\":\"https:\/\/mamopetsports.com\/de\/\",\"name\":\"mamo AUTside Dogs\",\"description\":\"Innovative Produkte f\u00fcr die Vierbeiner-Outdoorszene\",\"potentialAction\":[{\"@type\":\"SearchAction\",\"target\":{\"@type\":\"EntryPoint\",\"urlTemplate\":\"https:\/\/mamopetsports.com\/de\/?s={search_term_string}\"},\"query-input\":\"required name=search_term_string\"}],\"inLanguage\":\"de-DE\"},{\"@type\":\"WebPage\",\"@id\":\"https:\/\/mamopetsports.com\/de\/projekte\/#webpage\",\"url\":\"https:\/\/mamopetsports.com\/de\/projekte\/\",\"name\":\"Als Duo zur einzigartigen Produktidee | mamo AUTside Dogs\",\"isPartOf\":{\"@id\":\"https:\/\/mamopetsports.com\/de\/#website\"},\"datePublished\":\"2022-06-16T18:32:06+00:00\",\"dateModified\":\"2022-06-16T21:02:36+00:00\",\"description\":\"Cocker Spaniel H\u00fcndin Lilly & Daniel leben ihre Leidenschaft. Seit 2017 t\u00fcffelt das Duo an Produkten f\u00fcr die Vierbeiner-Outdoorszene.\",\"breadcrumb\":{\"@id\":\"https:\/\/mamopetsports.com\/de\/projekte\/#breadcrumb\"},\"inLanguage\":\"de-DE\",\"potentialAction\":[{\"@type\":\"ReadAction\",\"target\":[\"https:\/\/mamopetsports.com\/de\/projekte\/\"]}]},{\"@type\":\"BreadcrumbList\",\"@id\":\"https:\/\/mamopetsports.com\/de\/projekte\/#breadcrumb\",\"itemListElement\":[{\"@type\":\"ListItem\",\"position\":1,\"name\":\"Home\",\"item\":\"https:\/\/mamopetsports.com\/de\/\"},{\"@type\":\"ListItem\",\"position\":2,\"name\":\"Projekte\"}]}]}<\/script>\n<!-- \/ Yoast SEO plugin. -->","yoast_head_json":{"title":"Als Duo zur einzigartigen Produktidee | mamo AUTside Dogs","description":"Cocker Spaniel H\u00fcndin Lilly & Daniel leben ihre Leidenschaft. Seit 2017 t\u00fcffelt das Duo an Produkten f\u00fcr die Vierbeiner-Outdoorszene.","robots":{"index":"index","follow":"follow","max-snippet":"max-snippet:-1","max-image-preview":"max-image-preview:large","max-video-preview":"max-video-preview:-1"},"canonical":"https:\/\/mamopetsports.com\/de\/projekte\/","og_locale":"de_DE","og_type":"article","og_title":"Als Duo zur einzigartigen Produktidee | mamo AUTside Dogs","og_description":"Cocker Spaniel H\u00fcndin Lilly & Daniel leben ihre Leidenschaft. Seit 2017 t\u00fcffelt das Duo an Produkten f\u00fcr die Vierbeiner-Outdoorszene.","og_url":"https:\/\/mamopetsports.com\/de\/projekte\/","og_site_name":"mamo AUTside Dogs","article_modified_time":"2022-06-16T21:02:36+00:00","twitter_card":"summary_large_image","twitter_misc":{"Gesch\u00e4tzte Lesezeit":"2 Minuten"},"schema":{"@context":"https:\/\/schema.org","@graph":[{"@type":"WebSite","@id":"https:\/\/mamopetsports.com\/de\/#website","url":"https:\/\/mamopetsports.com\/de\/","name":"mamo AUTside Dogs","description":"Innovative Produkte f\u00fcr die Vierbeiner-Outdoorszene","potentialAction":[{"@type":"SearchAction","target":{"@type":"EntryPoint","urlTemplate":"https:\/\/mamopetsports.com\/de\/?s={search_term_string}"},"query-input":"required name=search_term_string"}],"inLanguage":"de-DE"},{"@type":"WebPage","@id":"https:\/\/mamopetsports.com\/de\/projekte\/#webpage","url":"https:\/\/mamopetsports.com\/de\/projekte\/","name":"Als Duo zur einzigartigen Produktidee | mamo AUTside Dogs","isPartOf":{"@id":"https:\/\/mamopetsports.com\/de\/#website"},"datePublished":"2022-06-16T18:32:06+00:00","dateModified":"2022-06-16T21:02:36+00:00","description":"Cocker Spaniel H\u00fcndin Lilly & Daniel leben ihre Leidenschaft. Seit 2017 t\u00fcffelt das Duo an Produkten f\u00fcr die Vierbeiner-Outdoorszene.","breadcrumb":{"@id":"https:\/\/mamopetsports.com\/de\/projekte\/#breadcrumb"},"inLanguage":"de-DE","potentialAction":[{"@type":"ReadAction","target":["https:\/\/mamopetsports.com\/de\/projekte\/"]}]},{"@type":"BreadcrumbList","@id":"https:\/\/mamopetsports.com\/de\/projekte\/#breadcrumb","itemListElement":[{"@type":"ListItem","position":1,"name":"Home","item":"https:\/\/mamopetsports.com\/de\/"},{"@type":"ListItem","position":2,"name":"Projekte"}]}]}},"_links":{"self":[{"href":"https:\/\/mamopetsports.com\/de\/wp-json\/wp\/v2\/pages\/7882"}],"collection":[{"href":"https:\/\/mamopetsports.com\/de\/wp-json\/wp\/v2\/pages"}],"about":[{"href":"https:\/\/mamopetsports.com\/de\/wp-json\/wp\/v2\/types\/page"}],"author":[{"embeddable":true,"href":"https:\/\/mamopetsports.com\/de\/wp-json\/wp\/v2\/users\/1"}],"replies":[{"embeddable":true,"href":"https:\/\/mamopetsports.com\/de\/wp-json\/wp\/v2\/comments?post=7882"}],"version-history":[{"count":14,"href":"https:\/\/mamopetsports.com\/de\/wp-json\/wp\/v2\/pages\/7882\/revisions"}],"predecessor-version":[{"id":7910,"href":"https:\/\/mamopetsports.com\/de\/wp-json\/wp\/v2\/pages\/7882\/revisions\/7910"}],"wp:attachment":[{"href":"https:\/\/mamopetsports.com\/de\/wp-json\/wp\/v2\/media?parent=7882"}],"curies":[{"name":"wp","href":"https:\/\/api.w.org\/{rel}","templated":true}]}}