{"id":10695,"date":"2024-01-26T09:44:57","date_gmt":"2024-01-26T08:44:57","guid":{"rendered":"https:\/\/mamopetsports.com\/?post_type=product&#038;p=10695"},"modified":"2026-04-16T10:14:40","modified_gmt":"2026-04-16T09:14:40","slug":"mamo-aktiv-leash","status":"publish","type":"product","link":"https:\/\/mamopetsports.com\/de\/produkt\/mamo-aktiv-leash\/","title":{"rendered":"mamo aktiv leash"},"content":{"rendered":"","protected":false},"excerpt":{"rendered":"<p><strong>mamo aktiv leash<\/strong><\/p>\n<p><strong>AUSTRIA EDITION<\/strong> \u2013 MADE IN AUSTRIA<\/p>\n<p>Die neue Leinenserie von mamo pet sports\u00ae wird seit Herbst 2021 in \u00d6sterreich gefertigt und ist der ideale Begleiter f\u00fcr unz\u00e4hlige Outdoor-Aktivit\u00e4ten mit dem Vierbeiner.<\/p>\n<p>Ausgestattet ist die neue <strong>mamo aktiv leash<\/strong> mit einem selbstsichernden Aluminium Karabinern mit integrierten Wirbelgelenk.<\/p>\n<p>Eine <strong>integrierte Kurzf\u00fchrerschlaufe<\/strong>\u00a0 mit 40 cm vor dem Wirbelgelenk sorgt f\u00fcr mehr Sicherheit.<\/p>\n<p>Eingewebte Leuchtstreifen sorgen f\u00fcr hohe <strong>Sichtbarkeit im Dunkeln.<\/strong><\/p>\n<p>Die <strong>mamo aktiv leash<\/strong> ist der ideale Allrounder f\u00fcr viele Aktivit\u00e4ten &amp; dank seiner einfachen Handhabung extrem praktisch.<\/p>\n<p>Die <strong>L\u00e4ngenverstellung<\/strong> erfolgt <strong>mit 2 Finger<\/strong> und kann individuell zwischen 195-325 cm gew\u00e4hlt werden.<br \/>\nDie Leine kann sich auch bei entspannten Spazierg\u00e4ngen quer \u00fcber die Schulter gelegt werden.<\/p>\n<p>&nbsp;<\/p>\n<p>Die <strong>mamo aktiv leash<\/strong> ist in zwei Ausf\u00fchrungen &amp; 2 Farben erh\u00e4ltlich:<\/p>\n<ul>\n<li>20mm \/ geeignet f\u00fcr Hunde bis max. 25kg<\/li>\n<li>25mm \/ geeignet f\u00fcr Hunde bis max. 60kg<\/li>\n<\/ul>\n<p><strong>Weitere Informationen zur mamo aktiv leash:<\/strong><\/p>\n<ul>\n<li>Max. L\u00e4nge 325 cm<\/li>\n<li>Gewicht 20mm Breite: 170 g<\/li>\n<li>Gewicht 25mm Breite: 175 g<\/li>\n<\/ul>\n<p><strong>Bevorzugte Einsatzbereiche:<\/strong><\/p>\n<p>Wandern, Alltag mit 2 Vierbeinern<\/p>\n<p>Hier gehts zu unseren<strong><a href=\"https:\/\/mamopetsports.com\/wp-content\/uploads\/2024\/04\/Pflegehinweise.pdf\"> Pflegehinweisen<\/a> \u2665<\/strong><\/p>\n","protected":false},"featured_media":10700,"comment_status":"open","ping_status":"closed","template":"","meta":[],"product_cat":[25],"product_tag":[],"yoast_head":"<!-- This site is optimized with the Yoast SEO plugin v18.3 - https:\/\/yoast.com\/wordpress\/plugins\/seo\/ -->\n<title>mamo aktiv leash - mamo AUTside Dogs<\/title>\n<meta name=\"robots\" content=\"index, follow, max-snippet:-1, max-image-preview:large, max-video-preview:-1\" \/>\n<link rel=\"canonical\" href=\"https:\/\/mamopetsports.com\/de\/produkt\/mamo-aktiv-leash\/\" \/>\n<meta property=\"og:locale\" content=\"de_DE\" \/>\n<meta property=\"og:type\" content=\"article\" \/>\n<meta property=\"og:title\" content=\"mamo aktiv leash - mamo AUTside Dogs\" \/>\n<meta property=\"og:description\" content=\"mamo aktiv leash  AUSTRIA EDITION \u2013 MADE IN AUSTRIA  Die neue Leinenserie von mamo pet sports\u00ae wird seit Herbst 2021 in \u00d6sterreich gefertigt und ist der ideale Begleiter f\u00fcr unz\u00e4hlige Outdoor-Aktivit\u00e4ten mit dem Vierbeiner.  Ausgestattet ist die neue mamo aktiv leash mit einem selbstsichernden Aluminium Karabinern mit integrierten Wirbelgelenk.  Eine integrierte Kurzf\u00fchrerschlaufe\u00a0 mit 40 cm vor dem Wirbelgelenk sorgt f\u00fcr mehr Sicherheit.  Eingewebte Leuchtstreifen sorgen f\u00fcr hohe Sichtbarkeit im Dunkeln.  Die mamo aktiv leash ist der ideale Allrounder f\u00fcr viele Aktivit\u00e4ten &amp; dank seiner einfachen Handhabung extrem praktisch.  Die L\u00e4ngenverstellung erfolgt mit 2 Finger und kann individuell zwischen 195-325 cm gew\u00e4hlt werden. Die Leine kann sich auch bei entspannten Spazierg\u00e4ngen quer \u00fcber die Schulter gelegt werden.  &nbsp;  Die mamo aktiv leash ist in zwei Ausf\u00fchrungen &amp; 2 Farben erh\u00e4ltlich:   20mm \/ geeignet f\u00fcr Hunde bis max. 25kg  25mm \/ geeignet f\u00fcr Hunde bis max. 60kg  Weitere Informationen zur mamo aktiv leash:   Max. L\u00e4nge 325 cm  Gewicht 20mm Breite: 170 g  Gewicht 25mm Breite: 175 g  Bevorzugte Einsatzbereiche:  Wandern, Alltag mit 2 Vierbeinern  Hier gehts zu unseren Pflegehinweisen \u2665\" \/>\n<meta property=\"og:url\" content=\"https:\/\/mamopetsports.com\/de\/produkt\/mamo-aktiv-leash\/\" \/>\n<meta property=\"og:site_name\" content=\"mamo AUTside Dogs\" \/>\n<meta property=\"article:modified_time\" content=\"2026-04-16T09:14:40+00:00\" \/>\n<meta property=\"og:image\" content=\"https:\/\/mamopetsports.com\/wp-content\/uploads\/2024\/01\/mamo_bildserie-18-scaled.jpg\" \/>\n\t<meta property=\"og:image:width\" content=\"2560\" \/>\n\t<meta property=\"og:image:height\" content=\"1707\" \/>\n\t<meta property=\"og:image:type\" content=\"image\/jpeg\" \/>\n<meta name=\"twitter:card\" content=\"summary_large_image\" \/>\n<script type=\"application\/ld+json\" class=\"yoast-schema-graph\">{\"@context\":\"https:\/\/schema.org\",\"@graph\":[{\"@type\":\"WebSite\",\"@id\":\"https:\/\/mamopetsports.com\/de\/#website\",\"url\":\"https:\/\/mamopetsports.com\/de\/\",\"name\":\"mamo AUTside Dogs\",\"description\":\"Innovative Produkte f\u00fcr die Vierbeiner-Outdoorszene\",\"potentialAction\":[{\"@type\":\"SearchAction\",\"target\":{\"@type\":\"EntryPoint\",\"urlTemplate\":\"https:\/\/mamopetsports.com\/de\/?s={search_term_string}\"},\"query-input\":\"required name=search_term_string\"}],\"inLanguage\":\"de-DE\"},{\"@type\":\"ImageObject\",\"@id\":\"https:\/\/mamopetsports.com\/de\/produkt\/mamo-aktiv-leash\/#primaryimage\",\"inLanguage\":\"de-DE\",\"url\":\"https:\/\/mamopetsports.com\/wp-content\/uploads\/2024\/01\/mamo_bildserie-18-scaled.jpg\",\"contentUrl\":\"https:\/\/mamopetsports.com\/wp-content\/uploads\/2024\/01\/mamo_bildserie-18-scaled.jpg\",\"width\":2560,\"height\":1707},{\"@type\":\"WebPage\",\"@id\":\"https:\/\/mamopetsports.com\/de\/produkt\/mamo-aktiv-leash\/#webpage\",\"url\":\"https:\/\/mamopetsports.com\/de\/produkt\/mamo-aktiv-leash\/\",\"name\":\"mamo aktiv leash - mamo AUTside Dogs\",\"isPartOf\":{\"@id\":\"https:\/\/mamopetsports.com\/de\/#website\"},\"primaryImageOfPage\":{\"@id\":\"https:\/\/mamopetsports.com\/de\/produkt\/mamo-aktiv-leash\/#primaryimage\"},\"datePublished\":\"2024-01-26T08:44:57+00:00\",\"dateModified\":\"2026-04-16T09:14:40+00:00\",\"breadcrumb\":{\"@id\":\"https:\/\/mamopetsports.com\/de\/produkt\/mamo-aktiv-leash\/#breadcrumb\"},\"inLanguage\":\"de-DE\",\"potentialAction\":[{\"@type\":\"ReadAction\",\"target\":[\"https:\/\/mamopetsports.com\/de\/produkt\/mamo-aktiv-leash\/\"]}]},{\"@type\":\"BreadcrumbList\",\"@id\":\"https:\/\/mamopetsports.com\/de\/produkt\/mamo-aktiv-leash\/#breadcrumb\",\"itemListElement\":[{\"@type\":\"ListItem\",\"position\":1,\"name\":\"Home\",\"item\":\"https:\/\/mamopetsports.com\/de\/\"},{\"@type\":\"ListItem\",\"position\":2,\"name\":\"Produkte\",\"item\":\"https:\/\/mamopetsports.com\/de\/produkte\/\"},{\"@type\":\"ListItem\",\"position\":3,\"name\":\"mamo aktiv leash\"}]}]}<\/script>\n<!-- \/ Yoast SEO plugin. -->","yoast_head_json":{"title":"mamo aktiv leash - mamo AUTside Dogs","robots":{"index":"index","follow":"follow","max-snippet":"max-snippet:-1","max-image-preview":"max-image-preview:large","max-video-preview":"max-video-preview:-1"},"canonical":"https:\/\/mamopetsports.com\/de\/produkt\/mamo-aktiv-leash\/","og_locale":"de_DE","og_type":"article","og_title":"mamo aktiv leash - mamo AUTside Dogs","og_description":"mamo aktiv leash  AUSTRIA EDITION \u2013 MADE IN AUSTRIA  Die neue Leinenserie von mamo pet sports\u00ae wird seit Herbst 2021 in \u00d6sterreich gefertigt und ist der ideale Begleiter f\u00fcr unz\u00e4hlige Outdoor-Aktivit\u00e4ten mit dem Vierbeiner.  Ausgestattet ist die neue mamo aktiv leash mit einem selbstsichernden Aluminium Karabinern mit integrierten Wirbelgelenk.  Eine integrierte Kurzf\u00fchrerschlaufe\u00a0 mit 40 cm vor dem Wirbelgelenk sorgt f\u00fcr mehr Sicherheit.  Eingewebte Leuchtstreifen sorgen f\u00fcr hohe Sichtbarkeit im Dunkeln.  Die mamo aktiv leash ist der ideale Allrounder f\u00fcr viele Aktivit\u00e4ten &amp; dank seiner einfachen Handhabung extrem praktisch.  Die L\u00e4ngenverstellung erfolgt mit 2 Finger und kann individuell zwischen 195-325 cm gew\u00e4hlt werden. Die Leine kann sich auch bei entspannten Spazierg\u00e4ngen quer \u00fcber die Schulter gelegt werden.  &nbsp;  Die mamo aktiv leash ist in zwei Ausf\u00fchrungen &amp; 2 Farben erh\u00e4ltlich:   20mm \/ geeignet f\u00fcr Hunde bis max. 25kg  25mm \/ geeignet f\u00fcr Hunde bis max. 60kg  Weitere Informationen zur mamo aktiv leash:   Max. L\u00e4nge 325 cm  Gewicht 20mm Breite: 170 g  Gewicht 25mm Breite: 175 g  Bevorzugte Einsatzbereiche:  Wandern, Alltag mit 2 Vierbeinern  Hier gehts zu unseren Pflegehinweisen \u2665","og_url":"https:\/\/mamopetsports.com\/de\/produkt\/mamo-aktiv-leash\/","og_site_name":"mamo AUTside Dogs","article_modified_time":"2026-04-16T09:14:40+00:00","og_image":[{"width":2560,"height":1707,"url":"https:\/\/mamopetsports.com\/wp-content\/uploads\/2024\/01\/mamo_bildserie-18-scaled.jpg","type":"image\/jpeg"}],"twitter_card":"summary_large_image","schema":{"@context":"https:\/\/schema.org","@graph":[{"@type":"WebSite","@id":"https:\/\/mamopetsports.com\/de\/#website","url":"https:\/\/mamopetsports.com\/de\/","name":"mamo AUTside Dogs","description":"Innovative Produkte f\u00fcr die Vierbeiner-Outdoorszene","potentialAction":[{"@type":"SearchAction","target":{"@type":"EntryPoint","urlTemplate":"https:\/\/mamopetsports.com\/de\/?s={search_term_string}"},"query-input":"required name=search_term_string"}],"inLanguage":"de-DE"},{"@type":"ImageObject","@id":"https:\/\/mamopetsports.com\/de\/produkt\/mamo-aktiv-leash\/#primaryimage","inLanguage":"de-DE","url":"https:\/\/mamopetsports.com\/wp-content\/uploads\/2024\/01\/mamo_bildserie-18-scaled.jpg","contentUrl":"https:\/\/mamopetsports.com\/wp-content\/uploads\/2024\/01\/mamo_bildserie-18-scaled.jpg","width":2560,"height":1707},{"@type":"WebPage","@id":"https:\/\/mamopetsports.com\/de\/produkt\/mamo-aktiv-leash\/#webpage","url":"https:\/\/mamopetsports.com\/de\/produkt\/mamo-aktiv-leash\/","name":"mamo aktiv leash - mamo AUTside Dogs","isPartOf":{"@id":"https:\/\/mamopetsports.com\/de\/#website"},"primaryImageOfPage":{"@id":"https:\/\/mamopetsports.com\/de\/produkt\/mamo-aktiv-leash\/#primaryimage"},"datePublished":"2024-01-26T08:44:57+00:00","dateModified":"2026-04-16T09:14:40+00:00","breadcrumb":{"@id":"https:\/\/mamopetsports.com\/de\/produkt\/mamo-aktiv-leash\/#breadcrumb"},"inLanguage":"de-DE","potentialAction":[{"@type":"ReadAction","target":["https:\/\/mamopetsports.com\/de\/produkt\/mamo-aktiv-leash\/"]}]},{"@type":"BreadcrumbList","@id":"https:\/\/mamopetsports.com\/de\/produkt\/mamo-aktiv-leash\/#breadcrumb","itemListElement":[{"@type":"ListItem","position":1,"name":"Home","item":"https:\/\/mamopetsports.com\/de\/"},{"@type":"ListItem","position":2,"name":"Produkte","item":"https:\/\/mamopetsports.com\/de\/produkte\/"},{"@type":"ListItem","position":3,"name":"mamo aktiv leash"}]}]}},"_links":{"self":[{"href":"https:\/\/mamopetsports.com\/de\/wp-json\/wp\/v2\/product\/10695"}],"collection":[{"href":"https:\/\/mamopetsports.com\/de\/wp-json\/wp\/v2\/product"}],"about":[{"href":"https:\/\/mamopetsports.com\/de\/wp-json\/wp\/v2\/types\/product"}],"replies":[{"embeddable":true,"href":"https:\/\/mamopetsports.com\/de\/wp-json\/wp\/v2\/comments?post=10695"}],"wp:featuredmedia":[{"embeddable":true,"href":"https:\/\/mamopetsports.com\/de\/wp-json\/wp\/v2\/media\/10700"}],"wp:attachment":[{"href":"https:\/\/mamopetsports.com\/de\/wp-json\/wp\/v2\/media?parent=10695"}],"wp:term":[{"taxonomy":"product_cat","embeddable":true,"href":"https:\/\/mamopetsports.com\/de\/wp-json\/wp\/v2\/product_cat?post=10695"},{"taxonomy":"product_tag","embeddable":true,"href":"https:\/\/mamopetsports.com\/de\/wp-json\/wp\/v2\/product_tag?post=10695"}],"curies":[{"name":"wp","href":"https:\/\/api.w.org\/{rel}","templated":true}]}}