{"id":11177,"date":"2024-06-23T14:53:54","date_gmt":"2024-06-23T13:53:54","guid":{"rendered":"https:\/\/mamopetsports.com\/?post_type=product&#038;p=11177"},"modified":"2025-01-20T22:06:13","modified_gmt":"2025-01-20T21:06:13","slug":"mamo-flex-pawrt","status":"publish","type":"product","link":"https:\/\/mamopetsports.com\/de\/produkt\/mamo-flex-pawrt\/","title":{"rendered":"mamo flex pa(w)rt"},"content":{"rendered":"<p>mamo flex pa(w)rt ist das praktische Adapterst\u00fcck f\u00fcr jede Leine!<\/p>\n<ul>\n<li>nur 20 cm lang<\/li>\n<li>mit Self-Lock Sicherheitskarabiner<\/li>\n<li>inkl. Kurzf\u00fchrerschlaufe f\u00fcr optimale Kontrolle<\/li>\n<li>f\u00fcr bis zu 200kg Zugkraft geeignet<\/li>\n<li>erh\u00e4ltlich in den Farben leuchtgr\u00fcn &amp; schwarz<\/li>\n<\/ul>\n<p>&nbsp;<\/p>\n","protected":false},"excerpt":{"rendered":"<p>mamo flex pa(w)rt ist das praktische Adapterst\u00fcck f\u00fcr jede Leine! nur 20 cm lang mit Self-Lock Sicherheitskarabiner inkl. Kurzf\u00fchrerschlaufe f\u00fcr optimale Kontrolle f\u00fcr bis zu 200kg Zugkraft geeignet erh\u00e4ltlich in den Farben leuchtgr\u00fcn &amp; schwarz &nbsp;<\/p>\n","protected":false},"featured_media":11178,"comment_status":"open","ping_status":"closed","template":"","meta":[],"product_cat":[25,15],"product_tag":[],"yoast_head":"<!-- This site is optimized with the Yoast SEO plugin v18.3 - https:\/\/yoast.com\/wordpress\/plugins\/seo\/ -->\n<title>mamo flex pa(w)rt - mamo AUTside Dogs<\/title>\n<meta name=\"description\" content=\"mamo flex pa(w)rt ist das praktische Adapterst\u00fcck f\u00fcr jede Leine! Mit Self-Lock Sicherheitskarabiner f\u00fcr bis zu 200kg Zugkraft\" \/>\n<meta name=\"robots\" content=\"index, follow, max-snippet:-1, max-image-preview:large, max-video-preview:-1\" \/>\n<link rel=\"canonical\" href=\"https:\/\/mamopetsports.com\/de\/produkt\/mamo-flex-pawrt\/\" \/>\n<meta property=\"og:locale\" content=\"de_DE\" \/>\n<meta property=\"og:type\" content=\"article\" \/>\n<meta property=\"og:title\" content=\"mamo flex pa(w)rt - mamo AUTside Dogs\" \/>\n<meta property=\"og:description\" content=\"mamo flex pa(w)rt ist das praktische Adapterst\u00fcck f\u00fcr jede Leine! Mit Self-Lock Sicherheitskarabiner f\u00fcr bis zu 200kg Zugkraft\" \/>\n<meta property=\"og:url\" content=\"https:\/\/mamopetsports.com\/de\/produkt\/mamo-flex-pawrt\/\" \/>\n<meta property=\"og:site_name\" content=\"mamo AUTside Dogs\" \/>\n<meta property=\"article:modified_time\" content=\"2025-01-20T21:06:13+00:00\" \/>\n<meta property=\"og:image\" content=\"https:\/\/mamopetsports.com\/wp-content\/uploads\/2024\/06\/7eaaabb8-ee53-432b-8ad2-a2ca050e0eea.jpg\" \/>\n\t<meta property=\"og:image:width\" content=\"1778\" \/>\n\t<meta property=\"og:image:height\" content=\"2048\" \/>\n\t<meta property=\"og:image:type\" content=\"image\/jpeg\" \/>\n<meta name=\"twitter:card\" content=\"summary_large_image\" \/>\n<meta name=\"twitter:label1\" content=\"Gesch\u00e4tzte Lesezeit\" \/>\n\t<meta name=\"twitter:data1\" content=\"1 Minute\" \/>\n<script type=\"application\/ld+json\" class=\"yoast-schema-graph\">{\"@context\":\"https:\/\/schema.org\",\"@graph\":[{\"@type\":\"WebSite\",\"@id\":\"https:\/\/mamopetsports.com\/de\/#website\",\"url\":\"https:\/\/mamopetsports.com\/de\/\",\"name\":\"mamo AUTside Dogs\",\"description\":\"Innovative Produkte f\u00fcr die Vierbeiner-Outdoorszene\",\"potentialAction\":[{\"@type\":\"SearchAction\",\"target\":{\"@type\":\"EntryPoint\",\"urlTemplate\":\"https:\/\/mamopetsports.com\/de\/?s={search_term_string}\"},\"query-input\":\"required name=search_term_string\"}],\"inLanguage\":\"de-DE\"},{\"@type\":\"ImageObject\",\"@id\":\"https:\/\/mamopetsports.com\/de\/produkt\/mamo-flex-pawrt\/#primaryimage\",\"inLanguage\":\"de-DE\",\"url\":\"https:\/\/mamopetsports.com\/wp-content\/uploads\/2024\/06\/7eaaabb8-ee53-432b-8ad2-a2ca050e0eea.jpg\",\"contentUrl\":\"https:\/\/mamopetsports.com\/wp-content\/uploads\/2024\/06\/7eaaabb8-ee53-432b-8ad2-a2ca050e0eea.jpg\",\"width\":1778,\"height\":2048},{\"@type\":\"WebPage\",\"@id\":\"https:\/\/mamopetsports.com\/de\/produkt\/mamo-flex-pawrt\/#webpage\",\"url\":\"https:\/\/mamopetsports.com\/de\/produkt\/mamo-flex-pawrt\/\",\"name\":\"mamo flex pa(w)rt - mamo AUTside Dogs\",\"isPartOf\":{\"@id\":\"https:\/\/mamopetsports.com\/de\/#website\"},\"primaryImageOfPage\":{\"@id\":\"https:\/\/mamopetsports.com\/de\/produkt\/mamo-flex-pawrt\/#primaryimage\"},\"datePublished\":\"2024-06-23T13:53:54+00:00\",\"dateModified\":\"2025-01-20T21:06:13+00:00\",\"description\":\"mamo flex pa(w)rt ist das praktische Adapterst\u00fcck f\u00fcr jede Leine! Mit Self-Lock Sicherheitskarabiner f\u00fcr bis zu 200kg Zugkraft\",\"breadcrumb\":{\"@id\":\"https:\/\/mamopetsports.com\/de\/produkt\/mamo-flex-pawrt\/#breadcrumb\"},\"inLanguage\":\"de-DE\",\"potentialAction\":[{\"@type\":\"ReadAction\",\"target\":[\"https:\/\/mamopetsports.com\/de\/produkt\/mamo-flex-pawrt\/\"]}]},{\"@type\":\"BreadcrumbList\",\"@id\":\"https:\/\/mamopetsports.com\/de\/produkt\/mamo-flex-pawrt\/#breadcrumb\",\"itemListElement\":[{\"@type\":\"ListItem\",\"position\":1,\"name\":\"Home\",\"item\":\"https:\/\/mamopetsports.com\/de\/\"},{\"@type\":\"ListItem\",\"position\":2,\"name\":\"Shop\",\"item\":\"https:\/\/mamopetsports.com\/de\/shop\/\"},{\"@type\":\"ListItem\",\"position\":3,\"name\":\"mamo flex pa(w)rt\"}]}]}<\/script>\n<!-- \/ Yoast SEO plugin. -->","yoast_head_json":{"title":"mamo flex pa(w)rt - mamo AUTside Dogs","description":"mamo flex pa(w)rt ist das praktische Adapterst\u00fcck f\u00fcr jede Leine! Mit Self-Lock Sicherheitskarabiner f\u00fcr bis zu 200kg Zugkraft","robots":{"index":"index","follow":"follow","max-snippet":"max-snippet:-1","max-image-preview":"max-image-preview:large","max-video-preview":"max-video-preview:-1"},"canonical":"https:\/\/mamopetsports.com\/de\/produkt\/mamo-flex-pawrt\/","og_locale":"de_DE","og_type":"article","og_title":"mamo flex pa(w)rt - mamo AUTside Dogs","og_description":"mamo flex pa(w)rt ist das praktische Adapterst\u00fcck f\u00fcr jede Leine! Mit Self-Lock Sicherheitskarabiner f\u00fcr bis zu 200kg Zugkraft","og_url":"https:\/\/mamopetsports.com\/de\/produkt\/mamo-flex-pawrt\/","og_site_name":"mamo AUTside Dogs","article_modified_time":"2025-01-20T21:06:13+00:00","og_image":[{"width":1778,"height":2048,"url":"https:\/\/mamopetsports.com\/wp-content\/uploads\/2024\/06\/7eaaabb8-ee53-432b-8ad2-a2ca050e0eea.jpg","type":"image\/jpeg"}],"twitter_card":"summary_large_image","twitter_misc":{"Gesch\u00e4tzte Lesezeit":"1 Minute"},"schema":{"@context":"https:\/\/schema.org","@graph":[{"@type":"WebSite","@id":"https:\/\/mamopetsports.com\/de\/#website","url":"https:\/\/mamopetsports.com\/de\/","name":"mamo AUTside Dogs","description":"Innovative Produkte f\u00fcr die Vierbeiner-Outdoorszene","potentialAction":[{"@type":"SearchAction","target":{"@type":"EntryPoint","urlTemplate":"https:\/\/mamopetsports.com\/de\/?s={search_term_string}"},"query-input":"required name=search_term_string"}],"inLanguage":"de-DE"},{"@type":"ImageObject","@id":"https:\/\/mamopetsports.com\/de\/produkt\/mamo-flex-pawrt\/#primaryimage","inLanguage":"de-DE","url":"https:\/\/mamopetsports.com\/wp-content\/uploads\/2024\/06\/7eaaabb8-ee53-432b-8ad2-a2ca050e0eea.jpg","contentUrl":"https:\/\/mamopetsports.com\/wp-content\/uploads\/2024\/06\/7eaaabb8-ee53-432b-8ad2-a2ca050e0eea.jpg","width":1778,"height":2048},{"@type":"WebPage","@id":"https:\/\/mamopetsports.com\/de\/produkt\/mamo-flex-pawrt\/#webpage","url":"https:\/\/mamopetsports.com\/de\/produkt\/mamo-flex-pawrt\/","name":"mamo flex pa(w)rt - mamo AUTside Dogs","isPartOf":{"@id":"https:\/\/mamopetsports.com\/de\/#website"},"primaryImageOfPage":{"@id":"https:\/\/mamopetsports.com\/de\/produkt\/mamo-flex-pawrt\/#primaryimage"},"datePublished":"2024-06-23T13:53:54+00:00","dateModified":"2025-01-20T21:06:13+00:00","description":"mamo flex pa(w)rt ist das praktische Adapterst\u00fcck f\u00fcr jede Leine! Mit Self-Lock Sicherheitskarabiner f\u00fcr bis zu 200kg Zugkraft","breadcrumb":{"@id":"https:\/\/mamopetsports.com\/de\/produkt\/mamo-flex-pawrt\/#breadcrumb"},"inLanguage":"de-DE","potentialAction":[{"@type":"ReadAction","target":["https:\/\/mamopetsports.com\/de\/produkt\/mamo-flex-pawrt\/"]}]},{"@type":"BreadcrumbList","@id":"https:\/\/mamopetsports.com\/de\/produkt\/mamo-flex-pawrt\/#breadcrumb","itemListElement":[{"@type":"ListItem","position":1,"name":"Home","item":"https:\/\/mamopetsports.com\/de\/"},{"@type":"ListItem","position":2,"name":"Shop","item":"https:\/\/mamopetsports.com\/de\/shop\/"},{"@type":"ListItem","position":3,"name":"mamo flex pa(w)rt"}]}]}},"_links":{"self":[{"href":"https:\/\/mamopetsports.com\/de\/wp-json\/wp\/v2\/product\/11177"}],"collection":[{"href":"https:\/\/mamopetsports.com\/de\/wp-json\/wp\/v2\/product"}],"about":[{"href":"https:\/\/mamopetsports.com\/de\/wp-json\/wp\/v2\/types\/product"}],"replies":[{"embeddable":true,"href":"https:\/\/mamopetsports.com\/de\/wp-json\/wp\/v2\/comments?post=11177"}],"wp:featuredmedia":[{"embeddable":true,"href":"https:\/\/mamopetsports.com\/de\/wp-json\/wp\/v2\/media\/11178"}],"wp:attachment":[{"href":"https:\/\/mamopetsports.com\/de\/wp-json\/wp\/v2\/media?parent=11177"}],"wp:term":[{"taxonomy":"product_cat","embeddable":true,"href":"https:\/\/mamopetsports.com\/de\/wp-json\/wp\/v2\/product_cat?post=11177"},{"taxonomy":"product_tag","embeddable":true,"href":"https:\/\/mamopetsports.com\/de\/wp-json\/wp\/v2\/product_tag?post=11177"}],"curies":[{"name":"wp","href":"https:\/\/api.w.org\/{rel}","templated":true}]}}