{"id":11362,"date":"2024-08-13T12:39:20","date_gmt":"2024-08-13T11:39:20","guid":{"rendered":"https:\/\/mamopetsports.com\/?post_type=product&#038;p=11362"},"modified":"2024-08-13T12:39:44","modified_gmt":"2024-08-13T11:39:44","slug":"mamo-harness-mini","status":"publish","type":"product","link":"https:\/\/mamopetsports.com\/de\/produkt\/mamo-harness-mini\/","title":{"rendered":"mamo Harness mini"},"content":{"rendered":"<p>Das mamo Harness mini Geschirr ist f\u00fcr die kleinsten Vierbeiner gemacht, um ihnen ein sicheres Abenteuer zu erm\u00f6glichen.<\/p>\n<p>Erh\u00e4ltlich in den Gr\u00f6\u00dfen:<\/p>\n<p>-mini: f\u00fcr mittelgro\u00dfe Hunde wie z.B. Cockerspaniel<\/p>\n<p>-mini XS: f\u00fcr kleine Hunde wie z.B. Chihuahua<\/p>\n<p>handmade in Austria \u2665 by Zwirnstar<\/p>\n<p>&nbsp;<\/p>\n<p>ca. 3 Wochen Lieferzeit<\/p>\n","protected":false},"excerpt":{"rendered":"<p>Das mamo Harness mini Geschirr ist f\u00fcr die kleinsten Vierbeiner gemacht, um ihnen ein sicheres Abenteuer zu erm\u00f6glichen. Erh\u00e4ltlich in den Gr\u00f6\u00dfen: -mini: f\u00fcr mittelgro\u00dfe Hunde wie z.B. Cockerspaniel -mini XS: f\u00fcr kleine Hunde wie z.B. Chihuahua handmade in Austria \u2665 by Zwirnstar &nbsp; ca. 3 Wochen Lieferzeit<\/p>\n","protected":false},"featured_media":11363,"comment_status":"open","ping_status":"closed","template":"","meta":[],"product_cat":[332],"product_tag":[],"yoast_head":"<!-- This site is optimized with the Yoast SEO plugin v18.3 - https:\/\/yoast.com\/wordpress\/plugins\/seo\/ -->\n<title>mamo Harness mini - mamo AUTside Dogs<\/title>\n<meta name=\"robots\" content=\"index, follow, max-snippet:-1, max-image-preview:large, max-video-preview:-1\" \/>\n<link rel=\"canonical\" href=\"https:\/\/mamopetsports.com\/de\/produkt\/mamo-harness-mini\/\" \/>\n<meta property=\"og:locale\" content=\"de_DE\" \/>\n<meta property=\"og:type\" content=\"article\" \/>\n<meta property=\"og:title\" content=\"mamo Harness mini - mamo AUTside Dogs\" \/>\n<meta property=\"og:description\" content=\"Das mamo Harness mini Geschirr ist f\u00fcr die kleinsten Vierbeiner gemacht, um ihnen ein sicheres Abenteuer zu erm\u00f6glichen. Erh\u00e4ltlich in den Gr\u00f6\u00dfen: -mini: f\u00fcr mittelgro\u00dfe Hunde wie z.B. Cockerspaniel -mini XS: f\u00fcr kleine Hunde wie z.B. Chihuahua handmade in Austria \u2665 by Zwirnstar &nbsp; ca. 3 Wochen Lieferzeit\" \/>\n<meta property=\"og:url\" content=\"https:\/\/mamopetsports.com\/de\/produkt\/mamo-harness-mini\/\" \/>\n<meta property=\"og:site_name\" content=\"mamo AUTside Dogs\" \/>\n<meta property=\"article:modified_time\" content=\"2024-08-13T11:39:44+00:00\" \/>\n<meta property=\"og:image\" content=\"https:\/\/mamopetsports.com\/wp-content\/uploads\/2024\/08\/WhatsApp-Image-2024-08-13-at-13.06.05.jpeg\" \/>\n\t<meta property=\"og:image:width\" content=\"1200\" \/>\n\t<meta property=\"og:image:height\" content=\"1600\" \/>\n\t<meta property=\"og:image:type\" content=\"image\/jpeg\" \/>\n<meta name=\"twitter:card\" content=\"summary_large_image\" \/>\n<meta name=\"twitter:label1\" content=\"Gesch\u00e4tzte Lesezeit\" \/>\n\t<meta name=\"twitter:data1\" content=\"1 Minute\" \/>\n<script type=\"application\/ld+json\" class=\"yoast-schema-graph\">{\"@context\":\"https:\/\/schema.org\",\"@graph\":[{\"@type\":\"WebSite\",\"@id\":\"https:\/\/mamopetsports.com\/de\/#website\",\"url\":\"https:\/\/mamopetsports.com\/de\/\",\"name\":\"mamo AUTside Dogs\",\"description\":\"Innovative Produkte f\u00fcr die Vierbeiner-Outdoorszene\",\"potentialAction\":[{\"@type\":\"SearchAction\",\"target\":{\"@type\":\"EntryPoint\",\"urlTemplate\":\"https:\/\/mamopetsports.com\/de\/?s={search_term_string}\"},\"query-input\":\"required name=search_term_string\"}],\"inLanguage\":\"de-DE\"},{\"@type\":\"ImageObject\",\"@id\":\"https:\/\/mamopetsports.com\/de\/produkt\/mamo-harness-mini\/#primaryimage\",\"inLanguage\":\"de-DE\",\"url\":\"https:\/\/mamopetsports.com\/wp-content\/uploads\/2024\/08\/WhatsApp-Image-2024-08-13-at-13.06.05.jpeg\",\"contentUrl\":\"https:\/\/mamopetsports.com\/wp-content\/uploads\/2024\/08\/WhatsApp-Image-2024-08-13-at-13.06.05.jpeg\",\"width\":1200,\"height\":1600},{\"@type\":\"WebPage\",\"@id\":\"https:\/\/mamopetsports.com\/de\/produkt\/mamo-harness-mini\/#webpage\",\"url\":\"https:\/\/mamopetsports.com\/de\/produkt\/mamo-harness-mini\/\",\"name\":\"mamo Harness mini - mamo AUTside Dogs\",\"isPartOf\":{\"@id\":\"https:\/\/mamopetsports.com\/de\/#website\"},\"primaryImageOfPage\":{\"@id\":\"https:\/\/mamopetsports.com\/de\/produkt\/mamo-harness-mini\/#primaryimage\"},\"datePublished\":\"2024-08-13T11:39:20+00:00\",\"dateModified\":\"2024-08-13T11:39:44+00:00\",\"breadcrumb\":{\"@id\":\"https:\/\/mamopetsports.com\/de\/produkt\/mamo-harness-mini\/#breadcrumb\"},\"inLanguage\":\"de-DE\",\"potentialAction\":[{\"@type\":\"ReadAction\",\"target\":[\"https:\/\/mamopetsports.com\/de\/produkt\/mamo-harness-mini\/\"]}]},{\"@type\":\"BreadcrumbList\",\"@id\":\"https:\/\/mamopetsports.com\/de\/produkt\/mamo-harness-mini\/#breadcrumb\",\"itemListElement\":[{\"@type\":\"ListItem\",\"position\":1,\"name\":\"Home\",\"item\":\"https:\/\/mamopetsports.com\/de\/\"},{\"@type\":\"ListItem\",\"position\":2,\"name\":\"Shop\",\"item\":\"https:\/\/mamopetsports.com\/de\/shop\/\"},{\"@type\":\"ListItem\",\"position\":3,\"name\":\"mamo Harness mini\"}]}]}<\/script>\n<!-- \/ Yoast SEO plugin. -->","yoast_head_json":{"title":"mamo Harness mini - mamo AUTside Dogs","robots":{"index":"index","follow":"follow","max-snippet":"max-snippet:-1","max-image-preview":"max-image-preview:large","max-video-preview":"max-video-preview:-1"},"canonical":"https:\/\/mamopetsports.com\/de\/produkt\/mamo-harness-mini\/","og_locale":"de_DE","og_type":"article","og_title":"mamo Harness mini - mamo AUTside Dogs","og_description":"Das mamo Harness mini Geschirr ist f\u00fcr die kleinsten Vierbeiner gemacht, um ihnen ein sicheres Abenteuer zu erm\u00f6glichen. Erh\u00e4ltlich in den Gr\u00f6\u00dfen: -mini: f\u00fcr mittelgro\u00dfe Hunde wie z.B. Cockerspaniel -mini XS: f\u00fcr kleine Hunde wie z.B. Chihuahua handmade in Austria \u2665 by Zwirnstar &nbsp; ca. 3 Wochen Lieferzeit","og_url":"https:\/\/mamopetsports.com\/de\/produkt\/mamo-harness-mini\/","og_site_name":"mamo AUTside Dogs","article_modified_time":"2024-08-13T11:39:44+00:00","og_image":[{"width":1200,"height":1600,"url":"https:\/\/mamopetsports.com\/wp-content\/uploads\/2024\/08\/WhatsApp-Image-2024-08-13-at-13.06.05.jpeg","type":"image\/jpeg"}],"twitter_card":"summary_large_image","twitter_misc":{"Gesch\u00e4tzte Lesezeit":"1 Minute"},"schema":{"@context":"https:\/\/schema.org","@graph":[{"@type":"WebSite","@id":"https:\/\/mamopetsports.com\/de\/#website","url":"https:\/\/mamopetsports.com\/de\/","name":"mamo AUTside Dogs","description":"Innovative Produkte f\u00fcr die Vierbeiner-Outdoorszene","potentialAction":[{"@type":"SearchAction","target":{"@type":"EntryPoint","urlTemplate":"https:\/\/mamopetsports.com\/de\/?s={search_term_string}"},"query-input":"required name=search_term_string"}],"inLanguage":"de-DE"},{"@type":"ImageObject","@id":"https:\/\/mamopetsports.com\/de\/produkt\/mamo-harness-mini\/#primaryimage","inLanguage":"de-DE","url":"https:\/\/mamopetsports.com\/wp-content\/uploads\/2024\/08\/WhatsApp-Image-2024-08-13-at-13.06.05.jpeg","contentUrl":"https:\/\/mamopetsports.com\/wp-content\/uploads\/2024\/08\/WhatsApp-Image-2024-08-13-at-13.06.05.jpeg","width":1200,"height":1600},{"@type":"WebPage","@id":"https:\/\/mamopetsports.com\/de\/produkt\/mamo-harness-mini\/#webpage","url":"https:\/\/mamopetsports.com\/de\/produkt\/mamo-harness-mini\/","name":"mamo Harness mini - mamo AUTside Dogs","isPartOf":{"@id":"https:\/\/mamopetsports.com\/de\/#website"},"primaryImageOfPage":{"@id":"https:\/\/mamopetsports.com\/de\/produkt\/mamo-harness-mini\/#primaryimage"},"datePublished":"2024-08-13T11:39:20+00:00","dateModified":"2024-08-13T11:39:44+00:00","breadcrumb":{"@id":"https:\/\/mamopetsports.com\/de\/produkt\/mamo-harness-mini\/#breadcrumb"},"inLanguage":"de-DE","potentialAction":[{"@type":"ReadAction","target":["https:\/\/mamopetsports.com\/de\/produkt\/mamo-harness-mini\/"]}]},{"@type":"BreadcrumbList","@id":"https:\/\/mamopetsports.com\/de\/produkt\/mamo-harness-mini\/#breadcrumb","itemListElement":[{"@type":"ListItem","position":1,"name":"Home","item":"https:\/\/mamopetsports.com\/de\/"},{"@type":"ListItem","position":2,"name":"Shop","item":"https:\/\/mamopetsports.com\/de\/shop\/"},{"@type":"ListItem","position":3,"name":"mamo Harness mini"}]}]}},"_links":{"self":[{"href":"https:\/\/mamopetsports.com\/de\/wp-json\/wp\/v2\/product\/11362"}],"collection":[{"href":"https:\/\/mamopetsports.com\/de\/wp-json\/wp\/v2\/product"}],"about":[{"href":"https:\/\/mamopetsports.com\/de\/wp-json\/wp\/v2\/types\/product"}],"replies":[{"embeddable":true,"href":"https:\/\/mamopetsports.com\/de\/wp-json\/wp\/v2\/comments?post=11362"}],"wp:featuredmedia":[{"embeddable":true,"href":"https:\/\/mamopetsports.com\/de\/wp-json\/wp\/v2\/media\/11363"}],"wp:attachment":[{"href":"https:\/\/mamopetsports.com\/de\/wp-json\/wp\/v2\/media?parent=11362"}],"wp:term":[{"taxonomy":"product_cat","embeddable":true,"href":"https:\/\/mamopetsports.com\/de\/wp-json\/wp\/v2\/product_cat?post=11362"},{"taxonomy":"product_tag","embeddable":true,"href":"https:\/\/mamopetsports.com\/de\/wp-json\/wp\/v2\/product_tag?post=11362"}],"curies":[{"name":"wp","href":"https:\/\/api.w.org\/{rel}","templated":true}]}}