{"id":305,"date":"2021-02-05T23:19:33","date_gmt":"2021-02-05T23:19:33","guid":{"rendered":"https:\/\/mamopetsports.com\/?post_type=product&#038;p=305"},"modified":"2025-06-05T10:02:08","modified_gmt":"2025-06-05T09:02:08","slug":"mamo-switch-leash","status":"publish","type":"product","link":"https:\/\/mamopetsports.com\/de\/produkt\/mamo-switch-leash\/","title":{"rendered":"mamo switch leash AUSTRIA EDITION"},"content":{"rendered":"","protected":false},"excerpt":{"rendered":"<p><strong>mamo switch leash<\/strong><\/p>\n<p><strong>AUSTRIA EDITION<\/strong> \u2013 In \u00d6sterreich mit Liebe gefertigt!<\/p>\n<p>Die neue Leinenserie von mamo pet sports\u00ae wird seit Herbst 2021 in \u00d6sterreich gefertigt und ist der ideale Begleiter f\u00fcr unz\u00e4hlige Outdoor-Aktivit\u00e4ten mit dem Vierbeiner.<\/p>\n<p>Die <strong>mamo switch leash AUSTRIA EDITION<\/strong> ist ausgestattet mit selbstsichernden Aluminium Karabinern mit integrierten Wirbelgelenken.<\/p>\n<p>Eingewebte Leuchtstreifen sorgen f\u00fcr hohe <strong>Sichtbarkeit im Dunkeln.<\/strong><\/p>\n<p>Eine <strong>integrierte Kurzf\u00fchrerschlaufe<\/strong> sorgt f\u00fcr mehr Sicherheit.<\/p>\n<p>Die <strong>integrierte Befestigungsm\u00f6glichkeit<\/strong> <strong>f\u00fcr das Hunde-Sackerl<\/strong> ist ein optimales Feature, um jederzeit ein Sackerl griffbereit zu haben.<\/p>\n<p>Die Leine kann auch ohne das <a href=\"https:\/\/mamopetsports.com\/produkt\/aktion-mamo-360-infinity-belt-system-kopie\/\">mamo 360\u00b0 infinity belt system<\/a> verwendet werden \u2013 hierf\u00fcr kann das Leinenende in den daf\u00fcr vorgesehen D-Ring eingeh\u00e4ngt werden und man erh\u00e4lt eine zus\u00e4tzliche Griffschlaufe mit gepolsterter Innenseite f\u00fcr optimales Handling.<\/p>\n<p>Zus\u00e4tzlich kann auch der <strong>Bungeeabschnitt gesperrt werden<\/strong>, somit erh\u00e4lt man eine starre handgef\u00fchrte Leine mit optimaler Kontrolle bei Spazierg\u00e4ngen ohne H\u00fcftgurt.<\/p>\n<p>Der Zug wird im ungesperrten Zustand w\u00e4hrend der Outdoor-Aktivit\u00e4t \u00fcber den integrierten Bungeeabschnitt vermindert und sorgt f\u00fcr <strong>mehr Sicherheit &amp; Komfort f\u00fcr Mensch &amp; Tier<\/strong>!<\/p>\n<p>Die <strong>mamo switch leash AUSTRIA EDITION<\/strong> ist in zwei Ausf\u00fchrungen &amp; 2 Farben erh\u00e4ltlich:<\/p>\n<ul>\n<li>20mm \/ geeignet f\u00fcr Hunde bis max. 25kg (L\u00e4nge 150cm)<\/li>\n<li>25mm \/ geeignet f\u00fcr Hunde bis max. 60kg (L\u00e4nge 150cm)<\/li>\n<\/ul>\n<p><strong>Weitere Informationen zu den Leinen:<\/strong><\/p>\n<ul>\n<li>Max. L\u00e4nge der 150er switch leash im gedehnten Zustand: ca. 185 cm<\/li>\n<li>Gewicht 150\/20: 180 g<\/li>\n<li>Gewicht 150\/25: 200 g<\/li>\n<\/ul>\n<p><strong>Bevorzugte Einsatzbereiche:<\/strong><\/p>\n<p>Joggen, Spazierg\u00e4nge, Wandern, Alltag<\/p>\n<p>Hier gehts zu unseren<a href=\"https:\/\/mamopetsports.com\/wp-content\/uploads\/2024\/04\/Pflegehinweise.pdf\"><strong> Pflegehinweisen \u2665<\/strong><\/a><\/p>\n<p><strong>Bitte beachten, dass die Leine im gesperrten (starren) Zustand nicht f\u00fcr Aktivit\u00e4ten am H\u00fcftgurt geeignet ist!<\/strong><\/p>\n","protected":false},"featured_media":7447,"comment_status":"open","ping_status":"closed","template":"","meta":[],"product_cat":[25],"product_tag":[],"yoast_head":"<!-- This site is optimized with the Yoast SEO plugin v18.3 - https:\/\/yoast.com\/wordpress\/plugins\/seo\/ -->\n<title>mamo switch leash AUSTRIA EDITION Produktdetails | mamo AUTside Dogs<\/title>\n<meta name=\"description\" content=\"Die Leine kann auch ohne mamo 360\u00b0 infinity belt system verwendet werden. Die mamo switch leash ist damit unverzichtbar f\u00fcr Ihre Ausfl\u00fcge.\" \/>\n<meta name=\"robots\" content=\"index, follow, max-snippet:-1, max-image-preview:large, max-video-preview:-1\" \/>\n<link rel=\"canonical\" href=\"https:\/\/mamopetsports.com\/de\/produkt\/mamo-switch-leash\/\" \/>\n<meta property=\"og:locale\" content=\"de_DE\" \/>\n<meta property=\"og:type\" content=\"article\" \/>\n<meta property=\"og:title\" content=\"mamo switch leash AUSTRIA EDITION Produktdetails | mamo AUTside Dogs\" \/>\n<meta property=\"og:description\" content=\"Die Leine kann auch ohne mamo 360\u00b0 infinity belt system verwendet werden. Die mamo switch leash ist damit unverzichtbar f\u00fcr Ihre Ausfl\u00fcge.\" \/>\n<meta property=\"og:url\" content=\"https:\/\/mamopetsports.com\/de\/produkt\/mamo-switch-leash\/\" \/>\n<meta property=\"og:site_name\" content=\"mamo AUTside Dogs\" \/>\n<meta property=\"article:modified_time\" content=\"2025-06-05T09:02:08+00:00\" \/>\n<meta property=\"og:image\" content=\"https:\/\/mamopetsports.com\/wp-content\/uploads\/2021\/02\/mamo-switch-leash-1-scaled.jpg\" \/>\n\t<meta property=\"og:image:width\" content=\"2450\" \/>\n\t<meta property=\"og:image:height\" content=\"2560\" \/>\n\t<meta property=\"og:image:type\" content=\"image\/jpeg\" \/>\n<meta name=\"twitter:card\" content=\"summary_large_image\" \/>\n<script type=\"application\/ld+json\" class=\"yoast-schema-graph\">{\"@context\":\"https:\/\/schema.org\",\"@graph\":[{\"@type\":\"WebSite\",\"@id\":\"https:\/\/mamopetsports.com\/de\/#website\",\"url\":\"https:\/\/mamopetsports.com\/de\/\",\"name\":\"mamo AUTside Dogs\",\"description\":\"Innovative Produkte f\u00fcr die Vierbeiner-Outdoorszene\",\"potentialAction\":[{\"@type\":\"SearchAction\",\"target\":{\"@type\":\"EntryPoint\",\"urlTemplate\":\"https:\/\/mamopetsports.com\/de\/?s={search_term_string}\"},\"query-input\":\"required name=search_term_string\"}],\"inLanguage\":\"de-DE\"},{\"@type\":\"ImageObject\",\"@id\":\"https:\/\/mamopetsports.com\/de\/produkt\/mamo-switch-leash\/#primaryimage\",\"inLanguage\":\"de-DE\",\"url\":\"https:\/\/mamopetsports.com\/wp-content\/uploads\/2021\/02\/mamo-switch-leash-1-scaled.jpg\",\"contentUrl\":\"https:\/\/mamopetsports.com\/wp-content\/uploads\/2021\/02\/mamo-switch-leash-1-scaled.jpg\",\"width\":2450,\"height\":2560},{\"@type\":\"WebPage\",\"@id\":\"https:\/\/mamopetsports.com\/de\/produkt\/mamo-switch-leash\/#webpage\",\"url\":\"https:\/\/mamopetsports.com\/de\/produkt\/mamo-switch-leash\/\",\"name\":\"mamo switch leash AUSTRIA EDITION Produktdetails | mamo AUTside Dogs\",\"isPartOf\":{\"@id\":\"https:\/\/mamopetsports.com\/de\/#website\"},\"primaryImageOfPage\":{\"@id\":\"https:\/\/mamopetsports.com\/de\/produkt\/mamo-switch-leash\/#primaryimage\"},\"datePublished\":\"2021-02-05T23:19:33+00:00\",\"dateModified\":\"2025-06-05T09:02:08+00:00\",\"description\":\"Die Leine kann auch ohne mamo 360\u00b0 infinity belt system verwendet werden. Die mamo switch leash ist damit unverzichtbar f\u00fcr Ihre Ausfl\u00fcge.\",\"breadcrumb\":{\"@id\":\"https:\/\/mamopetsports.com\/de\/produkt\/mamo-switch-leash\/#breadcrumb\"},\"inLanguage\":\"de-DE\",\"potentialAction\":[{\"@type\":\"ReadAction\",\"target\":[\"https:\/\/mamopetsports.com\/de\/produkt\/mamo-switch-leash\/\"]}]},{\"@type\":\"BreadcrumbList\",\"@id\":\"https:\/\/mamopetsports.com\/de\/produkt\/mamo-switch-leash\/#breadcrumb\",\"itemListElement\":[{\"@type\":\"ListItem\",\"position\":1,\"name\":\"Home\",\"item\":\"https:\/\/mamopetsports.com\/de\/\"},{\"@type\":\"ListItem\",\"position\":2,\"name\":\"Shop\",\"item\":\"https:\/\/mamopetsports.com\/de\/shop\/\"},{\"@type\":\"ListItem\",\"position\":3,\"name\":\"mamo switch leash AUSTRIA EDITION\"}]}]}<\/script>\n<!-- \/ Yoast SEO plugin. -->","yoast_head_json":{"title":"mamo switch leash AUSTRIA EDITION Produktdetails | mamo AUTside Dogs","description":"Die Leine kann auch ohne mamo 360\u00b0 infinity belt system verwendet werden. Die mamo switch leash ist damit unverzichtbar f\u00fcr Ihre Ausfl\u00fcge.","robots":{"index":"index","follow":"follow","max-snippet":"max-snippet:-1","max-image-preview":"max-image-preview:large","max-video-preview":"max-video-preview:-1"},"canonical":"https:\/\/mamopetsports.com\/de\/produkt\/mamo-switch-leash\/","og_locale":"de_DE","og_type":"article","og_title":"mamo switch leash AUSTRIA EDITION Produktdetails | mamo AUTside Dogs","og_description":"Die Leine kann auch ohne mamo 360\u00b0 infinity belt system verwendet werden. Die mamo switch leash ist damit unverzichtbar f\u00fcr Ihre Ausfl\u00fcge.","og_url":"https:\/\/mamopetsports.com\/de\/produkt\/mamo-switch-leash\/","og_site_name":"mamo AUTside Dogs","article_modified_time":"2025-06-05T09:02:08+00:00","og_image":[{"width":2450,"height":2560,"url":"https:\/\/mamopetsports.com\/wp-content\/uploads\/2021\/02\/mamo-switch-leash-1-scaled.jpg","type":"image\/jpeg"}],"twitter_card":"summary_large_image","schema":{"@context":"https:\/\/schema.org","@graph":[{"@type":"WebSite","@id":"https:\/\/mamopetsports.com\/de\/#website","url":"https:\/\/mamopetsports.com\/de\/","name":"mamo AUTside Dogs","description":"Innovative Produkte f\u00fcr die Vierbeiner-Outdoorszene","potentialAction":[{"@type":"SearchAction","target":{"@type":"EntryPoint","urlTemplate":"https:\/\/mamopetsports.com\/de\/?s={search_term_string}"},"query-input":"required name=search_term_string"}],"inLanguage":"de-DE"},{"@type":"ImageObject","@id":"https:\/\/mamopetsports.com\/de\/produkt\/mamo-switch-leash\/#primaryimage","inLanguage":"de-DE","url":"https:\/\/mamopetsports.com\/wp-content\/uploads\/2021\/02\/mamo-switch-leash-1-scaled.jpg","contentUrl":"https:\/\/mamopetsports.com\/wp-content\/uploads\/2021\/02\/mamo-switch-leash-1-scaled.jpg","width":2450,"height":2560},{"@type":"WebPage","@id":"https:\/\/mamopetsports.com\/de\/produkt\/mamo-switch-leash\/#webpage","url":"https:\/\/mamopetsports.com\/de\/produkt\/mamo-switch-leash\/","name":"mamo switch leash AUSTRIA EDITION Produktdetails | mamo AUTside Dogs","isPartOf":{"@id":"https:\/\/mamopetsports.com\/de\/#website"},"primaryImageOfPage":{"@id":"https:\/\/mamopetsports.com\/de\/produkt\/mamo-switch-leash\/#primaryimage"},"datePublished":"2021-02-05T23:19:33+00:00","dateModified":"2025-06-05T09:02:08+00:00","description":"Die Leine kann auch ohne mamo 360\u00b0 infinity belt system verwendet werden. Die mamo switch leash ist damit unverzichtbar f\u00fcr Ihre Ausfl\u00fcge.","breadcrumb":{"@id":"https:\/\/mamopetsports.com\/de\/produkt\/mamo-switch-leash\/#breadcrumb"},"inLanguage":"de-DE","potentialAction":[{"@type":"ReadAction","target":["https:\/\/mamopetsports.com\/de\/produkt\/mamo-switch-leash\/"]}]},{"@type":"BreadcrumbList","@id":"https:\/\/mamopetsports.com\/de\/produkt\/mamo-switch-leash\/#breadcrumb","itemListElement":[{"@type":"ListItem","position":1,"name":"Home","item":"https:\/\/mamopetsports.com\/de\/"},{"@type":"ListItem","position":2,"name":"Shop","item":"https:\/\/mamopetsports.com\/de\/shop\/"},{"@type":"ListItem","position":3,"name":"mamo switch leash AUSTRIA EDITION"}]}]}},"_links":{"self":[{"href":"https:\/\/mamopetsports.com\/de\/wp-json\/wp\/v2\/product\/305"}],"collection":[{"href":"https:\/\/mamopetsports.com\/de\/wp-json\/wp\/v2\/product"}],"about":[{"href":"https:\/\/mamopetsports.com\/de\/wp-json\/wp\/v2\/types\/product"}],"replies":[{"embeddable":true,"href":"https:\/\/mamopetsports.com\/de\/wp-json\/wp\/v2\/comments?post=305"}],"wp:featuredmedia":[{"embeddable":true,"href":"https:\/\/mamopetsports.com\/de\/wp-json\/wp\/v2\/media\/7447"}],"wp:attachment":[{"href":"https:\/\/mamopetsports.com\/de\/wp-json\/wp\/v2\/media?parent=305"}],"wp:term":[{"taxonomy":"product_cat","embeddable":true,"href":"https:\/\/mamopetsports.com\/de\/wp-json\/wp\/v2\/product_cat?post=305"},{"taxonomy":"product_tag","embeddable":true,"href":"https:\/\/mamopetsports.com\/de\/wp-json\/wp\/v2\/product_tag?post=305"}],"curies":[{"name":"wp","href":"https:\/\/api.w.org\/{rel}","templated":true}]}}