{"id":315,"date":"2021-02-05T23:25:56","date_gmt":"2021-02-05T23:25:56","guid":{"rendered":"https:\/\/mamopetsports.com\/?post_type=product&#038;p=315"},"modified":"2024-07-20T18:08:39","modified_gmt":"2024-07-20T17:08:39","slug":"mamo-twin-leash-connector","status":"publish","type":"product","link":"https:\/\/mamopetsports.com\/de\/produkt\/mamo-twin-leash-connector\/","title":{"rendered":"mamo twin leash connector AUSTRIA EDITION"},"content":{"rendered":"","protected":false},"excerpt":{"rendered":"<p><strong>mamo twin leash connector<\/strong><\/p>\n<p><strong>AUSTRIA EDITION<\/strong> \u2013 MADE IN AUSTRIA<\/p>\n<p>Die neue Leinenserie von mamo pet sports\u00ae wird seit Herbst 2021 in \u00d6sterreich gefertigt und ist der ideale Begleiter f\u00fcr unz\u00e4hlige Outdoor-Aktivit\u00e4ten mit dem Vierbeiner.<\/p>\n<p>Unser <strong>mamo twin leash connector AUSTRIA EDITION<\/strong> ist mit allen mamo Leinen kompatibel.<\/p>\n<p>Ausgestattet ist er mit zwei selbstsichernden Aluminium Karabinern mit integrierten Wirbelgelenken.<\/p>\n<p>Eingewebte Leuchtstreifen sorgen f\u00fcr hohe <strong>Sichtbarkeit im Dunkeln.<\/strong><\/p>\n<p>Die beiden symmetrischen Leinenzweige verteilen den Zug optimal auf die hintere, zentrierte Leine.<\/p>\n<p>Beide Leinenzweige habe eine L\u00e4nge von je 60 cm und lassen sich mit dem integrierten <strong>Bungeeabschnitt<\/strong> auf je ca. 80 cm erweitern.<\/p>\n<p>Der <strong>mamo twin leash connector<\/strong> ist in zwei Ausf\u00fchrungen &amp; 2 Farben erh\u00e4ltlich:<\/p>\n<ul>\n<li>20mm \/ geeignet f\u00fcr Hunde bis max. 25kg<\/li>\n<li>25mm \/ geeignet f\u00fcr Hunde bis max. 60kg<\/li>\n<\/ul>\n<p><strong>Weitere Informationen zum mamo twin leash connector:<\/strong><\/p>\n<ul>\n<li>Max. L\u00e4nge je Leinenzweig im gedehnten Zustand: ca. 80cm<\/li>\n<li>Gewicht 20mm Breite: 140 g<\/li>\n<li>Gewicht 25mm Breite: 160 g<\/li>\n<\/ul>\n<p>Hier geht&#8217;s zu unseren<strong><a href=\"https:\/\/mamopetsports.com\/wp-content\/uploads\/2024\/04\/Pflegehinweise.pdf\"> Pflegehinweisen<\/a> \u2665<\/strong><\/p>\n<p><strong>Unterschied zur mamo bungee twin leash:<\/strong><\/p>\n<p>Bei der <strong>mamo bungee twin leash<\/strong> handelt es sich um eine fix verbundene Doppelleine f\u00fcr 2 Vierbeiner. Hingegen kann der mamo <strong>twin leash connector<\/strong> nach Belieben mit allen mamo Leinen kombiniert werden &amp; somit k\u00f6nnen die Leinen weiterhin als Einzel- oder Doppelleine verwendet werden.<\/p>\n","protected":false},"featured_media":7445,"comment_status":"open","ping_status":"closed","template":"","meta":[],"product_cat":[25],"product_tag":[],"yoast_head":"<!-- This site is optimized with the Yoast SEO plugin v18.3 - https:\/\/yoast.com\/wordpress\/plugins\/seo\/ -->\n<title>mamo twin leash connector AUSTRIA EDITION Produktdetails | mamo AUTside Dogs<\/title>\n<meta name=\"description\" content=\"Unser mamo twin leash connector ist mit allen mamo Leinen kompatibel. Die beiden Leinenzweige verteilen den Zug optimal nach hinten.\" \/>\n<meta name=\"robots\" content=\"index, follow, max-snippet:-1, max-image-preview:large, max-video-preview:-1\" \/>\n<link rel=\"canonical\" href=\"https:\/\/mamopetsports.com\/de\/produkt\/mamo-twin-leash-connector\/\" \/>\n<meta property=\"og:locale\" content=\"de_DE\" \/>\n<meta property=\"og:type\" content=\"article\" \/>\n<meta property=\"og:title\" content=\"mamo twin leash connector AUSTRIA EDITION Produktdetails | mamo AUTside Dogs\" \/>\n<meta property=\"og:description\" content=\"Unser mamo twin leash connector ist mit allen mamo Leinen kompatibel. Die beiden Leinenzweige verteilen den Zug optimal nach hinten.\" \/>\n<meta property=\"og:url\" content=\"https:\/\/mamopetsports.com\/de\/produkt\/mamo-twin-leash-connector\/\" \/>\n<meta property=\"og:site_name\" content=\"mamo AUTside Dogs\" \/>\n<meta property=\"article:modified_time\" content=\"2024-07-20T17:08:39+00:00\" \/>\n<meta property=\"og:image\" content=\"https:\/\/mamopetsports.com\/wp-content\/uploads\/2021\/02\/mamo-twin-leash-connector-scaled.jpg\" \/>\n\t<meta property=\"og:image:width\" content=\"2290\" \/>\n\t<meta property=\"og:image:height\" content=\"2560\" \/>\n\t<meta property=\"og:image:type\" content=\"image\/jpeg\" \/>\n<meta name=\"twitter:card\" content=\"summary_large_image\" \/>\n<script type=\"application\/ld+json\" class=\"yoast-schema-graph\">{\"@context\":\"https:\/\/schema.org\",\"@graph\":[{\"@type\":\"WebSite\",\"@id\":\"https:\/\/mamopetsports.com\/de\/#website\",\"url\":\"https:\/\/mamopetsports.com\/de\/\",\"name\":\"mamo AUTside Dogs\",\"description\":\"Innovative Produkte f\u00fcr die Vierbeiner-Outdoorszene\",\"potentialAction\":[{\"@type\":\"SearchAction\",\"target\":{\"@type\":\"EntryPoint\",\"urlTemplate\":\"https:\/\/mamopetsports.com\/de\/?s={search_term_string}\"},\"query-input\":\"required name=search_term_string\"}],\"inLanguage\":\"de-DE\"},{\"@type\":\"ImageObject\",\"@id\":\"https:\/\/mamopetsports.com\/de\/produkt\/mamo-twin-leash-connector\/#primaryimage\",\"inLanguage\":\"de-DE\",\"url\":\"https:\/\/mamopetsports.com\/wp-content\/uploads\/2021\/02\/mamo-twin-leash-connector-scaled.jpg\",\"contentUrl\":\"https:\/\/mamopetsports.com\/wp-content\/uploads\/2021\/02\/mamo-twin-leash-connector-scaled.jpg\",\"width\":2290,\"height\":2560},{\"@type\":\"WebPage\",\"@id\":\"https:\/\/mamopetsports.com\/de\/produkt\/mamo-twin-leash-connector\/#webpage\",\"url\":\"https:\/\/mamopetsports.com\/de\/produkt\/mamo-twin-leash-connector\/\",\"name\":\"mamo twin leash connector AUSTRIA EDITION Produktdetails | mamo AUTside Dogs\",\"isPartOf\":{\"@id\":\"https:\/\/mamopetsports.com\/de\/#website\"},\"primaryImageOfPage\":{\"@id\":\"https:\/\/mamopetsports.com\/de\/produkt\/mamo-twin-leash-connector\/#primaryimage\"},\"datePublished\":\"2021-02-05T23:25:56+00:00\",\"dateModified\":\"2024-07-20T17:08:39+00:00\",\"description\":\"Unser mamo twin leash connector ist mit allen mamo Leinen kompatibel. Die beiden Leinenzweige verteilen den Zug optimal nach hinten.\",\"breadcrumb\":{\"@id\":\"https:\/\/mamopetsports.com\/de\/produkt\/mamo-twin-leash-connector\/#breadcrumb\"},\"inLanguage\":\"de-DE\",\"potentialAction\":[{\"@type\":\"ReadAction\",\"target\":[\"https:\/\/mamopetsports.com\/de\/produkt\/mamo-twin-leash-connector\/\"]}]},{\"@type\":\"BreadcrumbList\",\"@id\":\"https:\/\/mamopetsports.com\/de\/produkt\/mamo-twin-leash-connector\/#breadcrumb\",\"itemListElement\":[{\"@type\":\"ListItem\",\"position\":1,\"name\":\"Home\",\"item\":\"https:\/\/mamopetsports.com\/de\/\"},{\"@type\":\"ListItem\",\"position\":2,\"name\":\"Shop\",\"item\":\"https:\/\/mamopetsports.com\/de\/shop\/\"},{\"@type\":\"ListItem\",\"position\":3,\"name\":\"mamo twin leash connector AUSTRIA EDITION\"}]}]}<\/script>\n<!-- \/ Yoast SEO plugin. -->","yoast_head_json":{"title":"mamo twin leash connector AUSTRIA EDITION Produktdetails | mamo AUTside Dogs","description":"Unser mamo twin leash connector ist mit allen mamo Leinen kompatibel. Die beiden Leinenzweige verteilen den Zug optimal nach hinten.","robots":{"index":"index","follow":"follow","max-snippet":"max-snippet:-1","max-image-preview":"max-image-preview:large","max-video-preview":"max-video-preview:-1"},"canonical":"https:\/\/mamopetsports.com\/de\/produkt\/mamo-twin-leash-connector\/","og_locale":"de_DE","og_type":"article","og_title":"mamo twin leash connector AUSTRIA EDITION Produktdetails | mamo AUTside Dogs","og_description":"Unser mamo twin leash connector ist mit allen mamo Leinen kompatibel. Die beiden Leinenzweige verteilen den Zug optimal nach hinten.","og_url":"https:\/\/mamopetsports.com\/de\/produkt\/mamo-twin-leash-connector\/","og_site_name":"mamo AUTside Dogs","article_modified_time":"2024-07-20T17:08:39+00:00","og_image":[{"width":2290,"height":2560,"url":"https:\/\/mamopetsports.com\/wp-content\/uploads\/2021\/02\/mamo-twin-leash-connector-scaled.jpg","type":"image\/jpeg"}],"twitter_card":"summary_large_image","schema":{"@context":"https:\/\/schema.org","@graph":[{"@type":"WebSite","@id":"https:\/\/mamopetsports.com\/de\/#website","url":"https:\/\/mamopetsports.com\/de\/","name":"mamo AUTside Dogs","description":"Innovative Produkte f\u00fcr die Vierbeiner-Outdoorszene","potentialAction":[{"@type":"SearchAction","target":{"@type":"EntryPoint","urlTemplate":"https:\/\/mamopetsports.com\/de\/?s={search_term_string}"},"query-input":"required name=search_term_string"}],"inLanguage":"de-DE"},{"@type":"ImageObject","@id":"https:\/\/mamopetsports.com\/de\/produkt\/mamo-twin-leash-connector\/#primaryimage","inLanguage":"de-DE","url":"https:\/\/mamopetsports.com\/wp-content\/uploads\/2021\/02\/mamo-twin-leash-connector-scaled.jpg","contentUrl":"https:\/\/mamopetsports.com\/wp-content\/uploads\/2021\/02\/mamo-twin-leash-connector-scaled.jpg","width":2290,"height":2560},{"@type":"WebPage","@id":"https:\/\/mamopetsports.com\/de\/produkt\/mamo-twin-leash-connector\/#webpage","url":"https:\/\/mamopetsports.com\/de\/produkt\/mamo-twin-leash-connector\/","name":"mamo twin leash connector AUSTRIA EDITION Produktdetails | mamo AUTside Dogs","isPartOf":{"@id":"https:\/\/mamopetsports.com\/de\/#website"},"primaryImageOfPage":{"@id":"https:\/\/mamopetsports.com\/de\/produkt\/mamo-twin-leash-connector\/#primaryimage"},"datePublished":"2021-02-05T23:25:56+00:00","dateModified":"2024-07-20T17:08:39+00:00","description":"Unser mamo twin leash connector ist mit allen mamo Leinen kompatibel. Die beiden Leinenzweige verteilen den Zug optimal nach hinten.","breadcrumb":{"@id":"https:\/\/mamopetsports.com\/de\/produkt\/mamo-twin-leash-connector\/#breadcrumb"},"inLanguage":"de-DE","potentialAction":[{"@type":"ReadAction","target":["https:\/\/mamopetsports.com\/de\/produkt\/mamo-twin-leash-connector\/"]}]},{"@type":"BreadcrumbList","@id":"https:\/\/mamopetsports.com\/de\/produkt\/mamo-twin-leash-connector\/#breadcrumb","itemListElement":[{"@type":"ListItem","position":1,"name":"Home","item":"https:\/\/mamopetsports.com\/de\/"},{"@type":"ListItem","position":2,"name":"Shop","item":"https:\/\/mamopetsports.com\/de\/shop\/"},{"@type":"ListItem","position":3,"name":"mamo twin leash connector AUSTRIA EDITION"}]}]}},"_links":{"self":[{"href":"https:\/\/mamopetsports.com\/de\/wp-json\/wp\/v2\/product\/315"}],"collection":[{"href":"https:\/\/mamopetsports.com\/de\/wp-json\/wp\/v2\/product"}],"about":[{"href":"https:\/\/mamopetsports.com\/de\/wp-json\/wp\/v2\/types\/product"}],"replies":[{"embeddable":true,"href":"https:\/\/mamopetsports.com\/de\/wp-json\/wp\/v2\/comments?post=315"}],"wp:featuredmedia":[{"embeddable":true,"href":"https:\/\/mamopetsports.com\/de\/wp-json\/wp\/v2\/media\/7445"}],"wp:attachment":[{"href":"https:\/\/mamopetsports.com\/de\/wp-json\/wp\/v2\/media?parent=315"}],"wp:term":[{"taxonomy":"product_cat","embeddable":true,"href":"https:\/\/mamopetsports.com\/de\/wp-json\/wp\/v2\/product_cat?post=315"},{"taxonomy":"product_tag","embeddable":true,"href":"https:\/\/mamopetsports.com\/de\/wp-json\/wp\/v2\/product_tag?post=315"}],"curies":[{"name":"wp","href":"https:\/\/api.w.org\/{rel}","templated":true}]}}