{"id":5158,"date":"2021-10-06T23:23:34","date_gmt":"2021-10-06T22:23:34","guid":{"rendered":"https:\/\/mamopetsports.com\/?post_type=product&#038;p=5158"},"modified":"2025-06-10T19:38:22","modified_gmt":"2025-06-10T18:38:22","slug":"mamo-bungee-leash-alu-karabiner-versperrbar","status":"publish","type":"product","link":"https:\/\/mamopetsports.com\/de\/produkt\/mamo-bungee-leash-alu-karabiner-versperrbar\/","title":{"rendered":"mamo bungee leash AUSTRIA EDITION"},"content":{"rendered":"","protected":false},"excerpt":{"rendered":"<p><strong>AUSTRIA EDITION<\/strong> &#8211; In \u00d6sterreich mit Liebe gefertigt!<\/p>\n<p>Unser neue Leinenserie wird seit Herbst 2021 in \u00d6sterreich gefertigt und ist der ideale Begleiter f\u00fcr unz\u00e4hlige Outdoor-Aktivit\u00e4ten mit dem Vierbeiner.<\/p>\n<p>Unsere <strong>mamo bungee leash &#8222;Austria Edition&#8220;<\/strong> ist ausgestattet mit selbstsichernden Aluminium Karabinern mit integrierten Wirbelgelenken.<\/p>\n<p>Eingewebte Leuchtstreifen sorgen f\u00fcr hohe <strong>Sichtbarkeit im Dunkeln.<\/strong><\/p>\n<p>Eine <strong>integrierte Kurzf\u00fchrerschlaufe<\/strong> sorgt f\u00fcr mehr Sicherheit.<\/p>\n<p>Die <strong>integrierte Befestigungsm\u00f6glichkeit<\/strong> <strong>f\u00fcr das Hunde-Sackerl<\/strong> ist ein optimales Feature, um jederzeit ein Sackerl griffbereit zu haben.<\/p>\n<p>Der Zug wird w\u00e4hrend der Outdoor-Aktivit\u00e4t \u00fcber den integrierten Bungeeabschnitt vermindert und sorgt f\u00fcr <strong>mehr Sicherheit &amp; Komfort f\u00fcr Mensch &amp; Tier<\/strong>!<\/p>\n<p>Die Leine kann auch ohne das <a href=\"https:\/\/mamopetsports.com\/produkt\/aktion-mamo-360-infinity-belt-system-kopie\/\">mamo 360\u00b0 infinity belt system<\/a> verwendet werden &#8211; hierf\u00fcr kann das Leinenende in den daf\u00fcr vorgesehen D-Ring eingeh\u00e4ngt werden und man erh\u00e4lt eine zus\u00e4tzliche Griffschlaufe mit <strong>gepolsteter Innenseite<\/strong> f\u00fcr optimales Handling.<\/p>\n<p>Die <strong>mamo bungee leash der &#8222;Austria Edition&#8220;<\/strong> ist in 4 Ausf\u00fchrungen &amp; 2 Farben erh\u00e4ltlich:<\/p>\n<ul>\n<li>20mm \/ geeignet f\u00fcr Hunde bis max. 25kg (L\u00e4nge 185cm oder 255cm)<\/li>\n<li>25mm \/ geeignet f\u00fcr Hunde bis max. 60kg (L\u00e4nge 185cm oder 255cm)<\/li>\n<\/ul>\n<p><strong>Weitere Informationen zu den Leinen:<\/strong><\/p>\n<ul>\n<li>Max. L\u00e4nge der 185er bungee leash im gedehnten Zustand: ca. 280cm<\/li>\n<li>Max. L\u00e4nge der 255er bungee leash im gedehnten Zustand: ca. 350cm<\/li>\n<li>Gewicht 185\/20: 180g<\/li>\n<li>Gewicht 185\/25: 200g<\/li>\n<li>Gewicht 255\/20: 240g<\/li>\n<li>Gewicht 255\/25: 260g<\/li>\n<\/ul>\n<p><strong>Bevorzugte Einsatzbereiche:<\/strong><\/p>\n<p>Wandern, Ski-Touren, Alltag<\/p>\n<p>Hier geht&#8217;s zu unseren<strong> <a href=\"https:\/\/mamopetsports.com\/wp-content\/uploads\/2024\/04\/Pflegehinweise.pdf\">Pflegehinweisen \u2665<\/a><\/strong><\/p>\n","protected":false},"featured_media":8022,"comment_status":"open","ping_status":"closed","template":"","meta":[],"product_cat":[25],"product_tag":[],"yoast_head":"<!-- This site is optimized with the Yoast SEO plugin v18.3 - https:\/\/yoast.com\/wordpress\/plugins\/seo\/ -->\n<title>mamo bungee leash AUSTRIA EDITION shorty Produktdetails | mamo AUTside Dogs<\/title>\n<meta name=\"description\" content=\"Unsere mamo pet sports bungee leash ist ausgestattet mit versperrbaren Aluminium Karabinern inklusive integrierten Wirbelgelenken.\" \/>\n<meta name=\"robots\" content=\"index, follow, max-snippet:-1, max-image-preview:large, max-video-preview:-1\" \/>\n<link rel=\"canonical\" href=\"https:\/\/mamopetsports.com\/de\/produkt\/mamo-bungee-leash-alu-karabiner-versperrbar\/\" \/>\n<meta property=\"og:locale\" content=\"de_DE\" \/>\n<meta property=\"og:type\" content=\"article\" \/>\n<meta property=\"og:title\" content=\"mamo bungee leash AUSTRIA EDITION shorty Produktdetails | mamo AUTside Dogs\" \/>\n<meta property=\"og:description\" content=\"Unsere mamo pet sports bungee leash ist ausgestattet mit versperrbaren Aluminium Karabinern inklusive integrierten Wirbelgelenken.\" \/>\n<meta property=\"og:url\" content=\"https:\/\/mamopetsports.com\/de\/produkt\/mamo-bungee-leash-alu-karabiner-versperrbar\/\" \/>\n<meta property=\"og:site_name\" content=\"mamo AUTside Dogs\" \/>\n<meta property=\"article:modified_time\" content=\"2025-06-10T18:38:22+00:00\" \/>\n<meta property=\"og:image\" content=\"https:\/\/mamopetsports.com\/wp-content\/uploads\/2021\/10\/mamo-bungee-leash-185_green.png\" \/>\n\t<meta property=\"og:image:width\" content=\"1800\" \/>\n\t<meta property=\"og:image:height\" content=\"2400\" \/>\n\t<meta property=\"og:image:type\" content=\"image\/png\" \/>\n<meta name=\"twitter:card\" content=\"summary_large_image\" \/>\n<script type=\"application\/ld+json\" class=\"yoast-schema-graph\">{\"@context\":\"https:\/\/schema.org\",\"@graph\":[{\"@type\":\"WebSite\",\"@id\":\"https:\/\/mamopetsports.com\/de\/#website\",\"url\":\"https:\/\/mamopetsports.com\/de\/\",\"name\":\"mamo AUTside Dogs\",\"description\":\"Innovative Produkte f\u00fcr die Vierbeiner-Outdoorszene\",\"potentialAction\":[{\"@type\":\"SearchAction\",\"target\":{\"@type\":\"EntryPoint\",\"urlTemplate\":\"https:\/\/mamopetsports.com\/de\/?s={search_term_string}\"},\"query-input\":\"required name=search_term_string\"}],\"inLanguage\":\"de-DE\"},{\"@type\":\"ImageObject\",\"@id\":\"https:\/\/mamopetsports.com\/de\/produkt\/mamo-bungee-leash-alu-karabiner-versperrbar\/#primaryimage\",\"inLanguage\":\"de-DE\",\"url\":\"https:\/\/mamopetsports.com\/wp-content\/uploads\/2021\/10\/mamo-bungee-leash-185_green.png\",\"contentUrl\":\"https:\/\/mamopetsports.com\/wp-content\/uploads\/2021\/10\/mamo-bungee-leash-185_green.png\",\"width\":1800,\"height\":2400},{\"@type\":\"WebPage\",\"@id\":\"https:\/\/mamopetsports.com\/de\/produkt\/mamo-bungee-leash-alu-karabiner-versperrbar\/#webpage\",\"url\":\"https:\/\/mamopetsports.com\/de\/produkt\/mamo-bungee-leash-alu-karabiner-versperrbar\/\",\"name\":\"mamo bungee leash AUSTRIA EDITION shorty Produktdetails | mamo AUTside Dogs\",\"isPartOf\":{\"@id\":\"https:\/\/mamopetsports.com\/de\/#website\"},\"primaryImageOfPage\":{\"@id\":\"https:\/\/mamopetsports.com\/de\/produkt\/mamo-bungee-leash-alu-karabiner-versperrbar\/#primaryimage\"},\"datePublished\":\"2021-10-06T22:23:34+00:00\",\"dateModified\":\"2025-06-10T18:38:22+00:00\",\"description\":\"Unsere mamo pet sports bungee leash ist ausgestattet mit versperrbaren Aluminium Karabinern inklusive integrierten Wirbelgelenken.\",\"breadcrumb\":{\"@id\":\"https:\/\/mamopetsports.com\/de\/produkt\/mamo-bungee-leash-alu-karabiner-versperrbar\/#breadcrumb\"},\"inLanguage\":\"de-DE\",\"potentialAction\":[{\"@type\":\"ReadAction\",\"target\":[\"https:\/\/mamopetsports.com\/de\/produkt\/mamo-bungee-leash-alu-karabiner-versperrbar\/\"]}]},{\"@type\":\"BreadcrumbList\",\"@id\":\"https:\/\/mamopetsports.com\/de\/produkt\/mamo-bungee-leash-alu-karabiner-versperrbar\/#breadcrumb\",\"itemListElement\":[{\"@type\":\"ListItem\",\"position\":1,\"name\":\"Home\",\"item\":\"https:\/\/mamopetsports.com\/de\/\"},{\"@type\":\"ListItem\",\"position\":2,\"name\":\"Shop\",\"item\":\"https:\/\/mamopetsports.com\/de\/shop\/\"},{\"@type\":\"ListItem\",\"position\":3,\"name\":\"mamo bungee leash AUSTRIA EDITION\"}]}]}<\/script>\n<!-- \/ Yoast SEO plugin. -->","yoast_head_json":{"title":"mamo bungee leash AUSTRIA EDITION shorty Produktdetails | mamo AUTside Dogs","description":"Unsere mamo pet sports bungee leash ist ausgestattet mit versperrbaren Aluminium Karabinern inklusive integrierten Wirbelgelenken.","robots":{"index":"index","follow":"follow","max-snippet":"max-snippet:-1","max-image-preview":"max-image-preview:large","max-video-preview":"max-video-preview:-1"},"canonical":"https:\/\/mamopetsports.com\/de\/produkt\/mamo-bungee-leash-alu-karabiner-versperrbar\/","og_locale":"de_DE","og_type":"article","og_title":"mamo bungee leash AUSTRIA EDITION shorty Produktdetails | mamo AUTside Dogs","og_description":"Unsere mamo pet sports bungee leash ist ausgestattet mit versperrbaren Aluminium Karabinern inklusive integrierten Wirbelgelenken.","og_url":"https:\/\/mamopetsports.com\/de\/produkt\/mamo-bungee-leash-alu-karabiner-versperrbar\/","og_site_name":"mamo AUTside Dogs","article_modified_time":"2025-06-10T18:38:22+00:00","og_image":[{"width":1800,"height":2400,"url":"https:\/\/mamopetsports.com\/wp-content\/uploads\/2021\/10\/mamo-bungee-leash-185_green.png","type":"image\/png"}],"twitter_card":"summary_large_image","schema":{"@context":"https:\/\/schema.org","@graph":[{"@type":"WebSite","@id":"https:\/\/mamopetsports.com\/de\/#website","url":"https:\/\/mamopetsports.com\/de\/","name":"mamo AUTside Dogs","description":"Innovative Produkte f\u00fcr die Vierbeiner-Outdoorszene","potentialAction":[{"@type":"SearchAction","target":{"@type":"EntryPoint","urlTemplate":"https:\/\/mamopetsports.com\/de\/?s={search_term_string}"},"query-input":"required name=search_term_string"}],"inLanguage":"de-DE"},{"@type":"ImageObject","@id":"https:\/\/mamopetsports.com\/de\/produkt\/mamo-bungee-leash-alu-karabiner-versperrbar\/#primaryimage","inLanguage":"de-DE","url":"https:\/\/mamopetsports.com\/wp-content\/uploads\/2021\/10\/mamo-bungee-leash-185_green.png","contentUrl":"https:\/\/mamopetsports.com\/wp-content\/uploads\/2021\/10\/mamo-bungee-leash-185_green.png","width":1800,"height":2400},{"@type":"WebPage","@id":"https:\/\/mamopetsports.com\/de\/produkt\/mamo-bungee-leash-alu-karabiner-versperrbar\/#webpage","url":"https:\/\/mamopetsports.com\/de\/produkt\/mamo-bungee-leash-alu-karabiner-versperrbar\/","name":"mamo bungee leash AUSTRIA EDITION shorty Produktdetails | mamo AUTside Dogs","isPartOf":{"@id":"https:\/\/mamopetsports.com\/de\/#website"},"primaryImageOfPage":{"@id":"https:\/\/mamopetsports.com\/de\/produkt\/mamo-bungee-leash-alu-karabiner-versperrbar\/#primaryimage"},"datePublished":"2021-10-06T22:23:34+00:00","dateModified":"2025-06-10T18:38:22+00:00","description":"Unsere mamo pet sports bungee leash ist ausgestattet mit versperrbaren Aluminium Karabinern inklusive integrierten Wirbelgelenken.","breadcrumb":{"@id":"https:\/\/mamopetsports.com\/de\/produkt\/mamo-bungee-leash-alu-karabiner-versperrbar\/#breadcrumb"},"inLanguage":"de-DE","potentialAction":[{"@type":"ReadAction","target":["https:\/\/mamopetsports.com\/de\/produkt\/mamo-bungee-leash-alu-karabiner-versperrbar\/"]}]},{"@type":"BreadcrumbList","@id":"https:\/\/mamopetsports.com\/de\/produkt\/mamo-bungee-leash-alu-karabiner-versperrbar\/#breadcrumb","itemListElement":[{"@type":"ListItem","position":1,"name":"Home","item":"https:\/\/mamopetsports.com\/de\/"},{"@type":"ListItem","position":2,"name":"Shop","item":"https:\/\/mamopetsports.com\/de\/shop\/"},{"@type":"ListItem","position":3,"name":"mamo bungee leash AUSTRIA EDITION"}]}]}},"_links":{"self":[{"href":"https:\/\/mamopetsports.com\/de\/wp-json\/wp\/v2\/product\/5158"}],"collection":[{"href":"https:\/\/mamopetsports.com\/de\/wp-json\/wp\/v2\/product"}],"about":[{"href":"https:\/\/mamopetsports.com\/de\/wp-json\/wp\/v2\/types\/product"}],"replies":[{"embeddable":true,"href":"https:\/\/mamopetsports.com\/de\/wp-json\/wp\/v2\/comments?post=5158"}],"wp:featuredmedia":[{"embeddable":true,"href":"https:\/\/mamopetsports.com\/de\/wp-json\/wp\/v2\/media\/8022"}],"wp:attachment":[{"href":"https:\/\/mamopetsports.com\/de\/wp-json\/wp\/v2\/media?parent=5158"}],"wp:term":[{"taxonomy":"product_cat","embeddable":true,"href":"https:\/\/mamopetsports.com\/de\/wp-json\/wp\/v2\/product_cat?post=5158"},{"taxonomy":"product_tag","embeddable":true,"href":"https:\/\/mamopetsports.com\/de\/wp-json\/wp\/v2\/product_tag?post=5158"}],"curies":[{"name":"wp","href":"https:\/\/api.w.org\/{rel}","templated":true}]}}