{"id":5199,"date":"2021-10-07T00:24:24","date_gmt":"2021-10-06T23:24:24","guid":{"rendered":"https:\/\/mamopetsports.com\/?post_type=product&#038;p=5199"},"modified":"2025-05-25T10:44:02","modified_gmt":"2025-05-25T09:44:02","slug":"mamo-bungee-twin-leash","status":"publish","type":"product","link":"https:\/\/mamopetsports.com\/de\/produkt\/mamo-bungee-twin-leash\/","title":{"rendered":"mamo bungee twin leash AUSTRIA EDITION"},"content":{"rendered":"","protected":false},"excerpt":{"rendered":"<p><strong>mamo bungee twin leash<\/strong><\/p>\n<p><strong>AUSTRIA EDITION<\/strong> \u2013 MADE IN AUSTRIA<\/p>\n<p>Die neue Leinenserie von mamo AUTside Dogs\u00ae wird seit Herbst 2021 in \u00d6sterreich gefertigt und ist der ideale Begleiter f\u00fcr unz\u00e4hlige Outdoor-Aktivit\u00e4ten mit dem Vierbeiner.<\/p>\n<p>Ausgestattet ist die neue <strong>mamo bungee twin leash<\/strong> mit drei selbstsichernden Aluminium Karabinern mit integrierten Wirbelgelenken.<\/p>\n<p>Eine <strong>integrierte Kurzf\u00fchrerschlaufe<\/strong> kurz vor dem Wirbelgelenk sorgt f\u00fcr mehr Sicherheit.<\/p>\n<p>Eingewebte Leuchtstreifen sorgen f\u00fcr hohe <strong>Sichtbarkeit im Dunkeln.<\/strong><\/p>\n<p>Die <strong>integrierte Befestigungsm\u00f6glichkeit<\/strong> <strong>f\u00fcr das Hunde-Sackerl<\/strong> ist ein optimales Feature, um jederzeit ein Sackerl griffbereit zu haben.<\/p>\n<p>Die Leine kann auch ohne das <a href=\"https:\/\/mamopetsports.com\/produkt\/aktion-mamo-360-infinity-belt-system-kopie\/\">mamo 360\u00b0 infinity belt system<\/a> verwendet werden \u2013 hierf\u00fcr kann das Leinenende in den daf\u00fcr vorgesehen D-Ring eingeh\u00e4ngt werden und man erh\u00e4lt eine zus\u00e4tzliche Griffschlaufe mit gepolsterter Innenseite f\u00fcr optimales Handling.<\/p>\n<p>Die beiden symmetrischen Leinenzweige verteilen den Zug optimal auf die hintere, zentrierte Leine. Die Hauptleine ist fix mit einem zus\u00e4tzlichen Wirbelgelenk an den beiden Leinenzweigen verbunden.<\/p>\n<p>Die Leine hat eine Gesamtl\u00e4nge von 200 cm im ungedehnten Zustand und l\u00e4sst sich mit den integrierten <strong>Bungeeabschnitten<\/strong> auf ca. 240 cm erweitern.<\/p>\n<p>Die <strong>mamo bungee twin leash<\/strong> ist in zwei Ausf\u00fchrungen &amp; 2 Farben erh\u00e4ltlich:<\/p>\n<ul>\n<li>20mm \/ geeignet f\u00fcr Hunde bis max. 25kg<\/li>\n<li>25mm \/ geeignet f\u00fcr Hunde bis max. 60kg<\/li>\n<\/ul>\n<p><strong>Weitere Informationen zur mamo bungee twin leash:<\/strong><\/p>\n<ul>\n<li>Max. L\u00e4nge je Leinenzweig im gedehnten Zustand: ca. 240 cm<\/li>\n<li>Gewicht 20mm Breite: 260 g<\/li>\n<li>Gewicht 25mm Breite: 280 g<\/li>\n<\/ul>\n<p><strong>Bevorzugte Einsatzbereiche:<\/strong><\/p>\n<p>Wandern, Ski-Touren, Alltag mit 2 Vierbeinern<\/p>\n<p><strong>Unterschied zum mamo twin leash connector:<\/strong><\/p>\n<p>Bei der <strong>mamo bungee twin leash<\/strong> handelt es sich um eine fix verbundene Doppelleine f\u00fcr 2 Vierbeiner. Hingegen kann der mamo <strong>twin leash connector<\/strong> nach Belieben mit allen mamo Leinen kombiniert werden &amp; somit k\u00f6nnen die Leinen weiterhin als Einzel- oder Doppelleine verwendet werden.<\/p>\n<p>Hier gehts zu unseren<strong><a href=\"https:\/\/mamopetsports.com\/wp-content\/uploads\/2024\/04\/Pflegehinweise.pdf\"> Pflegehinweisen<\/a> \u2665<\/strong><\/p>\n","protected":false},"featured_media":9655,"comment_status":"open","ping_status":"closed","template":"","meta":[],"product_cat":[25],"product_tag":[],"yoast_head":"<!-- This site is optimized with the Yoast SEO plugin v18.3 - https:\/\/yoast.com\/wordpress\/plugins\/seo\/ -->\n<title>mamo bungee twin leash AUSTRIA EDITION - mamo AUTside Dogs<\/title>\n<meta name=\"robots\" content=\"index, follow, max-snippet:-1, max-image-preview:large, max-video-preview:-1\" \/>\n<link rel=\"canonical\" href=\"https:\/\/mamopetsports.com\/de\/produkt\/mamo-bungee-twin-leash\/\" \/>\n<meta property=\"og:locale\" content=\"de_DE\" \/>\n<meta property=\"og:type\" content=\"article\" \/>\n<meta property=\"og:title\" content=\"mamo bungee twin leash AUSTRIA EDITION - mamo AUTside Dogs\" \/>\n<meta property=\"og:description\" content=\"mamo bungee twin leash  AUSTRIA EDITION \u2013 MADE IN AUSTRIA  Die neue Leinenserie von mamo AUTside Dogs\u00ae wird seit Herbst 2021 in \u00d6sterreich gefertigt und ist der ideale Begleiter f\u00fcr unz\u00e4hlige Outdoor-Aktivit\u00e4ten mit dem Vierbeiner.  Ausgestattet ist die neue mamo bungee twin leash mit drei selbstsichernden Aluminium Karabinern mit integrierten Wirbelgelenken.  Eine integrierte Kurzf\u00fchrerschlaufe kurz vor dem Wirbelgelenk sorgt f\u00fcr mehr Sicherheit.  Eingewebte Leuchtstreifen sorgen f\u00fcr hohe Sichtbarkeit im Dunkeln.  Die integrierte Befestigungsm\u00f6glichkeit f\u00fcr das Hunde-Sackerl ist ein optimales Feature, um jederzeit ein Sackerl griffbereit zu haben.  Die Leine kann auch ohne das mamo 360\u00b0 infinity belt system verwendet werden \u2013 hierf\u00fcr kann das Leinenende in den daf\u00fcr vorgesehen D-Ring eingeh\u00e4ngt werden und man erh\u00e4lt eine zus\u00e4tzliche Griffschlaufe mit gepolsterter Innenseite f\u00fcr optimales Handling.  Die beiden symmetrischen Leinenzweige verteilen den Zug optimal auf die hintere, zentrierte Leine. Die Hauptleine ist fix mit einem zus\u00e4tzlichen Wirbelgelenk an den beiden Leinenzweigen verbunden.  Die Leine hat eine Gesamtl\u00e4nge von 200 cm im ungedehnten Zustand und l\u00e4sst sich mit den integrierten Bungeeabschnitten auf ca. 240 cm erweitern.  Die mamo bungee twin leash ist in zwei Ausf\u00fchrungen &amp; 2 Farben erh\u00e4ltlich:   20mm \/ geeignet f\u00fcr Hunde bis max. 25kg  25mm \/ geeignet f\u00fcr Hunde bis max. 60kg  Weitere Informationen zur mamo bungee twin leash:   Max. L\u00e4nge je Leinenzweig im gedehnten Zustand: ca. 240 cm  Gewicht 20mm Breite: 260 g  Gewicht 25mm Breite: 280 g  Bevorzugte Einsatzbereiche:  Wandern, Ski-Touren, Alltag mit 2 Vierbeinern  Unterschied zum mamo twin leash connector:  Bei der mamo bungee twin leash handelt es sich um eine fix verbundene Doppelleine f\u00fcr 2 Vierbeiner. Hingegen kann der mamo twin leash connector nach Belieben mit allen mamo Leinen kombiniert werden &amp; somit k\u00f6nnen die Leinen weiterhin als Einzel- oder Doppelleine verwendet werden.  Hier gehts zu unseren Pflegehinweisen \u2665\" \/>\n<meta property=\"og:url\" content=\"https:\/\/mamopetsports.com\/de\/produkt\/mamo-bungee-twin-leash\/\" \/>\n<meta property=\"og:site_name\" content=\"mamo AUTside Dogs\" \/>\n<meta property=\"article:modified_time\" content=\"2025-05-25T09:44:02+00:00\" \/>\n<meta property=\"og:image\" content=\"https:\/\/mamopetsports.com\/wp-content\/uploads\/2021\/10\/mamo-bungee-twin-leash_green-1.jpg\" \/>\n\t<meta property=\"og:image:width\" content=\"1799\" \/>\n\t<meta property=\"og:image:height\" content=\"2239\" \/>\n\t<meta property=\"og:image:type\" content=\"image\/jpeg\" \/>\n<meta name=\"twitter:card\" content=\"summary_large_image\" \/>\n<script type=\"application\/ld+json\" class=\"yoast-schema-graph\">{\"@context\":\"https:\/\/schema.org\",\"@graph\":[{\"@type\":\"WebSite\",\"@id\":\"https:\/\/mamopetsports.com\/de\/#website\",\"url\":\"https:\/\/mamopetsports.com\/de\/\",\"name\":\"mamo AUTside Dogs\",\"description\":\"Innovative Produkte f\u00fcr die Vierbeiner-Outdoorszene\",\"potentialAction\":[{\"@type\":\"SearchAction\",\"target\":{\"@type\":\"EntryPoint\",\"urlTemplate\":\"https:\/\/mamopetsports.com\/de\/?s={search_term_string}\"},\"query-input\":\"required name=search_term_string\"}],\"inLanguage\":\"de-DE\"},{\"@type\":\"ImageObject\",\"@id\":\"https:\/\/mamopetsports.com\/de\/produkt\/mamo-bungee-twin-leash\/#primaryimage\",\"inLanguage\":\"de-DE\",\"url\":\"https:\/\/mamopetsports.com\/wp-content\/uploads\/2021\/10\/mamo-bungee-twin-leash_green-1.jpg\",\"contentUrl\":\"https:\/\/mamopetsports.com\/wp-content\/uploads\/2021\/10\/mamo-bungee-twin-leash_green-1.jpg\",\"width\":1799,\"height\":2239},{\"@type\":\"WebPage\",\"@id\":\"https:\/\/mamopetsports.com\/de\/produkt\/mamo-bungee-twin-leash\/#webpage\",\"url\":\"https:\/\/mamopetsports.com\/de\/produkt\/mamo-bungee-twin-leash\/\",\"name\":\"mamo bungee twin leash AUSTRIA EDITION - mamo AUTside Dogs\",\"isPartOf\":{\"@id\":\"https:\/\/mamopetsports.com\/de\/#website\"},\"primaryImageOfPage\":{\"@id\":\"https:\/\/mamopetsports.com\/de\/produkt\/mamo-bungee-twin-leash\/#primaryimage\"},\"datePublished\":\"2021-10-06T23:24:24+00:00\",\"dateModified\":\"2025-05-25T09:44:02+00:00\",\"breadcrumb\":{\"@id\":\"https:\/\/mamopetsports.com\/de\/produkt\/mamo-bungee-twin-leash\/#breadcrumb\"},\"inLanguage\":\"de-DE\",\"potentialAction\":[{\"@type\":\"ReadAction\",\"target\":[\"https:\/\/mamopetsports.com\/de\/produkt\/mamo-bungee-twin-leash\/\"]}]},{\"@type\":\"BreadcrumbList\",\"@id\":\"https:\/\/mamopetsports.com\/de\/produkt\/mamo-bungee-twin-leash\/#breadcrumb\",\"itemListElement\":[{\"@type\":\"ListItem\",\"position\":1,\"name\":\"Home\",\"item\":\"https:\/\/mamopetsports.com\/de\/\"},{\"@type\":\"ListItem\",\"position\":2,\"name\":\"Shop\",\"item\":\"https:\/\/mamopetsports.com\/de\/shop\/\"},{\"@type\":\"ListItem\",\"position\":3,\"name\":\"mamo bungee twin leash AUSTRIA EDITION\"}]}]}<\/script>\n<!-- \/ Yoast SEO plugin. -->","yoast_head_json":{"title":"mamo bungee twin leash AUSTRIA EDITION - mamo AUTside Dogs","robots":{"index":"index","follow":"follow","max-snippet":"max-snippet:-1","max-image-preview":"max-image-preview:large","max-video-preview":"max-video-preview:-1"},"canonical":"https:\/\/mamopetsports.com\/de\/produkt\/mamo-bungee-twin-leash\/","og_locale":"de_DE","og_type":"article","og_title":"mamo bungee twin leash AUSTRIA EDITION - mamo AUTside Dogs","og_description":"mamo bungee twin leash  AUSTRIA EDITION \u2013 MADE IN AUSTRIA  Die neue Leinenserie von mamo AUTside Dogs\u00ae wird seit Herbst 2021 in \u00d6sterreich gefertigt und ist der ideale Begleiter f\u00fcr unz\u00e4hlige Outdoor-Aktivit\u00e4ten mit dem Vierbeiner.  Ausgestattet ist die neue mamo bungee twin leash mit drei selbstsichernden Aluminium Karabinern mit integrierten Wirbelgelenken.  Eine integrierte Kurzf\u00fchrerschlaufe kurz vor dem Wirbelgelenk sorgt f\u00fcr mehr Sicherheit.  Eingewebte Leuchtstreifen sorgen f\u00fcr hohe Sichtbarkeit im Dunkeln.  Die integrierte Befestigungsm\u00f6glichkeit f\u00fcr das Hunde-Sackerl ist ein optimales Feature, um jederzeit ein Sackerl griffbereit zu haben.  Die Leine kann auch ohne das mamo 360\u00b0 infinity belt system verwendet werden \u2013 hierf\u00fcr kann das Leinenende in den daf\u00fcr vorgesehen D-Ring eingeh\u00e4ngt werden und man erh\u00e4lt eine zus\u00e4tzliche Griffschlaufe mit gepolsterter Innenseite f\u00fcr optimales Handling.  Die beiden symmetrischen Leinenzweige verteilen den Zug optimal auf die hintere, zentrierte Leine. Die Hauptleine ist fix mit einem zus\u00e4tzlichen Wirbelgelenk an den beiden Leinenzweigen verbunden.  Die Leine hat eine Gesamtl\u00e4nge von 200 cm im ungedehnten Zustand und l\u00e4sst sich mit den integrierten Bungeeabschnitten auf ca. 240 cm erweitern.  Die mamo bungee twin leash ist in zwei Ausf\u00fchrungen &amp; 2 Farben erh\u00e4ltlich:   20mm \/ geeignet f\u00fcr Hunde bis max. 25kg  25mm \/ geeignet f\u00fcr Hunde bis max. 60kg  Weitere Informationen zur mamo bungee twin leash:   Max. L\u00e4nge je Leinenzweig im gedehnten Zustand: ca. 240 cm  Gewicht 20mm Breite: 260 g  Gewicht 25mm Breite: 280 g  Bevorzugte Einsatzbereiche:  Wandern, Ski-Touren, Alltag mit 2 Vierbeinern  Unterschied zum mamo twin leash connector:  Bei der mamo bungee twin leash handelt es sich um eine fix verbundene Doppelleine f\u00fcr 2 Vierbeiner. Hingegen kann der mamo twin leash connector nach Belieben mit allen mamo Leinen kombiniert werden &amp; somit k\u00f6nnen die Leinen weiterhin als Einzel- oder Doppelleine verwendet werden.  Hier gehts zu unseren Pflegehinweisen \u2665","og_url":"https:\/\/mamopetsports.com\/de\/produkt\/mamo-bungee-twin-leash\/","og_site_name":"mamo AUTside Dogs","article_modified_time":"2025-05-25T09:44:02+00:00","og_image":[{"width":1799,"height":2239,"url":"https:\/\/mamopetsports.com\/wp-content\/uploads\/2021\/10\/mamo-bungee-twin-leash_green-1.jpg","type":"image\/jpeg"}],"twitter_card":"summary_large_image","schema":{"@context":"https:\/\/schema.org","@graph":[{"@type":"WebSite","@id":"https:\/\/mamopetsports.com\/de\/#website","url":"https:\/\/mamopetsports.com\/de\/","name":"mamo AUTside Dogs","description":"Innovative Produkte f\u00fcr die Vierbeiner-Outdoorszene","potentialAction":[{"@type":"SearchAction","target":{"@type":"EntryPoint","urlTemplate":"https:\/\/mamopetsports.com\/de\/?s={search_term_string}"},"query-input":"required name=search_term_string"}],"inLanguage":"de-DE"},{"@type":"ImageObject","@id":"https:\/\/mamopetsports.com\/de\/produkt\/mamo-bungee-twin-leash\/#primaryimage","inLanguage":"de-DE","url":"https:\/\/mamopetsports.com\/wp-content\/uploads\/2021\/10\/mamo-bungee-twin-leash_green-1.jpg","contentUrl":"https:\/\/mamopetsports.com\/wp-content\/uploads\/2021\/10\/mamo-bungee-twin-leash_green-1.jpg","width":1799,"height":2239},{"@type":"WebPage","@id":"https:\/\/mamopetsports.com\/de\/produkt\/mamo-bungee-twin-leash\/#webpage","url":"https:\/\/mamopetsports.com\/de\/produkt\/mamo-bungee-twin-leash\/","name":"mamo bungee twin leash AUSTRIA EDITION - mamo AUTside Dogs","isPartOf":{"@id":"https:\/\/mamopetsports.com\/de\/#website"},"primaryImageOfPage":{"@id":"https:\/\/mamopetsports.com\/de\/produkt\/mamo-bungee-twin-leash\/#primaryimage"},"datePublished":"2021-10-06T23:24:24+00:00","dateModified":"2025-05-25T09:44:02+00:00","breadcrumb":{"@id":"https:\/\/mamopetsports.com\/de\/produkt\/mamo-bungee-twin-leash\/#breadcrumb"},"inLanguage":"de-DE","potentialAction":[{"@type":"ReadAction","target":["https:\/\/mamopetsports.com\/de\/produkt\/mamo-bungee-twin-leash\/"]}]},{"@type":"BreadcrumbList","@id":"https:\/\/mamopetsports.com\/de\/produkt\/mamo-bungee-twin-leash\/#breadcrumb","itemListElement":[{"@type":"ListItem","position":1,"name":"Home","item":"https:\/\/mamopetsports.com\/de\/"},{"@type":"ListItem","position":2,"name":"Shop","item":"https:\/\/mamopetsports.com\/de\/shop\/"},{"@type":"ListItem","position":3,"name":"mamo bungee twin leash AUSTRIA EDITION"}]}]}},"_links":{"self":[{"href":"https:\/\/mamopetsports.com\/de\/wp-json\/wp\/v2\/product\/5199"}],"collection":[{"href":"https:\/\/mamopetsports.com\/de\/wp-json\/wp\/v2\/product"}],"about":[{"href":"https:\/\/mamopetsports.com\/de\/wp-json\/wp\/v2\/types\/product"}],"replies":[{"embeddable":true,"href":"https:\/\/mamopetsports.com\/de\/wp-json\/wp\/v2\/comments?post=5199"}],"wp:featuredmedia":[{"embeddable":true,"href":"https:\/\/mamopetsports.com\/de\/wp-json\/wp\/v2\/media\/9655"}],"wp:attachment":[{"href":"https:\/\/mamopetsports.com\/de\/wp-json\/wp\/v2\/media?parent=5199"}],"wp:term":[{"taxonomy":"product_cat","embeddable":true,"href":"https:\/\/mamopetsports.com\/de\/wp-json\/wp\/v2\/product_cat?post=5199"},{"taxonomy":"product_tag","embeddable":true,"href":"https:\/\/mamopetsports.com\/de\/wp-json\/wp\/v2\/product_tag?post=5199"}],"curies":[{"name":"wp","href":"https:\/\/api.w.org\/{rel}","templated":true}]}}