{"id":5241,"date":"2021-10-12T03:41:52","date_gmt":"2021-10-12T02:41:52","guid":{"rendered":"https:\/\/mamopetsports.com\/?post_type=product&#038;p=5241"},"modified":"2025-06-10T19:38:07","modified_gmt":"2025-06-10T18:38:07","slug":"hundetextilien-waschmittel","status":"publish","type":"product","link":"https:\/\/mamopetsports.com\/de\/produkt\/hundetextilien-waschmittel\/","title":{"rendered":"mamo pet sports\u00ae Hundetextilien-Waschmittel"},"content":{"rendered":"<p>Milde Pflege und gr\u00fcndliche Reinigung f\u00fcr alle Hundetextilien (Geschirre, Halsb\u00e4nder, Leinen, Decken, Betten, etc.). Die milde, aber <strong>reinigungsstarke Formulierung<\/strong> l\u00e4sst sich r\u00fcckstandsfrei aussp\u00fclen. Deshalb ist das mamo pet sports\u00ae Hundetextilien-Waschmittel auch besonders <strong>f\u00fcr empfindliche Hunde geeignet<\/strong>, die zu Allergien und Hautproblemen neigen. Das enthaltene Bio-Zirben\u00f6l ist bekannt f\u00fcr seine <strong>beruhigende Wirkung<\/strong>. Nat\u00fcrlich ohne k\u00fcnstliche Parf\u00fcm\u00f6le!<\/p>\n<p>Mit\u00a0<strong>INHALTSSTOFFEN<\/strong> die wirken: Seifen auf Basis von Pflanzen\u00f6len, milde Schaumbildner, Bio-Zirben\u00f6l, Bio-Schafgarbenextrakt, Bergamott\u00f6l sowie Wasser.<\/p>\n<p><strong>Naturprodukt:<\/strong> nat\u00fcrlich ohne Mikroplastik, ohne Enzyme, ohne Silikone, ohne Parabene, ohne Paraffine, ohne Parf\u00fcm, ohne Alkohol<\/p>\n<h2>Anwendungsempfehlung<\/h2>\n<p>Bitte allgemeine Gefahrenhinweise f\u00fcr Waschmittel beachten!<\/p>\n<p>Pflegehinweise der Textilhersteller beachten und angegebene Waschtemperatur einhalten.<\/p>\n<p>Dosierungsempfehlung pro Waschmaschinenladung (4,5 kg Fassungsverm\u00f6gen):<\/p>\n<p><em>Wasserh\u00e4rte: weich*, mittel**, hart***<\/em><\/p>\n<ul>\n<li>\u00a0Leichte Verschmutzung: 40ml*, 50ml**, 70ml***<\/li>\n<li>\u00a0Normale Verschmutzung: 50ml*, 60ml**, 80ml***<\/li>\n<li>\u00a0Starke Verschmutzung: 70ml*, 80ml**, 110ml***<\/li>\n<\/ul>\n<h2>Anwedungsbereich<\/h2>\n<ul>\n<li>Hundegeschirre<\/li>\n<li>Hundeleinen<\/li>\n<li>Hundehalsb\u00e4nder<\/li>\n<li>Hundedecken<\/li>\n<li>Hundebetten<\/li>\n<li>Hundek\u00f6rbchen<\/li>\n<li>Stofftiere<\/li>\n<li>Taue<\/li>\n<li>Hundehandt\u00fccher<\/li>\n<\/ul>\n<h2>Entstehung der Produkte<\/h2>\n<p>Unsere hochwertigen Produkte der mamo pet sports\u00ae Pflegeline werden mit <strong>viel Liebe &amp; in feinster Handarbeit<\/strong> zu 100% in \u00d6sterreich entwickelt, getestet &amp; abgef\u00fcllt.<\/p>\n<h2>Unsere Vision &amp; unsere Leidenschaft<\/h2>\n<p>Unsere ganze Leidenschaft und unsere Begeisterung f\u00fcr die Berge wollten wir von Anfang an in unsere <strong>mamo pet sports\u00ae Pflegeserie<\/strong> einflie\u00dfen lassen. So ist es auch dazu gekommen, dass wir alle unsere Produkte aus der Pflegeserie mit der Kraft der Alpenkr\u00e4uter verfeinert haben. Vorallem die <strong>Schafgarbe <\/strong>mit Ihren fantastischen Eigenschaften, ist ein wichtiger Bestandteil von jedem einzelnen Produkt. Bei unserem Hundetextilien-Waschmittel haben wir zus\u00e4tzlich die erfrischende Note der Zirbe einflie\u00dfen lassen, welche bekannt ist f\u00fcr ihre<strong> beruhigende Wirkung.<\/strong><\/p>\n<h2>Verpackung<\/h2>\n<p>Der Umwelt zuliebe in einer Flasche aus <strong>100% recyceltem Kunststoff.<\/strong><\/p>\n<p><strong>Inhalt:<\/strong> 500ml<\/p>\n","protected":false},"excerpt":{"rendered":"<div class=\"post-content woocommerce-product-details__short-description\">\n<h3 class=\"fusion-responsive-typography-calculated\" data-fontsize=\"18\" data-lineheight=\"28.0833px\">Waschmittel mit sanfter Pfotenformel f\u00fcr nat\u00fcrlich reine Hundetextilien<\/h3>\n<ul>\n<li>Veganes Waschmittel mit Seife\u00a0aus\u00a0heimischem \u00d6l<\/li>\n<li>Reinigt Hundegeschirre, -halsb\u00e4nder, -leinen, -betten, -decken, -handt\u00fccher und Co. nat\u00fcrlich &amp; tiefenrein<\/li>\n<li>Geeignet f\u00fcr Hand- und Maschinenw\u00e4sche<\/li>\n<\/ul>\n<div id=\"tab-description\" class=\"woocommerce-Tabs-panel woocommerce-Tabs-panel--description panel entry-content wc-tab\" role=\"tabpanel\" aria-labelledby=\"tab-title-description\">\n<div class=\"post-content\">\n<p><strong>Naturprodukt:<\/strong> nat\u00fcrlich ohne Mikroplastik, ohne Enzyme, ohne Silikone, ohne Parabene, ohne Paraffine, ohne Parf\u00fcm, ohne Alkohol<\/p>\n<\/div>\n<p>Der Umwelt zuliebe in einer Flasche aus <strong>100% recyceltem Kunststoff<\/strong>.<\/p>\n<\/div>\n<p><strong>Inhalt:<\/strong> 500ml<\/p>\n<\/div>\n","protected":false},"featured_media":5498,"comment_status":"open","ping_status":"closed","template":"","meta":[],"product_cat":[330],"product_tag":[],"yoast_head":"<!-- This site is optimized with the Yoast SEO plugin v18.3 - https:\/\/yoast.com\/wordpress\/plugins\/seo\/ -->\n<title>mamo pet sports\u00ae Hundetextilien-Waschmittel - mamo AUTside Dogs<\/title>\n<meta name=\"description\" content=\"Veganes Waschmittel mit Seife\u00a0aus\u00a0heimischem \u00d6l f\u00fcr Hundetextilien. \u00d6sterreichisches Qualit\u00e4tsprodukt mit nat\u00fcrlichen Inhaltsstoffen.\" \/>\n<meta name=\"robots\" content=\"index, follow, max-snippet:-1, max-image-preview:large, max-video-preview:-1\" \/>\n<link rel=\"canonical\" href=\"https:\/\/mamopetsports.com\/de\/produkt\/hundetextilien-waschmittel\/\" \/>\n<meta property=\"og:locale\" content=\"de_DE\" \/>\n<meta property=\"og:type\" content=\"article\" \/>\n<meta property=\"og:title\" content=\"mamo pet sports\u00ae Hundetextilien-Waschmittel - mamo AUTside Dogs\" \/>\n<meta property=\"og:description\" content=\"Veganes Waschmittel mit Seife\u00a0aus\u00a0heimischem \u00d6l f\u00fcr Hundetextilien. \u00d6sterreichisches Qualit\u00e4tsprodukt mit nat\u00fcrlichen Inhaltsstoffen.\" \/>\n<meta property=\"og:url\" content=\"https:\/\/mamopetsports.com\/de\/produkt\/hundetextilien-waschmittel\/\" \/>\n<meta property=\"og:site_name\" content=\"mamo AUTside Dogs\" \/>\n<meta property=\"article:modified_time\" content=\"2025-06-10T18:38:07+00:00\" \/>\n<meta property=\"og:image\" content=\"https:\/\/mamopetsports.com\/wp-content\/uploads\/2021\/10\/mamo-pet-sports_Hundetextilien-Waschmittel-1024x1024.png\" \/>\n\t<meta property=\"og:image:width\" content=\"1024\" \/>\n\t<meta property=\"og:image:height\" content=\"1024\" \/>\n\t<meta property=\"og:image:type\" content=\"image\/png\" \/>\n<meta name=\"twitter:card\" content=\"summary_large_image\" \/>\n<meta name=\"twitter:label1\" content=\"Gesch\u00e4tzte Lesezeit\" \/>\n\t<meta name=\"twitter:data1\" content=\"2 Minuten\" \/>\n<script type=\"application\/ld+json\" class=\"yoast-schema-graph\">{\"@context\":\"https:\/\/schema.org\",\"@graph\":[{\"@type\":\"WebSite\",\"@id\":\"https:\/\/mamopetsports.com\/de\/#website\",\"url\":\"https:\/\/mamopetsports.com\/de\/\",\"name\":\"mamo AUTside Dogs\",\"description\":\"Innovative Produkte f\u00fcr die Vierbeiner-Outdoorszene\",\"potentialAction\":[{\"@type\":\"SearchAction\",\"target\":{\"@type\":\"EntryPoint\",\"urlTemplate\":\"https:\/\/mamopetsports.com\/de\/?s={search_term_string}\"},\"query-input\":\"required name=search_term_string\"}],\"inLanguage\":\"de-DE\"},{\"@type\":\"ImageObject\",\"@id\":\"https:\/\/mamopetsports.com\/de\/produkt\/hundetextilien-waschmittel\/#primaryimage\",\"inLanguage\":\"de-DE\",\"url\":\"https:\/\/mamopetsports.com\/wp-content\/uploads\/2021\/10\/mamo-pet-sports_Hundetextilien-Waschmittel.png\",\"contentUrl\":\"https:\/\/mamopetsports.com\/wp-content\/uploads\/2021\/10\/mamo-pet-sports_Hundetextilien-Waschmittel.png\",\"width\":6000,\"height\":6000},{\"@type\":\"WebPage\",\"@id\":\"https:\/\/mamopetsports.com\/de\/produkt\/hundetextilien-waschmittel\/#webpage\",\"url\":\"https:\/\/mamopetsports.com\/de\/produkt\/hundetextilien-waschmittel\/\",\"name\":\"mamo pet sports\u00ae Hundetextilien-Waschmittel - mamo AUTside Dogs\",\"isPartOf\":{\"@id\":\"https:\/\/mamopetsports.com\/de\/#website\"},\"primaryImageOfPage\":{\"@id\":\"https:\/\/mamopetsports.com\/de\/produkt\/hundetextilien-waschmittel\/#primaryimage\"},\"datePublished\":\"2021-10-12T02:41:52+00:00\",\"dateModified\":\"2025-06-10T18:38:07+00:00\",\"description\":\"Veganes Waschmittel mit Seife\u00a0aus\u00a0heimischem \u00d6l f\u00fcr Hundetextilien. \u00d6sterreichisches Qualit\u00e4tsprodukt mit nat\u00fcrlichen Inhaltsstoffen.\",\"breadcrumb\":{\"@id\":\"https:\/\/mamopetsports.com\/de\/produkt\/hundetextilien-waschmittel\/#breadcrumb\"},\"inLanguage\":\"de-DE\",\"potentialAction\":[{\"@type\":\"ReadAction\",\"target\":[\"https:\/\/mamopetsports.com\/de\/produkt\/hundetextilien-waschmittel\/\"]}]},{\"@type\":\"BreadcrumbList\",\"@id\":\"https:\/\/mamopetsports.com\/de\/produkt\/hundetextilien-waschmittel\/#breadcrumb\",\"itemListElement\":[{\"@type\":\"ListItem\",\"position\":1,\"name\":\"Home\",\"item\":\"https:\/\/mamopetsports.com\/de\/\"},{\"@type\":\"ListItem\",\"position\":2,\"name\":\"Shop\",\"item\":\"https:\/\/mamopetsports.com\/de\/shop\/\"},{\"@type\":\"ListItem\",\"position\":3,\"name\":\"mamo pet sports\u00ae Hundetextilien-Waschmittel\"}]}]}<\/script>\n<!-- \/ Yoast SEO plugin. -->","yoast_head_json":{"title":"mamo pet sports\u00ae Hundetextilien-Waschmittel - mamo AUTside Dogs","description":"Veganes Waschmittel mit Seife\u00a0aus\u00a0heimischem \u00d6l f\u00fcr Hundetextilien. \u00d6sterreichisches Qualit\u00e4tsprodukt mit nat\u00fcrlichen Inhaltsstoffen.","robots":{"index":"index","follow":"follow","max-snippet":"max-snippet:-1","max-image-preview":"max-image-preview:large","max-video-preview":"max-video-preview:-1"},"canonical":"https:\/\/mamopetsports.com\/de\/produkt\/hundetextilien-waschmittel\/","og_locale":"de_DE","og_type":"article","og_title":"mamo pet sports\u00ae Hundetextilien-Waschmittel - mamo AUTside Dogs","og_description":"Veganes Waschmittel mit Seife\u00a0aus\u00a0heimischem \u00d6l f\u00fcr Hundetextilien. \u00d6sterreichisches Qualit\u00e4tsprodukt mit nat\u00fcrlichen Inhaltsstoffen.","og_url":"https:\/\/mamopetsports.com\/de\/produkt\/hundetextilien-waschmittel\/","og_site_name":"mamo AUTside Dogs","article_modified_time":"2025-06-10T18:38:07+00:00","og_image":[{"width":1024,"height":1024,"url":"https:\/\/mamopetsports.com\/wp-content\/uploads\/2021\/10\/mamo-pet-sports_Hundetextilien-Waschmittel-1024x1024.png","type":"image\/png"}],"twitter_card":"summary_large_image","twitter_misc":{"Gesch\u00e4tzte Lesezeit":"2 Minuten"},"schema":{"@context":"https:\/\/schema.org","@graph":[{"@type":"WebSite","@id":"https:\/\/mamopetsports.com\/de\/#website","url":"https:\/\/mamopetsports.com\/de\/","name":"mamo AUTside Dogs","description":"Innovative Produkte f\u00fcr die Vierbeiner-Outdoorszene","potentialAction":[{"@type":"SearchAction","target":{"@type":"EntryPoint","urlTemplate":"https:\/\/mamopetsports.com\/de\/?s={search_term_string}"},"query-input":"required name=search_term_string"}],"inLanguage":"de-DE"},{"@type":"ImageObject","@id":"https:\/\/mamopetsports.com\/de\/produkt\/hundetextilien-waschmittel\/#primaryimage","inLanguage":"de-DE","url":"https:\/\/mamopetsports.com\/wp-content\/uploads\/2021\/10\/mamo-pet-sports_Hundetextilien-Waschmittel.png","contentUrl":"https:\/\/mamopetsports.com\/wp-content\/uploads\/2021\/10\/mamo-pet-sports_Hundetextilien-Waschmittel.png","width":6000,"height":6000},{"@type":"WebPage","@id":"https:\/\/mamopetsports.com\/de\/produkt\/hundetextilien-waschmittel\/#webpage","url":"https:\/\/mamopetsports.com\/de\/produkt\/hundetextilien-waschmittel\/","name":"mamo pet sports\u00ae Hundetextilien-Waschmittel - mamo AUTside Dogs","isPartOf":{"@id":"https:\/\/mamopetsports.com\/de\/#website"},"primaryImageOfPage":{"@id":"https:\/\/mamopetsports.com\/de\/produkt\/hundetextilien-waschmittel\/#primaryimage"},"datePublished":"2021-10-12T02:41:52+00:00","dateModified":"2025-06-10T18:38:07+00:00","description":"Veganes Waschmittel mit Seife\u00a0aus\u00a0heimischem \u00d6l f\u00fcr Hundetextilien. \u00d6sterreichisches Qualit\u00e4tsprodukt mit nat\u00fcrlichen Inhaltsstoffen.","breadcrumb":{"@id":"https:\/\/mamopetsports.com\/de\/produkt\/hundetextilien-waschmittel\/#breadcrumb"},"inLanguage":"de-DE","potentialAction":[{"@type":"ReadAction","target":["https:\/\/mamopetsports.com\/de\/produkt\/hundetextilien-waschmittel\/"]}]},{"@type":"BreadcrumbList","@id":"https:\/\/mamopetsports.com\/de\/produkt\/hundetextilien-waschmittel\/#breadcrumb","itemListElement":[{"@type":"ListItem","position":1,"name":"Home","item":"https:\/\/mamopetsports.com\/de\/"},{"@type":"ListItem","position":2,"name":"Shop","item":"https:\/\/mamopetsports.com\/de\/shop\/"},{"@type":"ListItem","position":3,"name":"mamo pet sports\u00ae Hundetextilien-Waschmittel"}]}]}},"_links":{"self":[{"href":"https:\/\/mamopetsports.com\/de\/wp-json\/wp\/v2\/product\/5241"}],"collection":[{"href":"https:\/\/mamopetsports.com\/de\/wp-json\/wp\/v2\/product"}],"about":[{"href":"https:\/\/mamopetsports.com\/de\/wp-json\/wp\/v2\/types\/product"}],"replies":[{"embeddable":true,"href":"https:\/\/mamopetsports.com\/de\/wp-json\/wp\/v2\/comments?post=5241"}],"wp:featuredmedia":[{"embeddable":true,"href":"https:\/\/mamopetsports.com\/de\/wp-json\/wp\/v2\/media\/5498"}],"wp:attachment":[{"href":"https:\/\/mamopetsports.com\/de\/wp-json\/wp\/v2\/media?parent=5241"}],"wp:term":[{"taxonomy":"product_cat","embeddable":true,"href":"https:\/\/mamopetsports.com\/de\/wp-json\/wp\/v2\/product_cat?post=5241"},{"taxonomy":"product_tag","embeddable":true,"href":"https:\/\/mamopetsports.com\/de\/wp-json\/wp\/v2\/product_tag?post=5241"}],"curies":[{"name":"wp","href":"https:\/\/api.w.org\/{rel}","templated":true}]}}