{"id":5242,"date":"2021-10-12T03:43:52","date_gmt":"2021-10-12T02:43:52","guid":{"rendered":"https:\/\/mamopetsports.com\/?post_type=product&#038;p=5242"},"modified":"2025-06-10T13:51:47","modified_gmt":"2025-06-10T12:51:47","slug":"pfotenbalsam","status":"publish","type":"product","link":"https:\/\/mamopetsports.com\/de\/produkt\/pfotenbalsam\/","title":{"rendered":"mamo pet sports\u00ae Pfotenbalsam"},"content":{"rendered":"<p>Der mamo pet sports\u00ae Pfotenbalsam <strong>pflegt<\/strong> und <strong>sch\u00fctzt<\/strong> beanspruchte <strong>Hundepfoten. <\/strong>Die besonders wertvollen und nat\u00fcrlichen Inhaltsstoffe pflegen in der Tiefe und ziehen rasch ein. Deshalb hinterl\u00e4sst der Pfotenbalsam <strong>keine \u00f6ligen Pfotenabdr\u00fccke<\/strong>. Der Balsam ist f\u00fcr die ganzj\u00e4hrige Pflege geeignet. Im Sommer regeneriert er die von Hitze und Sonne geplagten Pfoten und im Winter sorgt er mit Bio-Sheabutter und Oliven\u00f6l f\u00fcr nat\u00fcrlichen Schutz vor Streusalz und Schneeklumpen.<\/p>\n<p>Mit <strong>INHALTSSTOFFEN<\/strong> die wirken: Bio-Schafgarbenextrakt, Bio-Salbei\u00f6l, natives Oliven\u00f6l, BIO-Sheabutter, Glycerin, Hamamelisextrakt und Provitamine B5, Vitamin E sowie Wasser und nat\u00fcrliche Gelbildner.<\/p>\n<p><strong>Naturprodukt:<\/strong> nat\u00fcrlich ohne Mikroplastik, ohne Silikone, ohne Parabene, ohne Paraffine, ohne Parf\u00fcm.<\/p>\n<h2>Anwendungsempfehlung<\/h2>\n<ul>\n<li>Pfotenbalsam auf und zwischen den Zehenballen einmassieren.<\/li>\n<li>Zieht rasch ein und muss deshalb nicht abgetupft werden.<\/li>\n<li>Bei Bedarf Pfoten zuvor mit lauwarmem Wasser waschen und mit einem Handtuch trocknen.<\/li>\n<\/ul>\n<h2>Anwedungsbereich<\/h2>\n<ul>\n<li>trockene Pfoten\/Pfotenballen<\/li>\n<li>rissige Pfoten\/Pfotenballen<\/li>\n<li>beanspruchte Pfoten\/Pfotenballen<\/li>\n<li>normale Pfoten\/Pfotenballen<\/li>\n<\/ul>\n<h2>Entstehung der Produkte<\/h2>\n<p>Unsere hochwertigen Produkte der mamo pet sports\u00ae Pflegeline werden mit viel Liebe &amp; in feinster Handarbeit zu 100% in \u00d6sterreich entwickelt, getestet &amp; abgef\u00fcllt.<\/p>\n<h2>Unsere Vision &amp; unsere Leidenschaft<\/h2>\n<p>Unsere ganze Leidenschaft und unsere Begeisterung f\u00fcr die Berge wollten wir von Anfang an in unsere <strong>mamo pet sports\u00ae Pflegeserie<\/strong> einflie\u00dfen lassen. So ist es auch dazu gekommen, dass wir alle unsere Produkte aus der Pflegeserie mit der Kraft der Alpenkr\u00e4uter verfeinert haben. Vorallem die <strong>Schafgarbe <\/strong>mit Ihren fantastischen Eigenschaften, ist ein wichtiger Bestandteil von jedem einzelnen Produkt. Die Schafgarbe ist eine <strong>altbekannte Heilpflanze<\/strong>, die in der Volksheilkunde immer eine wichtige Rolle gespielt hat. Im Altertum wurde die Schafgarbe auch zur Wundheilung und zur Stillung von Blutungen verwendet.<\/p>\n<h2>Verpackung<\/h2>\n<p>Der Umwelt zuliebe in einer Flasche aus GreenPE abgef\u00fcllt. <strong>GreenPE<\/strong> wird aus nachwachsenden Rohstoffen wie Zuckerrohr hergestellt und ist zu <strong>100% recycelbar<\/strong>.<\/p>\n<p><strong>Inhalt:<\/strong> 100ml<\/p>\n","protected":false},"excerpt":{"rendered":"<div id=\"tab-description\" class=\"woocommerce-Tabs-panel woocommerce-Tabs-panel--description panel entry-content wc-tab\" role=\"tabpanel\" aria-labelledby=\"tab-title-description\">\n<div class=\"post-content\">\n<div class=\"post-content woocommerce-product-details__short-description\">\n<h3 class=\"fusion-responsive-typography-calculated\" data-fontsize=\"18\" data-lineheight=\"28.0833px\">Wir sagen rissigen Pfoten den Kampf an!<\/h3>\n<ul>\n<li><strong>regeneriert<\/strong> und <strong>pflegt<\/strong> beanspruchte Pfoten<\/li>\n<li>hinterl\u00e4sst <strong>keine fettigen Pfotenabdr\u00fccke<\/strong><\/li>\n<li>ohne Bedenken <strong>ableckbar<\/strong><\/li>\n<li>mit nat\u00fcrlichen <strong>Inhaltsstoffen <\/strong>die wirken<\/li>\n<\/ul>\n<\/div>\n<p><strong>Naturprodukt:<\/strong> nat\u00fcrlich ohne Mikroplastik, ohne Silikone, ohne Parabene, ohne Paraffine, ohne Parf\u00fcm.<\/p>\n<\/div>\n<p>Der Umwelt zuliebe: in einer Flasche aus\u00a0<strong>100% Green PE<\/strong>. Green PE entsteht aus nachwachsenden, biobasierten Rohstoffen wie Zuckerrohr und ist zu 100% recyclingf\u00e4hig.<\/p>\n<\/div>\n<p><strong>Inhalt:<\/strong> 100ml<\/p>\n","protected":false},"featured_media":5493,"comment_status":"open","ping_status":"closed","template":"","meta":[],"product_cat":[330],"product_tag":[],"yoast_head":"<!-- This site is optimized with the Yoast SEO plugin v18.3 - https:\/\/yoast.com\/wordpress\/plugins\/seo\/ -->\n<title>mamo pet sports\u00ae Pfotenbalsam - mamo AUTside Dogs<\/title>\n<meta name=\"description\" content=\"Der mamo pet sports\u00ae Pfotenbalsam pflegt und sch\u00fctzt beanspruchte Hundepfoten. Der Balsam ist f\u00fcr die ganzj\u00e4hrige Pflege geeignet.\" \/>\n<meta name=\"robots\" content=\"index, follow, max-snippet:-1, max-image-preview:large, max-video-preview:-1\" \/>\n<link rel=\"canonical\" href=\"https:\/\/mamopetsports.com\/de\/produkt\/pfotenbalsam\/\" \/>\n<meta property=\"og:locale\" content=\"de_DE\" \/>\n<meta property=\"og:type\" content=\"article\" \/>\n<meta property=\"og:title\" content=\"mamo pet sports\u00ae Pfotenbalsam - mamo AUTside Dogs\" \/>\n<meta property=\"og:description\" content=\"Der mamo pet sports\u00ae Pfotenbalsam pflegt und sch\u00fctzt beanspruchte Hundepfoten. Der Balsam ist f\u00fcr die ganzj\u00e4hrige Pflege geeignet.\" \/>\n<meta property=\"og:url\" content=\"https:\/\/mamopetsports.com\/de\/produkt\/pfotenbalsam\/\" \/>\n<meta property=\"og:site_name\" content=\"mamo AUTside Dogs\" \/>\n<meta property=\"article:modified_time\" content=\"2025-06-10T12:51:47+00:00\" \/>\n<meta property=\"og:image\" content=\"https:\/\/mamopetsports.com\/wp-content\/uploads\/2021\/10\/mamo-pet-sports_Pfotenbalsam-1024x1024.png\" \/>\n\t<meta property=\"og:image:width\" content=\"1024\" \/>\n\t<meta property=\"og:image:height\" content=\"1024\" \/>\n\t<meta property=\"og:image:type\" content=\"image\/png\" \/>\n<meta name=\"twitter:card\" content=\"summary_large_image\" \/>\n<meta name=\"twitter:image\" content=\"https:\/\/mamopetsports.com\/wp-content\/uploads\/2021\/02\/IMG_4542-\u043a\u043e\u043f\u0438\u044f-scaled1.jpg\" \/>\n<meta name=\"twitter:label1\" content=\"Gesch\u00e4tzte Lesezeit\" \/>\n\t<meta name=\"twitter:data1\" content=\"2 Minuten\" \/>\n<script type=\"application\/ld+json\" class=\"yoast-schema-graph\">{\"@context\":\"https:\/\/schema.org\",\"@graph\":[{\"@type\":\"WebSite\",\"@id\":\"https:\/\/mamopetsports.com\/de\/#website\",\"url\":\"https:\/\/mamopetsports.com\/de\/\",\"name\":\"mamo AUTside Dogs\",\"description\":\"Innovative Produkte f\u00fcr die Vierbeiner-Outdoorszene\",\"potentialAction\":[{\"@type\":\"SearchAction\",\"target\":{\"@type\":\"EntryPoint\",\"urlTemplate\":\"https:\/\/mamopetsports.com\/de\/?s={search_term_string}\"},\"query-input\":\"required name=search_term_string\"}],\"inLanguage\":\"de-DE\"},{\"@type\":\"ImageObject\",\"@id\":\"https:\/\/mamopetsports.com\/de\/produkt\/pfotenbalsam\/#primaryimage\",\"inLanguage\":\"de-DE\",\"url\":\"https:\/\/mamopetsports.com\/wp-content\/uploads\/2021\/02\/IMG_4542-\u043a\u043e\u043f\u0438\u044f-scaled1.jpg\",\"contentUrl\":\"https:\/\/mamopetsports.com\/wp-content\/uploads\/2021\/02\/IMG_4542-\u043a\u043e\u043f\u0438\u044f-scaled1.jpg\",\"width\":2560,\"height\":1707},{\"@type\":\"WebPage\",\"@id\":\"https:\/\/mamopetsports.com\/de\/produkt\/pfotenbalsam\/#webpage\",\"url\":\"https:\/\/mamopetsports.com\/de\/produkt\/pfotenbalsam\/\",\"name\":\"mamo pet sports\u00ae Pfotenbalsam - mamo AUTside Dogs\",\"isPartOf\":{\"@id\":\"https:\/\/mamopetsports.com\/de\/#website\"},\"primaryImageOfPage\":{\"@id\":\"https:\/\/mamopetsports.com\/de\/produkt\/pfotenbalsam\/#primaryimage\"},\"datePublished\":\"2021-10-12T02:43:52+00:00\",\"dateModified\":\"2025-06-10T12:51:47+00:00\",\"description\":\"Der mamo pet sports\u00ae Pfotenbalsam pflegt und sch\u00fctzt beanspruchte Hundepfoten. Der Balsam ist f\u00fcr die ganzj\u00e4hrige Pflege geeignet.\",\"breadcrumb\":{\"@id\":\"https:\/\/mamopetsports.com\/de\/produkt\/pfotenbalsam\/#breadcrumb\"},\"inLanguage\":\"de-DE\",\"potentialAction\":[{\"@type\":\"ReadAction\",\"target\":[\"https:\/\/mamopetsports.com\/de\/produkt\/pfotenbalsam\/\"]}]},{\"@type\":\"BreadcrumbList\",\"@id\":\"https:\/\/mamopetsports.com\/de\/produkt\/pfotenbalsam\/#breadcrumb\",\"itemListElement\":[{\"@type\":\"ListItem\",\"position\":1,\"name\":\"Home\",\"item\":\"https:\/\/mamopetsports.com\/de\/\"},{\"@type\":\"ListItem\",\"position\":2,\"name\":\"Shop\",\"item\":\"https:\/\/mamopetsports.com\/de\/shop\/\"},{\"@type\":\"ListItem\",\"position\":3,\"name\":\"mamo pet sports\u00ae Pfotenbalsam\"}]}]}<\/script>\n<!-- \/ Yoast SEO plugin. -->","yoast_head_json":{"title":"mamo pet sports\u00ae Pfotenbalsam - mamo AUTside Dogs","description":"Der mamo pet sports\u00ae Pfotenbalsam pflegt und sch\u00fctzt beanspruchte Hundepfoten. Der Balsam ist f\u00fcr die ganzj\u00e4hrige Pflege geeignet.","robots":{"index":"index","follow":"follow","max-snippet":"max-snippet:-1","max-image-preview":"max-image-preview:large","max-video-preview":"max-video-preview:-1"},"canonical":"https:\/\/mamopetsports.com\/de\/produkt\/pfotenbalsam\/","og_locale":"de_DE","og_type":"article","og_title":"mamo pet sports\u00ae Pfotenbalsam - mamo AUTside Dogs","og_description":"Der mamo pet sports\u00ae Pfotenbalsam pflegt und sch\u00fctzt beanspruchte Hundepfoten. Der Balsam ist f\u00fcr die ganzj\u00e4hrige Pflege geeignet.","og_url":"https:\/\/mamopetsports.com\/de\/produkt\/pfotenbalsam\/","og_site_name":"mamo AUTside Dogs","article_modified_time":"2025-06-10T12:51:47+00:00","og_image":[{"width":1024,"height":1024,"url":"https:\/\/mamopetsports.com\/wp-content\/uploads\/2021\/10\/mamo-pet-sports_Pfotenbalsam-1024x1024.png","type":"image\/png"}],"twitter_card":"summary_large_image","twitter_image":"https:\/\/mamopetsports.com\/wp-content\/uploads\/2021\/02\/IMG_4542-\u043a\u043e\u043f\u0438\u044f-scaled1.jpg","twitter_misc":{"Gesch\u00e4tzte Lesezeit":"2 Minuten"},"schema":{"@context":"https:\/\/schema.org","@graph":[{"@type":"WebSite","@id":"https:\/\/mamopetsports.com\/de\/#website","url":"https:\/\/mamopetsports.com\/de\/","name":"mamo AUTside Dogs","description":"Innovative Produkte f\u00fcr die Vierbeiner-Outdoorszene","potentialAction":[{"@type":"SearchAction","target":{"@type":"EntryPoint","urlTemplate":"https:\/\/mamopetsports.com\/de\/?s={search_term_string}"},"query-input":"required name=search_term_string"}],"inLanguage":"de-DE"},{"@type":"ImageObject","@id":"https:\/\/mamopetsports.com\/de\/produkt\/pfotenbalsam\/#primaryimage","inLanguage":"de-DE","url":"https:\/\/mamopetsports.com\/wp-content\/uploads\/2021\/02\/IMG_4542-\u043a\u043e\u043f\u0438\u044f-scaled1.jpg","contentUrl":"https:\/\/mamopetsports.com\/wp-content\/uploads\/2021\/02\/IMG_4542-\u043a\u043e\u043f\u0438\u044f-scaled1.jpg","width":2560,"height":1707},{"@type":"WebPage","@id":"https:\/\/mamopetsports.com\/de\/produkt\/pfotenbalsam\/#webpage","url":"https:\/\/mamopetsports.com\/de\/produkt\/pfotenbalsam\/","name":"mamo pet sports\u00ae Pfotenbalsam - mamo AUTside Dogs","isPartOf":{"@id":"https:\/\/mamopetsports.com\/de\/#website"},"primaryImageOfPage":{"@id":"https:\/\/mamopetsports.com\/de\/produkt\/pfotenbalsam\/#primaryimage"},"datePublished":"2021-10-12T02:43:52+00:00","dateModified":"2025-06-10T12:51:47+00:00","description":"Der mamo pet sports\u00ae Pfotenbalsam pflegt und sch\u00fctzt beanspruchte Hundepfoten. Der Balsam ist f\u00fcr die ganzj\u00e4hrige Pflege geeignet.","breadcrumb":{"@id":"https:\/\/mamopetsports.com\/de\/produkt\/pfotenbalsam\/#breadcrumb"},"inLanguage":"de-DE","potentialAction":[{"@type":"ReadAction","target":["https:\/\/mamopetsports.com\/de\/produkt\/pfotenbalsam\/"]}]},{"@type":"BreadcrumbList","@id":"https:\/\/mamopetsports.com\/de\/produkt\/pfotenbalsam\/#breadcrumb","itemListElement":[{"@type":"ListItem","position":1,"name":"Home","item":"https:\/\/mamopetsports.com\/de\/"},{"@type":"ListItem","position":2,"name":"Shop","item":"https:\/\/mamopetsports.com\/de\/shop\/"},{"@type":"ListItem","position":3,"name":"mamo pet sports\u00ae Pfotenbalsam"}]}]}},"_links":{"self":[{"href":"https:\/\/mamopetsports.com\/de\/wp-json\/wp\/v2\/product\/5242"}],"collection":[{"href":"https:\/\/mamopetsports.com\/de\/wp-json\/wp\/v2\/product"}],"about":[{"href":"https:\/\/mamopetsports.com\/de\/wp-json\/wp\/v2\/types\/product"}],"replies":[{"embeddable":true,"href":"https:\/\/mamopetsports.com\/de\/wp-json\/wp\/v2\/comments?post=5242"}],"wp:featuredmedia":[{"embeddable":true,"href":"https:\/\/mamopetsports.com\/de\/wp-json\/wp\/v2\/media\/5493"}],"wp:attachment":[{"href":"https:\/\/mamopetsports.com\/de\/wp-json\/wp\/v2\/media?parent=5242"}],"wp:term":[{"taxonomy":"product_cat","embeddable":true,"href":"https:\/\/mamopetsports.com\/de\/wp-json\/wp\/v2\/product_cat?post=5242"},{"taxonomy":"product_tag","embeddable":true,"href":"https:\/\/mamopetsports.com\/de\/wp-json\/wp\/v2\/product_tag?post=5242"}],"curies":[{"name":"wp","href":"https:\/\/api.w.org\/{rel}","templated":true}]}}