{"id":5243,"date":"2021-10-12T03:45:35","date_gmt":"2021-10-12T02:45:35","guid":{"rendered":"https:\/\/mamopetsports.com\/?post_type=product&#038;p=5243"},"modified":"2025-02-21T15:01:32","modified_gmt":"2025-02-21T14:01:32","slug":"regenerationsgel","status":"publish","type":"product","link":"https:\/\/mamopetsports.com\/de\/produkt\/regenerationsgel\/","title":{"rendered":"mamo pet sports\u00ae Regenerationsgel"},"content":{"rendered":"<p>Das <strong>mamo pet sports\u00ae MSM Regenerationsgel<\/strong> f\u00fcr Hunde besteht aus organischem Schwefel (MSM) und einem hochkonzentrierten Extrakt aus der Teufelskralle. Schwefelverbindungen kommen in vielen Lebewesen vor und haben eine Vielzahl von positiven Funktionen (z.B. f\u00fcr Haut und Gelenke) bei Menschen und Tieren.<\/p>\n<p>Die Teufelskralle ist eine Pflanzenart aus der Familie der Sesamgew\u00e4chse. In der (Volks-)Medizin wird die getrocknete <strong>Teufelskralle<\/strong> zur Pflege und Unterst\u00fctzung f\u00fcr eine gesunde Haut und f\u00fcr <strong>gesunde Gelenke<\/strong> eingesetzt. Beide Wirkstoffe erg\u00e4nzen sich und sind zu einem <strong>einzigartigen Gel<\/strong> verarbeitet, dass sich angenehm auftragen l\u00e4sst. Gerade f\u00fcr sportliche Hunde, bei \u00e4lteren Hunden und in Phasen der Rekonvaleszenz ist das Gel zur \u00e4u\u00dferlichen Anwendung besonders zu empfehlen. Uns ist es wichtig den k\u00fcrzesten und effizientesten Weg zu w\u00e4hlen \u2013 und der liegt in diesem Fall in der Anwendung von au\u00dfen: direkt an den betroffenen Stellen.<\/p>\n<p>Mit\u00a0<strong>INHALTSSTOFFEN<\/strong> die wirken: organischer Schwefel, Teufelskrallenextrakt, Bio-Schafgarbenextrakt, Bio-Lavendel\u00f6l, Glycerin<strong>\u00a0<\/strong>sowie Wasser und nat\u00fcrliche Gelbildner.<\/p>\n<p><strong>Naturprodukt:<\/strong> nat\u00fcrlich ohne Mikroplastik, ohne Silikone, ohne Parabene, ohne Paraffine, ohne Parf\u00fcm.<\/p>\n<h2>Anwendungsempfehlung<\/h2>\n<ul>\n<li>Mehrmals t\u00e4glich oder nach Bedarf auf das Fell im Bereich von Muskeln und Gelenken auftragen und einmassieren<\/li>\n<\/ul>\n<p><strong>Bitte beachte die nationalen und internationalen Anti-Doping-Bestimmungen im Hundesport. Eine Karenzzeit von 96h wird empfohlen!<\/strong><\/p>\n<h2 class=\"fusion-responsive-typography-calculated\" data-fontsize=\"26\" data-lineheight=\"43.9333px\">Anwedungsbereich<\/h2>\n<ul>\n<li>sportliche Hunde<\/li>\n<li>\u00e4ltere Hunde<\/li>\n<li>Hunde mit Problemen im Bereich der Sehnen, B\u00e4nder, Muskeln und Gelenke<\/li>\n<\/ul>\n<h2>Entstehung der Produkte<\/h2>\n<p>Unsere hochwertigen Produkte der mamo pet sports\u00ae Pflegeline werden mit <strong>viel Liebe &amp; in feinster Handarbeit<\/strong> zu 100% in \u00d6sterreich entwickelt, getestet &amp; abgef\u00fcllt.<\/p>\n<h2>Unsere Vision &amp; unsere Leidenschaft<\/h2>\n<p>Unsere ganze Leidenschaft und unsere Begeisterung f\u00fcr die Berge wollten wir von Anfang an in unsere <strong>mamo pet sports\u00ae Pflegeserie<\/strong> einflie\u00dfen lassen. So ist es auch dazu gekommen, dass wir alle unsere Produkte aus der Pflegeserie mit der Kraft der Alpenkr\u00e4uter verfeinert haben. Vorallem die <strong>Schafgarbe <\/strong>mit Ihren fantastischen Eigenschaften, ist ein wichtiger Bestandteil von jedem einzelnen Produkt. Die Schafgarbe ist eine <strong>altbekannte Heilpflanze<\/strong>, die in der Volksheilkunde immer eine wichtige Rolle gespielt hat. Im Altertum wurde die Schafgarbe auch zur Wundheilung und zur Stillung von Blutungen verwendet.<\/p>\n<h2>Verpackung<\/h2>\n<p>Der Umwelt zuliebe in einer Flasche aus GreenPE abgef\u00fcllt. <strong>GreenPE<\/strong> wird aus nachwachsenden Rohstoffen wie Zuckerrohr hergestellt und ist zu <strong>100% recycelbar<\/strong>.<\/p>\n<p><strong>Inhalt:<\/strong> 100ml<\/p>\n","protected":false},"excerpt":{"rendered":"<div class=\"post-content woocommerce-product-details__short-description\">\n<h3 id=\"cc-m-header-7658999481\" class=\"fusion-responsive-typography-calculated\" data-fontsize=\"18\" data-lineheight=\"28.0833px\">Ein gesunder Bewegungsapparat f\u00fcr aktive Hunde dank Schwefel und Teufelskralle!<\/h3>\n<ul>\n<li>Unterst\u00fctzt die <strong>Regeneration<\/strong> im Bereich der Sehnen, B\u00e4nder, Muskeln und Gelenke von au\u00dfen<\/li>\n<li>Tr\u00e4gt zur <strong>Gesundheiterhaltung <\/strong>des Bewegungsapparates bei<\/li>\n<li>Mit <strong>nat\u00fcrlichen Wirkstoffen<\/strong>: organischer Schwefel und Teufelskralle<\/li>\n<\/ul>\n<p><strong>Naturprodukt:<\/strong> nat\u00fcrlich ohne Mikroplastik, ohne Silikone, ohne Parabene, ohne Paraffine, ohne Parf\u00fcm.<\/p>\n<p>Der Umwelt zuliebe: in einer Flasche aus\u00a0<strong>100% Green PE<\/strong>. Green PE entsteht aus nachwachsenden, biobasierten Rohstoffen wie Zuckerrohr und ist zu 100% recyclingf\u00e4hig.<\/p>\n<\/div>\n<p><strong>Inhalt:<\/strong> 100ml<\/p>\n","protected":false},"featured_media":5495,"comment_status":"open","ping_status":"closed","template":"","meta":[],"product_cat":[330],"product_tag":[],"yoast_head":"<!-- This site is optimized with the Yoast SEO plugin v18.3 - https:\/\/yoast.com\/wordpress\/plugins\/seo\/ -->\n<title>mamo pet sports\u00ae Regenerationsgel - mamo AUTside Dogs<\/title>\n<meta name=\"description\" content=\"Unterst\u00fctzt die Regeneration im Bereich der Sehnen, B\u00e4nder, Muskeln und Gelenke von au\u00dfen. \u00d6sterreichisches Qualit\u00e4tsprodukt!\" \/>\n<meta name=\"robots\" content=\"index, follow, max-snippet:-1, max-image-preview:large, max-video-preview:-1\" \/>\n<link rel=\"canonical\" href=\"https:\/\/mamopetsports.com\/de\/produkt\/regenerationsgel\/\" \/>\n<meta property=\"og:locale\" content=\"de_DE\" \/>\n<meta property=\"og:type\" content=\"article\" \/>\n<meta property=\"og:title\" content=\"mamo pet sports\u00ae Regenerationsgel - mamo AUTside Dogs\" \/>\n<meta property=\"og:description\" content=\"Unterst\u00fctzt die Regeneration im Bereich der Sehnen, B\u00e4nder, Muskeln und Gelenke von au\u00dfen. \u00d6sterreichisches Qualit\u00e4tsprodukt!\" \/>\n<meta property=\"og:url\" content=\"https:\/\/mamopetsports.com\/de\/produkt\/regenerationsgel\/\" \/>\n<meta property=\"og:site_name\" content=\"mamo AUTside Dogs\" \/>\n<meta property=\"article:modified_time\" content=\"2025-02-21T14:01:32+00:00\" \/>\n<meta property=\"og:image\" content=\"https:\/\/mamopetsports.com\/wp-content\/uploads\/2021\/10\/mamo-pet-sports_MSM-Gel-1024x1024.png\" \/>\n\t<meta property=\"og:image:width\" content=\"1024\" \/>\n\t<meta property=\"og:image:height\" content=\"1024\" \/>\n\t<meta property=\"og:image:type\" content=\"image\/png\" \/>\n<meta name=\"twitter:card\" content=\"summary_large_image\" \/>\n<meta name=\"twitter:label1\" content=\"Gesch\u00e4tzte Lesezeit\" \/>\n\t<meta name=\"twitter:data1\" content=\"2 Minuten\" \/>\n<script type=\"application\/ld+json\" class=\"yoast-schema-graph\">{\"@context\":\"https:\/\/schema.org\",\"@graph\":[{\"@type\":\"WebSite\",\"@id\":\"https:\/\/mamopetsports.com\/de\/#website\",\"url\":\"https:\/\/mamopetsports.com\/de\/\",\"name\":\"mamo AUTside Dogs\",\"description\":\"Innovative Produkte f\u00fcr die Vierbeiner-Outdoorszene\",\"potentialAction\":[{\"@type\":\"SearchAction\",\"target\":{\"@type\":\"EntryPoint\",\"urlTemplate\":\"https:\/\/mamopetsports.com\/de\/?s={search_term_string}\"},\"query-input\":\"required name=search_term_string\"}],\"inLanguage\":\"de-DE\"},{\"@type\":\"ImageObject\",\"@id\":\"https:\/\/mamopetsports.com\/de\/produkt\/regenerationsgel\/#primaryimage\",\"inLanguage\":\"de-DE\",\"url\":\"https:\/\/mamopetsports.com\/wp-content\/uploads\/2021\/10\/mamo-pet-sports_MSM-Gel.png\",\"contentUrl\":\"https:\/\/mamopetsports.com\/wp-content\/uploads\/2021\/10\/mamo-pet-sports_MSM-Gel.png\",\"width\":4000,\"height\":5000},{\"@type\":\"WebPage\",\"@id\":\"https:\/\/mamopetsports.com\/de\/produkt\/regenerationsgel\/#webpage\",\"url\":\"https:\/\/mamopetsports.com\/de\/produkt\/regenerationsgel\/\",\"name\":\"mamo pet sports\u00ae Regenerationsgel - mamo AUTside Dogs\",\"isPartOf\":{\"@id\":\"https:\/\/mamopetsports.com\/de\/#website\"},\"primaryImageOfPage\":{\"@id\":\"https:\/\/mamopetsports.com\/de\/produkt\/regenerationsgel\/#primaryimage\"},\"datePublished\":\"2021-10-12T02:45:35+00:00\",\"dateModified\":\"2025-02-21T14:01:32+00:00\",\"description\":\"Unterst\u00fctzt die Regeneration im Bereich der Sehnen, B\u00e4nder, Muskeln und Gelenke von au\u00dfen. \u00d6sterreichisches Qualit\u00e4tsprodukt!\",\"breadcrumb\":{\"@id\":\"https:\/\/mamopetsports.com\/de\/produkt\/regenerationsgel\/#breadcrumb\"},\"inLanguage\":\"de-DE\",\"potentialAction\":[{\"@type\":\"ReadAction\",\"target\":[\"https:\/\/mamopetsports.com\/de\/produkt\/regenerationsgel\/\"]}]},{\"@type\":\"BreadcrumbList\",\"@id\":\"https:\/\/mamopetsports.com\/de\/produkt\/regenerationsgel\/#breadcrumb\",\"itemListElement\":[{\"@type\":\"ListItem\",\"position\":1,\"name\":\"Home\",\"item\":\"https:\/\/mamopetsports.com\/de\/\"},{\"@type\":\"ListItem\",\"position\":2,\"name\":\"Shop\",\"item\":\"https:\/\/mamopetsports.com\/de\/shop\/\"},{\"@type\":\"ListItem\",\"position\":3,\"name\":\"mamo pet sports\u00ae Regenerationsgel\"}]}]}<\/script>\n<!-- \/ Yoast SEO plugin. -->","yoast_head_json":{"title":"mamo pet sports\u00ae Regenerationsgel - mamo AUTside Dogs","description":"Unterst\u00fctzt die Regeneration im Bereich der Sehnen, B\u00e4nder, Muskeln und Gelenke von au\u00dfen. \u00d6sterreichisches Qualit\u00e4tsprodukt!","robots":{"index":"index","follow":"follow","max-snippet":"max-snippet:-1","max-image-preview":"max-image-preview:large","max-video-preview":"max-video-preview:-1"},"canonical":"https:\/\/mamopetsports.com\/de\/produkt\/regenerationsgel\/","og_locale":"de_DE","og_type":"article","og_title":"mamo pet sports\u00ae Regenerationsgel - mamo AUTside Dogs","og_description":"Unterst\u00fctzt die Regeneration im Bereich der Sehnen, B\u00e4nder, Muskeln und Gelenke von au\u00dfen. \u00d6sterreichisches Qualit\u00e4tsprodukt!","og_url":"https:\/\/mamopetsports.com\/de\/produkt\/regenerationsgel\/","og_site_name":"mamo AUTside Dogs","article_modified_time":"2025-02-21T14:01:32+00:00","og_image":[{"width":1024,"height":1024,"url":"https:\/\/mamopetsports.com\/wp-content\/uploads\/2021\/10\/mamo-pet-sports_MSM-Gel-1024x1024.png","type":"image\/png"}],"twitter_card":"summary_large_image","twitter_misc":{"Gesch\u00e4tzte Lesezeit":"2 Minuten"},"schema":{"@context":"https:\/\/schema.org","@graph":[{"@type":"WebSite","@id":"https:\/\/mamopetsports.com\/de\/#website","url":"https:\/\/mamopetsports.com\/de\/","name":"mamo AUTside Dogs","description":"Innovative Produkte f\u00fcr die Vierbeiner-Outdoorszene","potentialAction":[{"@type":"SearchAction","target":{"@type":"EntryPoint","urlTemplate":"https:\/\/mamopetsports.com\/de\/?s={search_term_string}"},"query-input":"required name=search_term_string"}],"inLanguage":"de-DE"},{"@type":"ImageObject","@id":"https:\/\/mamopetsports.com\/de\/produkt\/regenerationsgel\/#primaryimage","inLanguage":"de-DE","url":"https:\/\/mamopetsports.com\/wp-content\/uploads\/2021\/10\/mamo-pet-sports_MSM-Gel.png","contentUrl":"https:\/\/mamopetsports.com\/wp-content\/uploads\/2021\/10\/mamo-pet-sports_MSM-Gel.png","width":4000,"height":5000},{"@type":"WebPage","@id":"https:\/\/mamopetsports.com\/de\/produkt\/regenerationsgel\/#webpage","url":"https:\/\/mamopetsports.com\/de\/produkt\/regenerationsgel\/","name":"mamo pet sports\u00ae Regenerationsgel - mamo AUTside Dogs","isPartOf":{"@id":"https:\/\/mamopetsports.com\/de\/#website"},"primaryImageOfPage":{"@id":"https:\/\/mamopetsports.com\/de\/produkt\/regenerationsgel\/#primaryimage"},"datePublished":"2021-10-12T02:45:35+00:00","dateModified":"2025-02-21T14:01:32+00:00","description":"Unterst\u00fctzt die Regeneration im Bereich der Sehnen, B\u00e4nder, Muskeln und Gelenke von au\u00dfen. \u00d6sterreichisches Qualit\u00e4tsprodukt!","breadcrumb":{"@id":"https:\/\/mamopetsports.com\/de\/produkt\/regenerationsgel\/#breadcrumb"},"inLanguage":"de-DE","potentialAction":[{"@type":"ReadAction","target":["https:\/\/mamopetsports.com\/de\/produkt\/regenerationsgel\/"]}]},{"@type":"BreadcrumbList","@id":"https:\/\/mamopetsports.com\/de\/produkt\/regenerationsgel\/#breadcrumb","itemListElement":[{"@type":"ListItem","position":1,"name":"Home","item":"https:\/\/mamopetsports.com\/de\/"},{"@type":"ListItem","position":2,"name":"Shop","item":"https:\/\/mamopetsports.com\/de\/shop\/"},{"@type":"ListItem","position":3,"name":"mamo pet sports\u00ae Regenerationsgel"}]}]}},"_links":{"self":[{"href":"https:\/\/mamopetsports.com\/de\/wp-json\/wp\/v2\/product\/5243"}],"collection":[{"href":"https:\/\/mamopetsports.com\/de\/wp-json\/wp\/v2\/product"}],"about":[{"href":"https:\/\/mamopetsports.com\/de\/wp-json\/wp\/v2\/types\/product"}],"replies":[{"embeddable":true,"href":"https:\/\/mamopetsports.com\/de\/wp-json\/wp\/v2\/comments?post=5243"}],"wp:featuredmedia":[{"embeddable":true,"href":"https:\/\/mamopetsports.com\/de\/wp-json\/wp\/v2\/media\/5495"}],"wp:attachment":[{"href":"https:\/\/mamopetsports.com\/de\/wp-json\/wp\/v2\/media?parent=5243"}],"wp:term":[{"taxonomy":"product_cat","embeddable":true,"href":"https:\/\/mamopetsports.com\/de\/wp-json\/wp\/v2\/product_cat?post=5243"},{"taxonomy":"product_tag","embeddable":true,"href":"https:\/\/mamopetsports.com\/de\/wp-json\/wp\/v2\/product_tag?post=5243"}],"curies":[{"name":"wp","href":"https:\/\/api.w.org\/{rel}","templated":true}]}}