{"id":7518,"date":"2022-05-03T11:50:52","date_gmt":"2022-05-03T10:50:52","guid":{"rendered":"https:\/\/mamopetsports.com\/?post_type=product&#038;p=7518"},"modified":"2024-06-16T10:32:55","modified_gmt":"2024-06-16T09:32:55","slug":"mamo-pet-sports-pflegeserie-kombi-paket","status":"publish","type":"product","link":"https:\/\/mamopetsports.com\/de\/produkt\/mamo-pet-sports-pflegeserie-kombi-paket\/","title":{"rendered":"mamo pet sports\u00ae Pflegeserie-Kombi Paket"},"content":{"rendered":"<p>Unsere <strong>hochwertigen Naturprodukte<\/strong> gibt\u00b4s jetzt auch im praktischen Kombi-Paket.<\/p>\n<p>Schnapp dir alle 3 Produkte aus unserer <strong>mamo pet sports\u00ae Pflegeserie<\/strong> zum Sonderaktionspreis!<\/p>\n<ul>\n<li>vegane Qualit\u00e4tsprodukte aus \u00d6sterreich<\/li>\n<li>Entwicklung, Produktion &amp; Abf\u00fcllung in \u00d6sterreich<\/li>\n<li>beste Pflege f\u00fcr deinen aktiven Vierbeiner und sein Equipment<\/li>\n<\/ul>\n<p>Mit hochwertigen <strong>INHALTSSTOFFEN<\/strong> die wirken.<\/p>\n<p><strong>Naturprodukte:<\/strong> nat\u00fcrlich ohne Mikroplastik, ohne Silikone, ohne Parabene, ohne Paraffine, ohne Parf\u00fcm.<\/p>\n<h2>Anwendungsempfehlung &amp; Anwedungsbereich<\/h2>\n<ul>\n<li><a href=\"https:\/\/mamopetsports.com\/de\/produkt\/pfotenbalsam\/\">Hier geht\u00b4s zum Pfotenbalsam<\/a><\/li>\n<li><a href=\"https:\/\/mamopetsports.com\/de\/produkt\/regenerationsgel\/\">Hier geht\u00b4s zum MSM Gel<\/a><\/li>\n<li><a href=\"https:\/\/mamopetsports.com\/de\/produkt\/hundetextilien-waschmittel\/\">Hier geht\u00b4s zum Hundetextilienwaschmittel<\/a><\/li>\n<\/ul>\n<h2>Entstehung der Produkte<\/h2>\n<p>Unsere hochwertigen Produkte der mamo pet sports\u00ae Pflegeline werden mit viel Liebe &amp; in feinster Handarbeit zu 100% in \u00d6sterreich entwickelt, getestet &amp; abgef\u00fcllt.<\/p>\n<h2>Unsere Vision &amp; unsere Leidenschaft<\/h2>\n<p>Unsere ganze Leidenschaft und unsere Begeisterung f\u00fcr die Berge wollten wir von Anfang an in unsere <strong>mamo pet sports\u00ae Pflegeserie<\/strong> einflie\u00dfen lassen. So ist es auch dazu gekommen, dass wir alle unsere Produkte aus der Pflegeserie mit der Kraft der Alpenkr\u00e4uter verfeinert haben. Vorallem die <strong>Schafgarbe <\/strong>mit Ihren fantastischen Eigenschaften, ist ein wichtiger Bestandteil von jedem einzelnen Produkt. Die Schafgarbe ist eine <strong>altbekannte Heilpflanze<\/strong>, die in der Volksheilkunde immer eine wichtige Rolle gespielt hat. Im Altertum wurde die Schafgarbe auch zur Wundheilung und zur Stillung von Blutungen verwendet.<\/p>\n<h2>Verpackung<\/h2>\n<p>Der Umwelt zuliebe in <strong>recyclingf\u00e4higer Verpackung.<\/strong><\/p>\n<p>&nbsp;<\/p>\n","protected":false},"excerpt":{"rendered":"<div id=\"tab-description\" class=\"woocommerce-Tabs-panel woocommerce-Tabs-panel--description panel entry-content wc-tab\" role=\"tabpanel\" aria-labelledby=\"tab-title-description\">\n<div class=\"post-content\">\n<div class=\"post-content woocommerce-product-details__short-description\">\n<h3 class=\"fusion-responsive-typography-calculated\" data-fontsize=\"18\" data-lineheight=\"28.0833px\">Unsere 3 Bestseller im Kombi Paket!<\/h3>\n<ul>\n<li><strong>Pfotenbalsam f\u00fcr<\/strong> beanspruchte Pfoten<\/li>\n<li><strong>MSM Gel<\/strong> f\u00fcr optimale Regeneration von beanspruchten Muskeln &amp; Gelenke<\/li>\n<li><strong>Hundetextilienwaschmittel <\/strong>f\u00fcr regelm\u00e4\u00dfige Pflege eurer mamo pet sports\u00ae Textilprodukte<strong><br \/>\n<\/strong><\/li>\n<li>mit nat\u00fcrlichen <strong>Inhaltsstoffen <\/strong>die wirken<\/li>\n<\/ul>\n<\/div>\n<p><strong>Naturprodukte:<\/strong> nat\u00fcrlich ohne Mikroplastik, ohne Silikone, ohne Parabene, ohne Paraffine, ohne Parf\u00fcm.<\/p>\n<\/div>\n<p>Der Umwelt zuliebe in <strong>recyclingf\u00e4higer Verpackung.<\/strong><\/p>\n<\/div>\n<p><strong>Mit LIEBE hergestellt in \u00d6sterreich!<\/strong><\/p>\n","protected":false},"featured_media":7519,"comment_status":"open","ping_status":"closed","template":"","meta":[],"product_cat":[330],"product_tag":[],"yoast_head":"<!-- This site is optimized with the Yoast SEO plugin v18.3 - https:\/\/yoast.com\/wordpress\/plugins\/seo\/ -->\n<title>mamo pet sports\u00ae Pflegeserie-Kombi Paket - mamo AUTside Dogs<\/title>\n<meta name=\"description\" content=\"Unsere 3 Bestseller der mamo pet sports\u00ae Pflegeserie im Kombi-Paket! Pfotenpflege, MSM-Gel, Hundetextilienwaschmittel f\u00fcr aktive Hunde.\" \/>\n<meta name=\"robots\" content=\"index, follow, max-snippet:-1, max-image-preview:large, max-video-preview:-1\" \/>\n<link rel=\"canonical\" href=\"https:\/\/mamopetsports.com\/de\/produkt\/mamo-pet-sports-pflegeserie-kombi-paket\/\" \/>\n<meta property=\"og:locale\" content=\"de_DE\" \/>\n<meta property=\"og:type\" content=\"article\" \/>\n<meta property=\"og:title\" content=\"mamo pet sports\u00ae Pflegeserie-Kombi Paket - mamo AUTside Dogs\" \/>\n<meta property=\"og:description\" content=\"Unsere 3 Bestseller der mamo pet sports\u00ae Pflegeserie im Kombi-Paket! Pfotenpflege, MSM-Gel, Hundetextilienwaschmittel f\u00fcr aktive Hunde.\" \/>\n<meta property=\"og:url\" content=\"https:\/\/mamopetsports.com\/de\/produkt\/mamo-pet-sports-pflegeserie-kombi-paket\/\" \/>\n<meta property=\"og:site_name\" content=\"mamo AUTside Dogs\" \/>\n<meta property=\"article:modified_time\" content=\"2024-06-16T09:32:55+00:00\" \/>\n<meta property=\"og:image\" content=\"https:\/\/mamopetsports.com\/wp-content\/uploads\/2022\/05\/mamo-pet-sports_Pflegeserie-Kombi-1024x1024.png\" \/>\n\t<meta property=\"og:image:width\" content=\"1024\" \/>\n\t<meta property=\"og:image:height\" content=\"1024\" \/>\n\t<meta property=\"og:image:type\" content=\"image\/png\" \/>\n<meta name=\"twitter:card\" content=\"summary_large_image\" \/>\n<meta name=\"twitter:image\" content=\"https:\/\/mamopetsports.com\/wp-content\/uploads\/2021\/02\/IMG_4542-\u043a\u043e\u043f\u0438\u044f-scaled1.jpg\" \/>\n<meta name=\"twitter:label1\" content=\"Gesch\u00e4tzte Lesezeit\" \/>\n\t<meta name=\"twitter:data1\" content=\"2 Minuten\" \/>\n<script type=\"application\/ld+json\" class=\"yoast-schema-graph\">{\"@context\":\"https:\/\/schema.org\",\"@graph\":[{\"@type\":\"WebSite\",\"@id\":\"https:\/\/mamopetsports.com\/de\/#website\",\"url\":\"https:\/\/mamopetsports.com\/de\/\",\"name\":\"mamo AUTside Dogs\",\"description\":\"Innovative Produkte f\u00fcr die Vierbeiner-Outdoorszene\",\"potentialAction\":[{\"@type\":\"SearchAction\",\"target\":{\"@type\":\"EntryPoint\",\"urlTemplate\":\"https:\/\/mamopetsports.com\/de\/?s={search_term_string}\"},\"query-input\":\"required name=search_term_string\"}],\"inLanguage\":\"de-DE\"},{\"@type\":\"ImageObject\",\"@id\":\"https:\/\/mamopetsports.com\/de\/produkt\/mamo-pet-sports-pflegeserie-kombi-paket\/#primaryimage\",\"inLanguage\":\"de-DE\",\"url\":\"https:\/\/mamopetsports.com\/wp-content\/uploads\/2021\/02\/IMG_4542-\u043a\u043e\u043f\u0438\u044f-scaled1.jpg\",\"contentUrl\":\"https:\/\/mamopetsports.com\/wp-content\/uploads\/2021\/02\/IMG_4542-\u043a\u043e\u043f\u0438\u044f-scaled1.jpg\",\"width\":2560,\"height\":1707},{\"@type\":\"WebPage\",\"@id\":\"https:\/\/mamopetsports.com\/de\/produkt\/mamo-pet-sports-pflegeserie-kombi-paket\/#webpage\",\"url\":\"https:\/\/mamopetsports.com\/de\/produkt\/mamo-pet-sports-pflegeserie-kombi-paket\/\",\"name\":\"mamo pet sports\u00ae Pflegeserie-Kombi Paket - mamo AUTside Dogs\",\"isPartOf\":{\"@id\":\"https:\/\/mamopetsports.com\/de\/#website\"},\"primaryImageOfPage\":{\"@id\":\"https:\/\/mamopetsports.com\/de\/produkt\/mamo-pet-sports-pflegeserie-kombi-paket\/#primaryimage\"},\"datePublished\":\"2022-05-03T10:50:52+00:00\",\"dateModified\":\"2024-06-16T09:32:55+00:00\",\"description\":\"Unsere 3 Bestseller der mamo pet sports\u00ae Pflegeserie im Kombi-Paket! Pfotenpflege, MSM-Gel, Hundetextilienwaschmittel f\u00fcr aktive Hunde.\",\"breadcrumb\":{\"@id\":\"https:\/\/mamopetsports.com\/de\/produkt\/mamo-pet-sports-pflegeserie-kombi-paket\/#breadcrumb\"},\"inLanguage\":\"de-DE\",\"potentialAction\":[{\"@type\":\"ReadAction\",\"target\":[\"https:\/\/mamopetsports.com\/de\/produkt\/mamo-pet-sports-pflegeserie-kombi-paket\/\"]}]},{\"@type\":\"BreadcrumbList\",\"@id\":\"https:\/\/mamopetsports.com\/de\/produkt\/mamo-pet-sports-pflegeserie-kombi-paket\/#breadcrumb\",\"itemListElement\":[{\"@type\":\"ListItem\",\"position\":1,\"name\":\"Home\",\"item\":\"https:\/\/mamopetsports.com\/de\/\"},{\"@type\":\"ListItem\",\"position\":2,\"name\":\"Shop\",\"item\":\"https:\/\/mamopetsports.com\/de\/shop\/\"},{\"@type\":\"ListItem\",\"position\":3,\"name\":\"mamo pet sports\u00ae Pflegeserie-Kombi Paket\"}]}]}<\/script>\n<!-- \/ Yoast SEO plugin. -->","yoast_head_json":{"title":"mamo pet sports\u00ae Pflegeserie-Kombi Paket - mamo AUTside Dogs","description":"Unsere 3 Bestseller der mamo pet sports\u00ae Pflegeserie im Kombi-Paket! Pfotenpflege, MSM-Gel, Hundetextilienwaschmittel f\u00fcr aktive Hunde.","robots":{"index":"index","follow":"follow","max-snippet":"max-snippet:-1","max-image-preview":"max-image-preview:large","max-video-preview":"max-video-preview:-1"},"canonical":"https:\/\/mamopetsports.com\/de\/produkt\/mamo-pet-sports-pflegeserie-kombi-paket\/","og_locale":"de_DE","og_type":"article","og_title":"mamo pet sports\u00ae Pflegeserie-Kombi Paket - mamo AUTside Dogs","og_description":"Unsere 3 Bestseller der mamo pet sports\u00ae Pflegeserie im Kombi-Paket! Pfotenpflege, MSM-Gel, Hundetextilienwaschmittel f\u00fcr aktive Hunde.","og_url":"https:\/\/mamopetsports.com\/de\/produkt\/mamo-pet-sports-pflegeserie-kombi-paket\/","og_site_name":"mamo AUTside Dogs","article_modified_time":"2024-06-16T09:32:55+00:00","og_image":[{"width":1024,"height":1024,"url":"https:\/\/mamopetsports.com\/wp-content\/uploads\/2022\/05\/mamo-pet-sports_Pflegeserie-Kombi-1024x1024.png","type":"image\/png"}],"twitter_card":"summary_large_image","twitter_image":"https:\/\/mamopetsports.com\/wp-content\/uploads\/2021\/02\/IMG_4542-\u043a\u043e\u043f\u0438\u044f-scaled1.jpg","twitter_misc":{"Gesch\u00e4tzte Lesezeit":"2 Minuten"},"schema":{"@context":"https:\/\/schema.org","@graph":[{"@type":"WebSite","@id":"https:\/\/mamopetsports.com\/de\/#website","url":"https:\/\/mamopetsports.com\/de\/","name":"mamo AUTside Dogs","description":"Innovative Produkte f\u00fcr die Vierbeiner-Outdoorszene","potentialAction":[{"@type":"SearchAction","target":{"@type":"EntryPoint","urlTemplate":"https:\/\/mamopetsports.com\/de\/?s={search_term_string}"},"query-input":"required name=search_term_string"}],"inLanguage":"de-DE"},{"@type":"ImageObject","@id":"https:\/\/mamopetsports.com\/de\/produkt\/mamo-pet-sports-pflegeserie-kombi-paket\/#primaryimage","inLanguage":"de-DE","url":"https:\/\/mamopetsports.com\/wp-content\/uploads\/2021\/02\/IMG_4542-\u043a\u043e\u043f\u0438\u044f-scaled1.jpg","contentUrl":"https:\/\/mamopetsports.com\/wp-content\/uploads\/2021\/02\/IMG_4542-\u043a\u043e\u043f\u0438\u044f-scaled1.jpg","width":2560,"height":1707},{"@type":"WebPage","@id":"https:\/\/mamopetsports.com\/de\/produkt\/mamo-pet-sports-pflegeserie-kombi-paket\/#webpage","url":"https:\/\/mamopetsports.com\/de\/produkt\/mamo-pet-sports-pflegeserie-kombi-paket\/","name":"mamo pet sports\u00ae Pflegeserie-Kombi Paket - mamo AUTside Dogs","isPartOf":{"@id":"https:\/\/mamopetsports.com\/de\/#website"},"primaryImageOfPage":{"@id":"https:\/\/mamopetsports.com\/de\/produkt\/mamo-pet-sports-pflegeserie-kombi-paket\/#primaryimage"},"datePublished":"2022-05-03T10:50:52+00:00","dateModified":"2024-06-16T09:32:55+00:00","description":"Unsere 3 Bestseller der mamo pet sports\u00ae Pflegeserie im Kombi-Paket! Pfotenpflege, MSM-Gel, Hundetextilienwaschmittel f\u00fcr aktive Hunde.","breadcrumb":{"@id":"https:\/\/mamopetsports.com\/de\/produkt\/mamo-pet-sports-pflegeserie-kombi-paket\/#breadcrumb"},"inLanguage":"de-DE","potentialAction":[{"@type":"ReadAction","target":["https:\/\/mamopetsports.com\/de\/produkt\/mamo-pet-sports-pflegeserie-kombi-paket\/"]}]},{"@type":"BreadcrumbList","@id":"https:\/\/mamopetsports.com\/de\/produkt\/mamo-pet-sports-pflegeserie-kombi-paket\/#breadcrumb","itemListElement":[{"@type":"ListItem","position":1,"name":"Home","item":"https:\/\/mamopetsports.com\/de\/"},{"@type":"ListItem","position":2,"name":"Shop","item":"https:\/\/mamopetsports.com\/de\/shop\/"},{"@type":"ListItem","position":3,"name":"mamo pet sports\u00ae Pflegeserie-Kombi Paket"}]}]}},"_links":{"self":[{"href":"https:\/\/mamopetsports.com\/de\/wp-json\/wp\/v2\/product\/7518"}],"collection":[{"href":"https:\/\/mamopetsports.com\/de\/wp-json\/wp\/v2\/product"}],"about":[{"href":"https:\/\/mamopetsports.com\/de\/wp-json\/wp\/v2\/types\/product"}],"replies":[{"embeddable":true,"href":"https:\/\/mamopetsports.com\/de\/wp-json\/wp\/v2\/comments?post=7518"}],"wp:featuredmedia":[{"embeddable":true,"href":"https:\/\/mamopetsports.com\/de\/wp-json\/wp\/v2\/media\/7519"}],"wp:attachment":[{"href":"https:\/\/mamopetsports.com\/de\/wp-json\/wp\/v2\/media?parent=7518"}],"wp:term":[{"taxonomy":"product_cat","embeddable":true,"href":"https:\/\/mamopetsports.com\/de\/wp-json\/wp\/v2\/product_cat?post=7518"},{"taxonomy":"product_tag","embeddable":true,"href":"https:\/\/mamopetsports.com\/de\/wp-json\/wp\/v2\/product_tag?post=7518"}],"curies":[{"name":"wp","href":"https:\/\/api.w.org\/{rel}","templated":true}]}}