{"id":11089,"date":"2024-05-23T09:52:41","date_gmt":"2024-05-23T08:52:41","guid":{"rendered":"https:\/\/mamopetsports.com\/?post_type=product&#038;p=11089"},"modified":"2026-04-14T22:46:07","modified_gmt":"2026-04-14T21:46:07","slug":"mamo-wm-bandana","status":"publish","type":"product","link":"https:\/\/mamopetsports.com\/en\/produkt\/mamo-wm-bandana\/","title":{"rendered":"mamo WM Bandana"},"content":{"rendered":"<p><strong>Limited Edition<\/strong> \ud83e\udd29 Die WM kann kommen<\/p>\n<p>Ab sofort sind unsere handgefertigten Hunde-Bandanas\/Halst\u00fccher im WM Design erh\u00e4ltlich.<\/p>\n<p>Als Grundstoff wurde eine hochwertige Baumwolle gew\u00e4hlt &amp; kombiniert mit unserem edlen Logo-Stick mit \u00f6sterreichischem oder deutschem Wappen \ud83d\ude0a<\/p>\n<p>Erh\u00e4ltlich ist unser WM Bandana in 2 Gr\u00f6\u00dfen:<\/p>\n<ul>\n<li>Bandana Gr 1 von 35-50cm<\/li>\n<li>Bandana Gr 2 von 50-65cm Bandana individuell durch Einschlagen anpassbar.<\/li>\n<\/ul>\n<p>Ab einer Bestellung von 5 St\u00fcck k\u00f6nnen auch andere Flaggen gestickt werden.<\/p>\n<p><em>Kleiner Tipp<\/em> f\u00fcr hei\u00dfe WM Tage:<br \/>\nEinfach das Tuch vorher ca eine halbe Stunde in den Gefrierschrank legen und dann sorgt es zus\u00e4tzlich f\u00fcr Abk\u00fchlung.<\/p>\n<p>Material: 100% Baumwolle<\/p>\n","protected":false},"excerpt":{"rendered":"<p>Limited Edition \ud83e\udd29 Die WM kann kommen Ab sofort sind unsere handgefertigten Hunde-Bandanas\/Halst\u00fccher im WM Design erh\u00e4ltlich. Als Grundstoff wurde eine hochwertige Baumwolle gew\u00e4hlt &amp; kombiniert mit unserem edlen Logo-Stick mit \u00f6sterreichischem oder deutschem Wappen \ud83d\ude0a Erh\u00e4ltlich ist unser WM Bandana in 2 Gr\u00f6\u00dfen: Bandana Gr 1 von 35-50cm Bandana Gr 2 von 50-65cm Bandana [&hellip;]<\/p>\n","protected":false},"featured_media":11090,"comment_status":"open","ping_status":"closed","template":"","meta":[],"product_cat":[312],"product_tag":[],"yoast_head":"<!-- This site is optimized with the Yoast SEO plugin v18.3 - https:\/\/yoast.com\/wordpress\/plugins\/seo\/ -->\n<title>mamo WM Bandana - mamo pet sports<\/title>\n<meta name=\"description\" content=\"Die EM kann kommen: Ab sofort sind unsere handgefertigten Hunde-Bandanas\/Halst\u00fccher im EM Design erh\u00e4ltlich.\" \/>\n<meta name=\"robots\" content=\"index, follow, max-snippet:-1, max-image-preview:large, max-video-preview:-1\" \/>\n<link rel=\"canonical\" href=\"https:\/\/mamopetsports.com\/en\/produkt\/mamo-wm-bandana\/\" \/>\n<meta property=\"og:locale\" content=\"en_US\" \/>\n<meta property=\"og:type\" content=\"article\" \/>\n<meta property=\"og:title\" content=\"mamo WM Bandana - mamo pet sports\" \/>\n<meta property=\"og:description\" content=\"Die EM kann kommen: Ab sofort sind unsere handgefertigten Hunde-Bandanas\/Halst\u00fccher im EM Design erh\u00e4ltlich.\" \/>\n<meta property=\"og:url\" content=\"https:\/\/mamopetsports.com\/en\/produkt\/mamo-wm-bandana\/\" \/>\n<meta property=\"og:site_name\" content=\"mamo pet sports\" \/>\n<meta property=\"article:modified_time\" content=\"2026-04-14T21:46:07+00:00\" \/>\n<meta property=\"og:image\" content=\"https:\/\/mamopetsports.com\/wp-content\/uploads\/2024\/05\/WhatsApp-Image-2024-05-22-at-19.20.59.jpeg\" \/>\n\t<meta property=\"og:image:width\" content=\"1200\" \/>\n\t<meta property=\"og:image:height\" content=\"1600\" \/>\n\t<meta property=\"og:image:type\" content=\"image\/jpeg\" \/>\n<meta name=\"twitter:card\" content=\"summary_large_image\" \/>\n<meta name=\"twitter:label1\" content=\"Est. reading time\" \/>\n\t<meta name=\"twitter:data1\" content=\"1 minute\" \/>\n<script type=\"application\/ld+json\" class=\"yoast-schema-graph\">{\"@context\":\"https:\/\/schema.org\",\"@graph\":[{\"@type\":\"WebSite\",\"@id\":\"https:\/\/mamopetsports.com\/de\/#website\",\"url\":\"https:\/\/mamopetsports.com\/de\/\",\"name\":\"mamo pet sports\",\"description\":\"Innovative Produkte f\u00fcr die Vierbeiner-Outdoorszene\",\"potentialAction\":[{\"@type\":\"SearchAction\",\"target\":{\"@type\":\"EntryPoint\",\"urlTemplate\":\"https:\/\/mamopetsports.com\/de\/?s={search_term_string}\"},\"query-input\":\"required name=search_term_string\"}],\"inLanguage\":\"en-US\"},{\"@type\":\"ImageObject\",\"@id\":\"https:\/\/mamopetsports.com\/en\/produkt\/mamo-wm-bandana\/#primaryimage\",\"inLanguage\":\"en-US\",\"url\":\"https:\/\/mamopetsports.com\/wp-content\/uploads\/2024\/05\/WhatsApp-Image-2024-05-22-at-19.20.59.jpeg\",\"contentUrl\":\"https:\/\/mamopetsports.com\/wp-content\/uploads\/2024\/05\/WhatsApp-Image-2024-05-22-at-19.20.59.jpeg\",\"width\":1200,\"height\":1600},{\"@type\":\"WebPage\",\"@id\":\"https:\/\/mamopetsports.com\/en\/produkt\/mamo-wm-bandana\/#webpage\",\"url\":\"https:\/\/mamopetsports.com\/en\/produkt\/mamo-wm-bandana\/\",\"name\":\"mamo WM Bandana - mamo pet sports\",\"isPartOf\":{\"@id\":\"https:\/\/mamopetsports.com\/de\/#website\"},\"primaryImageOfPage\":{\"@id\":\"https:\/\/mamopetsports.com\/en\/produkt\/mamo-wm-bandana\/#primaryimage\"},\"datePublished\":\"2024-05-23T08:52:41+00:00\",\"dateModified\":\"2026-04-14T21:46:07+00:00\",\"description\":\"Die EM kann kommen: Ab sofort sind unsere handgefertigten Hunde-Bandanas\/Halst\u00fccher im EM Design erh\u00e4ltlich.\",\"breadcrumb\":{\"@id\":\"https:\/\/mamopetsports.com\/en\/produkt\/mamo-wm-bandana\/#breadcrumb\"},\"inLanguage\":\"en-US\",\"potentialAction\":[{\"@type\":\"ReadAction\",\"target\":[\"https:\/\/mamopetsports.com\/en\/produkt\/mamo-wm-bandana\/\"]}]},{\"@type\":\"BreadcrumbList\",\"@id\":\"https:\/\/mamopetsports.com\/en\/produkt\/mamo-wm-bandana\/#breadcrumb\",\"itemListElement\":[{\"@type\":\"ListItem\",\"position\":1,\"name\":\"Home\",\"item\":\"https:\/\/mamopetsports.com\/en\/\"},{\"@type\":\"ListItem\",\"position\":2,\"name\":\"Produkte\",\"item\":\"https:\/\/mamopetsports.com\/de\/produkte\/\"},{\"@type\":\"ListItem\",\"position\":3,\"name\":\"mamo WM Bandana\"}]}]}<\/script>\n<!-- \/ Yoast SEO plugin. -->","yoast_head_json":{"title":"mamo WM Bandana - mamo pet sports","description":"Die EM kann kommen: Ab sofort sind unsere handgefertigten Hunde-Bandanas\/Halst\u00fccher im EM Design erh\u00e4ltlich.","robots":{"index":"index","follow":"follow","max-snippet":"max-snippet:-1","max-image-preview":"max-image-preview:large","max-video-preview":"max-video-preview:-1"},"canonical":"https:\/\/mamopetsports.com\/en\/produkt\/mamo-wm-bandana\/","og_locale":"en_US","og_type":"article","og_title":"mamo WM Bandana - mamo pet sports","og_description":"Die EM kann kommen: Ab sofort sind unsere handgefertigten Hunde-Bandanas\/Halst\u00fccher im EM Design erh\u00e4ltlich.","og_url":"https:\/\/mamopetsports.com\/en\/produkt\/mamo-wm-bandana\/","og_site_name":"mamo pet sports","article_modified_time":"2026-04-14T21:46:07+00:00","og_image":[{"width":1200,"height":1600,"url":"https:\/\/mamopetsports.com\/wp-content\/uploads\/2024\/05\/WhatsApp-Image-2024-05-22-at-19.20.59.jpeg","type":"image\/jpeg"}],"twitter_card":"summary_large_image","twitter_misc":{"Est. reading time":"1 minute"},"schema":{"@context":"https:\/\/schema.org","@graph":[{"@type":"WebSite","@id":"https:\/\/mamopetsports.com\/de\/#website","url":"https:\/\/mamopetsports.com\/de\/","name":"mamo pet sports","description":"Innovative Produkte f\u00fcr die Vierbeiner-Outdoorszene","potentialAction":[{"@type":"SearchAction","target":{"@type":"EntryPoint","urlTemplate":"https:\/\/mamopetsports.com\/de\/?s={search_term_string}"},"query-input":"required name=search_term_string"}],"inLanguage":"en-US"},{"@type":"ImageObject","@id":"https:\/\/mamopetsports.com\/en\/produkt\/mamo-wm-bandana\/#primaryimage","inLanguage":"en-US","url":"https:\/\/mamopetsports.com\/wp-content\/uploads\/2024\/05\/WhatsApp-Image-2024-05-22-at-19.20.59.jpeg","contentUrl":"https:\/\/mamopetsports.com\/wp-content\/uploads\/2024\/05\/WhatsApp-Image-2024-05-22-at-19.20.59.jpeg","width":1200,"height":1600},{"@type":"WebPage","@id":"https:\/\/mamopetsports.com\/en\/produkt\/mamo-wm-bandana\/#webpage","url":"https:\/\/mamopetsports.com\/en\/produkt\/mamo-wm-bandana\/","name":"mamo WM Bandana - mamo pet sports","isPartOf":{"@id":"https:\/\/mamopetsports.com\/de\/#website"},"primaryImageOfPage":{"@id":"https:\/\/mamopetsports.com\/en\/produkt\/mamo-wm-bandana\/#primaryimage"},"datePublished":"2024-05-23T08:52:41+00:00","dateModified":"2026-04-14T21:46:07+00:00","description":"Die EM kann kommen: Ab sofort sind unsere handgefertigten Hunde-Bandanas\/Halst\u00fccher im EM Design erh\u00e4ltlich.","breadcrumb":{"@id":"https:\/\/mamopetsports.com\/en\/produkt\/mamo-wm-bandana\/#breadcrumb"},"inLanguage":"en-US","potentialAction":[{"@type":"ReadAction","target":["https:\/\/mamopetsports.com\/en\/produkt\/mamo-wm-bandana\/"]}]},{"@type":"BreadcrumbList","@id":"https:\/\/mamopetsports.com\/en\/produkt\/mamo-wm-bandana\/#breadcrumb","itemListElement":[{"@type":"ListItem","position":1,"name":"Home","item":"https:\/\/mamopetsports.com\/en\/"},{"@type":"ListItem","position":2,"name":"Produkte","item":"https:\/\/mamopetsports.com\/de\/produkte\/"},{"@type":"ListItem","position":3,"name":"mamo WM Bandana"}]}]}},"_links":{"self":[{"href":"https:\/\/mamopetsports.com\/en\/wp-json\/wp\/v2\/product\/11089"}],"collection":[{"href":"https:\/\/mamopetsports.com\/en\/wp-json\/wp\/v2\/product"}],"about":[{"href":"https:\/\/mamopetsports.com\/en\/wp-json\/wp\/v2\/types\/product"}],"replies":[{"embeddable":true,"href":"https:\/\/mamopetsports.com\/en\/wp-json\/wp\/v2\/comments?post=11089"}],"wp:featuredmedia":[{"embeddable":true,"href":"https:\/\/mamopetsports.com\/en\/wp-json\/wp\/v2\/media\/11090"}],"wp:attachment":[{"href":"https:\/\/mamopetsports.com\/en\/wp-json\/wp\/v2\/media?parent=11089"}],"wp:term":[{"taxonomy":"product_cat","embeddable":true,"href":"https:\/\/mamopetsports.com\/en\/wp-json\/wp\/v2\/product_cat?post=11089"},{"taxonomy":"product_tag","embeddable":true,"href":"https:\/\/mamopetsports.com\/en\/wp-json\/wp\/v2\/product_tag?post=11089"}],"curies":[{"name":"wp","href":"https:\/\/api.w.org\/{rel}","templated":true}]}}