{"id":11596,"date":"2024-11-05T13:11:21","date_gmt":"2024-11-05T12:11:21","guid":{"rendered":"https:\/\/mamopetsports.com\/?post_type=product&#038;p=11596"},"modified":"2026-04-14T22:50:00","modified_gmt":"2026-04-14T21:50:00","slug":"mamo-base","status":"publish","type":"product","link":"https:\/\/mamopetsports.com\/en\/produkt\/mamo-base\/","title":{"rendered":"mamo Base"},"content":{"rendered":"<ul>\n<li>Schutz gegen N\u00e4sse und K\u00e4lte<\/li>\n<li>Robuste Auflage<\/li>\n<li>Einfache Pflege<\/li>\n<li>Material Ripstop mit Mesh<\/li>\n<\/ul>\n","protected":false},"excerpt":{"rendered":"<p>-Wasserabweisend dasurch N\u00e4sse \/K\u00e4lteschutz.<br \/>\n-Personalisierung m\u00f6glich: Fluoreszierenden Schriftzug<br \/>\n-Onermaterial Mesh<br \/>\n-Kompaktes Packma\u00df und pflegeleicht.<br \/>\n-In 2 Gr\u00f6\u00dfen verf\u00fcgbat<br \/>\n-Handgefertigt in Steiermark<\/p>\n<p>Bestellung ca. 14 Tage<\/p>\n","protected":false},"featured_media":11801,"comment_status":"open","ping_status":"closed","template":"","meta":[],"product_cat":[312],"product_tag":[],"yoast_head":"<!-- This site is optimized with the Yoast SEO plugin v18.3 - https:\/\/yoast.com\/wordpress\/plugins\/seo\/ -->\n<title>mamo Base - mamo pet sports<\/title>\n<meta name=\"robots\" content=\"index, follow, max-snippet:-1, max-image-preview:large, max-video-preview:-1\" \/>\n<link rel=\"canonical\" href=\"https:\/\/mamopetsports.com\/en\/produkt\/mamo-base\/\" \/>\n<meta property=\"og:locale\" content=\"en_US\" \/>\n<meta property=\"og:type\" content=\"article\" \/>\n<meta property=\"og:title\" content=\"mamo Base - mamo pet sports\" \/>\n<meta property=\"og:description\" content=\"-Wasserabweisend dasurch N\u00e4sse \/K\u00e4lteschutz. -Personalisierung m\u00f6glich: Fluoreszierenden Schriftzug -Onermaterial Mesh -Kompaktes Packma\u00df und pflegeleicht. -In 2 Gr\u00f6\u00dfen verf\u00fcgbat -Handgefertigt in Steiermark  Bestellung ca. 14 Tage\" \/>\n<meta property=\"og:url\" content=\"https:\/\/mamopetsports.com\/en\/produkt\/mamo-base\/\" \/>\n<meta property=\"og:site_name\" content=\"mamo pet sports\" \/>\n<meta property=\"article:modified_time\" content=\"2026-04-14T21:50:00+00:00\" \/>\n<meta property=\"og:image\" content=\"https:\/\/mamopetsports.com\/wp-content\/uploads\/2024\/11\/IMG_0360.jpg\" \/>\n\t<meta property=\"og:image:width\" content=\"915\" \/>\n\t<meta property=\"og:image:height\" content=\"1033\" \/>\n\t<meta property=\"og:image:type\" content=\"image\/jpeg\" \/>\n<meta name=\"twitter:card\" content=\"summary_large_image\" \/>\n<meta name=\"twitter:label1\" content=\"Est. reading time\" \/>\n\t<meta name=\"twitter:data1\" content=\"1 minute\" \/>\n<script type=\"application\/ld+json\" class=\"yoast-schema-graph\">{\"@context\":\"https:\/\/schema.org\",\"@graph\":[{\"@type\":\"WebSite\",\"@id\":\"https:\/\/mamopetsports.com\/de\/#website\",\"url\":\"https:\/\/mamopetsports.com\/de\/\",\"name\":\"mamo pet sports\",\"description\":\"Innovative Produkte f\u00fcr die Vierbeiner-Outdoorszene\",\"potentialAction\":[{\"@type\":\"SearchAction\",\"target\":{\"@type\":\"EntryPoint\",\"urlTemplate\":\"https:\/\/mamopetsports.com\/de\/?s={search_term_string}\"},\"query-input\":\"required name=search_term_string\"}],\"inLanguage\":\"en-US\"},{\"@type\":\"ImageObject\",\"@id\":\"https:\/\/mamopetsports.com\/en\/produkt\/mamo-base\/#primaryimage\",\"inLanguage\":\"en-US\",\"url\":\"https:\/\/mamopetsports.com\/wp-content\/uploads\/2024\/11\/IMG_0360.jpg\",\"contentUrl\":\"https:\/\/mamopetsports.com\/wp-content\/uploads\/2024\/11\/IMG_0360.jpg\",\"width\":915,\"height\":1033},{\"@type\":\"WebPage\",\"@id\":\"https:\/\/mamopetsports.com\/en\/produkt\/mamo-base\/#webpage\",\"url\":\"https:\/\/mamopetsports.com\/en\/produkt\/mamo-base\/\",\"name\":\"mamo Base - mamo pet sports\",\"isPartOf\":{\"@id\":\"https:\/\/mamopetsports.com\/de\/#website\"},\"primaryImageOfPage\":{\"@id\":\"https:\/\/mamopetsports.com\/en\/produkt\/mamo-base\/#primaryimage\"},\"datePublished\":\"2024-11-05T12:11:21+00:00\",\"dateModified\":\"2026-04-14T21:50:00+00:00\",\"breadcrumb\":{\"@id\":\"https:\/\/mamopetsports.com\/en\/produkt\/mamo-base\/#breadcrumb\"},\"inLanguage\":\"en-US\",\"potentialAction\":[{\"@type\":\"ReadAction\",\"target\":[\"https:\/\/mamopetsports.com\/en\/produkt\/mamo-base\/\"]}]},{\"@type\":\"BreadcrumbList\",\"@id\":\"https:\/\/mamopetsports.com\/en\/produkt\/mamo-base\/#breadcrumb\",\"itemListElement\":[{\"@type\":\"ListItem\",\"position\":1,\"name\":\"Home\",\"item\":\"https:\/\/mamopetsports.com\/en\/\"},{\"@type\":\"ListItem\",\"position\":2,\"name\":\"Produkte\",\"item\":\"https:\/\/mamopetsports.com\/de\/produkte\/\"},{\"@type\":\"ListItem\",\"position\":3,\"name\":\"mamo Base\"}]}]}<\/script>\n<!-- \/ Yoast SEO plugin. -->","yoast_head_json":{"title":"mamo Base - mamo pet sports","robots":{"index":"index","follow":"follow","max-snippet":"max-snippet:-1","max-image-preview":"max-image-preview:large","max-video-preview":"max-video-preview:-1"},"canonical":"https:\/\/mamopetsports.com\/en\/produkt\/mamo-base\/","og_locale":"en_US","og_type":"article","og_title":"mamo Base - mamo pet sports","og_description":"-Wasserabweisend dasurch N\u00e4sse \/K\u00e4lteschutz. -Personalisierung m\u00f6glich: Fluoreszierenden Schriftzug -Onermaterial Mesh -Kompaktes Packma\u00df und pflegeleicht. -In 2 Gr\u00f6\u00dfen verf\u00fcgbat -Handgefertigt in Steiermark  Bestellung ca. 14 Tage","og_url":"https:\/\/mamopetsports.com\/en\/produkt\/mamo-base\/","og_site_name":"mamo pet sports","article_modified_time":"2026-04-14T21:50:00+00:00","og_image":[{"width":915,"height":1033,"url":"https:\/\/mamopetsports.com\/wp-content\/uploads\/2024\/11\/IMG_0360.jpg","type":"image\/jpeg"}],"twitter_card":"summary_large_image","twitter_misc":{"Est. reading time":"1 minute"},"schema":{"@context":"https:\/\/schema.org","@graph":[{"@type":"WebSite","@id":"https:\/\/mamopetsports.com\/de\/#website","url":"https:\/\/mamopetsports.com\/de\/","name":"mamo pet sports","description":"Innovative Produkte f\u00fcr die Vierbeiner-Outdoorszene","potentialAction":[{"@type":"SearchAction","target":{"@type":"EntryPoint","urlTemplate":"https:\/\/mamopetsports.com\/de\/?s={search_term_string}"},"query-input":"required name=search_term_string"}],"inLanguage":"en-US"},{"@type":"ImageObject","@id":"https:\/\/mamopetsports.com\/en\/produkt\/mamo-base\/#primaryimage","inLanguage":"en-US","url":"https:\/\/mamopetsports.com\/wp-content\/uploads\/2024\/11\/IMG_0360.jpg","contentUrl":"https:\/\/mamopetsports.com\/wp-content\/uploads\/2024\/11\/IMG_0360.jpg","width":915,"height":1033},{"@type":"WebPage","@id":"https:\/\/mamopetsports.com\/en\/produkt\/mamo-base\/#webpage","url":"https:\/\/mamopetsports.com\/en\/produkt\/mamo-base\/","name":"mamo Base - mamo pet sports","isPartOf":{"@id":"https:\/\/mamopetsports.com\/de\/#website"},"primaryImageOfPage":{"@id":"https:\/\/mamopetsports.com\/en\/produkt\/mamo-base\/#primaryimage"},"datePublished":"2024-11-05T12:11:21+00:00","dateModified":"2026-04-14T21:50:00+00:00","breadcrumb":{"@id":"https:\/\/mamopetsports.com\/en\/produkt\/mamo-base\/#breadcrumb"},"inLanguage":"en-US","potentialAction":[{"@type":"ReadAction","target":["https:\/\/mamopetsports.com\/en\/produkt\/mamo-base\/"]}]},{"@type":"BreadcrumbList","@id":"https:\/\/mamopetsports.com\/en\/produkt\/mamo-base\/#breadcrumb","itemListElement":[{"@type":"ListItem","position":1,"name":"Home","item":"https:\/\/mamopetsports.com\/en\/"},{"@type":"ListItem","position":2,"name":"Produkte","item":"https:\/\/mamopetsports.com\/de\/produkte\/"},{"@type":"ListItem","position":3,"name":"mamo Base"}]}]}},"_links":{"self":[{"href":"https:\/\/mamopetsports.com\/en\/wp-json\/wp\/v2\/product\/11596"}],"collection":[{"href":"https:\/\/mamopetsports.com\/en\/wp-json\/wp\/v2\/product"}],"about":[{"href":"https:\/\/mamopetsports.com\/en\/wp-json\/wp\/v2\/types\/product"}],"replies":[{"embeddable":true,"href":"https:\/\/mamopetsports.com\/en\/wp-json\/wp\/v2\/comments?post=11596"}],"wp:featuredmedia":[{"embeddable":true,"href":"https:\/\/mamopetsports.com\/en\/wp-json\/wp\/v2\/media\/11801"}],"wp:attachment":[{"href":"https:\/\/mamopetsports.com\/en\/wp-json\/wp\/v2\/media?parent=11596"}],"wp:term":[{"taxonomy":"product_cat","embeddable":true,"href":"https:\/\/mamopetsports.com\/en\/wp-json\/wp\/v2\/product_cat?post=11596"},{"taxonomy":"product_tag","embeddable":true,"href":"https:\/\/mamopetsports.com\/en\/wp-json\/wp\/v2\/product_tag?post=11596"}],"curies":[{"name":"wp","href":"https:\/\/api.w.org\/{rel}","templated":true}]}}