{"id":4178,"date":"2021-02-05T22:22:07","date_gmt":"2021-02-05T22:22:07","guid":{"rendered":"https:\/\/mamopetsports.com\/produkt\/mamo-bungee-leash-shorty\/"},"modified":"2025-03-06T22:02:01","modified_gmt":"2025-03-06T21:02:01","slug":"mamo-bungee-leash-shorty","status":"publish","type":"product","link":"https:\/\/mamopetsports.com\/en\/product\/mamo-bungee-leash-shorty\/","title":{"rendered":"mamo bungee leash shorty"},"content":{"rendered":"","protected":false},"excerpt":{"rendered":"<p>Unsere <strong>mamo bungee leash shorty<\/strong> ist ausgestattet mit ultraleichten Aluminium Karabinern inklusive integrierten Wirbelgelenken.<\/p>\n<p>Eingewebte Leuchtstreifen sorgen f\u00fcr hohe <strong>Sichtbarkeit im Dunkeln.<\/strong><\/p>\n<p>Die <strong>kurze L\u00e4nge von 80 cm <\/strong>ist ideal f\u00fcr Hundebesitzer\/innen, die es w\u00e4hrend der Aktivit\u00e4ten bevorzugen, Ihren Vierbeiner direkt neben sich zu haben.<\/p>\n<p>Der Zug wird w\u00e4hrend der Outdoor-Aktivit\u00e4t \u00fcber zwei kurze, integrierte Bungeeabschnitte vermindert und sorgt f\u00fcr <strong>mehr Sicherheit &amp; Komfort f\u00fcr Mensch &amp; Tier<\/strong>!<\/p>\n<p>Die <strong>mamo bungee leash shorty<\/strong> ist in 2 Ausf\u00fchrungen erh\u00e4ltlich:<\/p>\n<ul>\n<li>20mm \/ geeignet f\u00fcr Hunde bis max. 25kg (L\u00e4nge 80cm)<\/li>\n<li>25mm \/ geeignet f\u00fcr Hunde bis max. 60kg (L\u00e4nge 80cm)<\/li>\n<\/ul>\n<p>&nbsp;<\/p>\n","protected":false},"featured_media":9668,"comment_status":"open","ping_status":"closed","template":"","meta":[],"product_cat":[304],"product_tag":[],"yoast_head":"<!-- This site is optimized with the Yoast SEO plugin v18.3 - https:\/\/yoast.com\/wordpress\/plugins\/seo\/ -->\n<title>mamo bungee leash shorty Product details | mamo pet sports<\/title>\n<meta name=\"description\" content=\"The short length of the mamo bungee leash shorty of 80 cm is ideal for dog owners who prefer to have their four-legged friend next to them.\" \/>\n<meta name=\"robots\" content=\"index, follow, max-snippet:-1, max-image-preview:large, max-video-preview:-1\" \/>\n<link rel=\"canonical\" href=\"https:\/\/mamopetsports.com\/en\/product\/mamo-bungee-leash-shorty\/\" \/>\n<meta property=\"og:locale\" content=\"en_US\" \/>\n<meta property=\"og:type\" content=\"article\" \/>\n<meta property=\"og:title\" content=\"mamo bungee leash shorty Product details | mamo pet sports\" \/>\n<meta property=\"og:description\" content=\"The short length of the mamo bungee leash shorty of 80 cm is ideal for dog owners who prefer to have their four-legged friend next to them.\" \/>\n<meta property=\"og:url\" content=\"https:\/\/mamopetsports.com\/en\/product\/mamo-bungee-leash-shorty\/\" \/>\n<meta property=\"og:site_name\" content=\"mamo pet sports\" \/>\n<meta property=\"article:modified_time\" content=\"2025-03-06T21:02:01+00:00\" \/>\n<meta property=\"og:image\" content=\"https:\/\/mamopetsports.com\/wp-content\/uploads\/2021\/02\/PhotoRoom_20211229_170402.png\" \/>\n\t<meta property=\"og:image:width\" content=\"2000\" \/>\n\t<meta property=\"og:image:height\" content=\"2000\" \/>\n\t<meta property=\"og:image:type\" content=\"image\/png\" \/>\n<meta name=\"twitter:card\" content=\"summary_large_image\" \/>\n<script type=\"application\/ld+json\" class=\"yoast-schema-graph\">{\"@context\":\"https:\/\/schema.org\",\"@graph\":[{\"@type\":\"WebSite\",\"@id\":\"https:\/\/mamopetsports.com\/de\/#website\",\"url\":\"https:\/\/mamopetsports.com\/de\/\",\"name\":\"mamo pet sports\",\"description\":\"Innovative Produkte f\u00fcr die Vierbeiner-Outdoorszene\",\"potentialAction\":[{\"@type\":\"SearchAction\",\"target\":{\"@type\":\"EntryPoint\",\"urlTemplate\":\"https:\/\/mamopetsports.com\/de\/?s={search_term_string}\"},\"query-input\":\"required name=search_term_string\"}],\"inLanguage\":\"en-US\"},{\"@type\":\"ImageObject\",\"@id\":\"https:\/\/mamopetsports.com\/en\/product\/mamo-bungee-leash-shorty\/#primaryimage\",\"inLanguage\":\"en-US\",\"url\":\"https:\/\/mamopetsports.com\/wp-content\/uploads\/2021\/02\/mamo-bungee-leash-shorty_green.jpg\",\"contentUrl\":\"https:\/\/mamopetsports.com\/wp-content\/uploads\/2021\/02\/mamo-bungee-leash-shorty_green.jpg\",\"width\":1783,\"height\":2149},{\"@type\":\"WebPage\",\"@id\":\"https:\/\/mamopetsports.com\/en\/product\/mamo-bungee-leash-shorty\/#webpage\",\"url\":\"https:\/\/mamopetsports.com\/en\/product\/mamo-bungee-leash-shorty\/\",\"name\":\"mamo bungee leash shorty Product details | mamo pet sports\",\"isPartOf\":{\"@id\":\"https:\/\/mamopetsports.com\/de\/#website\"},\"primaryImageOfPage\":{\"@id\":\"https:\/\/mamopetsports.com\/en\/product\/mamo-bungee-leash-shorty\/#primaryimage\"},\"datePublished\":\"2021-02-05T22:22:07+00:00\",\"dateModified\":\"2025-03-06T21:02:01+00:00\",\"description\":\"The short length of the mamo bungee leash shorty of 80 cm is ideal for dog owners who prefer to have their four-legged friend next to them.\",\"breadcrumb\":{\"@id\":\"https:\/\/mamopetsports.com\/en\/product\/mamo-bungee-leash-shorty\/#breadcrumb\"},\"inLanguage\":\"en-US\",\"potentialAction\":[{\"@type\":\"ReadAction\",\"target\":[\"https:\/\/mamopetsports.com\/en\/product\/mamo-bungee-leash-shorty\/\"]}]},{\"@type\":\"BreadcrumbList\",\"@id\":\"https:\/\/mamopetsports.com\/en\/product\/mamo-bungee-leash-shorty\/#breadcrumb\",\"itemListElement\":[{\"@type\":\"ListItem\",\"position\":1,\"name\":\"Home\",\"item\":\"https:\/\/mamopetsports.com\/en\/\"},{\"@type\":\"ListItem\",\"position\":2,\"name\":\"Shop\",\"item\":\"https:\/\/mamopetsports.com\/de\/shop\/\"},{\"@type\":\"ListItem\",\"position\":3,\"name\":\"mamo bungee leash shorty\"}]}]}<\/script>\n<!-- \/ Yoast SEO plugin. -->","yoast_head_json":{"title":"mamo bungee leash shorty Product details | mamo pet sports","description":"The short length of the mamo bungee leash shorty of 80 cm is ideal for dog owners who prefer to have their four-legged friend next to them.","robots":{"index":"index","follow":"follow","max-snippet":"max-snippet:-1","max-image-preview":"max-image-preview:large","max-video-preview":"max-video-preview:-1"},"canonical":"https:\/\/mamopetsports.com\/en\/product\/mamo-bungee-leash-shorty\/","og_locale":"en_US","og_type":"article","og_title":"mamo bungee leash shorty Product details | mamo pet sports","og_description":"The short length of the mamo bungee leash shorty of 80 cm is ideal for dog owners who prefer to have their four-legged friend next to them.","og_url":"https:\/\/mamopetsports.com\/en\/product\/mamo-bungee-leash-shorty\/","og_site_name":"mamo pet sports","article_modified_time":"2025-03-06T21:02:01+00:00","og_image":[{"width":2000,"height":2000,"url":"https:\/\/mamopetsports.com\/wp-content\/uploads\/2021\/02\/PhotoRoom_20211229_170402.png","type":"image\/png"}],"twitter_card":"summary_large_image","schema":{"@context":"https:\/\/schema.org","@graph":[{"@type":"WebSite","@id":"https:\/\/mamopetsports.com\/de\/#website","url":"https:\/\/mamopetsports.com\/de\/","name":"mamo pet sports","description":"Innovative Produkte f\u00fcr die Vierbeiner-Outdoorszene","potentialAction":[{"@type":"SearchAction","target":{"@type":"EntryPoint","urlTemplate":"https:\/\/mamopetsports.com\/de\/?s={search_term_string}"},"query-input":"required name=search_term_string"}],"inLanguage":"en-US"},{"@type":"ImageObject","@id":"https:\/\/mamopetsports.com\/en\/product\/mamo-bungee-leash-shorty\/#primaryimage","inLanguage":"en-US","url":"https:\/\/mamopetsports.com\/wp-content\/uploads\/2021\/02\/mamo-bungee-leash-shorty_green.jpg","contentUrl":"https:\/\/mamopetsports.com\/wp-content\/uploads\/2021\/02\/mamo-bungee-leash-shorty_green.jpg","width":1783,"height":2149},{"@type":"WebPage","@id":"https:\/\/mamopetsports.com\/en\/product\/mamo-bungee-leash-shorty\/#webpage","url":"https:\/\/mamopetsports.com\/en\/product\/mamo-bungee-leash-shorty\/","name":"mamo bungee leash shorty Product details | mamo pet sports","isPartOf":{"@id":"https:\/\/mamopetsports.com\/de\/#website"},"primaryImageOfPage":{"@id":"https:\/\/mamopetsports.com\/en\/product\/mamo-bungee-leash-shorty\/#primaryimage"},"datePublished":"2021-02-05T22:22:07+00:00","dateModified":"2025-03-06T21:02:01+00:00","description":"The short length of the mamo bungee leash shorty of 80 cm is ideal for dog owners who prefer to have their four-legged friend next to them.","breadcrumb":{"@id":"https:\/\/mamopetsports.com\/en\/product\/mamo-bungee-leash-shorty\/#breadcrumb"},"inLanguage":"en-US","potentialAction":[{"@type":"ReadAction","target":["https:\/\/mamopetsports.com\/en\/product\/mamo-bungee-leash-shorty\/"]}]},{"@type":"BreadcrumbList","@id":"https:\/\/mamopetsports.com\/en\/product\/mamo-bungee-leash-shorty\/#breadcrumb","itemListElement":[{"@type":"ListItem","position":1,"name":"Home","item":"https:\/\/mamopetsports.com\/en\/"},{"@type":"ListItem","position":2,"name":"Shop","item":"https:\/\/mamopetsports.com\/de\/shop\/"},{"@type":"ListItem","position":3,"name":"mamo bungee leash shorty"}]}]}},"_links":{"self":[{"href":"https:\/\/mamopetsports.com\/en\/wp-json\/wp\/v2\/product\/4178"}],"collection":[{"href":"https:\/\/mamopetsports.com\/en\/wp-json\/wp\/v2\/product"}],"about":[{"href":"https:\/\/mamopetsports.com\/en\/wp-json\/wp\/v2\/types\/product"}],"replies":[{"embeddable":true,"href":"https:\/\/mamopetsports.com\/en\/wp-json\/wp\/v2\/comments?post=4178"}],"wp:featuredmedia":[{"embeddable":true,"href":"https:\/\/mamopetsports.com\/en\/wp-json\/wp\/v2\/media\/9668"}],"wp:attachment":[{"href":"https:\/\/mamopetsports.com\/en\/wp-json\/wp\/v2\/media?parent=4178"}],"wp:term":[{"taxonomy":"product_cat","embeddable":true,"href":"https:\/\/mamopetsports.com\/en\/wp-json\/wp\/v2\/product_cat?post=4178"},{"taxonomy":"product_tag","embeddable":true,"href":"https:\/\/mamopetsports.com\/en\/wp-json\/wp\/v2\/product_tag?post=4178"}],"curies":[{"name":"wp","href":"https:\/\/api.w.org\/{rel}","templated":true}]}}