{"id":5696,"date":"2021-12-09T03:11:19","date_gmt":"2021-12-09T02:11:19","guid":{"rendered":"https:\/\/mamopetsports.com\/?post_type=product&#038;p=5696"},"modified":"2023-04-07T17:40:12","modified_gmt":"2023-04-07T16:40:12","slug":"wertgutschein","status":"publish","type":"product","link":"https:\/\/mamopetsports.com\/en\/produkt\/wertgutschein\/","title":{"rendered":"Wertgutschein (Zum selber ausdrucken)"},"content":{"rendered":"<h2>Auf der Suche nach dem perfekten Geschenk f\u00fcr coole Outdoorerlebnisse mit Vierbeinern?<\/h2>\n<p>Bei uns k\u00f6nnt ihr euch ab sofort Gutscheinkarten selber ausdrucken und verschenken:<\/p>\n<p>Einfach den gew\u00fcnschten <strong>Wert (\u20ac 25,- \/ \u20ac 50 ,- \/ \u20ac 100,-)<\/strong> eingeben, mit dem <strong>Namen<\/strong> individualisieren und die <strong>Gutscheinkarte<\/strong> wird euch per E-Mail \u00fcbermittelt und kann gem\u00fctlich Zuhause ausgedruckt werden.<\/p>\n<p><strong>Hinweis bei Vorauskasse:<\/strong><br \/>\nDer Gutscheincode wird erst \u00fcbermittelt, wenn die Zahlung bei uns eingegangen ist und fregegeben wird (Vorlaufzeit ca. 2-3 Werktage)<\/p>\n<p>&nbsp;<\/p>\n","protected":false},"excerpt":{"rendered":"<p>Auf der Suche nach dem perfekten Geschenk f\u00fcr coole Outdoorerlebnisse mit Vierbeinern? Bei uns k\u00f6nnt ihr euch ab sofort Gutscheinkarten selber ausdrucken und verschenken: Einfach den gew\u00fcnschten Wert (\u20ac 25,- \/ \u20ac 50 ,- \/ \u20ac 100,-) eingeben, mit dem Namen individualisieren und die Gutscheinkarte wird euch per E-Mail \u00fcbermittelt und kann gem\u00fctlich Zuhause ausgedruckt [&hellip;]<\/p>\n","protected":false},"featured_media":5698,"comment_status":"open","ping_status":"closed","template":"","meta":[],"product_cat":[331],"product_tag":[],"yoast_head":"<!-- This site is optimized with the Yoast SEO plugin v18.3 - https:\/\/yoast.com\/wordpress\/plugins\/seo\/ -->\n<title>Wertgutschein (Zum selber ausdrucken) - mamo pet sports<\/title>\n<meta name=\"description\" content=\"Unsere Gutscheinkarten k\u00f6nnen ab sofort selber ausgedruckt werden und sofort an outdoorbegeisterte Hundebesitzer\/innen verschenkt werden.\" \/>\n<meta name=\"robots\" content=\"index, follow, max-snippet:-1, max-image-preview:large, max-video-preview:-1\" \/>\n<link rel=\"canonical\" href=\"https:\/\/mamopetsports.com\/en\/produkt\/wertgutschein\/\" \/>\n<meta property=\"og:locale\" content=\"en_US\" \/>\n<meta property=\"og:type\" content=\"article\" \/>\n<meta property=\"og:title\" content=\"Wertgutschein (Zum selber ausdrucken) - mamo pet sports\" \/>\n<meta property=\"og:description\" content=\"Unsere Gutscheinkarten k\u00f6nnen ab sofort selber ausgedruckt werden und sofort an outdoorbegeisterte Hundebesitzer\/innen verschenkt werden.\" \/>\n<meta property=\"og:url\" content=\"https:\/\/mamopetsports.com\/en\/produkt\/wertgutschein\/\" \/>\n<meta property=\"og:site_name\" content=\"mamo pet sports\" \/>\n<meta property=\"article:modified_time\" content=\"2023-04-07T16:40:12+00:00\" \/>\n<meta property=\"og:image\" content=\"https:\/\/mamopetsports.com\/wp-content\/uploads\/2021\/12\/gutschein_vorlage-scaled.jpg\" \/>\n\t<meta property=\"og:image:width\" content=\"1810\" \/>\n\t<meta property=\"og:image:height\" content=\"2560\" \/>\n\t<meta property=\"og:image:type\" content=\"image\/jpeg\" \/>\n<meta name=\"twitter:card\" content=\"summary_large_image\" \/>\n<meta name=\"twitter:label1\" content=\"Est. reading time\" \/>\n\t<meta name=\"twitter:data1\" content=\"1 minute\" \/>\n<script type=\"application\/ld+json\" class=\"yoast-schema-graph\">{\"@context\":\"https:\/\/schema.org\",\"@graph\":[{\"@type\":\"WebSite\",\"@id\":\"https:\/\/mamopetsports.com\/de\/#website\",\"url\":\"https:\/\/mamopetsports.com\/de\/\",\"name\":\"mamo pet sports\",\"description\":\"Innovative Produkte f\u00fcr die Vierbeiner-Outdoorszene\",\"potentialAction\":[{\"@type\":\"SearchAction\",\"target\":{\"@type\":\"EntryPoint\",\"urlTemplate\":\"https:\/\/mamopetsports.com\/de\/?s={search_term_string}\"},\"query-input\":\"required name=search_term_string\"}],\"inLanguage\":\"en-US\"},{\"@type\":\"ImageObject\",\"@id\":\"https:\/\/mamopetsports.com\/en\/produkt\/wertgutschein\/#primaryimage\",\"inLanguage\":\"en-US\",\"url\":\"https:\/\/mamopetsports.com\/wp-content\/uploads\/2021\/12\/gutschein_vorlage-scaled.jpg\",\"contentUrl\":\"https:\/\/mamopetsports.com\/wp-content\/uploads\/2021\/12\/gutschein_vorlage-scaled.jpg\",\"width\":1810,\"height\":2560},{\"@type\":\"WebPage\",\"@id\":\"https:\/\/mamopetsports.com\/en\/produkt\/wertgutschein\/#webpage\",\"url\":\"https:\/\/mamopetsports.com\/en\/produkt\/wertgutschein\/\",\"name\":\"Wertgutschein (Zum selber ausdrucken) - mamo pet sports\",\"isPartOf\":{\"@id\":\"https:\/\/mamopetsports.com\/de\/#website\"},\"primaryImageOfPage\":{\"@id\":\"https:\/\/mamopetsports.com\/en\/produkt\/wertgutschein\/#primaryimage\"},\"datePublished\":\"2021-12-09T02:11:19+00:00\",\"dateModified\":\"2023-04-07T16:40:12+00:00\",\"description\":\"Unsere Gutscheinkarten k\u00f6nnen ab sofort selber ausgedruckt werden und sofort an outdoorbegeisterte Hundebesitzer\/innen verschenkt werden.\",\"breadcrumb\":{\"@id\":\"https:\/\/mamopetsports.com\/en\/produkt\/wertgutschein\/#breadcrumb\"},\"inLanguage\":\"en-US\",\"potentialAction\":[{\"@type\":\"ReadAction\",\"target\":[\"https:\/\/mamopetsports.com\/en\/produkt\/wertgutschein\/\"]}]},{\"@type\":\"BreadcrumbList\",\"@id\":\"https:\/\/mamopetsports.com\/en\/produkt\/wertgutschein\/#breadcrumb\",\"itemListElement\":[{\"@type\":\"ListItem\",\"position\":1,\"name\":\"Home\",\"item\":\"https:\/\/mamopetsports.com\/en\/\"},{\"@type\":\"ListItem\",\"position\":2,\"name\":\"Produkte\",\"item\":\"https:\/\/mamopetsports.com\/de\/produkte\/\"},{\"@type\":\"ListItem\",\"position\":3,\"name\":\"Wertgutschein (Zum selber ausdrucken)\"}]}]}<\/script>\n<!-- \/ Yoast SEO plugin. -->","yoast_head_json":{"title":"Wertgutschein (Zum selber ausdrucken) - mamo pet sports","description":"Unsere Gutscheinkarten k\u00f6nnen ab sofort selber ausgedruckt werden und sofort an outdoorbegeisterte Hundebesitzer\/innen verschenkt werden.","robots":{"index":"index","follow":"follow","max-snippet":"max-snippet:-1","max-image-preview":"max-image-preview:large","max-video-preview":"max-video-preview:-1"},"canonical":"https:\/\/mamopetsports.com\/en\/produkt\/wertgutschein\/","og_locale":"en_US","og_type":"article","og_title":"Wertgutschein (Zum selber ausdrucken) - mamo pet sports","og_description":"Unsere Gutscheinkarten k\u00f6nnen ab sofort selber ausgedruckt werden und sofort an outdoorbegeisterte Hundebesitzer\/innen verschenkt werden.","og_url":"https:\/\/mamopetsports.com\/en\/produkt\/wertgutschein\/","og_site_name":"mamo pet sports","article_modified_time":"2023-04-07T16:40:12+00:00","og_image":[{"width":1810,"height":2560,"url":"https:\/\/mamopetsports.com\/wp-content\/uploads\/2021\/12\/gutschein_vorlage-scaled.jpg","type":"image\/jpeg"}],"twitter_card":"summary_large_image","twitter_misc":{"Est. reading time":"1 minute"},"schema":{"@context":"https:\/\/schema.org","@graph":[{"@type":"WebSite","@id":"https:\/\/mamopetsports.com\/de\/#website","url":"https:\/\/mamopetsports.com\/de\/","name":"mamo pet sports","description":"Innovative Produkte f\u00fcr die Vierbeiner-Outdoorszene","potentialAction":[{"@type":"SearchAction","target":{"@type":"EntryPoint","urlTemplate":"https:\/\/mamopetsports.com\/de\/?s={search_term_string}"},"query-input":"required name=search_term_string"}],"inLanguage":"en-US"},{"@type":"ImageObject","@id":"https:\/\/mamopetsports.com\/en\/produkt\/wertgutschein\/#primaryimage","inLanguage":"en-US","url":"https:\/\/mamopetsports.com\/wp-content\/uploads\/2021\/12\/gutschein_vorlage-scaled.jpg","contentUrl":"https:\/\/mamopetsports.com\/wp-content\/uploads\/2021\/12\/gutschein_vorlage-scaled.jpg","width":1810,"height":2560},{"@type":"WebPage","@id":"https:\/\/mamopetsports.com\/en\/produkt\/wertgutschein\/#webpage","url":"https:\/\/mamopetsports.com\/en\/produkt\/wertgutschein\/","name":"Wertgutschein (Zum selber ausdrucken) - mamo pet sports","isPartOf":{"@id":"https:\/\/mamopetsports.com\/de\/#website"},"primaryImageOfPage":{"@id":"https:\/\/mamopetsports.com\/en\/produkt\/wertgutschein\/#primaryimage"},"datePublished":"2021-12-09T02:11:19+00:00","dateModified":"2023-04-07T16:40:12+00:00","description":"Unsere Gutscheinkarten k\u00f6nnen ab sofort selber ausgedruckt werden und sofort an outdoorbegeisterte Hundebesitzer\/innen verschenkt werden.","breadcrumb":{"@id":"https:\/\/mamopetsports.com\/en\/produkt\/wertgutschein\/#breadcrumb"},"inLanguage":"en-US","potentialAction":[{"@type":"ReadAction","target":["https:\/\/mamopetsports.com\/en\/produkt\/wertgutschein\/"]}]},{"@type":"BreadcrumbList","@id":"https:\/\/mamopetsports.com\/en\/produkt\/wertgutschein\/#breadcrumb","itemListElement":[{"@type":"ListItem","position":1,"name":"Home","item":"https:\/\/mamopetsports.com\/en\/"},{"@type":"ListItem","position":2,"name":"Produkte","item":"https:\/\/mamopetsports.com\/de\/produkte\/"},{"@type":"ListItem","position":3,"name":"Wertgutschein (Zum selber ausdrucken)"}]}]}},"_links":{"self":[{"href":"https:\/\/mamopetsports.com\/en\/wp-json\/wp\/v2\/product\/5696"}],"collection":[{"href":"https:\/\/mamopetsports.com\/en\/wp-json\/wp\/v2\/product"}],"about":[{"href":"https:\/\/mamopetsports.com\/en\/wp-json\/wp\/v2\/types\/product"}],"replies":[{"embeddable":true,"href":"https:\/\/mamopetsports.com\/en\/wp-json\/wp\/v2\/comments?post=5696"}],"wp:featuredmedia":[{"embeddable":true,"href":"https:\/\/mamopetsports.com\/en\/wp-json\/wp\/v2\/media\/5698"}],"wp:attachment":[{"href":"https:\/\/mamopetsports.com\/en\/wp-json\/wp\/v2\/media?parent=5696"}],"wp:term":[{"taxonomy":"product_cat","embeddable":true,"href":"https:\/\/mamopetsports.com\/en\/wp-json\/wp\/v2\/product_cat?post=5696"},{"taxonomy":"product_tag","embeddable":true,"href":"https:\/\/mamopetsports.com\/en\/wp-json\/wp\/v2\/product_tag?post=5696"}],"curies":[{"name":"wp","href":"https:\/\/api.w.org\/{rel}","templated":true}]}}