{"id":6472,"date":"2022-01-30T21:19:24","date_gmt":"2022-01-30T20:19:24","guid":{"rendered":"https:\/\/mamopetsports.com\/?post_type=product&#038;p=6472"},"modified":"2025-04-17T13:23:42","modified_gmt":"2025-04-17T12:23:42","slug":"mamo-ix-harness","status":"publish","type":"product","link":"https:\/\/mamopetsports.com\/en\/produkt\/mamo-ix-harness\/","title":{"rendered":"mamo iX harness\u00ae Zuggeschirr"},"content":{"rendered":"<p>Das <strong>mamo iX harness\u00ae<\/strong> wurde entwickelt und designed f\u00fcr aktive Hunde &amp; den Bereich Zughundesport (wie z.B.: Dogtrekking, Skitouren, Canicross, Bikej\u00f6ring, Skij\u00f6ring, Scootern) &amp; ist die optimale Erg\u00e4nzung zu unserem <a href=\"https:\/\/mamopetsports.com\/de\/produkt\/mamo-360-infinity-belt-system\/\">mamo 360\u00b0 infinity belt system<\/a><strong>.<br \/>\n<\/strong><\/p>\n<p>Unser Qualit\u00e4tsprodukt wird <strong>in \u00d6sterreich gefertigt<\/strong> und ist f\u00fcr die unterschiedlichen Aktivit\u00e4ten in der sch\u00f6nen Natur bestens geeignet.<\/p>\n<p>Die bew\u00e4hrte <strong>X-Form im R\u00fcckenbereich<\/strong> sorgt f\u00fcr optimale Kraft\u00fcbertragung, Kraftverteilung und schont bzw. stabilisiert dadurch den gesamten R\u00fcckenbereich bis zur Schwanzwurzel.<\/p>\n<p>Die Freistellung des Bewegungsapparates im vorderen Bereich sorgt zus\u00e4tzlich f\u00fcr eine ideale Bewegungsfreiheit.<\/p>\n<p>Das Geschirr ist mit atmungsaktiven Meshstoffen verarbeitet und bietet dadurch optimalen Komfort am Fell und der Haut w\u00e4hrend der Aktivit\u00e4ten.<\/p>\n<p>Eingewebte Leuchtstreifen im R\u00fcckenbereich sorgen f\u00fcr hohe Sichtbarkeit im Dunkeln<\/p>\n<p>Am Ende des Geschirres befindet sich ein <strong>integrierter Bungeeabschnitt<\/strong>, welcher leichte Zugbeanspruchungen zus\u00e4tzlich vermindert und f\u00fcr mehr Sicherheit &amp; Komfort sorgt!<\/p>\n<p>Die zus\u00e4tzliche Leinenanbindung im vorderen R\u00fcckenbereich, erm\u00f6glicht ein kontrollierteres F\u00fchren des Vierbeiners in gewissen Situation (z.B.\u00a0 Hundebegegnungen, Stra\u00dfenquerungen, Vor Starts bei Veranstaltungen, &#8230;)<\/p>\n<p>Das mamo <strong>mamo iX Harness\u00ae <\/strong>ist in 8 Gr\u00f6\u00dfen und zum Start in der Farbe schwarz erh\u00e4ltlich.<\/p>\n<p><u>Du ben\u00f6tigts Hilfe bei der Gr\u00f6\u00dfenauswahl?:<br \/>\n<\/u><\/p>\n<p>Die richtige Gr\u00f6\u00dfe kannst du aus unserer Gr\u00f6\u00dfentabelle in der Bildergalerie entnehmen. Solltest du dir trotzdem unsicher sein oder ben\u00f6tigts Unterst\u00fctzung bei der Gr\u00f6\u00dfenauswahl, dann kannst du jederzeit mit uns in <a href=\"https:\/\/mamopetsports.com\/de\/kontaktieren-sie-uns\/\">Kontakt<\/a> treten. Wir beraten Dich gerne und finden gemeinsam die optimale Gr\u00f6\u00dfe f\u00fcr deinen Vierbeiner.<\/p>\n<p>Es kann nat\u00fcrlich auch bei unseren Vierbeinern vorkommen (wie bei uns Menschen), dass aufgrund der individuellen Kopfform, des K\u00f6rperbaus oder auch anderen rassetypischen Merkmalen, standardisierte Gr\u00f6\u00dfen nicht optimal sitzen. Hierf\u00fcr bieten wir gemeinsam mit unserem Premiumpartner <a href=\"https:\/\/zwirnstar.at\/index.php\/service\/masse\">Zwirnstar<\/a> die M\u00f6glichkeit, sich ein indivduelles, ma\u00dfgefertigtes <strong>mamo iX harness\u00ae\u00a0 <\/strong>zum Preis von \u20ac 119,00 anfertigen zu lassen.<\/p>\n<p><u>Wichtiger Hinweis: <\/u><\/p>\n<p>Hunde k\u00f6nnen sich aus Zuggeschirren &#8211; \u00a0im Gegensatz z.B. zu Step-In-Geschirren &#8211; \u00a0unter Umst\u00e4nden rauswinden.<\/p>\n<p>Die Handhabung unbedingt vorab in gesicherter Umgebung testen!<\/p>\n","protected":false},"excerpt":{"rendered":"<h3>Aktive HundebesitzerInnen aufgepasst!<\/h3>\n<p>Mit unserem <strong>mamo iX harness\u00ae<\/strong> ist euer Vierbeiner f\u00fcr alle sportlichen Aktivit\u00e4ten bestens ger\u00fcstet.<\/p>\n<p>Die bew\u00e4hrte <strong>X- Form im R\u00fcckenbereich<\/strong> sorgt f\u00fcr optimale Kraft\u00fcbertragung.<\/p>\n<p>Das <strong>mamo iX Harness\u00ae <\/strong>ist in 8 Ausf\u00fchrungen erh\u00e4ltlich &amp; wird in <strong>\u00d6sterreich<\/strong> gefertigt.<\/p>\n<p><strong><span style=\"color: #ff0000;\">Aktuelle Lieferzeit zum Start: ca. 10-14 Tage!<\/span><\/strong><\/p>\n","protected":false},"featured_media":7561,"comment_status":"open","ping_status":"closed","template":"","meta":[],"product_cat":[332],"product_tag":[],"yoast_head":"<!-- This site is optimized with the Yoast SEO plugin v18.3 - https:\/\/yoast.com\/wordpress\/plugins\/seo\/ -->\n<title>mamo iX harness\u00ae Zuggeschirr - mamo pet sports<\/title>\n<meta name=\"description\" content=\"Das mamo iX harness\u00ae wird empfohlen f\u00fcr aktive Hunde &amp; den Bereich Zughundesport. \u00d6sterreichisches Qualit\u00e4tsprodukt!\" \/>\n<meta name=\"robots\" content=\"index, follow, max-snippet:-1, max-image-preview:large, max-video-preview:-1\" \/>\n<link rel=\"canonical\" href=\"https:\/\/mamopetsports.com\/en\/produkt\/mamo-ix-harness\/\" \/>\n<meta property=\"og:locale\" content=\"en_US\" \/>\n<meta property=\"og:type\" content=\"article\" \/>\n<meta property=\"og:title\" content=\"mamo iX harness\u00ae Zuggeschirr - mamo pet sports\" \/>\n<meta property=\"og:description\" content=\"Das mamo iX harness\u00ae wird empfohlen f\u00fcr aktive Hunde &amp; den Bereich Zughundesport. \u00d6sterreichisches Qualit\u00e4tsprodukt!\" \/>\n<meta property=\"og:url\" content=\"https:\/\/mamopetsports.com\/en\/produkt\/mamo-ix-harness\/\" \/>\n<meta property=\"og:site_name\" content=\"mamo pet sports\" \/>\n<meta property=\"article:modified_time\" content=\"2025-04-17T12:23:42+00:00\" \/>\n<meta property=\"og:image\" content=\"https:\/\/mamopetsports.com\/wp-content\/uploads\/2022\/01\/mamo-iX-harness_2022.png\" \/>\n\t<meta property=\"og:image:width\" content=\"1800\" \/>\n\t<meta property=\"og:image:height\" content=\"2400\" \/>\n\t<meta property=\"og:image:type\" content=\"image\/png\" \/>\n<meta name=\"twitter:card\" content=\"summary_large_image\" \/>\n<meta name=\"twitter:label1\" content=\"Est. reading time\" \/>\n\t<meta name=\"twitter:data1\" content=\"2 minutes\" \/>\n<script type=\"application\/ld+json\" class=\"yoast-schema-graph\">{\"@context\":\"https:\/\/schema.org\",\"@graph\":[{\"@type\":\"WebSite\",\"@id\":\"https:\/\/mamopetsports.com\/de\/#website\",\"url\":\"https:\/\/mamopetsports.com\/de\/\",\"name\":\"mamo pet sports\",\"description\":\"Innovative Produkte f\u00fcr die Vierbeiner-Outdoorszene\",\"potentialAction\":[{\"@type\":\"SearchAction\",\"target\":{\"@type\":\"EntryPoint\",\"urlTemplate\":\"https:\/\/mamopetsports.com\/de\/?s={search_term_string}\"},\"query-input\":\"required name=search_term_string\"}],\"inLanguage\":\"en-US\"},{\"@type\":\"ImageObject\",\"@id\":\"https:\/\/mamopetsports.com\/en\/produkt\/mamo-ix-harness\/#primaryimage\",\"inLanguage\":\"en-US\",\"url\":\"https:\/\/mamopetsports.com\/wp-content\/uploads\/2022\/01\/mamo-iX-harness_2022.png\",\"contentUrl\":\"https:\/\/mamopetsports.com\/wp-content\/uploads\/2022\/01\/mamo-iX-harness_2022.png\",\"width\":1800,\"height\":2400},{\"@type\":\"WebPage\",\"@id\":\"https:\/\/mamopetsports.com\/en\/produkt\/mamo-ix-harness\/#webpage\",\"url\":\"https:\/\/mamopetsports.com\/en\/produkt\/mamo-ix-harness\/\",\"name\":\"mamo iX harness\u00ae Zuggeschirr - mamo pet sports\",\"isPartOf\":{\"@id\":\"https:\/\/mamopetsports.com\/de\/#website\"},\"primaryImageOfPage\":{\"@id\":\"https:\/\/mamopetsports.com\/en\/produkt\/mamo-ix-harness\/#primaryimage\"},\"datePublished\":\"2022-01-30T20:19:24+00:00\",\"dateModified\":\"2025-04-17T12:23:42+00:00\",\"description\":\"Das mamo iX harness\u00ae wird empfohlen f\u00fcr aktive Hunde & den Bereich Zughundesport. \u00d6sterreichisches Qualit\u00e4tsprodukt!\",\"breadcrumb\":{\"@id\":\"https:\/\/mamopetsports.com\/en\/produkt\/mamo-ix-harness\/#breadcrumb\"},\"inLanguage\":\"en-US\",\"potentialAction\":[{\"@type\":\"ReadAction\",\"target\":[\"https:\/\/mamopetsports.com\/en\/produkt\/mamo-ix-harness\/\"]}]},{\"@type\":\"BreadcrumbList\",\"@id\":\"https:\/\/mamopetsports.com\/en\/produkt\/mamo-ix-harness\/#breadcrumb\",\"itemListElement\":[{\"@type\":\"ListItem\",\"position\":1,\"name\":\"Home\",\"item\":\"https:\/\/mamopetsports.com\/en\/\"},{\"@type\":\"ListItem\",\"position\":2,\"name\":\"Shop\",\"item\":\"https:\/\/mamopetsports.com\/de\/shop\/\"},{\"@type\":\"ListItem\",\"position\":3,\"name\":\"mamo iX harness\u00ae Zuggeschirr\"}]}]}<\/script>\n<!-- \/ Yoast SEO plugin. -->","yoast_head_json":{"title":"mamo iX harness\u00ae Zuggeschirr - mamo pet sports","description":"Das mamo iX harness\u00ae wird empfohlen f\u00fcr aktive Hunde & den Bereich Zughundesport. \u00d6sterreichisches Qualit\u00e4tsprodukt!","robots":{"index":"index","follow":"follow","max-snippet":"max-snippet:-1","max-image-preview":"max-image-preview:large","max-video-preview":"max-video-preview:-1"},"canonical":"https:\/\/mamopetsports.com\/en\/produkt\/mamo-ix-harness\/","og_locale":"en_US","og_type":"article","og_title":"mamo iX harness\u00ae Zuggeschirr - mamo pet sports","og_description":"Das mamo iX harness\u00ae wird empfohlen f\u00fcr aktive Hunde & den Bereich Zughundesport. \u00d6sterreichisches Qualit\u00e4tsprodukt!","og_url":"https:\/\/mamopetsports.com\/en\/produkt\/mamo-ix-harness\/","og_site_name":"mamo pet sports","article_modified_time":"2025-04-17T12:23:42+00:00","og_image":[{"width":1800,"height":2400,"url":"https:\/\/mamopetsports.com\/wp-content\/uploads\/2022\/01\/mamo-iX-harness_2022.png","type":"image\/png"}],"twitter_card":"summary_large_image","twitter_misc":{"Est. reading time":"2 minutes"},"schema":{"@context":"https:\/\/schema.org","@graph":[{"@type":"WebSite","@id":"https:\/\/mamopetsports.com\/de\/#website","url":"https:\/\/mamopetsports.com\/de\/","name":"mamo pet sports","description":"Innovative Produkte f\u00fcr die Vierbeiner-Outdoorszene","potentialAction":[{"@type":"SearchAction","target":{"@type":"EntryPoint","urlTemplate":"https:\/\/mamopetsports.com\/de\/?s={search_term_string}"},"query-input":"required name=search_term_string"}],"inLanguage":"en-US"},{"@type":"ImageObject","@id":"https:\/\/mamopetsports.com\/en\/produkt\/mamo-ix-harness\/#primaryimage","inLanguage":"en-US","url":"https:\/\/mamopetsports.com\/wp-content\/uploads\/2022\/01\/mamo-iX-harness_2022.png","contentUrl":"https:\/\/mamopetsports.com\/wp-content\/uploads\/2022\/01\/mamo-iX-harness_2022.png","width":1800,"height":2400},{"@type":"WebPage","@id":"https:\/\/mamopetsports.com\/en\/produkt\/mamo-ix-harness\/#webpage","url":"https:\/\/mamopetsports.com\/en\/produkt\/mamo-ix-harness\/","name":"mamo iX harness\u00ae Zuggeschirr - mamo pet sports","isPartOf":{"@id":"https:\/\/mamopetsports.com\/de\/#website"},"primaryImageOfPage":{"@id":"https:\/\/mamopetsports.com\/en\/produkt\/mamo-ix-harness\/#primaryimage"},"datePublished":"2022-01-30T20:19:24+00:00","dateModified":"2025-04-17T12:23:42+00:00","description":"Das mamo iX harness\u00ae wird empfohlen f\u00fcr aktive Hunde & den Bereich Zughundesport. \u00d6sterreichisches Qualit\u00e4tsprodukt!","breadcrumb":{"@id":"https:\/\/mamopetsports.com\/en\/produkt\/mamo-ix-harness\/#breadcrumb"},"inLanguage":"en-US","potentialAction":[{"@type":"ReadAction","target":["https:\/\/mamopetsports.com\/en\/produkt\/mamo-ix-harness\/"]}]},{"@type":"BreadcrumbList","@id":"https:\/\/mamopetsports.com\/en\/produkt\/mamo-ix-harness\/#breadcrumb","itemListElement":[{"@type":"ListItem","position":1,"name":"Home","item":"https:\/\/mamopetsports.com\/en\/"},{"@type":"ListItem","position":2,"name":"Shop","item":"https:\/\/mamopetsports.com\/de\/shop\/"},{"@type":"ListItem","position":3,"name":"mamo iX harness\u00ae Zuggeschirr"}]}]}},"_links":{"self":[{"href":"https:\/\/mamopetsports.com\/en\/wp-json\/wp\/v2\/product\/6472"}],"collection":[{"href":"https:\/\/mamopetsports.com\/en\/wp-json\/wp\/v2\/product"}],"about":[{"href":"https:\/\/mamopetsports.com\/en\/wp-json\/wp\/v2\/types\/product"}],"replies":[{"embeddable":true,"href":"https:\/\/mamopetsports.com\/en\/wp-json\/wp\/v2\/comments?post=6472"}],"wp:featuredmedia":[{"embeddable":true,"href":"https:\/\/mamopetsports.com\/en\/wp-json\/wp\/v2\/media\/7561"}],"wp:attachment":[{"href":"https:\/\/mamopetsports.com\/en\/wp-json\/wp\/v2\/media?parent=6472"}],"wp:term":[{"taxonomy":"product_cat","embeddable":true,"href":"https:\/\/mamopetsports.com\/en\/wp-json\/wp\/v2\/product_cat?post=6472"},{"taxonomy":"product_tag","embeddable":true,"href":"https:\/\/mamopetsports.com\/en\/wp-json\/wp\/v2\/product_tag?post=6472"}],"curies":[{"name":"wp","href":"https:\/\/api.w.org\/{rel}","templated":true}]}}